{"id":68640,"date":"2024-01-04T20:06:01","date_gmt":"2024-01-04T18:06:01","guid":{"rendered":"https:\/\/azura.ro\/?post_type=product&#038;p=68640"},"modified":"2025-08-05T16:31:41","modified_gmt":"2025-08-05T13:31:41","slug":"filtru-apa-cu-nanofiltrare-eco85-ag-alcalin-ph-85","status":"publish","type":"product","link":"https:\/\/azura.ro\/es\/produs\/filtru-apa-cu-nanofiltrare-eco85-ag-alcalin-ph-85\/","title":{"rendered":"FILTRO DE AGUA CON NANOFILTRO - NANOAZURE ECO85-AG, ALCALINO pH 8,5"},"content":{"rendered":"<h2><span style=\"font-family: tahoma, arial, helvetica, sans-serif; font-size: 110%;\">Filtru cu nanofiltrare NANOAZURA ECO85-AG, ce incorporeaza cartuse filtrante impregnate cu nano argint si filtru pentru alcalinizare si remineralizare.<\/span><\/h2>\n<p><span style=\"font-family: tahoma, arial, helvetica, sans-serif; font-size: 110%;\">Filtros <strong>con nanoplata son bacteriost\u00e1ticos y ofrecen una depuraci\u00f3n avanzada del agua<\/strong>en comparaci\u00f3n con los filtros convencionales. Los filtros tradicionales son propensos a la proliferaci\u00f3n de bacterias en su interior. Los filtros de nanoplata se mantienen higi\u00e9nicos durante todo el periodo de uso.<\/span><\/p>\n<p><span style=\"font-family: tahoma, arial, helvetica, sans-serif; font-size: 110%;\">Precizie de filtrare: 0,001 microni.<\/span><\/p>\n<p><span style=\"font-family: tahoma, arial, helvetica, sans-serif; font-size: 110%;\">Filtrul cu nanofiltrare NANOAZURA ECO85-AG, elimina contaminantii din apa prin metoda rejectiei, similar osmozei inverse dar cu un randament mai mic, de aproximatv 70%. Acest lucru are si un avantaj, permite ca ~30% din mineralele prezente in apa nefiltrata, sa ramana in continuare in apa. Cu ale cuvinte, apa va contine in continuare minerale dar in proportie de doar 30% fata de valoarea initiala.<\/span><\/p>\n<p><span style=\"font-family: tahoma, arial, helvetica, sans-serif; font-size: 110%;\">Nota:<\/span><br \/>\n<span style=\"font-family: tahoma, arial, helvetica, sans-serif; font-size: 110%;\">Modelul prezent nu contine pompa booster. Pentru realizarea procesului de filtrare este necesara o sursa de alimentare cu presiune de minim 2,5 bari. Va recomandam sa nu achizitionati acest model daca nu aveti o presiune minima de 2,5 bar sau daca nu cunoasteti presiunea. Riscati ca sistemul sa nu functioneze corect. Gasiti pe pagina noastra purificator dotat cu pompa de presiune.<\/span><\/p>\n<p><span style=\"font-family: tahoma, arial, helvetica, sans-serif; font-size: 110%;\"><strong><img decoding=\"async\" class=\"wp-image-13707 alignleft\" src=\"https:\/\/azura.ro\/wp-content\/uploads\/2018\/12\/30-zile-garantie-retur.png\" alt=\"\" width=\"198\" height=\"198\" srcset=\"https:\/\/azura.ro\/wp-content\/uploads\/2018\/12\/30-zile-garantie-retur.png 300w, https:\/\/azura.ro\/wp-content\/uploads\/2018\/12\/30-zile-garantie-retur-247x247.png 247w, https:\/\/azura.ro\/wp-content\/uploads\/2018\/12\/30-zile-garantie-retur-100x100.png 100w, https:\/\/azura.ro\/wp-content\/uploads\/2018\/12\/30-zile-garantie-retur-150x150.png 150w\" sizes=\"(max-width: 198px) 100vw, 198px\" \/>\"Garant\u00eda \"FULL THANKS<\/strong> = Garantia ca sistemul de filtrare NANOAZURA ECO85-AG a<strong>re efectul promis<\/strong>.<\/span><br \/>\n<span style=\"font-family: tahoma, arial, helvetica, sans-serif; font-size: 110%;\">Filtro de agua\u00a0<strong>NANOAZURA ECO85-AG functioneaza<\/strong> y por eso ofrecemos estos equipos con una GARANT\u00cdA DE DEVOLUCI\u00d3N DE 30 D\u00cdAS. La finalidad de este tipo de garant\u00eda es s\u00f3lo una, su satisfacci\u00f3n.<\/span><br \/>\n<span style=\"font-family: tahoma, arial, helvetica, sans-serif; font-size: 110%;\">Noi garantam ca Filtrul de apa NANOAZURA ECO85-AG va functiona si pentru tine. Daca nu esti multumit dupa 30 de ZILE cu performantele sistemului, te rugam sa ne contactezi intr-o perioada de 30 zile dupa perioada de testare si utilizare. Daca nu putem rezolva problema ce te nemultumeste, banii pe echipament vor fi inapoiati in intregime dupa ce ne vei inapoia echipamentul. Nu vei plati nici macar costul de transport!<\/span><\/p>\n<p><strong><span style=\"font-family: tahoma, arial, helvetica, sans-serif; font-size: 110%;\">Configuratie unica de filtrare pentru NANOAZURA ECO85-AG \u2013 garantam ca o astfel de filtrare nu veti mai intalni intr-un alt sistem cu osmoza inversa.<\/span><\/strong><\/p>\n<p><span style=\"font-family: tahoma, arial, helvetica, sans-serif; font-size: 110%;\">Sistemul de filtrare NANOAZURA ECO85-AG contine multiple straturi de filtrare prezente in 6 cartuse filtrante si anume:<\/span><\/p>\n<p><span style=\"font-family: tahoma, arial, helvetica, sans-serif; font-size: 110%;\">*El primer filtro (colocado en la carcasa transl\u00facida para observar la suciedad atrapada): cartucho filtrante antibacteriano de 10\" y 5 micras - contiene nanoplata.<\/span><br \/>\n<span style=\"font-family: tahoma, arial, helvetica, sans-serif; font-size: 110%;\">*Segundo filtro: Cartucho filtrante antibacteriano CTO Carbon 2,5\" x 10\" - contiene nanoplata.<\/span><br \/>\n<span style=\"font-family: tahoma, arial, helvetica, sans-serif; font-size: 110%;\">*Tercer filtro: cartucho filtrante antibacteriano de 10\" y 1 micra - contiene nanoplata.<\/span><br \/>\n<span style=\"font-family: tahoma, arial, helvetica, sans-serif; font-size: 110%;\">*Al patrulea filtru fiind si inima sistemului: Membrana nanofiltrare 85GPD \u2013 fiind si inima sistemului.<\/span><br \/>\n<span style=\"font-family: tahoma, arial, helvetica, sans-serif; font-size: 110%;\">*Quinto filtro: posfiltro de carb\u00f3n activo plateado de 2<\/span><br \/>\n<span style=\"font-family: tahoma, arial, helvetica, sans-serif; font-size: 110%;\">*Sexto filtro: alcalinizaci\u00f3n postfiltraci\u00f3n, remineralizaci\u00f3n 2\".<\/span><\/p>\n<p><span style=\"font-family: tahoma, arial, helvetica, sans-serif; font-size: 110%;\">Periodo de sustituci\u00f3n recomendado para todos los cartuchos filtrantes: 12 meses.<\/span><\/p>\n<p><span style=\"font-family: tahoma, arial, helvetica, sans-serif; font-size: 110%;\">Puede encontrar los cartuchos filtrantes y los costes correspondientes haciendo clic en el bot\u00f3n virtual \"CARTUCHOS DE CAMBIO\", situado debajo de las im\u00e1genes de los productos (en la parte superior de la p\u00e1gina).<\/span><\/p>\n<p><strong><span style=\"font-family: tahoma, arial, helvetica, sans-serif; font-size: 110%;\">\u00bfD\u00f3nde y para qu\u00e9?<\/span><\/strong><\/p>\n<p><span style=\"font-family: tahoma, arial, helvetica, sans-serif; font-size: 110%;\">NANOAZURA ECO85-AG se monteaza in general la bucatarie, sub blat, iar consumul de apa se face prin bateria de apa purificata oferita in kitul de instalare. Este o baterie moderna, argintie, ce se potriveste cu orice bucatarie moderna.<\/span><br \/>\n<span style=\"font-family: tahoma, arial, helvetica, sans-serif; font-size: 110%;\">El agua purificada de este modo se utiliza para el consumo diario, para preparar t\u00e9 y caf\u00e9, para cocinar, lavar frutas y verduras.<\/span><\/p>\n<p><span style=\"font-family: tahoma, arial, helvetica, sans-serif; font-size: 110%;\">Atentie! Sistemul de filtrare NANOAZURA ECO85-AG este proiectat si gandit sa purifice apa din retelele publice controlate, dezinfectata si declarata potabila. Nu utilizati sistemul (fara sa ne consultati) cu apa din surse proprii precum apa de foraj\/put, apa de suprafata. In astfel de cazuri este necesar un buletin de analiza a apei. Specialistii nostri va stau la dispozitie prin consultanta de specialitate si va vor indica cu exactitate ce filtre va sunt necesare pentru a trata apa din surse proprii, dar numai pe baza unui buletin de analiza a apei.<\/span><\/p>\n<p><span style=\"font-family: tahoma, arial, helvetica, sans-serif; font-size: 110%;\">Utilizati NANOAZURA ECO85-AG doar cu apa rece. Nu montati pe conducta de apa calda!<\/span><br \/>\n<span style=\"font-family: tahoma, arial, helvetica, sans-serif; font-size: 110%;\">\u00bfLavar\u00e1s los platos con agua filtrada?<\/span><\/p>\n<p><span style=\"font-family: tahoma, arial, helvetica, sans-serif; font-size: 110%;\">Raspunsul este NU. Kitul de instalare permite ca numai apa ce se doreste a fi consumata sa fie filtrata. Filtrul NANOAZURA ECO85-AG contine kit de instalare in acest sens.<\/span><\/p>\n<p><strong><span style=\"font-family: tahoma, arial, helvetica, sans-serif; font-size: 110%;\">\u00bfQu\u00e9 recibo en el paquete en el momento de la entrega?<\/span><\/strong><\/p>\n<p><span style=\"font-family: tahoma, arial, helvetica, sans-serif; font-size: 110%;\">- El dispositivo de filtrado con los filtros antes mencionados;<\/span><br \/>\n<span style=\"font-family: tahoma, arial, helvetica, sans-serif; font-size: 110%;\">- Manguera de presi\u00f3n blanca para agua filtrada m\u00e1s que suficiente para la grifer\u00eda;<\/span><br \/>\n<span style=\"font-family: tahoma, arial, helvetica, sans-serif; font-size: 110%;\">- Pila de metal plateado para beber agua purificada, con certificaci\u00f3n NSF, sin plomo;<\/span><br \/>\n<span style=\"font-family: tahoma, arial, helvetica, sans-serif; font-size: 110%;\">- Pieza de conexi\u00f3n bajo el fregadero de 3\/8\" con grifo de entrada\/salida de agua al filtro;<\/span><br \/>\n<span style=\"font-family: tahoma, arial, helvetica, sans-serif; font-size: 110%;\">* Tanque de almacenamiento para recoger el agua depurada;<\/span><br \/>\n<span style=\"font-family: tahoma, arial, helvetica, sans-serif; font-size: 110%;\">* Grifo para el recipiente de almacenamiento;<\/span><br \/>\n<span style=\"font-family: tahoma, arial, helvetica, sans-serif; font-size: 110%;\">* Pieza de conexi\u00f3n para desag\u00fce;<\/span><br \/>\n<span style=\"font-family: tahoma, arial, helvetica, sans-serif; font-size: 110%;\">* V\u00eda anti-impuestos.<\/span><\/p>\n<p><strong><span style=\"font-family: tahoma, arial, helvetica, sans-serif; font-size: 110%;\">Montaj NANOAZURA ECO85-AG<br \/>\n<\/span><\/strong><br \/>\n<span style=\"font-family: tahoma, arial, helvetica, sans-serif; font-size: 110%;\">El sistema de filtraci\u00f3n se monta debajo del fregadero y en el fregadero s\u00f3lo se monta la bater\u00eda especial suministrada en el kit de instalaci\u00f3n. La instalaci\u00f3n no es dif\u00edcil, sin embargo requiere pocos conocimientos t\u00e9cnicos o un instalador. Le proporcionaremos el Manual del Usuario con la compra. Para Bucarest e Ilfov puede pedir a nuestro equipo que instale el filtro por usted (cargo adicional).<\/span><\/p>\n<p><span style=\"font-family: tahoma, arial, helvetica, sans-serif; font-size: 110%;\">Durante la puesta en marcha, antes de beber agua, llene y vac\u00ede dos recipientes de almacenamiento (el que se suministra con el sistema de filtraci\u00f3n). Despu\u00e9s de la instalaci\u00f3n, durante unos d\u00edas, ver\u00e1 finas burbujas de aire en el vaso. Esto es absolutamente normal y ocurrir\u00e1 hasta que el medio filtrante est\u00e9 completamente empapado.<\/span><\/p>\n<p><span style=\"font-family: tahoma, arial, helvetica, sans-serif; font-size: 110%;\">Dimensiones:<\/span><\/p>\n<ul>\n<li><span style=\"font-family: tahoma, arial, helvetica, sans-serif; font-size: 110%;\">dimensiunile aparatului: 38 x 45 x 15 cm (Lungime x inaltime x adancime)<\/span><\/li>\n<li><span style=\"font-size: 110%; font-family: tahoma, arial, helvetica, sans-serif;\">dimensiunile rezervorului de 12 litri: inaltime 44 cm, diametrul 28 cm<\/span><br \/>\n<span style=\"font-family: tahoma, arial, helvetica, sans-serif; font-size: 110%;\">Fabricado en Ruman\u00eda con subansables de: Taiw\u00e1n, Turqu\u00eda, Italia.<\/span><\/li>\n<\/ul>\n<p><span style=\"font-family: tahoma, arial, helvetica, sans-serif; font-size: 110%;\">2 a\u00f1os de garant\u00eda<\/span><\/p>\n<p><span style=\"font-family: tahoma, arial, helvetica, sans-serif; font-size: 110%;\">Cambiar el agua es lo mejor que puedes hacer hoy. Las acciones de hoy cambian tu futuro, y el agua es probablemente lo m\u00e1s importante que puedes cambiar para mejorar tu salud, y est\u00e1 en tu mano, ahora mismo. \u00bfLe parece l\u00f3gico?<\/span><\/p>","protected":false},"excerpt":{"rendered":"<p><a href=\"https:\/\/azura.ro\/es\/100-30-dias-de-garantia-de-devolucion\/\" target=\"_blank\" rel=\"noopener noreferrer\"><img decoding=\"async\" class=\"alignnone wp-image-7307\" src=\"https:\/\/azura.ro\/wp-content\/uploads\/2016\/06\/Garantie-retur.png\" alt=\"\" width=\"106\" height=\"128\" \/><\/a><a href=\"https:\/\/azura.ro\/es\/service\/\" target=\"_blank\" rel=\"noopener noreferrer\"><img decoding=\"async\" class=\"alignnone wp-image-7308\" src=\"https:\/\/azura.ro\/wp-content\/uploads\/2016\/06\/Service.png\" alt=\"\" width=\"118\" height=\"112\" \/><\/a><a href=\"https:\/\/azura.ro\/es\/2-ani-garantie\/\" target=\"_blank\" rel=\"noopener noreferrer\"><img decoding=\"async\" class=\"alignnone wp-image-14008\" src=\"https:\/\/azura.ro\/wp-content\/uploads\/2018\/12\/2-ani-garantie.png\" alt=\"\" width=\"103\" height=\"142\" \/><\/a><\/p>\n<p><a href=\"https:\/\/azura.ro\/es\/100-30-dias-de-garantia-de-devolucion\/\" target=\"_blank\" rel=\"noopener noreferrer\">Ofrecemos garant\u00eda de satisfacci\u00f3n con devoluci\u00f3n del dinero en 30 d\u00edas<\/a><br \/>\n<a href=\"https:\/\/azura.ro\/es\/service\/\" target=\"_blank\" rel=\"noopener noreferrer\">Ofrecemos servicio especializado en Ruman\u00eda \u00a1Cualquier problema t\u00e9cnico se resuelve en Ruman\u00eda!<\/a><br \/>\n<a href=\"https:\/\/azura.ro\/es\/2-ani-garantie\/\" target=\"_blank\" rel=\"noopener noreferrer\">Ofrecemos garant\u00eda contra defectos de fabricaci\u00f3n, 2 a\u00f1os de garant\u00eda<\/a><\/p>","protected":false},"featured_media":68642,"comment_status":"open","ping_status":"closed","template":"","meta":{"_seopress_robots_primary_cat":"none","_seopress_titles_title":"","_seopress_titles_desc":"","_seopress_robots_index":""},"product_brand":[],"product_cat":[80],"product_tag":[850,564,1922],"class_list":{"0":"post-68640","1":"product","2":"type-product","3":"status-publish","4":"has-post-thumbnail","6":"product_cat-filtre-apa-cu-nanofiltrare","7":"product_tag-nanoazura","8":"product_tag-nanofiltrare","9":"product_tag-nanofiltru","10":"pa_amplasare-subchiuveta","12":"first","13":"instock","14":"sale","15":"taxable","16":"shipping-taxable","17":"purchasable","18":"product-type-simple"},"_links":{"self":[{"href":"https:\/\/azura.ro\/es\/wp-json\/wp\/v2\/product\/68640","targetHints":{"allow":["GET"]}}],"collection":[{"href":"https:\/\/azura.ro\/es\/wp-json\/wp\/v2\/product"}],"about":[{"href":"https:\/\/azura.ro\/es\/wp-json\/wp\/v2\/types\/product"}],"replies":[{"embeddable":true,"href":"https:\/\/azura.ro\/es\/wp-json\/wp\/v2\/comments?post=68640"}],"wp:featuredmedia":[{"embeddable":true,"href":"https:\/\/azura.ro\/es\/wp-json\/wp\/v2\/media\/68642"}],"wp:attachment":[{"href":"https:\/\/azura.ro\/es\/wp-json\/wp\/v2\/media?parent=68640"}],"wp:term":[{"taxonomy":"product_brand","embeddable":true,"href":"https:\/\/azura.ro\/es\/wp-json\/wp\/v2\/product_brand?post=68640"},{"taxonomy":"product_cat","embeddable":true,"href":"https:\/\/azura.ro\/es\/wp-json\/wp\/v2\/product_cat?post=68640"},{"taxonomy":"product_tag","embeddable":true,"href":"https:\/\/azura.ro\/es\/wp-json\/wp\/v2\/product_tag?post=68640"}],"curies":[{"name":"wp","href":"https:\/\/api.w.org\/{rel}","templated":true}]}}