{"id":69708,"date":"2024-01-30T12:16:03","date_gmt":"2024-01-30T10:16:03","guid":{"rendered":"https:\/\/azura.ro\/?post_type=product&#038;p=69708"},"modified":"2025-08-05T15:13:59","modified_gmt":"2025-08-05T12:13:59","slug":"cartucho-de-filtro-de-tamiz-de-acero-inoxidable-para-filtro-superindustrial","status":"publish","type":"product","link":"https:\/\/azura.ro\/es\/produs\/cartus-filtrant-sita-inox-pentru-filtru-industrial-super\/","title":{"rendered":"CARTUCHO DE FILTRO DE TAMIZ DE ACERO INOXIDABLE PARA FILTRO INDUSTRIAL - SUPER"},"content":{"rendered":"<h2><span style=\"font-family: tahoma, arial, helvetica, sans-serif; font-size: 110%;\">Cartucho filtrante para filtro superindustrial.<\/span><\/h2>\n<p><span style=\"font-family: tahoma, arial, helvetica, sans-serif; font-size: 110%;\">Grado de filtraci\u00f3n de 50, 100 y 200 micras: recomendado para la industria en funci\u00f3n de las necesidades del consumidor.<\/span><\/p>\n<p><span style=\"font-family: tahoma, arial, helvetica, sans-serif; font-size: 110%;\">130 micras - recomendado para la protecci\u00f3n de tuber\u00edas, bombas y sistemas de riego.<\/span><\/p>\n<p><span style=\"font-family: tahoma, arial, helvetica, sans-serif; font-size: 110%;\">Cartucho filtrante de tamiz de acero inoxidable construido sobre un soporte de pl\u00e1stico (nido de abeja) - recomendado para aguas de perforaci\u00f3n. Utilizado frecuentemente para la eliminaci\u00f3n de arena.<\/span><\/p>\n<p><span style=\"font-family: tahoma, arial, helvetica, sans-serif; font-size: 110%;\">Compatible con el filtro industrial Sita Inox - Super.<\/span><\/p>\n<p><span style=\"font-family: tahoma, arial, helvetica, sans-serif; font-size: 110%;\">Material: acero inoxidable SS304 con soporte de pl\u00e1stico.<\/span><\/p>","protected":false},"excerpt":{"rendered":"<p>Cartus filtrant pentru filtru industrial super. 50, 100, 200 microni grad de filtrare &#8211; recomandat pentru industrie bazat pe nevoile consumatorului. 130 microni &#8211; recomandat pentru protectia conductelor, pompelor si a sistemelor de irigatii. Cartus filtrant sita inox construit pe suport (fagure) de plastic &#8211; recomandat pentru apa de foraj. Se utilizeaza in mod frecvent [&#8230;]\n","protected":false},"featured_media":69736,"comment_status":"open","ping_status":"closed","template":"","meta":{"_seopress_robots_primary_cat":"none","_seopress_titles_title":"","_seopress_titles_desc":"","_seopress_robots_index":""},"product_brand":[],"product_cat":[1678],"product_tag":[1932,1933],"class_list":{"0":"post-69708","1":"product","2":"type-product","3":"status-publish","4":"has-post-thumbnail","6":"product_cat-cartuse-filtre-industrie","7":"product_tag-cartus-plastic","8":"product_tag-cartus-sita","9":"pa_graddefiltrare-100-microni","10":"pa_graddefiltrare-130-microni","11":"pa_graddefiltrare-200-microni","12":"pa_graddefiltrare-50-microni","14":"first","15":"instock","16":"taxable","17":"shipping-taxable","18":"purchasable","19":"product-type-variable"},"_links":{"self":[{"href":"https:\/\/azura.ro\/es\/wp-json\/wp\/v2\/product\/69708","targetHints":{"allow":["GET"]}}],"collection":[{"href":"https:\/\/azura.ro\/es\/wp-json\/wp\/v2\/product"}],"about":[{"href":"https:\/\/azura.ro\/es\/wp-json\/wp\/v2\/types\/product"}],"replies":[{"embeddable":true,"href":"https:\/\/azura.ro\/es\/wp-json\/wp\/v2\/comments?post=69708"}],"wp:featuredmedia":[{"embeddable":true,"href":"https:\/\/azura.ro\/es\/wp-json\/wp\/v2\/media\/69736"}],"wp:attachment":[{"href":"https:\/\/azura.ro\/es\/wp-json\/wp\/v2\/media?parent=69708"}],"wp:term":[{"taxonomy":"product_brand","embeddable":true,"href":"https:\/\/azura.ro\/es\/wp-json\/wp\/v2\/product_brand?post=69708"},{"taxonomy":"product_cat","embeddable":true,"href":"https:\/\/azura.ro\/es\/wp-json\/wp\/v2\/product_cat?post=69708"},{"taxonomy":"product_tag","embeddable":true,"href":"https:\/\/azura.ro\/es\/wp-json\/wp\/v2\/product_tag?post=69708"}],"curies":[{"name":"wp","href":"https:\/\/api.w.org\/{rel}","templated":true}]}}