{"id":726,"date":"2015-05-04T21:06:56","date_gmt":"2015-05-04T19:06:56","guid":{"rendered":"http:\/\/dev02.websynapse.ro\/product\/cartus-filtrant-sedimente-pp-10-5-microni\/"},"modified":"2026-03-06T10:41:33","modified_gmt":"2026-03-06T08:41:33","slug":"cartus-filtrant-sedimente-pp-10-5-microni","status":"publish","type":"product","link":"https:\/\/azura.ro\/es\/produs\/cartus-filtrant-sedimente-pp-10-5-microni\/","title":{"rendered":"CARTUCHO FILTRANTE DE SEDIMENTOS PP 10\u2033 5 MICRAS"},"content":{"rendered":"<h2><span style=\"font-size: 110%;\"><span style=\"font-family: tahoma, arial, helvetica, sans-serif;\">Cartus filtrant sedimente cu finete de filtrare 5 microni.<\/span><\/span><\/h2>\n<p><span style=\"font-size: 110%; font-family: tahoma, arial, helvetica, sans-serif;\">El filtro se utiliza con carcasas de 10\", normalmente como prefiltro para sistemas de filtraci\u00f3n moldeados bajo el fregadero o sobre el fregadero.<\/span><\/p>\n<p><span style=\"font-size: 110%;\">Finalidad de la filtraci\u00f3n: filtra sedimentos, suciedad, arena, part\u00edculas en suspensi\u00f3n, hierro y manganeso oxidado.<\/span><\/p>\n<p><span style=\"font-size: 110%; font-family: tahoma, arial, helvetica, sans-serif;\">Este filtro no elimina los productos qu\u00edmicos y no desinfecta el agua.<\/span><\/p>\n<p><span style=\"font-size: 110%; font-family: tahoma, arial, helvetica, sans-serif;\">Material: fibras de polipropileno prensado<\/span><br \/>\n<span style=\"font-size: 110%; font-family: tahoma, arial, helvetica, sans-serif;\">Dimensiones: 25,3 cm x 6 cm <\/span><\/p>\n<p><span style=\"font-size: 110%; font-family: tahoma, arial, helvetica, sans-serif;\">Grado de filtraci\u00f3n: 5 micras<\/span><\/p>\n<p><span style=\"font-size: 110%; font-family: tahoma, arial, helvetica, sans-serif;\">Temperatura m\u00ednima: 3\u00b0C<\/span><br \/>\n<span style=\"font-size: 110%; font-family: tahoma, arial, helvetica, sans-serif;\">Temperatura m\u00e1xima: 52\u00b0C<\/span><\/p>\n<p><span style=\"font-size: 110%; font-family: tahoma, arial, helvetica, sans-serif;\">Periodo de cambio: cambiar si baja la presi\u00f3n del agua o cada 6 meses como m\u00e1ximo. El periodo de cambio del filtro depende de la calidad y el volumen del agua de suministro.<\/span><\/p>","protected":false},"excerpt":{"rendered":"<p><span style=\"font-size: 100%; font-family: tahoma, arial, helvetica, sans-serif;\">Cartus filtrant din polipropilena, 10&#8243;, 5 microni.<\/span><\/p>","protected":false},"featured_media":70424,"comment_status":"open","ping_status":"closed","template":"","meta":{"_seopress_robots_primary_cat":"none","_seopress_titles_title":"","_seopress_titles_desc":"Filtru polipropilena indepartare nisip, mizerie, mal, particule in suspensie","_seopress_robots_index":""},"product_brand":[],"product_cat":[1137],"product_tag":[1673,1674,334,335,613,614],"class_list":{"0":"post-726","1":"product","2":"type-product","3":"status-publish","4":"has-post-thumbnail","6":"product_cat-cartuse-filtre-bucatarie","7":"product_tag-cartus-filtrant-10","8":"product_tag-cartus-filtrant-5-microni","9":"product_tag-cartus-filtrant-polipropilena","10":"product_tag-polipropilena","11":"product_tag-pp","12":"product_tag-pp-5-microni","14":"first","15":"outofstock","16":"taxable","17":"shipping-taxable","18":"purchasable","19":"product-type-simple"},"_links":{"self":[{"href":"https:\/\/azura.ro\/es\/wp-json\/wp\/v2\/product\/726","targetHints":{"allow":["GET"]}}],"collection":[{"href":"https:\/\/azura.ro\/es\/wp-json\/wp\/v2\/product"}],"about":[{"href":"https:\/\/azura.ro\/es\/wp-json\/wp\/v2\/types\/product"}],"replies":[{"embeddable":true,"href":"https:\/\/azura.ro\/es\/wp-json\/wp\/v2\/comments?post=726"}],"wp:featuredmedia":[{"embeddable":true,"href":"https:\/\/azura.ro\/es\/wp-json\/wp\/v2\/media\/70424"}],"wp:attachment":[{"href":"https:\/\/azura.ro\/es\/wp-json\/wp\/v2\/media?parent=726"}],"wp:term":[{"taxonomy":"product_brand","embeddable":true,"href":"https:\/\/azura.ro\/es\/wp-json\/wp\/v2\/product_brand?post=726"},{"taxonomy":"product_cat","embeddable":true,"href":"https:\/\/azura.ro\/es\/wp-json\/wp\/v2\/product_cat?post=726"},{"taxonomy":"product_tag","embeddable":true,"href":"https:\/\/azura.ro\/es\/wp-json\/wp\/v2\/product_tag?post=726"}],"curies":[{"name":"wp","href":"https:\/\/api.w.org\/{rel}","templated":true}]}}