{"id":732,"date":"2015-05-04T21:38:51","date_gmt":"2015-05-04T19:38:51","guid":{"rendered":"http:\/\/dev02.websynapse.ro\/product\/cartus-filtrant-sedimente-pp-10-20-microni\/"},"modified":"2025-08-05T19:12:39","modified_gmt":"2025-08-05T16:12:39","slug":"cartus-filtrant-sedimente-pp-10-20-microni","status":"publish","type":"product","link":"https:\/\/azura.ro\/es\/produs\/cartus-filtrant-sedimente-pp-10-20-microni\/","title":{"rendered":"CARTUCHO FILTRANTE DE SEDIMENTOS PP 10\u2033 20 MICRAS"},"content":{"rendered":"<h2><span style=\"font-size: 110%;\"><span style=\"font-family: tahoma, arial, helvetica, sans-serif;\">Cartus filtrant sedimente cu finete de filtrare 20 microni.<\/span><\/span><\/h2>\n<p><span style=\"font-size: 110%; font-family: tahoma, arial, helvetica, sans-serif;\">Filtrul se utilizeaza cu carcase de 10&#8243;, in mod uzual ca prefiltrare pentru sistemele de filtrare ce se moteaza sub chiuveta sau pe chiuveta. Se poate utiliza ca si filtrare pentru conducta principala de apa.<\/span><\/p>\n<p><span style=\"font-size: 110%; font-family: tahoma, arial, helvetica, sans-serif;\">Finalidad de la filtraci\u00f3n: filtra sedimentos, suciedad, arena, part\u00edculas en suspensi\u00f3n, hierro y manganeso oxidado.<\/span><\/p>\n<p><span style=\"font-size: 110%; font-family: tahoma, arial, helvetica, sans-serif;\">Este filtro no elimina los productos qu\u00edmicos y no desinfecta el agua.<\/span><\/p>\n<p><span style=\"font-size: 110%; font-family: tahoma, arial, helvetica, sans-serif;\">Material: fibras de polipropileno prensado<\/span><br \/>\n<span style=\"font-size: 110%; font-family: tahoma, arial, helvetica, sans-serif;\">Dimensiones: 25,3 cm x 6 cm <\/span><\/p>\n<p><span style=\"font-size: 110%; font-family: tahoma, arial, helvetica, sans-serif;\">Grado de filtraci\u00f3n: 20 micras<\/span><\/p>\n<p><span style=\"font-size: 110%; font-family: tahoma, arial, helvetica, sans-serif;\">Temperatura m\u00ednima: 3\u00b0C<\/span><br \/>\n<span style=\"font-size: 110%; font-family: tahoma, arial, helvetica, sans-serif;\">Temperatura m\u00e1xima: 52\u00b0C<\/span><\/p>\n<p><span style=\"font-size: 110%; font-family: tahoma, arial, helvetica, sans-serif;\">Perioada de schimb: schimbati daca presiunea apei scade sau la maxim 6 luni. Perioada de schimb a filtrului depinde de calitatea apei de alimentare si de volumul acesteia. In unele cazuri, este necesara schimbarea filtrului la maxim o luna (cand se filtreaza apa pe conducta principala de alimentare a unei case sau cand exista consum mare de apa).<\/span><\/p>","protected":false},"excerpt":{"rendered":"<p><span style=\"font-size: 100%; font-family: tahoma, arial, helvetica, sans-serif;\">Cartus filtrant din polipropilena, 10&#8243;, 20 microni.<\/span><\/p>","protected":false},"featured_media":70438,"comment_status":"open","ping_status":"closed","template":"","meta":{"_seopress_robots_primary_cat":"none","_seopress_titles_title":"","_seopress_titles_desc":"Filtru polipropilena indepartare nisip, mizerie, mal, particule in suspensie","_seopress_robots_index":""},"product_brand":[],"product_cat":[1142],"product_tag":[1673,428,335,613,615],"class_list":{"0":"post-732","1":"product","2":"type-product","3":"status-publish","4":"has-post-thumbnail","6":"product_cat-cartuse-filtre-toata-casa","7":"product_tag-cartus-filtrant-10","8":"product_tag-cartus-filtrant-sedimente","9":"product_tag-polipropilena","10":"product_tag-pp","11":"product_tag-pp-20-microni","13":"first","14":"instock","15":"taxable","16":"shipping-taxable","17":"purchasable","18":"product-type-simple"},"_links":{"self":[{"href":"https:\/\/azura.ro\/es\/wp-json\/wp\/v2\/product\/732","targetHints":{"allow":["GET"]}}],"collection":[{"href":"https:\/\/azura.ro\/es\/wp-json\/wp\/v2\/product"}],"about":[{"href":"https:\/\/azura.ro\/es\/wp-json\/wp\/v2\/types\/product"}],"replies":[{"embeddable":true,"href":"https:\/\/azura.ro\/es\/wp-json\/wp\/v2\/comments?post=732"}],"wp:featuredmedia":[{"embeddable":true,"href":"https:\/\/azura.ro\/es\/wp-json\/wp\/v2\/media\/70438"}],"wp:attachment":[{"href":"https:\/\/azura.ro\/es\/wp-json\/wp\/v2\/media?parent=732"}],"wp:term":[{"taxonomy":"product_brand","embeddable":true,"href":"https:\/\/azura.ro\/es\/wp-json\/wp\/v2\/product_brand?post=732"},{"taxonomy":"product_cat","embeddable":true,"href":"https:\/\/azura.ro\/es\/wp-json\/wp\/v2\/product_cat?post=732"},{"taxonomy":"product_tag","embeddable":true,"href":"https:\/\/azura.ro\/es\/wp-json\/wp\/v2\/product_tag?post=732"}],"curies":[{"name":"wp","href":"https:\/\/api.w.org\/{rel}","templated":true}]}}