{"id":740,"date":"2015-05-04T23:25:09","date_gmt":"2015-05-04T21:25:09","guid":{"rendered":"http:\/\/dev02.websynapse.ro\/product\/filtru-apa-capsulat-pp-5-microni-in-linie-25\/"},"modified":"2026-03-31T10:11:00","modified_gmt":"2026-03-31T07:11:00","slug":"filtru-apa-capsulat-pp-5-microni-in-linie-25","status":"publish","type":"product","link":"https:\/\/azura.ro\/es\/produs\/filtru-apa-capsulat-pp-5-microni-in-linie-25\/","title":{"rendered":"FILTRO DE AGUA ENCAPSULADO DE PP DE 2,5\u2033 EN L\u00cdNEA DE 5 MICRAS"},"content":{"rendered":"<h2><span style=\"font-size: 110%; font-family: tahoma, arial, helvetica, sans-serif;\">Filtru de apa capsulat cu grad de filtrare 5 microni pentru filtrarea sedimentelor, nisipului, mizeriei etc.<\/span><\/h2>\n<p><span style=\"font-size: 110%; font-family: tahoma, arial, helvetica, sans-serif;\">Filtrul se utilizeaza in mod uzual ca prefiltrare pentru sistemele de filtrare ce se moteaza sub chiuveta sau pe chiveta.<\/span><\/p>\n<p><span style=\"font-size: 110%; font-family: tahoma, arial, helvetica, sans-serif;\">Finalidad de la filtraci\u00f3n: filtra sedimentos, suciedad, arena, part\u00edculas en suspensi\u00f3n, hierro y manganeso oxidado.<\/span><\/p>\n<p><span style=\"font-size: 110%; font-family: tahoma, arial, helvetica, sans-serif;\">Este filtro no elimina los productos qu\u00edmicos y no desinfecta el agua.<\/span><\/p>\n<p><span style=\"font-size: 110%; font-family: tahoma, arial, helvetica, sans-serif;\">Material filtrant: fibre din polipropilena unite prin presare<\/span><\/p>\n<p><span style=\"font-family: tahoma, arial, helvetica, sans-serif; font-size: 110%;\">Especificaciones t\u00e9cnicas:<\/span><\/p>\n<p><span style=\"font-family: tahoma, arial, helvetica, sans-serif; font-size: 110%;\">Grado de filtraci\u00f3n: 5 micras<br \/>\nConexiuni: Male 1\/4&#8243;\u00a0 &#8211; necesita cuple rapide fara filet.<br \/>\nTemperatura m\u00ednima: 3\u00b0C<br \/>\nTemperatura m\u00e1xima: 52\u00b0C<\/span><\/p>\n<p><span style=\"font-size: 110%; font-family: tahoma, arial, helvetica, sans-serif;\">Periodo de cambio: cambiar si baja la presi\u00f3n del agua o cada 6 meses como m\u00e1ximo. El periodo de cambio del filtro depende de la calidad y el volumen del agua de suministro.<\/span><\/p>\n<p><span style=\"font-size: 110%; font-family: tahoma, arial, helvetica, sans-serif;\">Pa\u00eds de origen: Taiw\u00e1n<\/span><\/p>","protected":false},"excerpt":{"rendered":"<p><span style=\"font-size: 100%; font-family: tahoma, arial, helvetica, sans-serif;\">Filtru de apa capsulat pentru filtrarea sedimentelor.<\/span><\/p>","protected":false},"featured_media":70429,"comment_status":"open","ping_status":"closed","template":"","meta":{"_seopress_robots_primary_cat":"none","_seopress_titles_title":"","_seopress_titles_desc":"Filtru sedimente 5 microni, capsulat","_seopress_robots_index":""},"product_brand":[],"product_cat":[1139,1137],"product_tag":[617,614],"class_list":{"0":"post-740","1":"product","2":"type-product","3":"status-publish","4":"has-post-thumbnail","6":"product_cat-cartuse-dozatoare-apa","7":"product_cat-cartuse-filtre-bucatarie","8":"product_tag-filtru-polipropilena","9":"product_tag-pp-5-microni","11":"first","12":"instock","13":"taxable","14":"shipping-taxable","15":"purchasable","16":"product-type-simple"},"_links":{"self":[{"href":"https:\/\/azura.ro\/es\/wp-json\/wp\/v2\/product\/740","targetHints":{"allow":["GET"]}}],"collection":[{"href":"https:\/\/azura.ro\/es\/wp-json\/wp\/v2\/product"}],"about":[{"href":"https:\/\/azura.ro\/es\/wp-json\/wp\/v2\/types\/product"}],"replies":[{"embeddable":true,"href":"https:\/\/azura.ro\/es\/wp-json\/wp\/v2\/comments?post=740"}],"wp:featuredmedia":[{"embeddable":true,"href":"https:\/\/azura.ro\/es\/wp-json\/wp\/v2\/media\/70429"}],"wp:attachment":[{"href":"https:\/\/azura.ro\/es\/wp-json\/wp\/v2\/media?parent=740"}],"wp:term":[{"taxonomy":"product_brand","embeddable":true,"href":"https:\/\/azura.ro\/es\/wp-json\/wp\/v2\/product_brand?post=740"},{"taxonomy":"product_cat","embeddable":true,"href":"https:\/\/azura.ro\/es\/wp-json\/wp\/v2\/product_cat?post=740"},{"taxonomy":"product_tag","embeddable":true,"href":"https:\/\/azura.ro\/es\/wp-json\/wp\/v2\/product_tag?post=740"}],"curies":[{"name":"wp","href":"https:\/\/api.w.org\/{rel}","templated":true}]}}