{"id":742,"date":"2015-05-04T23:33:08","date_gmt":"2015-05-04T21:33:08","guid":{"rendered":"http:\/\/dev02.websynapse.ro\/product\/filtru-apa-capsulat-pp-1-micron-in-linie-25\/"},"modified":"2026-04-18T00:58:22","modified_gmt":"2026-04-17T21:58:22","slug":"filtru-apa-capsulat-pp-1-micron-in-linie-25","status":"publish","type":"product","link":"https:\/\/azura.ro\/es\/produs\/filtru-apa-capsulat-pp-1-micron-in-linie-25\/","title":{"rendered":"FILTRO DE AGUA ENCAPSULADO DE PP DE 2,5\u2033 EN L\u00cdNEA DE 1 MICRA"},"content":{"rendered":"<p><span style=\"font-size: 110%; font-family: tahoma, arial, helvetica, sans-serif;\">Filtru de apa capsulat cu grad de filtrare 1 micron pentru filtrarea sedimentelor, nisipului, mizeriei etc.<\/span><\/p>\n<p><span style=\"font-size: 110%; font-family: tahoma, arial, helvetica, sans-serif;\">Filtrul se utilizeaza in mod uzual ca prefiltrare pentru sistemele de filtrare ce se monteaza sub chiuveta sau pe chiveta.<\/span><\/p>\n<p><span style=\"font-size: 110%; font-family: tahoma, arial, helvetica, sans-serif;\">Finalidad de la filtraci\u00f3n: filtra sedimentos, suciedad, arena, part\u00edculas en suspensi\u00f3n, hierro y manganeso oxidado.<\/span><\/p>\n<p><span style=\"font-size: 110%; font-family: tahoma, arial, helvetica, sans-serif;\">Este filtro no elimina los productos qu\u00edmicos y no desinfecta el agua.<\/span><\/p>\n<p><span style=\"font-size: 110%; font-family: tahoma, arial, helvetica, sans-serif;\">Material filtrant: fibre din polipropilena unite prin presare<\/span><\/p>\n<p><span style=\"font-size: 110%;\">Especificaciones t\u00e9cnicas:<\/span><\/p>\n<p><span style=\"font-size: 110%;\">Mediu filtrant: carbune activat granular<br \/>\nConexiuni: Male 1\/4&#8243;\u00a0 &#8211; necesita cuple rapide fara filet.<br \/>\nTemperatura m\u00ednima: 3\u00b0C<br \/>\nTemperatura m\u00e1xima: 52\u00b0C<\/span><\/p>\n<p><span style=\"font-size: 110%;\">Vida \u00fatil: 6 meses. La vida \u00fatil depende de la calidad del agua filtrada y de los contaminantes presentes en el agua. <\/span><\/p>\n<p><span style=\"font-size: 110%;\">Precauciones de uso y recomendaciones:<\/span><br \/>\n<span style=\"font-size: 110%;\"> - antes de consumir el agua, hay que hacer pasar al menos 10 litros de agua por el filtro<br \/>\n- s\u00f3lo debe utilizarse para filtrar agua fr\u00eda, nunca agua caliente<\/span><br \/>\n<span style=\"font-size: 110%;\"> - no lo utilice con agua microbiol\u00f3gicamente insegura o con agua cuya calidad desconozca, sin haber desinfectado previamente el agua antes y despu\u00e9s del filtro.<\/span><\/p>\n<p><span style=\"font-size: 110%;\">Pa\u00eds de origen: Taiw\u00e1n<\/span><\/p>","protected":false},"excerpt":{"rendered":"<p><span style=\"font-size: 100%; font-family: tahoma, arial, helvetica, sans-serif;\">Filtru de apa capsulat pentru filtrarea sedimentelor.<\/span><\/p>","protected":false},"featured_media":70427,"comment_status":"open","ping_status":"closed","template":"","meta":{"_seopress_robots_primary_cat":"none","_seopress_titles_title":"","_seopress_titles_desc":"Filtru sedimente 5 microni, capsulat","_seopress_robots_index":""},"product_brand":[],"product_cat":[1139,1137],"product_tag":[617],"class_list":{"0":"post-742","1":"product","2":"type-product","3":"status-publish","4":"has-post-thumbnail","6":"product_cat-cartuse-dozatoare-apa","7":"product_cat-cartuse-filtre-bucatarie","8":"product_tag-filtru-polipropilena","10":"first","11":"instock","12":"taxable","13":"shipping-taxable","14":"purchasable","15":"product-type-simple"},"_links":{"self":[{"href":"https:\/\/azura.ro\/es\/wp-json\/wp\/v2\/product\/742","targetHints":{"allow":["GET"]}}],"collection":[{"href":"https:\/\/azura.ro\/es\/wp-json\/wp\/v2\/product"}],"about":[{"href":"https:\/\/azura.ro\/es\/wp-json\/wp\/v2\/types\/product"}],"replies":[{"embeddable":true,"href":"https:\/\/azura.ro\/es\/wp-json\/wp\/v2\/comments?post=742"}],"wp:featuredmedia":[{"embeddable":true,"href":"https:\/\/azura.ro\/es\/wp-json\/wp\/v2\/media\/70427"}],"wp:attachment":[{"href":"https:\/\/azura.ro\/es\/wp-json\/wp\/v2\/media?parent=742"}],"wp:term":[{"taxonomy":"product_brand","embeddable":true,"href":"https:\/\/azura.ro\/es\/wp-json\/wp\/v2\/product_brand?post=742"},{"taxonomy":"product_cat","embeddable":true,"href":"https:\/\/azura.ro\/es\/wp-json\/wp\/v2\/product_cat?post=742"},{"taxonomy":"product_tag","embeddable":true,"href":"https:\/\/azura.ro\/es\/wp-json\/wp\/v2\/product_tag?post=742"}],"curies":[{"name":"wp","href":"https:\/\/api.w.org\/{rel}","templated":true}]}}