{"id":806,"date":"2015-07-06T23:52:58","date_gmt":"2015-07-06T21:52:58","guid":{"rendered":"http:\/\/dev02.websynapse.ro\/product\/filtru-apa-cerazura-line-9mf-azura-filters\/"},"modified":"2026-03-15T13:28:49","modified_gmt":"2026-03-15T11:28:49","slug":"filtru-apa-cerazura-line-9mf-azura-filters","status":"publish","type":"product","link":"https:\/\/azura.ro\/es\/produs\/filtru-apa-cerazura-line-9mf-azura-filters\/","title":{"rendered":"FILTRO DE AGUA CER\u00c1MICO CERAZURA LINE 9MF - AZURA FILTERS"},"content":{"rendered":"<h2><span style=\"font-family: tahoma, arial, helvetica, sans-serif; font-size: 110%;\">Filtru apa ceramic cu tehnologie de filtrare pentru metale grele, clor si protozoare precum cryptosporidum si giardia!<\/span><\/h2>\n<p><span style=\"font-size: 110%; font-family: tahoma, arial, helvetica, sans-serif;\"><strong>De Ce CERAZURA LINE 9MF?\u00a0<\/strong><\/span><br \/>\n<span style=\"font-size: 110%; font-family: tahoma, arial, helvetica, sans-serif;\"> Este un sistem de filtrare de neegalat prin configuratia sa unica. De ce? Intrucat\u00a0contine cele mai performante tehnologii de filtrare cunoscute pana in prezent: <em><strong>argint si nano argint, ceramica argintata, carbune activat bloc construit din coaja de nuca de cocos, zeolit pentru indepartarea metalelor grele si a elementelor radioactive<\/strong><\/em>, in special a plumbului dizolvat si nedizolvat si a mercurului.<\/span><\/p>\n<p><span style=\"font-size: 110%; font-family: tahoma, arial, helvetica, sans-serif;\"> NU ELIMINA SARURILE DE CALCIU SI MAGNEZIU ce sunt BENEFICE ORGANISMULUI UMAN.<\/span><\/p>\n<p><span style=\"font-size: 110%; font-family: tahoma, arial, helvetica, sans-serif; color: #808080;\">Garantizar \"<a style=\"color: #808080;\" href=\"https:\/\/azura.ro\/es\/agradecimiento-pleno\/\" target=\"_blank\" rel=\"noopener noreferrer\">AGRADECIMIENTO PLENO<\/a>\" = Garant\u00eda de que <span style=\"font-family: tahoma, arial, helvetica, sans-serif;\"><strong>Filtrul de apa CERAZURA LINE 9MF<\/strong><\/span>\u00a0tiene el efecto prometido.<\/span><\/p>\n<p><span style=\"font-family: tahoma, arial, helvetica, sans-serif; font-size: 110%; color: #808080;\"><a style=\"color: #808080;\" href=\"https:\/\/azura.ro\/es\/agradecimiento-pleno\/\" target=\"_blank\" rel=\"attachment noopener wp-att-13707 noreferrer\"><img decoding=\"async\" class=\"alignleft wp-image-13707\" src=\"https:\/\/azura.ro\/wp-content\/uploads\/2018\/12\/30-zile-garantie-retur.png\" alt=\"\" width=\"159\" height=\"159\" srcset=\"https:\/\/azura.ro\/wp-content\/uploads\/2018\/12\/30-zile-garantie-retur.png 300w, https:\/\/azura.ro\/wp-content\/uploads\/2018\/12\/30-zile-garantie-retur-247x247.png 247w, https:\/\/azura.ro\/wp-content\/uploads\/2018\/12\/30-zile-garantie-retur-100x100.png 100w, https:\/\/azura.ro\/wp-content\/uploads\/2018\/12\/30-zile-garantie-retur-150x150.png 150w\" sizes=\"(max-width: 159px) 100vw, 159px\" \/><\/a><\/span><\/p>\n<p><span style=\"font-size: 110%; font-family: tahoma, arial, helvetica, sans-serif; color: #808080;\"><span style=\"font-family: tahoma, arial, helvetica, sans-serif;\"><strong>Filtrul de apa CERAZURA LINE 9MF<\/strong><\/span>\u00a0funciona y por eso ofrecemos este equipo con una GARANT\u00cdA DE DEVOLUCI\u00d3N DE 30 D\u00cdAS. La finalidad de este tipo de garant\u00eda es s\u00f3lo una, su satisfacci\u00f3n.<\/span><br \/>\n<span style=\"font-size: 110%; font-family: tahoma, arial, helvetica, sans-serif; color: #808080;\"> Garantizamos que <span style=\"font-family: tahoma, arial, helvetica, sans-serif;\"><strong>Filtrul de apa CERAZURA LINE 9MF<\/strong><\/span>\u00a0funcionar\u00e1 para usted. Si despu\u00e9s de 30 D\u00cdAS no est\u00e1 satisfecho con el funcionamiento del sistema, p\u00f3ngase en contacto con nosotros en un plazo de 30 d\u00edas tras el periodo de prueba y uso. Si no somos capaces de resolver el problema con el que no est\u00e1 satisfecho, el dinero de su equipo ser\u00e1 reembolsado en su totalidad despu\u00e9s de que nos devuelva el equipo. \u00a1Ni siquiera tendr\u00e1 que pagar los gastos de env\u00edo!\u00a0<\/span><\/p>\n<p><span style=\"font-size: 110%;\">Prezentare video:<\/span><\/p>\n<p><iframe loading=\"lazy\" title=\"Prezentare CERAZURA LINE 9MF   AZURA FILTERS\" width=\"1020\" height=\"574\" src=\"https:\/\/www.youtube.com\/embed\/PO2-OHF8iRI?feature=oembed\" frameborder=\"0\" allow=\"accelerometer; autoplay; clipboard-write; encrypted-media; gyroscope; picture-in-picture; web-share\" referrerpolicy=\"strict-origin-when-cross-origin\" allowfullscreen><\/iframe><\/p>\n<p><span style=\"font-size: 110%;\">Instalare:<\/span><\/p>\n<p><iframe loading=\"lazy\" title=\"Instalare CERAZURA LINE 9MF   AZURA FILTERS\" width=\"1020\" height=\"574\" src=\"https:\/\/www.youtube.com\/embed\/O84qezldeKM?feature=oembed\" frameborder=\"0\" allow=\"accelerometer; autoplay; clipboard-write; encrypted-media; gyroscope; picture-in-picture; web-share\" referrerpolicy=\"strict-origin-when-cross-origin\" allowfullscreen><\/iframe><\/p>\n<p><span style=\"font-size: 110%;\">Schimbare cartuse filtrante:<\/span><\/p>\n<p><iframe loading=\"lazy\" title=\"Schimb cartuse filtrante CERAZURA LINE 9MF   AZURA FILTERS\" width=\"1020\" height=\"574\" src=\"https:\/\/www.youtube.com\/embed\/jYwh9a7CLp0?feature=oembed\" frameborder=\"0\" allow=\"accelerometer; autoplay; clipboard-write; encrypted-media; gyroscope; picture-in-picture; web-share\" referrerpolicy=\"strict-origin-when-cross-origin\" allowfullscreen><\/iframe><\/p>\n<p><span style=\"font-size: 110%; font-family: tahoma, arial, helvetica, sans-serif;\"><strong>Avantaje CERAZURA LINE 9MF<\/strong><\/span><\/p>\n<p><span style=\"font-size: 110%; font-family: tahoma, arial, helvetica, sans-serif;\">\u2022 este numarul 2 in preferintele clientilor nostri si este cel mai dorit sistem de filtrare din magazinul nostru online;<\/span><br \/>\n<span style=\"font-size: 110%; font-family: tahoma, arial, helvetica, sans-serif;\"> \u2022 contine cele mai performante tehnologii de filtrare incorporate intr-un singur sistem;<\/span><br \/>\n<span style=\"font-size: 110%; font-family: tahoma, arial, helvetica, sans-serif;\"> \u2022 contine filtrul ceramic CTO PLUS IMPERIAL, fiind cel mai performant cartus filtrant la nivel international, produs in Anglia), testat NSF dupa clasele \u00a0NSF \/ ANSI 42 \/ \u00a0NSF\/ANSI 53;<\/span><br \/>\n<span style=\"font-size: 110%; font-family: tahoma, arial, helvetica, sans-serif;\"> \u2022 nu elimina mineralele din apa;<\/span><br \/>\n<span style=\"font-size: 110%; font-family: tahoma, arial, helvetica, sans-serif;\"> \u2022 elimina gustul si mirosul apei;<\/span><br \/>\n<span style=\"font-size: 110%; font-family: tahoma, arial, helvetica, sans-serif;\"> \u2022 este simplu si robust;<\/span><br \/>\n<span style=\"font-size: 110%; font-family: tahoma, arial, helvetica, sans-serif;\"> \u2022 cartusele filtrante contin mult material filtrant, rezultand o apa filtrata corespunzator;\u00a0<\/span><br \/>\n<span style=\"font-size: 110%; font-family: tahoma, arial, helvetica, sans-serif;\"> \u2022 viata foarte lunga a cartuselor, datorita calitatii mediilor filtrante dar si datorita cantitatii mari de pat filtrant;<\/span><br \/>\n<span style=\"font-size: 110%; font-family: tahoma, arial, helvetica, sans-serif;\"> \u2022 configuratie UNICA, ARGINT si NANO ARGINT, ZEOLIT METALE GRELE, CERAMICA, CARBUNE ACTIVAT BLOC, in acelasi sistem de filtrare ceea ce are ca rezultat o apa purificata si o filtrare avansata;<\/span><br \/>\n<span style=\"font-size: 110%; font-family: tahoma, arial, helvetica, sans-serif;\"> \u2022 Ocupa un spatiu mic sub chiuveta: inaltime 35 cm, latime 42 cm, adancime 13 cm;<\/span><br \/>\n<span style=\"font-size: 110%; font-family: tahoma, arial, helvetica, sans-serif;\"> \u2022 Garantie doi ani.<\/span><\/p>\n<p><span style=\"font-size: 110%; font-family: tahoma, arial, helvetica, sans-serif;\"><strong>Despre mediile de filtrare incorporate:<\/strong><\/span><\/p>\n<p><span style=\"font-size: 110%; font-family: tahoma, arial, helvetica, sans-serif;\">CERAZURA LINE 9MF = noua tratamente incorporate:<\/span><\/p>\n<p><span style=\"font-size: 110%; font-family: tahoma, arial, helvetica, sans-serif;\">1 + 2 = \u00a0<strong>cartus din polipropilena antibacterian, fabricat cu nano argint<\/strong>\u00a0\u2013 elimina mizerie, nisip, mal, sediment etc (efect antibacterian si antimicrobian);<\/span><br \/>\n<span style=\"font-size: 110%; font-family: tahoma, arial, helvetica, sans-serif;\"> 3 + 4 + 5 = cartus cu <strong>carbune activat bloc obtinut din coaja de nuca de cococs\u00a0<\/strong>&#8211; elimina chimicale, clor, trihalometani, materii organice, erbicide, pesticide, gust si miros<strong>; <\/strong>Cartusul este impregnat cu argint si este acoperit cu un strat de protectie impotriva sedimentelor si a ruginii;<\/span><br \/>\n<span style=\"font-size: 110%; font-family: tahoma, arial, helvetica, sans-serif;\"> 6 + 7 + 8 + 9 \u2013 <strong>cartus din ceramica<\/strong>\u00a0produs in UK, pentru filtrarea bacteriilor si chisturilor precum criptosporidium si giardia, <strong>carbune activat bloc<\/strong>\u00a0pentru indepartearea chimicalelor, clorului, trihalometanilor, materiilor organice, erbicidelor, pesticidelor, gustului si mirosului, <strong>plata<\/strong> pentru efect bacteriostatic, <strong>zeolit<\/strong> pentru indepartarea metalelor grele in special a plumbului si mercurului. Testat NSF!<\/span><\/p>\n<p><span style=\"font-size: 110%; font-family: tahoma, arial, helvetica, sans-serif;\"><strong>Ce filtreaza mai exact CERAZURA LINE 9MF?<\/strong><\/span><\/p>\n<p><span style=\"font-size: 110%; font-family: tahoma, arial, helvetica, sans-serif;\">Gust si miros 100%!<\/span><\/p>\n<p><span style=\"font-size: 110%; font-family: tahoma, arial, helvetica, sans-serif;\">Filtraci\u00f3n de s\u00f3lidos en suspensi\u00f3n:<\/span><br \/>\n<span style=\"font-size: 110%; font-family: tahoma, arial, helvetica, sans-serif;\"> &#8211; Sedimente mai mari de 0,5 microni: &gt;99,9999% <\/span><br \/>\n<span style=\"font-size: 110%; font-family: tahoma, arial, helvetica, sans-serif;\"> - Turbidez : &gt;99,7%<\/span><\/p>\n<p><span style=\"font-size: 110%; font-family: tahoma, arial, helvetica, sans-serif;\">Quistes:<\/span><br \/>\n<span style=\"font-size: 110%; font-family: tahoma, arial, helvetica, sans-serif;\"> &#8211; Chisturi Cryptosporidium : &gt;99.9999% <\/span><br \/>\n<span style=\"font-size: 110%; font-family: tahoma, arial, helvetica, sans-serif;\"> &#8211; Giardia Lambia :&gt;99.9999%<\/span><br \/>\n<span style=\"font-size: 110%; font-family: tahoma, arial, helvetica, sans-serif;\"><br \/>\nBacterias pat\u00f3genas:<\/span><br \/>\n<span style=\"font-size: 110%; font-family: tahoma, arial, helvetica, sans-serif;\"> &#8211; E. Coli : &gt;99.9999% <\/span><br \/>\n<span style=\"font-size: 110%; font-family: tahoma, arial, helvetica, sans-serif;\"> &#8211; Holera : &gt;99.9999% <\/span><br \/>\n<span style=\"font-size: 110%; font-family: tahoma, arial, helvetica, sans-serif;\"> - Klebsiella Terrigena : &gt;99.99% <\/span><br \/>\n<span style=\"font-size: 110%; font-family: tahoma, arial, helvetica, sans-serif;\"> - Salmonella Typhi : &gt;99,999% <\/span><br \/>\n<span style=\"font-size: 110%; font-family: tahoma, arial, helvetica, sans-serif;\"> &#8211; Shigella : &gt;99.9999%<\/span><\/p>\n<p><span style=\"font-size: 110%; font-family: tahoma, arial, helvetica, sans-serif;\">Eliminaci\u00f3n de materia org\u00e1nica:<\/span><br \/>\n<span style=\"font-size: 110%; font-family: tahoma, arial, helvetica, sans-serif;\"> &#8211; Insecticide &#8211; Lindan &gt; 99,9% <\/span><br \/>\n<span style=\"font-size: 110%; font-family: tahoma, arial, helvetica, sans-serif;\"> &#8211; Erbicide &#8211; Atrazina &gt; 99,9%<\/span><br \/>\n<span style=\"font-size: 110%; font-family: tahoma, arial, helvetica, sans-serif;\"> &#8211; Fenoli &gt; 99,9% <\/span><br \/>\n<span style=\"font-size: 110%; font-family: tahoma, arial, helvetica, sans-serif;\"> &#8211; Cloroform &gt;99,9%<\/span><br \/>\n<span style=\"font-size: 110%; font-family: tahoma, arial, helvetica, sans-serif;\"> &#8211; Hidrocarburi poliaromate &gt;99,9%<\/span><br \/>\n<span style=\"font-size: 110%; font-family: tahoma, arial, helvetica, sans-serif;\"> &#8211; Trihalometani &gt;99,9%<\/span><\/p>\n<p><span style=\"font-size: 110%; font-family: tahoma, arial, helvetica, sans-serif;\">Eliminaci\u00f3n de materiales inorg\u00e1nicos:<\/span><br \/>\n<span style=\"font-size: 110%; font-family: tahoma, arial, helvetica, sans-serif;\"> Clor liber &gt;99,9% <\/span><br \/>\n<span style=\"font-size: 110%; font-family: tahoma, arial, helvetica, sans-serif;\"> Plomo 99,3%<\/span><\/p>\n<p><span style=\"font-size: 110%; font-family: tahoma, arial, helvetica, sans-serif;\">Rezultatul este o apa curata si purificata pentru toata familia.<\/span><\/p>\n<p><span style=\"font-size: 110%; font-family: tahoma, arial, helvetica, sans-serif;\"><strong>Despre cartusul ceramic inclus in purificator:<\/strong><\/span><\/p>\n<p><span style=\"font-size: 110%; font-family: tahoma, arial, helvetica, sans-serif;\">*Desarrollado y probado en laboratorio durante 3 a\u00f1os antes de la entrega al primer cliente;<\/span><br \/>\n<span style=\"font-size: 110%; font-family: tahoma, arial, helvetica, sans-serif;\"> *Eficacia de filtraci\u00f3n probada en laboratorio;<\/span><br \/>\n<span style=\"font-size: 110%; font-family: tahoma, arial, helvetica, sans-serif;\"> *Construido con materiales NSF est\u00e1ndar: NSF\/ANSI 42 \/ NSF\/ANSI 53<\/span><br \/>\n<span style=\"font-size: 110%; font-family: tahoma, arial, helvetica, sans-serif;\"> *Testado por el laboratorio Alcontrol para bacterias pat\u00f3genas: C\u00f3lera, Tifoidea, Salmonella, E. Coli, Coliformes fecales, Shigella, Resultado: filtros de m\u00e1s del 99,9999%<\/span><br \/>\n<span style=\"font-size: 110%; font-family: tahoma, arial, helvetica, sans-serif;\"> * Probado por el laboratorio Alcontrol para quistes como cryptosporidium y giardia. Resultado: filtros de m\u00e1s del 99,9999%<\/span><br \/>\n<span style=\"font-size: 110%; font-family: tahoma, arial, helvetica, sans-serif;\"> *Filtra el cloro, elimina el sabor y el olor, filtra los COV (compuestos org\u00e1nicos vol\u00e1tiles) de acuerdo con la norma 42 de NSF\/ANSI.<\/span><br \/>\n<span style=\"font-size: 110%; font-family: tahoma, arial, helvetica, sans-serif;\"> *Filtra el plomo y el mercurio seg\u00fan la norma NSF\/ANSI 53<\/span><\/p>\n<p><span style=\"font-size: 110%; font-family: tahoma, arial, helvetica, sans-serif;\">* Filtrare absoluta la 0,5 microni;<\/span><br \/>\n<span style=\"font-size: 110%; font-family: tahoma, arial, helvetica, sans-serif;\"> * Contine 4 tehnologii de filtrare\/tratare: ceramica, carbune activat bloc, zeolit pentru filtrarea metalului greu, argint;<\/span><br \/>\n<span style=\"font-size: 110%; font-family: tahoma, arial, helvetica, sans-serif;\"> * Dimensiuni cartus ceramic: 70mm diametru x 250mm inaltime.<\/span><\/p>\n<p><span style=\"font-size: 110%; font-family: tahoma, arial, helvetica, sans-serif;\"><strong>\u00bfD\u00f3nde y para qu\u00e9?<\/strong><\/span><\/p>\n<p><span style=\"font-size: 110%; font-family: tahoma, arial, helvetica, sans-serif;\">CERAZURA LINE 9MF se monteaza in general la bucatarie, sub blat, iar consumul de apa se face prin bateria de apa purificata oferita in kitul\u00a0de instalare. Este o baterie moderna, argintie, ce se potriveste cu orice bucatarie moderna.<\/span><\/p>\n<p><span style=\"font-size: 110%; font-family: tahoma, arial, helvetica, sans-serif;\">El agua purificada de este modo se utiliza para el consumo diario, para preparar t\u00e9 y caf\u00e9, para cocinar, lavar frutas y verduras.<\/span><br \/>\n<span style=\"font-size: 110%; font-family: tahoma, arial, helvetica, sans-serif;\"> <strong>\u00a1Atenci\u00f3n!<\/strong> Sistemul de filtrare CERAZURA LINE 9MF este proiectat si gandit sa purifice apa din retelele publice controlate, dezinfectata si declarata potabila. Nu utilizati sistemul (fara sa ne consultati) cu apa din surse proprii precum apa de foraj\/put, apa de suprafata. In astfel de cazuri este necesar un buletin de analiza a apei. Specialistii nostri va stau la dispozitie prin consultanta de specialitate si va vor indica cu exactitate ce filtre va sunt necesare pentru a trata apa din surse proprii, dar numai pe baza unui buletin de analiza a apei.<\/span><\/p>\n<p><span style=\"font-size: 110%; font-family: tahoma, arial, helvetica, sans-serif;\">Utilizati CERAZURA LINE 9MF doar cu apa rece. Nu montati pe conducta de apa calda!<\/span><\/p>\n<p><span style=\"font-size: 110%; font-family: tahoma, arial, helvetica, sans-serif;\"><strong>\u00bfLavar\u00e1s los platos con agua filtrada?<br \/>\n<\/strong><\/span><br \/>\n<span style=\"font-size: 110%; font-family: tahoma, arial, helvetica, sans-serif;\"> Raspunsul este NU. Kitul de instalare permite ca numai apa ce se doreste a fi consumata sa fie filtrata. Filtrul CERAZURA LINE 9MF contine kit de instalare in acest sens.<\/span><\/p>\n<p><span style=\"font-size: 110%; font-family: tahoma, arial, helvetica, sans-serif;\"><strong>\u00bfQu\u00e9 recibo en el paquete en el momento de la entrega?<\/strong><\/span><\/p>\n<p><span style=\"font-size: 110%; font-family: tahoma, arial, helvetica, sans-serif;\">\u2022 Trei carcase albe prinse pe un soclu metalic alb. Este deja asamblat si nu este necesar sa interveniti asupra lui;<\/span><br \/>\n<span style=\"font-size: 110%; font-family: tahoma, arial, helvetica, sans-serif;\"> \u2022 Cartuse filtrante ce sunt introduse in carcase;<\/span><br \/>\n<span style=\"font-size: 110%; font-family: tahoma, arial, helvetica, sans-serif;\"> \u2022 Furtun alb de presiune pentru apa filtrata, 6 m, mai mult decat suficient pentru montaj;<\/span><br \/>\n<span style=\"font-size: 110%; font-family: tahoma, arial, helvetica, sans-serif;\"> \u2022 Baterie metalica argintie pentru consumul apei purificate;<\/span><br \/>\n<span style=\"font-size: 110%; font-family: tahoma, arial, helvetica, sans-serif;\"> \u2022 Racord sub chiuveta 3\/8 toli si robinet de inchidere\/deschidere apa 1\/4&#8243;. In cazul in care conexiunea dvs. este alta decat ceea ce va livram, veti avea nevoie pentru adaptare (reductii) de doua piese ce se gasesc la orice magazin de instalatii si care nu costa mai mult de 10 lei impreuna. Daca ne sesizati acest lucru, putem furniza noi aceste piese.<\/span><\/p>\n<p><span style=\"font-size: 110%; font-family: tahoma, arial, helvetica, sans-serif;\"><strong>Montaj CERAZURA LINE 9MF<\/strong><\/span><\/p>\n<p><span style=\"font-size: 110%; font-family: tahoma, arial, helvetica, sans-serif;\">El sistema de filtraci\u00f3n se monta debajo del fregadero y s\u00f3lo la bater\u00eda especial suministrada en el kit de instalaci\u00f3n se monta en el fregadero. La instalaci\u00f3n no es dif\u00edcil, sin embargo necesitar\u00e1 algunos conocimientos t\u00e9cnicos o un instalador. En el momento de la compra le proporcionaremos el Manual del Usuario y un v\u00eddeo (enlace por correo electr\u00f3nico) en el que le explicamos qu\u00e9 hacer. Para Bucarest e Ilfov puede pedir a nuestro equipo que instale el filtro por usted (cargo adicional).<\/span><\/p>\n<p><span style=\"font-size: 110%; font-family: tahoma, arial, helvetica, sans-serif;\"> <strong>Otras especificaciones t\u00e9cnicas:<br \/>\n<\/strong><\/span><br \/>\n<span style=\"font-size: 110%; font-family: tahoma, arial, helvetica, sans-serif;\"> *Presiune minima a apei de intrare 0.7 bar;<\/span><br \/>\n<span style=\"font-size: 110%; font-family: tahoma, arial, helvetica, sans-serif;\"> *Presiunea maxima a apei de intrare 8 bar;<\/span><br \/>\n<span style=\"font-size: 110%; font-family: tahoma, arial, helvetica, sans-serif;\"> *Debit oferit: 1 litru \u00a0&#8211; 2,5 litri\/minut in functie de presiunea apei;<\/span><br \/>\n<span style=\"font-size: 110%; font-family: tahoma, arial, helvetica, sans-serif;\"> *Incluye kit de instalaci\u00f3n con mangueras, filtros, conectores y bater\u00eda para consumo de agua filtrada;<\/span><br \/>\n<span style=\"font-size: 110%; font-family: tahoma, arial, helvetica, sans-serif;\"> *S\u00f3lo debe instalarse en la tuber\u00eda de agua fr\u00eda, nunca en la de agua caliente.<\/span><br \/>\n<span style=\"font-size: 110%; font-family: tahoma, arial, helvetica, sans-serif;\"> <strong>*Dimensiuni: H x L x l: 35 cm x 42 cm x 13 cm<\/strong><\/span><\/p>\n<p><span style=\"font-size: 110%; font-family: tahoma, arial, helvetica, sans-serif;\"><strong>Consumabile, perioade de schimb a filtrelor, preturi:<\/strong><\/span><\/p>\n<p><span style=\"font-size: 110%; font-family: tahoma, arial, helvetica, sans-serif;\">\u2022 filtrul din polipropilena cu nano argint (prima treapta) trebuie schimbat la un interval de aproximativ 6 luni. Totul depinde de calitatea apei de alimentare si de cantitatea consumata. Pretul il puteti vedea accesand butonul \u201cAccesorii\u201d de pe pagina prezenta;<\/span><br \/>\n<span style=\"font-size: 110%; font-family: tahoma, arial, helvetica, sans-serif;\"> \u2022 filtrul din carbune activat extrudat bloc ce incorporeaza argint si zeolit \u00a0(a doua treapta) trebuie schimbat la un interval de 6 &#8211; 8 luni sau maxim 7000 l apa. Pretul il puteti vedea accesand butonul \u201cAccesorii\u201d de pe pagina prezenta;<\/span><br \/>\n<span style=\"font-size: 110%; font-family: tahoma, arial, helvetica, sans-serif;\"> \u2022 filtrul ceramic (a treia treapta) are o capacitate de filtrare intre 2100 l &#8211; 9500l. In conditii grele de exploatare (apa contaminata cu metale grele) cartusul filtrant trebuie schimbat la 2100 l apa. In conditiile apei de la reteaua publica, filtrul ceramic are performanta pana la 9500 l apa (in conditiile in care filtrele dinaintea acestuia au fost schimbate la timp, asa cum este mentionat mai sus). Recomandam schimbarea la maxim doi ani. Pretul il puteti vedea accesand butonul \u201cAccesorii\u201d de pe pagina prezenta.<\/span><\/p>\n<p><span style=\"font-size: 110%; font-family: tahoma, arial, helvetica, sans-serif;\"> <strong>Schimbul cartuselor filtrante:<br \/>\n<\/strong><\/span><br \/>\n<span style=\"font-size: 110%; font-family: tahoma, arial, helvetica, sans-serif;\"> Schimbul filtrelor se realizeaza simplu si nu este nevoie de chei si unelte complicate. Se utilizeaza doar cheia speciala care este inclusa in kitul filtrului. Durata aproximativa 10 &#8211; 20 min.<\/span><\/p>\n<p><span style=\"font-size: 110%; font-family: tahoma, arial, helvetica, sans-serif;\">Garantie: CERAZURA LINE 9MF are garantie doi ani de zile. Cartusele filtrante sunt consumabile si nu intra sub incidenta garantiei.<\/span><\/p>\n<p><span style=\"font-size: 105%; font-family: tahoma, arial, helvetica, sans-serif;\"><span style=\"font-size: 110%;\">Suntem disponibili si deschisi pentru orice intrebare sau nelamurire. Ne poti contacta daca doresti mai multe detalii. Vei primi raspunsuri la orice intrebare posibila sau imposibila.<\/span>\u00a0<\/span><\/p>","protected":false},"excerpt":{"rendered":"<p><span style=\"font-family: tahoma, arial, helvetica, sans-serif; font-size: 100%;\">Configuratie noua cu <strong>tehnologia antibacteriana (nano silver<\/strong>), tehnologie antibacteriana si antimicrobiana. Cel mai performant<strong> filtru de apa cu ceramica<\/strong>, argint, carbune activat bloc, zeolit filtrare metale grele &amp; elemente radioactive, filtrare absoluta la 0,5 microni.<\/span><br \/>\n<span style=\"color: #d0121a; font-family: tahoma, arial, helvetica, sans-serif; font-size: 100%;\">MODEL NOU!!!<\/span><\/p>\n<p><span style=\"font-family: tahoma, arial, helvetica, sans-serif; font-size: 100%;\"><a href=\"https:\/\/azura.ro\/es\/100-30-dias-de-garantia-de-devolucion\/\" target=\"_blank\" rel=\"attachment noopener wp-att-7307 noreferrer\"><img decoding=\"async\" class=\"alignnone wp-image-7307\" src=\"https:\/\/azura.ro\/wp-content\/uploads\/2016\/06\/Garantie-retur.png\" alt=\"\" width=\"106\" height=\"135\" \/><\/a><a href=\"https:\/\/azura.ro\/es\/service\/\" target=\"_blank\" rel=\"attachment noopener wp-att-7308 noreferrer\"><img decoding=\"async\" class=\"alignnone wp-image-7308\" src=\"https:\/\/azura.ro\/wp-content\/uploads\/2016\/06\/Service.png\" alt=\"\" width=\"123\" height=\"126\" \/><\/a><a href=\"https:\/\/azura.ro\/es\/2-ani-garantie\/\" target=\"_blank\" rel=\"noopener noreferrer\"><img decoding=\"async\" class=\"alignnone wp-image-14008\" src=\"https:\/\/azura.ro\/wp-content\/uploads\/2018\/12\/2-ani-garantie.png\" alt=\"\" width=\"103\" height=\"135\" \/><\/a><\/span><\/p>\n<p><span style=\"font-family: tahoma, arial, helvetica, sans-serif; font-size: 100%;\"><a href=\"https:\/\/azura.ro\/es\/100-30-dias-de-garantia-de-devolucion\/\" target=\"_blank\" rel=\"noopener noreferrer\">Ofrecemos garant\u00eda de satisfacci\u00f3n con pol\u00edtica de devoluci\u00f3n de 30 d\u00edas;<\/a><\/span><br \/>\n<span style=\"font-family: tahoma, arial, helvetica, sans-serif; font-size: 100%;\"><a href=\"https:\/\/azura.ro\/es\/service\/\" target=\"_blank\" rel=\"noopener noreferrer\">Ofrecemos servicio especializado en Ruman\u00eda \u00a1Cualquier problema t\u00e9cnico se resuelve en Ruman\u00eda!<\/a><a href=\"https:\/\/azura.ro\/es\/service\/\" target=\"_blank\" rel=\"noopener noreferrer\"><br \/>\n<\/a><a href=\"https:\/\/azura.ro\/es\/2-ani-garantie\/\" target=\"_blank\" rel=\"noopener noreferrer\">Ofrecemos garant\u00eda contra defectos de fabricaci\u00f3n, 2 a\u00f1os de garant\u00eda;<\/a><\/span><\/p>","protected":false},"featured_media":113009,"comment_status":"open","ping_status":"closed","template":"","meta":{"_seopress_robots_primary_cat":"none","_seopress_titles_title":"","_seopress_titles_desc":"FILTRU APA CERAZURA 9MF, CEL MAI AVANSAT SISTEM DE FILTRARE CU NANO ARGINT. ARGINT, FILTRU CERAMIC UK","_seopress_robots_index":""},"product_brand":[],"product_cat":[102],"product_tag":[580,274,632,371,368,275,579],"class_list":{"0":"post-806","1":"product","2":"type-product","3":"status-publish","4":"has-post-thumbnail","6":"product_cat-filtre-apa-ceramice","7":"product_tag-argint","8":"product_tag-cerazura","9":"product_tag-cerazura-9mf","10":"product_tag-filtru-apa-cerazura","11":"product_tag-filtru-carbune-activat","12":"product_tag-filtru-ceramic","13":"product_tag-nano-silver","14":"pa_amplasare-subchiuveta","15":"pa_graddefiltrare-05-microni","17":"first","18":"instock","19":"taxable","20":"shipping-taxable","21":"purchasable","22":"product-type-simple"},"_links":{"self":[{"href":"https:\/\/azura.ro\/es\/wp-json\/wp\/v2\/product\/806","targetHints":{"allow":["GET"]}}],"collection":[{"href":"https:\/\/azura.ro\/es\/wp-json\/wp\/v2\/product"}],"about":[{"href":"https:\/\/azura.ro\/es\/wp-json\/wp\/v2\/types\/product"}],"replies":[{"embeddable":true,"href":"https:\/\/azura.ro\/es\/wp-json\/wp\/v2\/comments?post=806"}],"wp:featuredmedia":[{"embeddable":true,"href":"https:\/\/azura.ro\/es\/wp-json\/wp\/v2\/media\/113009"}],"wp:attachment":[{"href":"https:\/\/azura.ro\/es\/wp-json\/wp\/v2\/media?parent=806"}],"wp:term":[{"taxonomy":"product_brand","embeddable":true,"href":"https:\/\/azura.ro\/es\/wp-json\/wp\/v2\/product_brand?post=806"},{"taxonomy":"product_cat","embeddable":true,"href":"https:\/\/azura.ro\/es\/wp-json\/wp\/v2\/product_cat?post=806"},{"taxonomy":"product_tag","embeddable":true,"href":"https:\/\/azura.ro\/es\/wp-json\/wp\/v2\/product_tag?post=806"}],"curies":[{"name":"wp","href":"https:\/\/api.w.org\/{rel}","templated":true}]}}