{"id":815,"date":"2015-07-07T02:39:50","date_gmt":"2015-07-07T00:39:50","guid":{"rendered":"http:\/\/dev02.websynapse.ro\/product\/filtru-apa-ultrazura-line-8uf-azura-filters\/"},"modified":"2026-04-03T20:40:32","modified_gmt":"2026-04-03T17:40:32","slug":"filtro-de-agua-ultrazura-line-8uf-azura-filters","status":"publish","type":"product","link":"https:\/\/azura.ro\/es\/produs\/filtru-apa-ultrazura-line-8uf-azura-filters\/","title":{"rendered":"FILTRO DE AGUA ULTRAZURA LINE 8UF - AZURA FILTERS"},"content":{"rendered":"<h2><span style=\"font-family: tahoma, arial, helvetica, sans-serif; font-size: 110%;\">Filtru apa cu tehnologie de ultrafiltrare pentru eliminare metale grele, clor si protozoare precum cryptosporidium si giardia.\u00a0<\/span><\/h2>\n<p><span style=\"font-size: 110%; font-family: tahoma, arial, helvetica, sans-serif;\"><strong>FILTRU APA ULTRAZURA LINE 8UF &#8211; AZURA FILTERS cu tehnologie antibacteriana &#8211; nano argint!<\/strong><\/span><\/p>\n<p><span style=\"font-size: 110%; font-family: tahoma, arial, helvetica, sans-serif;\">Este un sistem de filtrare performant prin configuratia sa unica. De ce? Intrucat\u00a0contine cele mai performante tehnologii de filtrare cunoscute pana in prezent: KDF, membrana de ultrafiltrare de inalta calitate, carbune activat bloc cu argint incorporat, carbune activat granular cu mare putere de adsorbtie. In plus, contine <strong>noua tehnologie <\/strong>cu cartus filtrant\u00a0ce incorporeaza nano argint (antibacterian).<\/span><\/p>\n<p><span style=\"font-size: 110%; font-family: tahoma, arial, helvetica, sans-serif;\">NU ELIMINA SARURILE DE CALCIU SI MAGNEZIU CE SUNT\u00a0BENEFICE ORGANISMULUI UMAN!!!<\/span><\/p>\n<p><span style=\"font-size: 110%; font-family: tahoma, arial, helvetica, sans-serif; color: #808080;\">Garantizar \"<a style=\"color: #808080;\" href=\"https:\/\/azura.ro\/es\/agradecimiento-pleno\/\" target=\"_blank\" rel=\"noopener noreferrer\">AGRADECIMIENTO PLENO<\/a>\" = Garant\u00eda de que <span style=\"font-family: tahoma, arial, helvetica, sans-serif;\"><strong>Filtrul de apa ULTRAZURA LINE 8UF<\/strong><\/span>\u00a0tiene el efecto prometido.<\/span><\/p>\n<p><span style=\"font-family: tahoma, arial, helvetica, sans-serif; font-size: 110%; color: #808080;\"><a style=\"color: #808080;\" href=\"https:\/\/azura.ro\/es\/agradecimiento-pleno\/\" target=\"_blank\" rel=\"attachment noopener wp-att-13707 noreferrer\"><img decoding=\"async\" class=\"alignleft wp-image-13707\" src=\"https:\/\/azura.ro\/wp-content\/uploads\/2018\/12\/30-zile-garantie-retur.png\" alt=\"\" width=\"159\" height=\"159\" srcset=\"https:\/\/azura.ro\/wp-content\/uploads\/2018\/12\/30-zile-garantie-retur.png 300w, https:\/\/azura.ro\/wp-content\/uploads\/2018\/12\/30-zile-garantie-retur-247x247.png 247w, https:\/\/azura.ro\/wp-content\/uploads\/2018\/12\/30-zile-garantie-retur-100x100.png 100w, https:\/\/azura.ro\/wp-content\/uploads\/2018\/12\/30-zile-garantie-retur-150x150.png 150w\" sizes=\"(max-width: 159px) 100vw, 159px\" \/><\/a><\/span><\/p>\n<p><span style=\"font-size: 110%; font-family: tahoma, arial, helvetica, sans-serif; color: #808080;\"><span style=\"font-family: tahoma, arial, helvetica, sans-serif;\"><strong>Filtrul de apa ULTRAZURA LINE 8UF<\/strong><\/span>\u00a0funciona y por eso ofrecemos este equipo con <a href=\"https:\/\/azura.ro\/es\/agradecimiento-pleno\/\" target=\"_blank\" rel=\"noopener noreferrer\">GARANT\u00cdA DE DEVOLUCI\u00d3N DE 30 D\u00cdAS<\/a>. La finalidad de este tipo de garant\u00eda es una sola, su satisfacci\u00f3n.<\/span><br \/>\n<span style=\"font-size: 110%; font-family: tahoma, arial, helvetica, sans-serif; color: #808080;\"> Garantizamos que <span style=\"font-family: tahoma, arial, helvetica, sans-serif;\"><strong>Filtrul de apa ULTRAZURA LINE 8UF<\/strong><\/span>\u00a0funcionar\u00e1 para usted. Si despu\u00e9s de 30 D\u00cdAS no est\u00e1 satisfecho con el funcionamiento del sistema, p\u00f3ngase en contacto con nosotros en un plazo de 30 d\u00edas tras el periodo de prueba y uso. Si no somos capaces de resolver el problema con el que no est\u00e1 satisfecho, el dinero de su equipo ser\u00e1 reembolsado en su totalidad despu\u00e9s de que nos devuelva el equipo. \u00a1Ni siquiera tendr\u00e1 que pagar los gastos de env\u00edo!\u00a0<\/span><\/p>\n<p><span style=\"font-size: 110%; font-family: tahoma, arial, helvetica, sans-serif;\"><strong>Avantaje ULTRAZURA LINE 8UF<br \/>\n<\/strong><\/span><br \/>\n<span style=\"font-size: 110%; font-family: tahoma, arial, helvetica, sans-serif;\"> \u2022 este numarul 1 in preferintele clientilor nostri si este printre cele mai dorite sisteme de filtrare din magazinul nostru online;<\/span><br \/>\n<span style=\"font-size: 110%; font-family: tahoma, arial, helvetica, sans-serif;\"> \u2022 nu elimina mineralele din apa;<\/span><br \/>\n<span style=\"font-size: 110%; font-family: tahoma, arial, helvetica, sans-serif;\"> \u2022 elimina gustul si mirosul apei;<\/span><br \/>\n<span style=\"font-size: 110%; font-family: tahoma, arial, helvetica, sans-serif;\"> \u2022 este simplu si robust;<\/span><br \/>\n<span style=\"font-size: 110%; font-family: tahoma, arial, helvetica, sans-serif;\"> \u2022 cartusele filtrante contin mult material filtrant, rezultand o apa filtrata corespunzator; <\/span><br \/>\n<span style=\"font-size: 110%; font-family: tahoma, arial, helvetica, sans-serif;\"> \u2022 viata foarte lunga a cartuselor, datorita calitatii mediilor filtrante dar si datorita cantitatii mari de pat filtrant;<\/span><br \/>\n<span style=\"font-size: 110%; font-family: tahoma, arial, helvetica, sans-serif;\"> \u2022 configuratie UNICA, KDF (un aliaj de inalta puritate intre zinc si cupru), UDF (ultrafine activated carbon) + CARBUNE ACTIVAT OBTINUT DIN COAJA DE NUCA DE COCOS impregnat cu argint, tehnologia antibacteriana in acelasi sistem de filtrare ceea ce are ca rezultat o apa purificata si o filtrare avansata;<\/span><br \/>\n<span style=\"font-size: 110%; font-family: tahoma, arial, helvetica, sans-serif;\"> \u2022 Ocupa un spatiu mic sub chiuveta: inaltime 38 cm, latime 40,5 cm, adancime 12,5 cm;<\/span><br \/>\n<span style=\"font-size: 110%; font-family: tahoma, arial, helvetica, sans-serif;\"> \u2022 Garantie doi ani.<\/span><\/p>\n<p><span style=\"font-family: tahoma, arial, helvetica, sans-serif; font-size: 110%;\">Video prezentare produs:<\/span><\/p>\n<p><iframe loading=\"lazy\" title=\"Prezentare ULTRAZURA LINE 8UF   AZURA FILTERS\" width=\"1020\" height=\"574\" src=\"https:\/\/www.youtube.com\/embed\/UxAZd6UQ6H8?feature=oembed\" frameborder=\"0\" allow=\"accelerometer; autoplay; clipboard-write; encrypted-media; gyroscope; picture-in-picture; web-share\" referrerpolicy=\"strict-origin-when-cross-origin\" allowfullscreen><\/iframe><\/p>\n<p><span style=\"font-size: 110%; font-family: tahoma, arial, helvetica, sans-serif;\">Video instalare:<\/span><\/p>\n<p><iframe loading=\"lazy\" title=\"Instalare ULTRAZURA LINE 8UF AZURA FILTERS\" width=\"1020\" height=\"574\" src=\"https:\/\/www.youtube.com\/embed\/B4sTtAWYwDk?feature=oembed\" frameborder=\"0\" allow=\"accelerometer; autoplay; clipboard-write; encrypted-media; gyroscope; picture-in-picture; web-share\" referrerpolicy=\"strict-origin-when-cross-origin\" allowfullscreen><\/iframe><\/p>\n<p><span style=\"font-family: tahoma, arial, helvetica, sans-serif; font-size: 110%;\">Video schimb cartuse filtrante:<\/span><\/p>\n<p><iframe loading=\"lazy\" title=\"Schimb cartuse filtrante ULTRAZURA LINE 8UF  AZURA FILTERS\" width=\"1020\" height=\"574\" src=\"https:\/\/www.youtube.com\/embed\/Mm6DfD_uvYA?start=15&#038;feature=oembed\" frameborder=\"0\" allow=\"accelerometer; autoplay; clipboard-write; encrypted-media; gyroscope; picture-in-picture; web-share\" referrerpolicy=\"strict-origin-when-cross-origin\" allowfullscreen><\/iframe><\/p>\n<p><span style=\"font-size: 110%; font-family: tahoma, arial, helvetica, sans-serif;\"><strong><br \/>\nDespre mediile de filtrare incorporate<\/strong><\/span><\/p>\n<p><span style=\"font-size: 110%; font-family: tahoma, arial, helvetica, sans-serif;\"><strong>ULTRAZURA LINE 8UF<\/strong> = opt trepte de filtrare:<\/span><\/p>\n<p><span style=\"font-size: 110%; font-family: tahoma, arial, helvetica, sans-serif;\">1 + 2 &#8211; cartus din polipropilena cu tehnologie antibacteriana \u2013 elimina mizerie, nisip, mal, sediment si in acelasi timp are efect antibacterian si antimicrobian;<\/span><br \/>\n<span style=\"font-size: 110%; font-family: tahoma, arial, helvetica, sans-serif;\"> 3 + 4 + 5 \u2013 cartus cu carbune activat obtinut din coaja de nuca de cocos, invelit cu strat de protectie la sedimete si rugina &#8211; <strong>elimina chimicale, clor, trihalometani, materii organice, erbicide, pesticide, gust si miros;<\/strong><\/span><br \/>\n<span style=\"font-size: 110%; font-family: tahoma, arial, helvetica, sans-serif;\">6 + 7 \u2013 cartus filtrant cu<strong> KDF<\/strong> pentru indepartarea metalelor grele si pentru efect bacteriostatic + UDF argintat construit din <strong>coaja de nuca de cocos<\/strong>, elimina chimicale, clor, trihalometani, materii organice, erbicide, pesticide, gust si miros;<\/span><br \/>\n<span style=\"font-size: 110%; font-family: tahoma, arial, helvetica, sans-serif;\"> 8 \u2013 <strong>ultrafiltro<\/strong> cu membrane capilare, calitate de top, filtreaza virusuri, bacterii, chisturi precum criptosporidium si giardia etc.<\/span><\/p>\n<p><span style=\"font-size: 110%; font-family: tahoma, arial, helvetica, sans-serif;\"><strong>Ce filtreaza mai exact ULTRAZURA LINE 8UF?<\/strong><\/span><\/p>\n<p><span style=\"font-size: 110%; font-family: tahoma, arial, helvetica, sans-serif;\">Gust si miros 100%!<\/span><\/p>\n<p><span style=\"font-size: 110%; font-family: tahoma, arial, helvetica, sans-serif;\">Filtraci\u00f3n de s\u00f3lidos en suspensi\u00f3n:<\/span><br \/>\n<span style=\"font-size: 110%; font-family: tahoma, arial, helvetica, sans-serif;\"> Sedimente mai mari de 0,02 microni, reduce considerabil turbiditatea.<\/span><\/p>\n<p><span style=\"font-size: 110%; font-family: tahoma, arial, helvetica, sans-serif;\">Chisturi:\u00a0Criptosporidium, Giardia Lambia<\/span><\/p>\n<p><span style=\"font-size: 110%; font-family: tahoma, arial, helvetica, sans-serif;\">Bacterii patogene: E. Coli, Holera, Klebsiella Terrigena, Salmonella Typhi, Shigella<\/span><\/p>\n<p><span style=\"font-size: 110%; font-family: tahoma, arial, helvetica, sans-serif;\">Eliminarea materiilor organice: Insecticide \u2013 Lindan, Erbicide \u2013 Atrazina, Fenoli, Cloroform, Hidrocarburi poliaromate, Trihalometani &#8211; Cloroform<\/span><\/p>\n<p><span style=\"font-size: 110%; font-family: tahoma, arial, helvetica, sans-serif;\">Eliminarea materiilor anorganice: Clor liber, Plumb<\/span><\/p>\n<p><span style=\"font-size: 110%; font-family: tahoma, arial, helvetica, sans-serif;\">Rezultatul este o apa curata si purificata pentru toata familia.<\/span><\/p>\n<p><span style=\"font-size: 110%; font-family: tahoma, arial, helvetica, sans-serif;\"><strong>\u00bfD\u00f3nde y para qu\u00e9?<\/strong><br \/>\n<\/span><br \/>\n<span style=\"font-size: 110%; font-family: tahoma, arial, helvetica, sans-serif;\"> <strong>ULTRAZURA LINE 8UF<\/strong> Generalmente se instala en la cocina, bajo la encimera, y el consumo de agua se realiza a trav\u00e9s de la bater\u00eda de agua purificada suministrada en el kit de instalaci\u00f3n. Es una bater\u00eda moderna, plateada, que combinar\u00e1 con cualquier cocina moderna.<\/span><\/p>\n<p><span style=\"font-size: 110%; font-family: tahoma, arial, helvetica, sans-serif;\">El agua purificada de este modo se utiliza para el consumo diario, para preparar t\u00e9 y caf\u00e9, para cocinar, lavar frutas y verduras.<\/span><\/p>\n<p><span style=\"font-size: 110%; font-family: tahoma, arial, helvetica, sans-serif;\"><strong>\u00a1Atenci\u00f3n! <\/strong>Sistemul de filtrare ULTRAZURA LINE 8UF este proiectat si gandit sa purifice apa din retelele publice controlate, dezinfectata si declarata potabila. Nu utilizati sistemul (fara sa ne consultati) cu apa din surse proprii precum apa de foraj\/put, apa de suprafata. In astfel de cazuri este necesar un buletin de analiza a apei. Specialistii nostri va stau la dispozitie prin consultanta de specialitate si va vor indica cu exactitate ce filtre va sunt necesare pentru a trata apa din surse proprii, dar numai pe baza unui buletin de analiza a apei.<\/span><\/p>\n<p><span style=\"font-size: 110%; font-family: tahoma, arial, helvetica, sans-serif;\">Utilizati ULTRAZURA LINE 8UF doar cu apa rece. Nu montati pe conducta de apa calda!<\/span><\/p>\n<p><span style=\"font-size: 110%; font-family: tahoma, arial, helvetica, sans-serif;\"><strong>\u00bfLavar\u00e1s los platos con agua filtrada?<\/strong><\/span><\/p>\n<p><span style=\"font-size: 110%; font-family: tahoma, arial, helvetica, sans-serif;\">Raspunsul este NU. Kitul de instalare permite ca numai apa ce se doreste a fi consumata sa fie filtrata. Filtrul ULTRAZURA LINE 8UF contine kit de instalare in acest sens.<\/span><\/p>\n<p><span style=\"font-size: 110%; font-family: tahoma, arial, helvetica, sans-serif;\"><strong>\u00bfQu\u00e9 recibo en el paquete en el momento de la entrega?<\/strong><\/span><\/p>\n<p><span style=\"font-size: 110%; font-family: tahoma, arial, helvetica, sans-serif;\">\u2022 Trei carcase albe prinse pe un soclu metalic alb. Este deja asamblat si nu este necesar sa interveniti asupra lui;<\/span><br \/>\n<span style=\"font-size: 110%; font-family: tahoma, arial, helvetica, sans-serif;\"> \u2022 Cartuse filtrante ce sunt introduse in carcase + membrana de ultrafiltrare;<\/span><br \/>\n<span style=\"font-size: 110%; font-family: tahoma, arial, helvetica, sans-serif;\"> \u2022 Furtun alb de presiune pentru apa filtrata, 3 \u2013 4 m, mai mult decat suficient pentru montaj;<\/span><br \/>\n<span style=\"font-size: 110%; font-family: tahoma, arial, helvetica, sans-serif;\"> \u2022 Baterie metalica argintie pentru consumul apei purificate;<\/span><br \/>\n<span style=\"font-size: 110%; font-family: tahoma, arial, helvetica, sans-serif;\"> \u2022 Racord sub chiuveta 3\/8 toli si robinet de inchidere\/deschidere apa 1\/4&#8243;. In cazul in care conexiunea dvs. este alta decat ceea ce va livram, veti avea nevoie pentru adaptare (reductii) de doua piese ce se gasesc la orice magazin de instalatii si care nu costa mai mult de 10 lei impreuna. Daca ne sesizati acest lucru, putem furniza noi aceste piese;<\/span><\/p>\n<p><span style=\"font-size: 110%; font-family: tahoma, arial, helvetica, sans-serif;\"><strong>Montaj ULTRAZURA LINE 8UF<\/strong><\/span><\/p>\n<p><span style=\"font-size: 110%; font-family: tahoma, arial, helvetica, sans-serif;\">Sistemul de filtrare se monteaza sub chiuveta, iar pe chiuveta se monteaza doar bateria speciala oferita in kitul de instalare. Montajul nu este greu, totusi este nevoie de putine abilitati tehnice sau de un instalator. La achizitie vom pune la dispozitie Manualul utilizatorului. Pentru Bucuresti si Ilfov puteti solicita ca echipa noastra sa va monteze filtrul (contra cost).<\/span><\/p>\n<p><span style=\"font-size: 110%; font-family: tahoma, arial, helvetica, sans-serif;\"><strong>Otras especificaciones t\u00e9cnicas:<\/strong><\/span><\/p>\n<p><span style=\"font-size: 110%; font-family: tahoma, arial, helvetica, sans-serif;\">*Presiune minima a apei de intrare 0,7 bar;<\/span><br \/>\n<span style=\"font-size: 110%; font-family: tahoma, arial, helvetica, sans-serif;\"> *Presiunea maxima a apei de intrare 8 bar;<\/span><br \/>\n<span style=\"font-size: 110%; font-family: tahoma, arial, helvetica, sans-serif;\"> *Debit oferit 1 litru &#8211; 2,5 litri\/minut in functie de presiunea apei;<\/span><br \/>\n<span style=\"font-size: 110%; font-family: tahoma, arial, helvetica, sans-serif;\"> *Incluye kit de instalaci\u00f3n con mangueras, filtros, conectores y bater\u00eda para consumo de agua filtrada;<\/span><br \/>\n<span style=\"font-size: 110%; font-family: tahoma, arial, helvetica, sans-serif;\"> *S\u00f3lo debe instalarse en la tuber\u00eda de agua fr\u00eda, nunca en la de agua caliente.<br \/>\n<strong>*Dimensiuni: H x L x l: 38,5 cm x 42 cm x 13 cm<\/strong><\/span><\/p>\n<p><span style=\"font-size: 110%; font-family: tahoma, arial, helvetica, sans-serif;\"><strong>Consumabile, perioade de schimb a filtrelor, preturi (vezi si butonul &#8222;CARTUSE DE SCHIMB&#8221; aflat sub imaginile produsului:<\/strong><\/span><\/p>\n<p><span style=\"font-size: 110%; font-family: tahoma, arial, helvetica, sans-serif;\">\u2022 \u00a0filtrul din polipropilena cu nano argint (prima treapta) trebuie schimbat la un interval de aproximativ la 6 luni. Totul depinde de calitatea apei de alimentare si de cantitatea consumata. Pretul il puteti vedea accesand butonul \u201cCARTUSE DE SCHIMB\u201d de pe pagina prezenta;<\/span><br \/>\n<span style=\"font-size: 110%; font-family: tahoma, arial, helvetica, sans-serif;\"> *filtrul din carbune activat extrudat bloc (a doua treapta) trebuie schimbat la un interval de 6 &#8211; 8 luni sau maxim 7000 l apa. Pretul il puteti vedea accesand butonul \u201cCARTUSE DE SCHIMB\u201d de pe pagina prezenta;<\/span><br \/>\n<span style=\"font-size: 110%; font-family: tahoma, arial, helvetica, sans-serif;\"> \u2022 filtrul cu KDF si UDF argintat fabricat din coaja de nuca de cocos (a treia treapta) trebuie schimbat la un interval de un 1,5 ani sau maxim 8000 \u2013 10000 l apa. Pretul il puteti vedea accesand butonul \u201cCARTUSE DE SCHIMB\u201d de pe pagina prezenta;<\/span><br \/>\n<span style=\"font-size: 110%; font-family: tahoma, arial, helvetica, sans-serif;\"> * membrana de ultrafiltrare, de inalta calitate \u2013 montata ca ultima treapta &#8211; 2 ani. Producatorul membranei recomanda schimbarea acesteia la maxim un an. Daca se va respecta schimbarea prefiltrelor (toate filtrele de mai sus) la termenele mentionate, atunci viata membranei va fi prelungita pana la maxim 2 ani.\u00a0Pretul il puteti vedea accesand butonul \u201cCARTUSE DE SCHIMB\u201d de pe pagina prezenta (buton aflat sub imaginile produsului).<\/span><\/p>\n<p><span style=\"font-size: 110%; font-family: tahoma, arial, helvetica, sans-serif;\">Nota: el tiempo de cambio de los cartuchos filtrantes depende directamente de la calidad del agua filtrada.<\/span><\/p>\n<p><span style=\"font-size: 110%; font-family: tahoma, arial, helvetica, sans-serif;\"><strong>Schimbul cartuselor filtrante:<\/strong><\/span><\/p>\n<p><span style=\"font-size: 110%; font-family: tahoma, arial, helvetica, sans-serif;\">Schimbul filtrelor se realizeaza simplu si nu este nevoie de chei si unelte complicate. Se utilizeaza doar cheia speciala care este inclusa in kitul filtrului. Durata aproximativa 10 &#8211; 20 min.<\/span><\/p>\n<p><span style=\"font-size: 110%; font-family: tahoma, arial, helvetica, sans-serif;\">Garant\u00eda: <strong>ULTRAZURA LINE 8UF<\/strong> are garantie doi ani de zile. Cartusele filtrante sunt consumabile si nu intra sub incidenta garantiei.<\/span><\/p>\n<p><span style=\"font-size: 110%; font-family: tahoma, arial, helvetica, sans-serif;\">Suntem disponibili si deschisi pentru orice intrebare sau nelamurire. Ne poti contacta daca doresti mai multe detalii. Vei primi raspunsuri la orice intrebare posibila sau imposibila.<\/span><\/p>","protected":false},"excerpt":{"rendered":"<p><span style=\"font-size: 10pt; font-family: tahoma, arial, helvetica, sans-serif;\">Configuratie noua (8 tratamente incluse) cu tehnologia antibacteriana (nano silver). Poate cel mai performant filtru de apa cu membrana de ultrafiltrare, KDF pentru filtrarea metalelor grele, carbune activat bloc, argint, UDF cu mare putere de adsorbtie.<\/span><\/p>\n<p><a href=\"https:\/\/azura.ro\/es\/100-30-dias-de-garantia-de-devolucion\/\" target=\"_blank\" rel=\"attachment noopener wp-att-7307 noreferrer\"><img decoding=\"async\" class=\"alignnone wp-image-7307\" src=\"https:\/\/azura.ro\/wp-content\/uploads\/2016\/06\/Garantie-retur.png\" alt=\"\" width=\"108\" height=\"133\" \/><\/a><a href=\"https:\/\/azura.ro\/es\/service\/\" target=\"_blank\" rel=\"attachment noopener wp-att-7308 noreferrer\"><img decoding=\"async\" class=\"alignnone wp-image-7308\" src=\"https:\/\/azura.ro\/wp-content\/uploads\/2016\/06\/Service.png\" alt=\"\" width=\"134\" height=\"134\" srcset=\"https:\/\/azura.ro\/wp-content\/uploads\/2016\/06\/Service.png 189w, https:\/\/azura.ro\/wp-content\/uploads\/2016\/06\/Service-100x100.png 100w, https:\/\/azura.ro\/wp-content\/uploads\/2016\/06\/Service-150x150.png 150w\" sizes=\"(max-width: 134px) 100vw, 134px\" \/><\/a><a href=\"https:\/\/azura.ro\/es\/2-ani-garantie\/\" target=\"_blank\" rel=\"noopener noreferrer\"><img decoding=\"async\" class=\"alignnone wp-image-14008\" style=\"font-size: 14.4px;\" src=\"https:\/\/azura.ro\/wp-content\/uploads\/2018\/12\/2-ani-garantie.png\" alt=\"\" width=\"109\" height=\"139\" \/><\/a><\/p>\n<p><a href=\"https:\/\/azura.ro\/es\/100-30-dias-de-garantia-de-devolucion\/\" target=\"_blank\" rel=\"noopener noreferrer\">Ofrecemos garant\u00eda de satisfacci\u00f3n con pol\u00edtica de devoluci\u00f3n de 30 d\u00edas;<\/a><br \/>\n<a href=\"https:\/\/azura.ro\/es\/service\/\" target=\"_blank\" rel=\"noopener noreferrer\">Ofrecemos servicio especializado en Ruman\u00eda \u00a1Cualquier problema t\u00e9cnico se resuelve en Ruman\u00eda!<\/a><a href=\"https:\/\/azura.ro\/es\/service\/\" target=\"_blank\" rel=\"noopener noreferrer\"><br \/>\n<\/a><a href=\"https:\/\/azura.ro\/es\/2-ani-garantie\/\" target=\"_blank\" rel=\"noopener noreferrer\">Ofrecemos garant\u00eda contra defectos de fabricaci\u00f3n, 2 a\u00f1os de garant\u00eda;<\/a><\/p>","protected":false},"featured_media":113034,"comment_status":"open","ping_status":"closed","template":"","meta":{"_seopress_robots_primary_cat":"none","_seopress_titles_title":"","_seopress_titles_desc":"CEL MAI AVANSAT SISTEM DE FILTARE A APEI CU UF SI ARGINT , COSTRUIT IN 8 TREPTE","_seopress_robots_index":""},"product_brand":[],"product_cat":[95],"product_tag":[551,351,581,579,552,329,340,378,690],"class_list":{"0":"post-815","1":"product","2":"type-product","3":"status-publish","4":"has-post-thumbnail","6":"product_cat-filtre-apa-cu-ultrafiltrare","7":"product_tag-filtru-apa-ultrazura","8":"product_tag-kdf","9":"product_tag-nano-argint","10":"product_tag-nano-silver","11":"product_tag-uf","12":"product_tag-ultrafiltrare","13":"product_tag-ultrafiltru","14":"product_tag-ultrazura","15":"product_tag-zeolit","16":"pa_amplasare-subchiuveta","17":"pa_brand-azura-filters","18":"pa_graddefiltrare-02-microni","20":"first","21":"instock","22":"taxable","23":"shipping-taxable","24":"purchasable","25":"product-type-simple"},"_links":{"self":[{"href":"https:\/\/azura.ro\/es\/wp-json\/wp\/v2\/product\/815","targetHints":{"allow":["GET"]}}],"collection":[{"href":"https:\/\/azura.ro\/es\/wp-json\/wp\/v2\/product"}],"about":[{"href":"https:\/\/azura.ro\/es\/wp-json\/wp\/v2\/types\/product"}],"replies":[{"embeddable":true,"href":"https:\/\/azura.ro\/es\/wp-json\/wp\/v2\/comments?post=815"}],"wp:featuredmedia":[{"embeddable":true,"href":"https:\/\/azura.ro\/es\/wp-json\/wp\/v2\/media\/113034"}],"wp:attachment":[{"href":"https:\/\/azura.ro\/es\/wp-json\/wp\/v2\/media?parent=815"}],"wp:term":[{"taxonomy":"product_brand","embeddable":true,"href":"https:\/\/azura.ro\/es\/wp-json\/wp\/v2\/product_brand?post=815"},{"taxonomy":"product_cat","embeddable":true,"href":"https:\/\/azura.ro\/es\/wp-json\/wp\/v2\/product_cat?post=815"},{"taxonomy":"product_tag","embeddable":true,"href":"https:\/\/azura.ro\/es\/wp-json\/wp\/v2\/product_tag?post=815"}],"curies":[{"name":"wp","href":"https:\/\/api.w.org\/{rel}","templated":true}]}}