{"id":82054,"date":"2024-10-31T20:47:15","date_gmt":"2024-10-31T18:47:15","guid":{"rendered":"https:\/\/azura.ro\/?post_type=product&#038;p=82054"},"modified":"2025-08-04T17:44:25","modified_gmt":"2025-08-04T14:44:25","slug":"membrana-de-osmosis-inversa-600-gpd-bmb","status":"publish","type":"product","link":"https:\/\/azura.ro\/es\/produs\/membrana-osmoza-inversa-600-gpd-bmb\/","title":{"rendered":"MEMBRANA DE \u00d3SMOSIS INVERSA 600 GPD BMB"},"content":{"rendered":"<h2><span style=\"font-size: 110%;\"><span style=\"font-family: tahoma, arial, helvetica, sans-serif;\">Membrana de osmoza inversa BMB, capacitate 600 GPD = 2268 litri apa <\/span><span style=\"font-family: tahoma, arial, helvetica, sans-serif;\">depurado al d\u00eda.<\/span><\/span><\/h2>\n<p><span style=\"font-size: 110%;\"><span style=\"font-family: tahoma, arial, helvetica, sans-serif;\">La membrana de \u00f3smosis inversa es el \"coraz\u00f3n\" de un sistema de filtraci\u00f3n por \u00f3smosis <\/span><span style=\"font-family: tahoma, arial, helvetica, sans-serif;\">al rev\u00e9s.<\/span><\/span><\/p>\n<p><span style=\"font-size: 110%; font-family: tahoma, arial, helvetica, sans-serif;\">Grad de filtrare: 000,1 microni<\/span><\/p>\n<h2>Compatibilitate membrana de osmoza inversa 600 GPD BMB cu sistemul de filtrare de mai jos:<\/h2>\n<p><span style=\"font-family: tahoma, arial, helvetica, sans-serif; font-size: 110%;\"><a href=\"https:\/\/azura.ro\/es\/product-2\/filtru-apa-cu-osmoza-inversa-osmoazura-prodf600-ag-alcalin-ph-85-direct-flow\/\" target=\"_blank\" rel=\"noopener\">OSMOAZURA PRODF600-AG, Alcalin pH 8,5 &#8211; Direct Flow 94 L\/ora<\/a><\/span><\/p>\n<h2>Ce filtreaza membrana de osmoza inversa 600 GPD BMB?<\/h2>\n<p><span style=\"font-size: 110%;\"><span style=\"font-family: tahoma, arial, helvetica, sans-serif;\">Nota: procentul de rejectie poate varia in functie de calitatea apei de <\/span><span style=\"font-family: tahoma, arial, helvetica, sans-serif;\">alimentos, pH, temperatura.<\/span><\/span><\/p>\n<p><span style=\"font-size: 110%;\"><span style=\"font-family: tahoma, arial, helvetica, sans-serif;\">Bario 97%, Bicarbonatos 94%, Cadmio 97%, Calcio 97%, Cromo 92%, Cobre 97%, <\/span><span style=\"font-family: tahoma, arial, helvetica, sans-serif;\">Detergentes 97%, Fluoruros 90%, Plomo 97%, Magnesio 97%, Nitratos 80%, Potasio <\/span><span style=\"font-family: tahoma, arial, helvetica, sans-serif;\">92%, Radio 97%, Selenio 97%, Silicatos 96%, Plata 85%, Sodio 92%, Estroncio, <\/span><span style=\"font-family: tahoma, arial, helvetica, sans-serif;\">97%, Sulfato 97%, PCB 97%, Insecticida 97%, Herbicida 97%, Tricloretan 98%, <\/span><span style=\"font-family: tahoma, arial, helvetica, sans-serif;\">Dibromoetano 15%, Dicloroetano 37%.<\/span><\/span><\/p>\n<p><span style=\"font-size: 110%; font-family: tahoma, arial, helvetica, sans-serif;\">Elimina el 99,999% de virus y quistes resistentes al cloro.<\/span><\/p>\n<h3>Dimensiuni membrana osmoza inversa 600 GPD BMB<\/h3>\n<p><span style=\"font-size: 110%; font-family: tahoma, arial, helvetica, sans-serif;\">Lungimea totala (cu tot cu stuturile de plastic din capete): 29,5 cm\u00a0<\/span><br \/>\n<span style=\"font-size: 110%; font-family: tahoma, arial, helvetica, sans-serif;\">Diametrul membrana: 7,5 cm\u00a0<\/span><\/p>\n<p><span style=\"font-size: 110%; font-family: tahoma, arial, helvetica, sans-serif;\">Condiciones de trabajo:<\/span><\/p>\n<ul style=\"list-style-type: disc;\">\n<li><span style=\"font-size: 110%; font-family: tahoma, arial, helvetica, sans-serif;\">Presi\u00f3n de alimentaci\u00f3n m\u00edn.\/m\u00e1x.: 2,5 bar - 5 bar<\/span><\/li>\n<li><span style=\"font-size: 110%; font-family: tahoma, arial, helvetica, sans-serif;\">Temperatura del agua: 5 - 25 \u00b0C<\/span><\/li>\n<li><span style=\"font-size: 110%; font-family: tahoma, arial, helvetica, sans-serif;\">Temperatura ambiente: m\u00edn. 3 - 35 \u00b0C<\/span><\/li>\n<li><span style=\"font-size: 110%; font-family: tahoma, arial, helvetica, sans-serif;\">TDS m\u00e1ximo: 1000 mg\/l<\/span><\/li>\n<li><span style=\"font-size: 110%; font-family: tahoma, arial, helvetica, sans-serif;\">Cloro residual m\u00e1ximo: 0,1 mg\/l<\/span><\/li>\n<li><span style=\"font-size: 110%; font-family: tahoma, arial, helvetica, sans-serif;\">Fe m\u00e1ximo: 0,5 mg\/l<\/span><\/li>\n<li><span style=\"font-size: 110%; font-family: tahoma, arial, helvetica, sans-serif;\">Mn m\u00e1ximo: 0,02 mg \/l<\/span><\/li>\n<li><span style=\"font-size: 110%; font-family: tahoma, arial, helvetica, sans-serif;\">Turbidez m\u00e1xima: 1 NTU<\/span><\/li>\n<li><span style=\"font-size: 110%; font-family: tahoma, arial, helvetica, sans-serif;\">Dureza m\u00e1xima: 1 grado alem\u00e1n<\/span><\/li>\n<\/ul>\n<p><span style=\"font-size: 110%;\"><strong><span style=\"font-family: tahoma, arial, helvetica, sans-serif;\">Vida \u00fatil de la membrana de \u00f3smosis inversa<\/span><\/strong><\/span><\/p>\n<p><span style=\"font-size: 110%;\"><span style=\"font-family: tahoma, arial, helvetica, sans-serif;\">La vida \u00fatil normal de una membrana de \u00f3smosis inversa es de 12 <\/span><span style=\"font-family: tahoma, arial, helvetica, sans-serif;\">meses siempre que el agua respete los par\u00e1metros anteriores y en <\/span><span style=\"font-family: tahoma, arial, helvetica, sans-serif;\">siempre que los prefiltros se cambien a tiempo.<\/span><\/span><\/p>\n<p><span style=\"font-size: 110%;\"><span style=\"font-family: tahoma, arial, helvetica, sans-serif;\">Como en la mayor\u00eda de los casos el suministro de agua no puede cumplir los par\u00e1metros <\/span><span style=\"font-family: tahoma, arial, helvetica, sans-serif;\">mencionada anteriormente, recomendamos cambiar la membrana de \u00f3smosis inversa en <\/span><span style=\"font-family: tahoma, arial, helvetica, sans-serif;\">12 meses como m\u00e1ximo.<\/span><\/span><\/p>\n<p><span style=\"font-size: 110%;\"><span style=\"font-family: tahoma, arial, helvetica, sans-serif;\">Para una mayor calidad del agua y un menor porcentaje de agua <\/span><span style=\"font-family: tahoma, arial, helvetica, sans-serif;\">a las aguas residuales, recomendamos elegir siempre sistemas de alcantarillado que <\/span><span style=\"font-family: tahoma, arial, helvetica, sans-serif;\">\u00f3smosis inversa con bomba de presi\u00f3n. <\/span><\/span><\/p>\n<p><span style=\"font-size: 110%; font-family: tahoma, arial, helvetica, sans-serif;\">Precauciones de uso:<\/span><\/p>\n<p><span style=\"font-size: 110%; font-family: tahoma, arial, helvetica, sans-serif;\">No utilice la membrana de \u00f3smosis inversa con agua bacteriol\u00f3gicamente infestada o <\/span><span style=\"font-size: 110%; font-family: tahoma, arial, helvetica, sans-serif;\">con agua cuya calidad desconozcas. En caso de duda sobre cu\u00e1ndo <\/span><span style=\"font-size: 110%; font-family: tahoma, arial, helvetica, sans-serif;\">utilizati tehnologia cu osmoza inversa, va incurajam sa ne intrebati. <\/span><\/p>\n<p><span style=\"font-size: 110%; font-family: tahoma, arial, helvetica, sans-serif;\">Precauciones para la puesta en servicio:<\/span><\/p>\n<ul>\n<li><span style=\"font-size: 110%; font-family: tahoma, arial, helvetica, sans-serif;\">No toque la membrana con las manos sucias, si es posible utilice guantes quir\u00fargicos.<\/span><\/li>\n<li><span style=\"font-size: 110%; font-family: tahoma, arial, helvetica, sans-serif;\">Antes de consumir la primera agua filtrada por membrana, filtre agua suficiente para llenar dos recipientes de almacenamiento (del sistema de \u00f3smosis inversa) que verter\u00e1 al alcantarillado (~20 litros de agua).<\/span><\/li>\n<li><span style=\"font-size: 110%; font-family: tahoma, arial, helvetica, sans-serif;\">Asiente con cuidado la junta t\u00f3rica de la carcasa de \u00f3smosis inversa. Engrase esta junta t\u00f3rica con <a href=\"https:\/\/azura.ro\/es\/product-2\/tubo-de-silicona-alimentaria-60-g\/\" target=\"_blank\" rel=\"noopener\">alimentos de silicona<\/a>.<\/span><\/li>\n<\/ul>","protected":false},"excerpt":{"rendered":"<ul style=\"list-style-type: disc;\">\n<li><span style=\"font-family: tahoma, arial, helvetica, sans-serif; font-size: 110%;\">Membrana osmoza inversa 600 GPD, BMB<\/span><\/li>\n<li><span style=\"font-family: tahoma, arial, helvetica, sans-serif; font-size: 110%;\">2268 litri\/zi; 94 litri\/h<\/span><\/li>\n<li><span style=\"font-family: tahoma, arial, helvetica, sans-serif; font-size: 110%;\">Model 3012 &#8211; 3&#8243; x 12&#8243;<\/span><\/li>\n<\/ul>","protected":false},"featured_media":82317,"comment_status":"open","ping_status":"closed","template":"","meta":{"_seopress_robots_primary_cat":"none","_seopress_titles_title":"","_seopress_titles_desc":"Membrana osmoza inversa de calitate superioara 75 GPD Pentair","_seopress_robots_index":""},"product_brand":[],"product_cat":[1137,1143],"product_tag":[2012,588,587],"class_list":{"0":"post-82054","1":"product","2":"type-product","3":"status-publish","4":"has-post-thumbnail","6":"product_cat-cartuse-filtre-bucatarie","7":"product_cat-cartuse-horeca-vending","8":"product_tag-600-gpd","9":"product_tag-membrana-osmoza-inversa","10":"product_tag-osmoza-inversa","12":"first","13":"instock","14":"taxable","15":"shipping-taxable","16":"purchasable","17":"product-type-simple"},"_links":{"self":[{"href":"https:\/\/azura.ro\/es\/wp-json\/wp\/v2\/product\/82054","targetHints":{"allow":["GET"]}}],"collection":[{"href":"https:\/\/azura.ro\/es\/wp-json\/wp\/v2\/product"}],"about":[{"href":"https:\/\/azura.ro\/es\/wp-json\/wp\/v2\/types\/product"}],"replies":[{"embeddable":true,"href":"https:\/\/azura.ro\/es\/wp-json\/wp\/v2\/comments?post=82054"}],"wp:featuredmedia":[{"embeddable":true,"href":"https:\/\/azura.ro\/es\/wp-json\/wp\/v2\/media\/82317"}],"wp:attachment":[{"href":"https:\/\/azura.ro\/es\/wp-json\/wp\/v2\/media?parent=82054"}],"wp:term":[{"taxonomy":"product_brand","embeddable":true,"href":"https:\/\/azura.ro\/es\/wp-json\/wp\/v2\/product_brand?post=82054"},{"taxonomy":"product_cat","embeddable":true,"href":"https:\/\/azura.ro\/es\/wp-json\/wp\/v2\/product_cat?post=82054"},{"taxonomy":"product_tag","embeddable":true,"href":"https:\/\/azura.ro\/es\/wp-json\/wp\/v2\/product_tag?post=82054"}],"curies":[{"name":"wp","href":"https:\/\/api.w.org\/{rel}","templated":true}]}}