{"id":82055,"date":"2024-10-31T21:37:41","date_gmt":"2024-10-31T19:37:41","guid":{"rendered":"https:\/\/azura.ro\/?post_type=product&#038;p=82055"},"modified":"2025-08-04T21:21:14","modified_gmt":"2025-08-04T18:21:14","slug":"clorador-digital-automatico-tpg63-dosificacion-proporcional-3-toli-flansa","status":"publish","type":"product","link":"https:\/\/azura.ro\/es\/produs\/clorinator-automat-digital-tpg63-dozare-proportionala-3-toli-flansa\/","title":{"rendered":"CLORADOR AUTOM\u00c1TICO DIGITAL TPG63 - DOSIFICACI\u00d3N PROPORCIONAL - BRIDA 3 TOLI"},"content":{"rendered":"<h2><span style=\"font-size: 110%; font-family: tahoma, arial, helvetica, sans-serif;\">Clorador autom\u00e1tico digital TPG63 - 3 toli FLANSA - para comunas y pueblos.<\/span><\/h2>\n<p><span style=\"font-size: 110%; font-family: tahoma, arial, helvetica, sans-serif;\">Se entrega premontado y programado, listo para instalar y poner en marcha.<\/span><\/p>\n<p><span style=\"font-size: 110%; font-family: tahoma, arial, helvetica, sans-serif;\">Presentaci\u00f3n e informaci\u00f3n<\/span><\/p>\n<p><span style=\"font-size: 110%; font-family: tahoma, arial, helvetica, sans-serif;\">Clorador autom\u00e1tico digital con caudal proporcional en funci\u00f3n de una se\u00f1al externa, anal\u00f3gica (4\u00f720 mA) o digital (procedente de caudal\u00edmetro de impulsos).<\/span><\/p>\n<p><span style=\"font-size: 110%; font-family: tahoma, arial, helvetica, sans-serif;\">El clorador se suministra con un kit de instalaci\u00f3n completo: bomba dosificadora (unidad principal), dep\u00f3sito de cloro de 100 litros, caudal\u00edmetro de impulsos de 3 toli para la conexi\u00f3n con la bomba, transmisor REED (cable de datos) para la conexi\u00f3n entre la bomba y el caudal\u00edmetro, v\u00e1lvula de inyecci\u00f3n, manguera de aspiraci\u00f3n e impulsi\u00f3n, filtro sorbente, sonda de nivel (nivel de cloro en el dep\u00f3sito).<\/span><\/p>\n<h3><span style=\"font-size: 110%; font-family: tahoma, arial, helvetica, sans-serif;\">Datos t\u00e9cnicos Clorador autom\u00e1tico digital TPG63 - 3 toli<\/span><\/h3>\n<p><span style=\"font-size: 110%; font-family: tahoma, arial, helvetica, sans-serif;\">* Caudal l\/h: 8 a 2 bar de presi\u00f3n, volumen de dosificaci\u00f3n 0,83 ml\/implus<\/span><br \/>\n<span style=\"font-size: 110%; font-family: tahoma, arial, helvetica, sans-serif;\">* Caudal l\/h: 6 a 8 bar de presi\u00f3n, volumen de dosificaci\u00f3n 0,63 ml\/implus<\/span><br \/>\n<span style=\"font-size: 110%; font-family: tahoma, arial, helvetica, sans-serif;\">* Caudal l\/h: 5 a 10 bar de presi\u00f3n, volumen de dosificaci\u00f3n 0,52 ml\/implus<\/span><br \/>\n<span style=\"font-size: 110%; font-family: tahoma, arial, helvetica, sans-serif;\">* Caudal l\/h: 4 a 12 bar de presi\u00f3n, volumen de dosificaci\u00f3n 0,42 ml\/implus <\/span><br \/>\n<span style=\"font-size: 110%; font-family: tahoma, arial, helvetica, sans-serif;\">* Caudal: de 0,4 a 110 l\/h<\/span><br \/>\n<span style=\"font-size: 110%; font-family: tahoma, arial, helvetica, sans-serif;\">* Contrapresi\u00f3n m\u00e1xima: hasta 20 bar<\/span><br \/>\n<span style=\"font-size: 110%; font-family: tahoma, arial, helvetica, sans-serif;\">* Alimentaci\u00f3n: 100 - 240 V 50\/60 Hz <\/span><br \/>\n<span style=\"font-size: 110%; font-family: tahoma, arial, helvetica, sans-serif;\">* Cabeza de bomba: PVDF <\/span><br \/>\n<span style=\"font-size: 110%; font-family: tahoma, arial, helvetica, sans-serif;\">* Diafragma: PTFE <\/span><br \/>\n<span style=\"font-size: 110%; font-family: tahoma, arial, helvetica, sans-serif;\">* Carcasa exterior: PP reforzado con fibra de vidrio Grado de protecci\u00f3n IP65 <\/span><br \/>\n<span style=\"font-size: 110%; font-family: tahoma, arial, helvetica, sans-serif;\">* V\u00e1lvula de cebado manual <\/span><br \/>\n<span style=\"font-size: 110%; font-family: tahoma, arial, helvetica, sans-serif;\">* Kit de instalaci\u00f3n: incluido <\/span><\/p>\n<p><span style=\"font-size: 110%; font-family: tahoma, arial, helvetica, sans-serif;\">Caudal nominal: 40 m3\/h<\/span><br \/>\n<span style=\"font-size: 110%; font-family: tahoma, arial, helvetica, sans-serif;\">Caudal m\u00e1ximo: 80 m3\/h<\/span><\/p>\n<p><span style=\"font-size: 110%; font-family: tahoma, arial, helvetica, sans-serif;\">Garant\u00eda: 2 a\u00f1os<\/span><\/p>","protected":false},"excerpt":{"rendered":"<p>Clorinatorul automat digital TPG63 \u2013 3 toli FLANSA &#8211; pentru comune si sate. Se livreaza preasamblat si programat, pregatit de instalat si de pus in functiune. Prezentare si informatii Clorinator automat digital cu debit proportional in functie de un semnal extern, analogic (4\u00f720 mA) sau digital (de la debitmetrul cu impuls). Clorinatorul vine cu kit [&#8230;]\n","protected":false},"featured_media":82058,"comment_status":"open","ping_status":"closed","template":"","meta":{"_seopress_robots_primary_cat":"none","_seopress_titles_title":"","_seopress_titles_desc":"","_seopress_robots_index":""},"product_brand":[],"product_cat":[127],"product_tag":[2013,2014,2017,2016,2015],"class_list":{"0":"post-82055","1":"product","2":"type-product","3":"status-publish","4":"has-post-thumbnail","6":"product_cat-dozare-chimicale","7":"product_tag-clorinator-apa","8":"product_tag-clorinator-comuna","9":"product_tag-clorinator-digital","10":"product_tag-clorinator-proportional","11":"product_tag-clorinator-sat","12":"pa_amplasare-conductaprincipala","14":"first","15":"instock","16":"taxable","17":"shipping-taxable","18":"purchasable","19":"product-type-simple"},"_links":{"self":[{"href":"https:\/\/azura.ro\/es\/wp-json\/wp\/v2\/product\/82055","targetHints":{"allow":["GET"]}}],"collection":[{"href":"https:\/\/azura.ro\/es\/wp-json\/wp\/v2\/product"}],"about":[{"href":"https:\/\/azura.ro\/es\/wp-json\/wp\/v2\/types\/product"}],"replies":[{"embeddable":true,"href":"https:\/\/azura.ro\/es\/wp-json\/wp\/v2\/comments?post=82055"}],"wp:featuredmedia":[{"embeddable":true,"href":"https:\/\/azura.ro\/es\/wp-json\/wp\/v2\/media\/82058"}],"wp:attachment":[{"href":"https:\/\/azura.ro\/es\/wp-json\/wp\/v2\/media?parent=82055"}],"wp:term":[{"taxonomy":"product_brand","embeddable":true,"href":"https:\/\/azura.ro\/es\/wp-json\/wp\/v2\/product_brand?post=82055"},{"taxonomy":"product_cat","embeddable":true,"href":"https:\/\/azura.ro\/es\/wp-json\/wp\/v2\/product_cat?post=82055"},{"taxonomy":"product_tag","embeddable":true,"href":"https:\/\/azura.ro\/es\/wp-json\/wp\/v2\/product_tag?post=82055"}],"curies":[{"name":"wp","href":"https:\/\/api.w.org\/{rel}","templated":true}]}}