{"id":825,"date":"2015-07-07T20:53:19","date_gmt":"2015-07-07T18:53:19","guid":{"rendered":"http:\/\/dev02.websynapse.ro\/product\/aparat-electronic-anticalcar-scalewatcher-sw-nano\/"},"modified":"2025-08-05T20:03:22","modified_gmt":"2025-08-05T17:03:22","slug":"aparat-electronic-anticalcar-scalewatcher-sw-nano","status":"publish","type":"product","link":"https:\/\/azura.ro\/es\/produs\/aparat-electronic-anticalcar-scalewatcher-sw-nano\/","title":{"rendered":"SCALEWATCHER ELECTR\u00d3NICO SCALEWATCHER SW NANO"},"content":{"rendered":"<h2><span style=\"font-size: 110%; font-family: tahoma, arial, helvetica, sans-serif;\">Aparat electronic anticalcar Scalewatcher SW NANO ce este recomandat de catre Universitatea Portsmouth<\/span><\/h2>\n<p><span style=\"font-size: 110%; font-family: tahoma, arial, helvetica, sans-serif;\">Rezultatul testului in conditii reale de lucru, este urmatorul:<strong> Scalewatcher tiene un excelente rendimiento frente al agua dura.<br \/>\n<\/strong><img decoding=\"async\" class=\"size-full wp-image-822 alignright\" src=\"\/wp-content\/uploads\/2015\/07\/universitatea_postmouth-universitatea-postmouth.gif\" alt=\"Universitatea Postmouth\" width=\"356\" height=\"102\" \/><\/span><\/p>\n<p><span style=\"font-size: 110%;\">Este ideal pentru utilizarea cu case mici si apartamente. Este foarte potrivit pentru apa din reteaua publica.<\/span><\/p>\n<p><span style=\"font-size: 110%;\"><strong>Scalewatcher SW Nano<\/strong>\u00a0este foarte bun si in utilizarea la punctul de consum pentru echipamente ca:\u00a0<em>expresoare de cafea, cuptoare, masini de spalat etc.<\/em><\/span><\/p>\n<p><span style=\"font-size: 110%;\">Este potrivit sa fie utilizat in zona <strong>HORECA &amp; VENDING, impotriva calcarului<\/strong><em>. Ideal, se va utiliza impreuna cu filtrare de sedimente, mizerie, mal, nisip (pentru rezultate mai bune).<\/em><\/span><\/p>\n<p><span style=\"font-family: tahoma, arial, helvetica, sans-serif; font-size: 110%;\"><strong>Scalewatcher Nano <\/strong>es un equipo de acondicionamiento del agua probado y testado para <strong>control de la dureza del agua<\/strong>. Reduzca los dep\u00f3sitos existentes, reduzca los costes de mantenimiento, ahorre su dinero.<\/span><br \/>\n<span style=\"font-size: 110%; font-family: tahoma, arial, helvetica, sans-serif;\"><br \/>\n- Instalaci\u00f3n f\u00e1cil y sencilla<\/span><br \/>\n<span style=\"font-size: 110%; font-family: tahoma, arial, helvetica, sans-serif;\"> - Apto para todo tipo de tuber\u00edas<\/span><br \/>\n<span style=\"font-size: 110%; font-family: tahoma, arial, helvetica, sans-serif;\"> - No elimina ni introduce productos qu\u00edmicos en el agua<\/span><br \/>\n<span style=\"font-size: 110%; font-family: tahoma, arial, helvetica, sans-serif;\"><br \/>\nUna sola unidad montada en la tuber\u00eda principal de agua proteger\u00e1 toda la casa por un coste de funcionamiento de entre 20 y 25 lei al a\u00f1o.<\/span><\/p>\n<p><span style=\"font-size: 110%;\"><strong>Diga adi\u00f3s a los dep\u00f3sitos de cal<\/strong>, depunerilor ce se formeaza in boiler si in interiorul conductelor. Scalewatcher se potriveste pe majoritatea conductelor. Instalarea este simpla, in mai putin de jumatate de ora sunteti gata.<\/span><\/p>\n<h2><span style=\"font-size: 110%; font-family: tahoma, arial, helvetica, sans-serif;\"><br \/>\nDe ce sa cumperi dispozitivul anticalcar Scalewatcher Nano?<\/span><\/h2>\n<p><span style=\"font-size: 110%; font-family: tahoma, arial, helvetica, sans-serif;\"> - Ahorrar\u00e1 dinero porque ahorrar\u00e1 la energ\u00eda que se pierde debido a los dep\u00f3sitos de cal y a la reducci\u00f3n de la transferencia de calor.<\/span><br \/>\n<span style=\"font-size: 110%; font-family: tahoma, arial, helvetica, sans-serif;\"> - Compruebe si hay dep\u00f3sitos de cal en la caldera, el calentador de agua y las bater\u00edas de agua. <\/span><br \/>\n<span style=\"font-size: 110%; font-family: tahoma, arial, helvetica, sans-serif;\"> - Su lavadora durar\u00e1 m\u00e1s, al igual que su cafetera, su taza de hervir y cualquier otro calentador de agua.<\/span><\/p>\n<h3><span style=\"font-size: 110%; font-family: tahoma, arial, helvetica, sans-serif;\">Garantia ca aparatul anticalcar Scalewatcher Nano are efectul promis<\/span><\/h3>\n<p><span style=\"font-size: 110%; font-family: tahoma, arial, helvetica, sans-serif;\"> Scalewatcher funciona y queremos asegurarnos de que funciona para usted. El prop\u00f3sito de este tipo de garant\u00eda es uno, su satisfacci\u00f3n.<\/span><\/p>\n<p><span style=\"font-size: 110%;\"><a href=\"https:\/\/azura.ro\/wp-content\/uploads\/2015\/07\/money-back-guarantee-garantie-functionare-scalewatcher.png\"><img decoding=\"async\" class=\"size-full wp-image-839 alignleft\" src=\"https:\/\/azura.ro\/wp-content\/uploads\/2015\/07\/money-back-guarantee-garantie-functionare-scalewatcher.png\" alt=\"Garantie functionare Scalewatcher\" width=\"272\" height=\"190\" srcset=\"https:\/\/azura.ro\/wp-content\/uploads\/2015\/07\/money-back-guarantee-garantie-functionare-scalewatcher.png 272w, https:\/\/azura.ro\/wp-content\/uploads\/2015\/07\/money-back-guarantee-garantie-functionare-scalewatcher-220x154.png 220w\" sizes=\"(max-width: 272px) 100vw, 272px\" \/><\/a><\/span><\/p>\n<p><span style=\"font-size: 110%; font-family: tahoma, arial, helvetica, sans-serif;\">Garantizamos que <strong>Scalewatcher tambi\u00e9n te servir\u00e1<\/strong>. Daca nu esti multumit dupa trei luni cu performantele sistemului (functionare continua), te rugam sa ne contactezi intr-o perioada de 30 zile dupa perioada de testare si utilizare (cele 6 luni). Daca nu putem rezolva problema ce te nemultumeste, banii pe echipament vor fi inapoiati in intregime dupa ce ne vei inapoia echipamentul.<\/span><br \/>\n<span style=\"font-size: 110%; font-family: tahoma, arial, helvetica, sans-serif;\"><br \/>\n<strong>Garant\u00eda del producto<\/strong><br \/>\n<\/span><br \/>\n<span style=\"font-size: 110%; font-family: tahoma, arial, helvetica, sans-serif;\"> Perioada de garantie este de 2 ani de la data de cumparare. In cazul in care Scalewatcher are probleme de functionare, ledul rosu nu va mai lumina. In acest caz trebuie sa ne trimiti aparatul pentru inlocuire sau reparatie.<\/span><\/p>\n<h3><span style=\"font-size: 110%;\"><span style=\"font-family: tahoma, arial, helvetica, sans-serif;\"><br \/>\nCum functioneaza Scalewatcher Nano?<\/span><\/span><\/h3>\n<p><span style=\"font-size: 110%;\"> <span style=\"font-family: tahoma, arial, helvetica, sans-serif;\">El principio del acondicionamiento del agua no es nuevo. La primera patente con esta tecnolog\u00eda es v\u00e1lida desde principios de siglo.<br \/>\n<a href=\"https:\/\/azura.ro\/wp-content\/uploads\/2015\/07\/Scalewacher_functionare_grafica.jpg\"><img decoding=\"async\" class=\"size-full wp-image-11131 alignright\" src=\"https:\/\/azura.ro\/wp-content\/uploads\/2015\/07\/Scalewacher_functionare_grafica.jpg\" alt=\"\" width=\"374\" height=\"270\" srcset=\"https:\/\/azura.ro\/wp-content\/uploads\/2015\/07\/Scalewacher_functionare_grafica.jpg 374w, https:\/\/azura.ro\/wp-content\/uploads\/2015\/07\/Scalewacher_functionare_grafica-300x217.jpg 300w\" sizes=\"(max-width: 374px) 100vw, 374px\" \/><\/a><br \/>\n<\/span><span style=\"font-family: tahoma, arial, helvetica, sans-serif;\">Scalewatcher este un dispozitiv electronic ce trimite semnale computerizate care au capacitatea sa schimbe proprietatile calcarului, stopand depunerile dure. Prin formarea unuie bobine un jurul conductei dvs. se formeaza un camp electronic care modifica proprietatile fizice ale calcarului. Se modifica in acest fel cristalele de calcar si in acest fel nu se mai pot agata de conducte. <\/span><\/span><br \/>\n<span style=\"font-size: 110%; font-family: tahoma, arial, helvetica, sans-serif;\"><br \/>\n<strong>El agua ya no crear\u00e1 dep\u00f3sitos calc\u00e1reos<\/strong>De hecho, disolver\u00e1 incluso los dep\u00f3sitos existentes, por lo que, con el tiempo, Scalewatcher limpiar\u00e1 paso a paso toda la instalaci\u00f3n.<\/span><br \/>\n<span style=\"font-size: 110%; font-family: tahoma, arial, helvetica, sans-serif;\"><br \/>\n<strong>Scalewatcher SW Nano<\/strong> functioneaza pe toate tipurile de conducte cu diamentrul de pana la 22 mm. Odata ce este instalat, nu mai este nevoie de mentenanta!<\/span><\/p>\n<h3><span style=\"font-size: 110%;\">Specificatii tehnice aparat electronic anticalcar Scalewatcher Nano<\/span><\/h3>\n<p><span style=\"font-size: 110%;\">Alimentare: 220-240 V AC, \u00b1 10 %, 50\/60<\/span><br \/>\n<span style=\"font-size: 110%;\"> Cablu semnal: 1 mm2\/20 AWG<\/span><br \/>\n<span style=\"font-size: 110%;\"> Temperatura m\u00e1xima del cable enfundado: 80 \u00baC (176 \u00baF)<\/span><br \/>\n<span style=\"font-size: 110%;\"> Posibilidad de agrupaci\u00f3n de cables: un cable con doble capa o en serie<\/span><br \/>\n<span style=\"font-size: 110%;\"> Material de la carcasa: Poliesterol<\/span><br \/>\n<span style=\"font-size: 110%;\"> Temperatura ambiente m\u00e1xima: 50 \u00baC (122 \u00baF)<\/span><br \/>\n<span style=\"font-size: 110%;\"> Temperatura ambiente m\u00ednima: 14 \u00baF (-10 \u00baC)<\/span><br \/>\n<span style=\"font-size: 110%;\"> Protecci\u00f3n: NEMA5\/IP54<\/span><br \/>\n<span style=\"font-size: 110%;\"> Greutate fara ambalaj: 110 Ggr.<\/span><br \/>\n<span style=\"font-size: 110%;\"> Greutate cu ambalaj: 378 Ggr.<\/span><br \/>\n<span style=\"font-size: 110%;\"> Dimensiune fara ambalaj: 4.9\u201dx2.8\u201dx1.5\u201d (125x72x37 mm)<\/span><br \/>\n<span style=\"font-size: 105%;\"><span style=\"font-size: 110%;\"> Dimensiune cu ambalaj: 9.3\u201dx5.2\u201dx<\/span>2\u201d (236 x133 x50 mm)<\/span><\/p>","protected":false},"excerpt":{"rendered":"<p><span style=\"font-family: tahoma, arial, helvetica, sans-serif; font-size: 10pt;\">Una soluci\u00f3n sencilla para el agua dura Le garantizamos que funciona y le devolvemos su dinero. Patentado en EE.UU. y Europa! 27 a\u00f1os de experiencia!\u00a0<\/span><\/p>\n<p><a href=\"https:\/\/azura.ro\/es\/100-30-dias-de-garantia-de-devolucion\/\" target=\"_blank\" rel=\"noopener noreferrer\"><img decoding=\"async\" class=\"alignnone wp-image-7307\" src=\"https:\/\/azura.ro\/wp-content\/uploads\/2016\/06\/Garantie-retur.png\" alt=\"\" width=\"104\" height=\"114\" \/><\/a><a href=\"https:\/\/azura.ro\/es\/100-30-dias-de-garantia-de-devolucion\/\" target=\"_blank\" rel=\"noopener noreferrer\"><img decoding=\"async\" class=\"alignnone wp-image-7308\" src=\"https:\/\/azura.ro\/wp-content\/uploads\/2016\/06\/Service.png\" alt=\"\" width=\"128\" height=\"128\" srcset=\"https:\/\/azura.ro\/wp-content\/uploads\/2016\/06\/Service.png 189w, https:\/\/azura.ro\/wp-content\/uploads\/2016\/06\/Service-100x100.png 100w, https:\/\/azura.ro\/wp-content\/uploads\/2016\/06\/Service-150x150.png 150w\" sizes=\"(max-width: 128px) 100vw, 128px\" \/><\/a><a href=\"https:\/\/azura.ro\/es\/2-ani-garantie\/\" target=\"_blank\" rel=\"noopener noreferrer\"><img decoding=\"async\" class=\"alignnone wp-image-14008\" src=\"https:\/\/azura.ro\/wp-content\/uploads\/2018\/12\/2-ani-garantie.png\" alt=\"\" width=\"110\" height=\"138\" \/><\/a><\/p>\n<p><a href=\"https:\/\/azura.ro\/es\/100-30-dias-de-garantia-de-devolucion\/\" target=\"_blank\" rel=\"noopener noreferrer\">Ofrecemos garant\u00eda de satisfacci\u00f3n con devoluci\u00f3n del dinero en 30 d\u00edas<\/a><\/p>\n<p><a href=\"https:\/\/azura.ro\/es\/2-ani-garantie\/\" target=\"_blank\" rel=\"noopener noreferrer\">Ofrecemos garant\u00eda contra defectos de fabricaci\u00f3n, 2 a\u00f1os de garant\u00eda<\/a><\/p>\n<p><span style=\"font-size: 85%;\" data-nosnippet=\"true\"><i>El precio de venta del AEE incluye el valor del coste del \"sello verde<u>seg\u00fan GEO 5\/2015<\/u><\/i><\/span><\/p>\n<p>&nbsp;<\/p>","protected":false},"featured_media":68359,"comment_status":"open","ping_status":"closed","template":"","meta":{"_seopress_robots_primary_cat":"none","_seopress_titles_title":"","_seopress_titles_desc":"APARAT ANTICALCAR SCALEWATCHER SW NANO. DEDURIZARE FARA SARE! CEL MAI BUN PRET!","_seopress_robots_index":""},"product_brand":[],"product_cat":[90],"product_tag":[571,572,573],"class_list":{"0":"post-825","1":"product","2":"type-product","3":"status-publish","4":"has-post-thumbnail","6":"product_cat-dispozitive-electronice-anticalcar","7":"product_tag-anticalcar","8":"product_tag-dedurizare-fara-sare","9":"product_tag-dedurizator-fara-sare","10":"pa_amplasare-conductaprincipala","12":"first","13":"instock","14":"featured","15":"taxable","16":"shipping-taxable","17":"purchasable","18":"product-type-simple"},"_links":{"self":[{"href":"https:\/\/azura.ro\/es\/wp-json\/wp\/v2\/product\/825","targetHints":{"allow":["GET"]}}],"collection":[{"href":"https:\/\/azura.ro\/es\/wp-json\/wp\/v2\/product"}],"about":[{"href":"https:\/\/azura.ro\/es\/wp-json\/wp\/v2\/types\/product"}],"replies":[{"embeddable":true,"href":"https:\/\/azura.ro\/es\/wp-json\/wp\/v2\/comments?post=825"}],"wp:featuredmedia":[{"embeddable":true,"href":"https:\/\/azura.ro\/es\/wp-json\/wp\/v2\/media\/68359"}],"wp:attachment":[{"href":"https:\/\/azura.ro\/es\/wp-json\/wp\/v2\/media?parent=825"}],"wp:term":[{"taxonomy":"product_brand","embeddable":true,"href":"https:\/\/azura.ro\/es\/wp-json\/wp\/v2\/product_brand?post=825"},{"taxonomy":"product_cat","embeddable":true,"href":"https:\/\/azura.ro\/es\/wp-json\/wp\/v2\/product_cat?post=825"},{"taxonomy":"product_tag","embeddable":true,"href":"https:\/\/azura.ro\/es\/wp-json\/wp\/v2\/product_tag?post=825"}],"curies":[{"name":"wp","href":"https:\/\/api.w.org\/{rel}","templated":true}]}}