{"id":82715,"date":"2024-11-12T10:30:06","date_gmt":"2024-11-12T08:30:06","guid":{"rendered":"https:\/\/azura.ro\/?post_type=product&#038;p=82715"},"modified":"2026-01-28T20:59:29","modified_gmt":"2026-01-28T18:59:29","slug":"dedurizator-monobloc-fleck-plus-30-5600-sxt1-duritate-fier-mangan","status":"publish","type":"product","link":"https:\/\/azura.ro\/es\/produs\/dedurizator-monobloc-fleck-plus-30-5600-sxt1-duritate-fier-mangan\/","title":{"rendered":"MONOBLOC DEDURIZER FLECK PLUS 30-5600 SXT1 - elimina dureza, hierro, manganeso"},"content":{"rendered":"<h2><span style=\"font-size: 110%; font-family: tahoma, arial, helvetica, sans-serif;\">Dedurizator monobloc FLECK PLUS 30-5600 SXT1, automat, volumetric proportional (consum redus de sare), pentru eliminare: duritate, fier, mangan, amoniu.<\/span><\/h2>\n<p><span style=\"font-size: 110%; font-family: tahoma, arial, helvetica, sans-serif;\">Este modelo es el descalcificador m\u00e1s utilizado en EE.UU. y es la mejor elecci\u00f3n que puede hacer por su excepcional fiabilidad. Todos los materiales que lo componen est\u00e1n homologados para el contacto con agua potable. Pero los componentes m\u00e1s importantes como el cabezal de control y la resina cati\u00f3nica est\u00e1n certificados por la NSF.<\/span><\/p>\n<h3><span style=\"font-size: 110%; font-family: tahoma, arial, helvetica, sans-serif;\">Cateva dintre avantajele unice ale dedurizatorului automat monobloc Fleck Plus 30-5600 SXT1<\/span><\/h3>\n<ul style=\"list-style-type: square;\">\n<li><span style=\"font-size: 110%; font-family: tahoma, arial, helvetica, sans-serif;\">Deductor accionado por v\u00e1lvula Fleck, fabricado en EE.UU. y con certificaci\u00f3n NSF;<\/span><\/li>\n<li><span style=\"font-size: 110%; font-family: tahoma, arial, helvetica, sans-serif;\">Resina de calidad alimentaria con certificaci\u00f3n NSF\/ANSI 61;<\/span><\/li>\n<li><span style=\"font-size: 110%; font-family: tahoma, arial, helvetica, sans-serif;\">Equipado con una v\u00e1lvula mezcladora para ajustar la dureza del agua que llega a la casa;<\/span><\/li>\n<li><span style=\"font-size: 110%; font-family: tahoma, arial, helvetica, sans-serif;\">Equipado con derivaci\u00f3n para situaciones de servicio;<\/span><\/li>\n<li><span style=\"font-size: 110%; font-family: tahoma, arial, helvetica, sans-serif;\">Equipado con memoria EEPROM no vol\u00e1til. Una vez programada, esta memoria no se borra aunque se produzca un corte de corriente;<\/span><\/li>\n<li><span style=\"font-size: 110%; font-family: tahoma, arial, helvetica, sans-serif;\">Equipado con bater\u00eda interna que conserva el tiempo programado hasta 24 H;<\/span><\/li>\n<li><span style=\"font-size: 110%; font-family: tahoma, arial, helvetica, sans-serif;\">Identificaci\u00f3n autom\u00e1tica de problemas y errores en pantalla;<\/span><\/li>\n<li><span style=\"font-size: 110%; font-family: tahoma, arial, helvetica, sans-serif;\">Prepare la salmuera con agua ablandada;<\/span><\/li>\n<\/ul>\n<p><span style=\"font-size: 110%; font-family: tahoma, arial, helvetica, sans-serif;\"><span style=\"color: #e14d43;\">\u00a1Importante!<\/span> Cuando compre el descalcificador, ser\u00e1 programado por nuestro equipo. B\u00e1sicamente, recibir\u00e1 el descalcificador ya ajustado, sin tener que preocuparse de programarlo, siempre que nos comunique la dureza del agua antes de la entrega y, si el agua procede del suministro p\u00fablico, nos indique la localidad. Lo \u00fanico que tiene que hacer es instalarlo y programar (muy sencillo) la hora actual. Si necesitas nuestra ayuda, puedes llamarnos o escribirnos un mensaje. Estamos dispuestos a responder a cualquier pregunta t\u00e9cnica.<\/span><\/p>\n<p><span style=\"font-size: 110%; font-family: tahoma, arial, helvetica, sans-serif;\">Servicio durante el periodo de garant\u00eda de 3 a\u00f1os<\/span><\/p>\n<p><span style=\"font-size: 110%; font-family: tahoma, arial, helvetica, sans-serif;\">En caso de que el descalcificador est\u00e9 instalado a gran distancia de Bucarest, intentaremos identificar el problema y enviarle la pieza defectuosa, de forma totalmente gratuita. Y si el descalcificador est\u00e1 instalado en la zona de Bucarest\/Ilfov, puede solicitar una intervenci\u00f3n de pago. Las piezas de recambio son gratuitas durante el periodo de garant\u00eda, pero la intervenci\u00f3n de un t\u00e9cnico in situ tiene un coste. Por supuesto, todo es gratuito si el descalcificador llega a nuestro centro de servicio de Bucarest. Pero sabemos que esto es complicado para usted y por eso le ofrecemos opciones. Lo que es importante recordar: no le dejaremos solo con un posible problema y tendr\u00e1 todo el apoyo t\u00e9cnico que necesite hasta que se resuelva el problema. Sin embargo, teniendo en cuenta que este descalcificador est\u00e1 equipado con la v\u00e1lvula de control Fleck USA, esperamos que el descalcificador funcione durante muchos a\u00f1os sin problemas.<\/span><\/p>\n<h3><span style=\"font-size: 110%; font-family: tahoma, arial, helvetica, sans-serif;\">Garantia \u201eMULTUMIRE DEPLINA\u201d = Garantia ca dedurizatorul MONOBLOC FLECK PLUS 30-5600 SXT1 are efectul promis.<\/span><\/h3>\n<p><span style=\"font-size: 110%; font-family: tahoma, arial, helvetica, sans-serif;\"><img decoding=\"async\" class=\"alignleft wp-image-7307\" src=\"https:\/\/azura.ro\/wp-content\/uploads\/2016\/06\/Garantie-retur.png\" alt=\"\" width=\"122\" height=\"150\" \/><\/span><\/p>\n<p><span style=\"font-size: 110%; font-family: tahoma, arial, helvetica, sans-serif;\">Dedurizatorul MONOBLOC FLECK PLUS 30-5600 SXT1 functioneaza si de aceea oferim acest echipament cu GARANTIE DE RETURNARE DE 30 ZILE. Scopul acestui tip de garantie este unul singur, multumirea ta.<\/span><br \/>\n<span style=\"font-size: 110%; font-family: tahoma, arial, helvetica, sans-serif;\">Noi garantam ca dedurizatorul MONOBLOC FLECK PLUS 30-5600 SXT1 va functiona si pentru tine. Daca nu esti multumit, in cele 30 de ZILE cu performantele sistemului, te rugam sa ne contactezi. Daca nu putem rezolva problema ce te nemultumeste, banii pe echipament vor fi inapoiati in intregime dupa ce ne vei inapoia echipamentul. Nu vei plati nici macar costul de transport!<\/span><\/p>\n<p>&nbsp;<\/p>\n<h3><span style=\"font-family: tahoma, arial, helvetica, sans-serif; font-size: 110%;\">Prin utilizarea dedurizatorului MONOBLOC FLECK PLUS 30-5600 SXT1, te vei bucura de urmatoarele beneficii:<\/span><\/h3>\n<p><span style=\"font-family: tahoma, arial, helvetica, sans-serif; font-size: 110%;\">* Ahorro de energ\u00eda<\/span><br \/>\n<span style=\"font-family: tahoma, arial, helvetica, sans-serif; font-size: 110%;\"> * Una gran ducha diaria<\/span><br \/>\n<span style=\"font-family: tahoma, arial, helvetica, sans-serif; font-size: 110%;\"> * Piel fina y cabello suave<\/span><br \/>\n<span style=\"font-family: tahoma, arial, helvetica, sans-serif; font-size: 110%;\"> * Aumenta significativamente el periodo de mantenimiento y servicio de la calefacci\u00f3n central, caldera, lavadora, bater\u00edas de fregadero, etc.<\/span><br \/>\n<span style=\"font-family: tahoma, arial, helvetica, sans-serif; font-size: 110%;\"> * Ahorre dinero reduciendo el consumo de detergente<\/span><br \/>\n<span style=\"font-family: tahoma, arial, helvetica, sans-serif; font-size: 110%;\"> * Cost scazut de mentenanta pentru statia de dedurizare MONOBLOC FLECK PLUS 30-5600 SXT1<\/span><br \/>\n<span style=\"font-family: tahoma, arial, helvetica, sans-serif; font-size: 110%;\"> * Funcionamiento totalmente autom\u00e1tico<\/span><\/p>\n<h3><span style=\"font-size: 110%; font-family: tahoma, arial, helvetica, sans-serif;\">Specificatii tehnice dedurizator MONOBLOC FLECK PLUS 30-5600 SXT1:<\/span><\/h3>\n<p><span style=\"font-size: 110%; font-family: tahoma, arial, helvetica, sans-serif;\">Presiune minima: 2,5 bari;<\/span><br \/>\n<span style=\"font-size: 110%; font-family: tahoma, arial, helvetica, sans-serif;\">Presiune maxima: 5 bari<br \/>\nDebit maxim de tratare: 1,8 mc\/h<br \/>\nCaudal m\u00e1ximo autorizado: 4,4 mc\/h<\/span><br \/>\n<span style=\"font-size: 110%; font-family: tahoma, arial, helvetica, sans-serif;\">Temperatura m\u00ednima: 2\u00b0C<\/span><br \/>\n<span style=\"font-size: 110%; font-family: tahoma, arial, helvetica, sans-serif;\">Temperatura m\u00e1xima: 46 \u00b0C<\/span><br \/>\n<span style=\"font-size: 110%; font-family: tahoma, arial, helvetica, sans-serif;\">Conexi\u00f3n de entrada\/salida: rosca interior de 1\u2033.<\/span><br \/>\n<span style=\"font-size: 110%; font-family: tahoma, arial, helvetica, sans-serif;\">Manguera de desag\u00fce de 2 metros y 1\/2\" de di\u00e1metro<\/span><\/p>\n<p><span style=\"font-size: 110%; font-family: tahoma, arial, helvetica, sans-serif;\">Otras especificaciones t\u00e9cnicas:<\/span><\/p>\n<p><span style=\"font-size: 110%; font-family: tahoma, arial, helvetica, sans-serif;\">Potrivit pentru 6 &#8211; 8 &#8211; 10 persoane (depinde de nivelul de duritate a apei):<\/span><br \/>\n<span style=\"font-size: 110%; font-family: tahoma, arial, helvetica, sans-serif;\">Consum de sare la regenerare: 3,3 kg<\/span><br \/>\n<span style=\"font-size: 110%; font-family: tahoma, arial, helvetica, sans-serif;\">Consum de apa la fiecare regenerare: ~110 litri<\/span><\/p>\n<p><span style=\"font-size: 110%; font-family: tahoma, arial, helvetica, sans-serif;\">Dimensiuni: Inaltime: 113,5 cm; Lungime:\u00a0 31cm: Adancime: 31cm x 51 cm<br \/>\nFara capac, inaltime: 110 cm<\/span><\/p>\n<h3><span style=\"font-size: 110%; font-family: tahoma, arial, helvetica, sans-serif;\">Instalare dedurizator MONOBLOC FLECK PLUS 30-5600 SXT1:\u00a0<\/span><\/h3>\n<p><span style=\"font-family: tahoma, arial, helvetica, sans-serif; font-size: 110%;\">El desalinizador debe tratar toda el agua que entra en la vivienda u otras aplicaciones antes que cualquier consumidor. Se instalar\u00e1 en la tuber\u00eda de agua fr\u00eda, inmediatamente despu\u00e9s de la hidro o la bomba y antes de la central de calefacci\u00f3n y la caldera. Se recomienda <a href=\"https:\/\/azura.ro\/es\/productos\/filtros-de-agua-de-sedimentos\/\" target=\"_blank\" rel=\"noopener\">filtro de sedimentos<\/a> antes del descalcificador. Esto garantizar\u00e1 su tranquilidad y un funcionamiento prolongado sin problemas. Sin un filtro de sedimentos, existe el riesgo de que la suciedad del agua obstruya los inyectores y los canales por los que se regenera el ablandador. No es aconsejable utilizar agua descalcificada para regar el jard\u00edn y las plantas. Hay cierta cantidad de sodio en el agua ablandada que puede afectar al crecimiento y desarrollo de las plantas. Por ello, cuando realice la instalaci\u00f3n, pida a su instalador que coloque un grifo antes del descalcificador, desde el que pueda conectar su manguera de jard\u00edn.<\/span><\/p>\n<h3><span style=\"font-size: 110%; font-family: tahoma, arial, helvetica, sans-serif;\">Montaj si punere in functiune dedurizator MONOBLOC FLECK PLUS 30-5600 SXT1:<\/span><\/h3>\n<p><span style=\"font-family: tahoma, arial, helvetica, sans-serif; font-size: 110%;\">A petici\u00f3n del cliente, ponemos a su disposici\u00f3n el equipo de instalaci\u00f3n y puesta en marcha. Si nuestro cliente desea realizar la instalaci\u00f3n \u00e9l mismo o con su propio instalador, es posible. El equipo AZURA proporciona el esquema de instalaci\u00f3n y el libro t\u00e9cnico. Adem\u00e1s, garantizamos asistencia t\u00e9cnica por tel\u00e9fono y correo electr\u00f3nico hasta que el equipo est\u00e9 instalado y funcionando con par\u00e1metros \u00f3ptimos.<\/span><\/p>\n<p><span style=\"font-family: tahoma, arial, helvetica, sans-serif; font-size: 110%;\">*En la puesta en marcha, el cliente debe proporcionar sal en pastillas (sal para ablandador), de 25 kg como m\u00ednimo (una bolsa). Esta sal se puede encontrar en las principales tiendas de bricolaje y otros minoristas. Si lo desea, podemos recomendarle un proveedor de sal.<\/span><\/p>\n<p><span style=\"font-family: tahoma, arial, helvetica, sans-serif; font-size: 110%;\">Conexi\u00f3n al desag\u00fce:<\/span><\/p>\n<p><span style=\"font-family: tahoma, arial, helvetica, sans-serif; font-size: 110%;\">El desag\u00fce del descalcificador deber\u00e1 estar, en la medida de lo posible, por debajo de su altura. La conexi\u00f3n debe hacerse a un desag\u00fce de 1\" como m\u00ednimo. La distancia m\u00e1xima entre el descalcificador y el desag\u00fce no ser\u00e1 superior a 6 metros.<\/span><\/p>\n<p><span style=\"font-family: tahoma, arial, helvetica, sans-serif; font-size: 110%;\">Ajuste de la dureza residual:<\/span><\/p>\n<p><span style=\"font-family: tahoma, arial, helvetica, sans-serif; font-size: 110%;\">La dureza residual se refiere a la dureza del agua despu\u00e9s de haber sido tratada y pasada por el ablandador. No es conveniente que la dureza del agua sea inferior a 1 grado alem\u00e1n, lo que hace que el agua parezca muy blanda. El fabricante no recomienda una dureza residual determinada. Recomendamos una dureza residual de entre 3 y 6 grados alemanes. Si lo desea, ind\u00edquelo a nuestro equipo y preg\u00fantenos c\u00f3mo puede ajustar la dureza residual. El descalcificador est\u00e1 equipado con un grifo de ajuste de la dureza residual. En este caso es aconsejable adquirir un <a href=\"https:\/\/azura.ro\/es\/product-2\/prueba-de-dureza-del-agua-grados-alemanes\/\" target=\"_blank\" rel=\"noopener\">prueba de dureza<\/a>para realizar el ajuste correctamente.<\/span><\/p>\n<p><span style=\"font-family: tahoma, arial, helvetica, sans-serif; font-size: 110%;\">Advertencias<\/span><\/p>\n<p><span style=\"font-family: tahoma, arial, helvetica, sans-serif; font-size: 110%;\">Dedurizatoarele MONOBLOC FLECK PLUS 30-5600 SXT1 nu sunt sisteme de filtrare si potabilizare a apei cu scopul de a rezulta apa potabila. Daca apa ce necesita tratare cu sistemele noastre vine din reteaua publica de apa, atunci cu siguranta, calitatea acesteia va fi imbunatatita.<\/span><\/p>\n<p><span style=\"font-family: tahoma, arial, helvetica, sans-serif; font-size: 110%;\">Si el agua no ha sido tratada previamente y no procede de la red p\u00fablica, siendo la fuente de pozos o aguas superficiales, entonces es necesario un informe de an\u00e1lisis del agua desde el punto de vista f\u00edsico-qu\u00edmico y bacteriol\u00f3gico. S\u00f3lo conociendo todos los par\u00e1metros del agua se puede elegir el equipo adecuado para su potabilizaci\u00f3n. P\u00f3ngase en contacto con nosotros para un tratamiento adecuado de su agua.<\/span><\/p>\n<p><span style=\"font-family: tahoma, arial, helvetica, sans-serif; font-size: 110%;\">Otras advertencias:<\/span><\/p>\n<p><span style=\"font-family: tahoma, arial, helvetica, sans-serif; font-size: 110%;\">No utilice el descalcificador con agua caliente, especialmente a temperaturas superiores a 46\u00b0C.<\/span><\/p>\n<p><span style=\"font-family: tahoma, arial, helvetica, sans-serif; font-size: 110%;\">La temperatura de la habitaci\u00f3n donde se coloque el ablandador debe oscilar entre 2\u00b0C y 50\u00b0C.<\/span><\/p>\n<p><span style=\"font-family: tahoma, arial, helvetica, sans-serif; font-size: 110%;\">El sistema no debe instalarse en una habitaci\u00f3n h\u00fameda. Aseg\u00farese de que dispone de una ventilaci\u00f3n adecuada en la que no haya mucha humedad.<\/span><\/p>\n<p><span style=\"font-family: tahoma, arial, helvetica, sans-serif; font-size: 110%;\">Recomendaciones para el mantenimiento y la higienizaci\u00f3n:<\/span><\/p>\n<p><span style=\"font-family: tahoma, arial, helvetica, sans-serif; font-size: 110%;\">Comprobar los niveles de sal - mensualmente<\/span><br \/>\n<span style=\"font-family: tahoma, arial, helvetica, sans-serif; font-size: 110%;\"> Comprobar el nivel de dureza del agua en la entrada - mensualmente<\/span><br \/>\n<span style=\"font-family: tahoma, arial, helvetica, sans-serif; font-size: 110%;\"> Compruebe el nivel de dureza del agua en la salida de la estaci\u00f3n - mensualmente<\/span><br \/>\n<span style=\"font-family: tahoma, arial, helvetica, sans-serif; font-size: 110%;\"> Desinfecci\u00f3n - anualmente (por el equipo de servicio)<\/span><br \/>\n<span style=\"font-family: tahoma, arial, helvetica, sans-serif; font-size: 110%;\"> Limpieza anual del dep\u00f3sito de sal (recomendada por el servicio t\u00e9cnico)<\/span><br \/>\n<span style=\"font-family: tahoma, arial, helvetica, sans-serif; font-size: 110%;\"> Revisi\u00f3n t\u00e9cnica general - anualmente (por el equipo de servicio)<\/span><\/p>\n<p><span style=\"font-family: tahoma, arial, helvetica, sans-serif; font-size: 110%;\">\u00a1Atenci\u00f3n!<\/span><\/p>\n<p><span style=\"font-family: tahoma, arial, helvetica, sans-serif; font-size: 110%;\">Aumento del sodio en el agua<\/span><\/p>\n<p><span style=\"font-family: tahoma, arial, helvetica, sans-serif; font-size: 110%;\">La mayor parte del sodio que consumimos procede de los alimentos. Como la sal es un excelente conservante, se a\u00f1ade a los alimentos. El sodio que se consume con el agua es relativamente peque\u00f1o comparado con el de los alimentos. Aun as\u00ed, es muy importante tener siempre presente que los descalcificadores aumentan el nivel de sodio del agua en comparaci\u00f3n con el agua no tratada.<\/span><\/p>\n<p><span style=\"font-family: tahoma, arial, helvetica, sans-serif; font-size: 110%;\">Nivel m\u00e1ximo regulado de <a href=\"https:\/\/azura.ro\/es\/intrebari-frecvente\/cum-filtram-sodiul-din-apa\/\" target=\"_blank\" rel=\"noopener\">sodio en agua<\/a> es de 200 mg\/l (Ley n\u00ba 311 de 28 de junio de 2014 que modifica y completa la Ley n\u00ba 4208\/2002 sobre la calidad del agua potable). Es posible que en algunos casos el descalcificador a\u00f1ada un nivel de sodio superior al regulado. Si este es el caso o si hay personas a las que no se les permite consumir sal, es aconsejable instalar un filtro de \u00f3smosis inversa en la cocina.<\/span><\/p>\n<p><span style=\"font-family: tahoma, arial, helvetica, sans-serif; font-size: 110%;\">Puede comprobarlo en nuestro sitio web <a href=\"https:\/\/azura.ro\/es\/productos\/filtros-de-agua-para-cocina\/filtre-apa-cu-osmoza-inversa\/\" target=\"_blank\" rel=\"noopener\">filtros de \u00f3smosis inversa<\/a>.<\/span><\/p>\n<p><span style=\"font-family: tahoma, arial, helvetica, sans-serif; font-size: 110%;\">Garant\u00eda del descalcificador:<\/span><\/p>\n<p><span style=\"font-family: tahoma, arial, helvetica, sans-serif; font-size: 110%;\">Toate dedurizatoarele din seria MONOBLOC FLECK PLUS 30-5600 SXT1 sunt acoperite de garantie timp de trei ani de zile impotriva oricarui defect de fabricatie.<\/span><\/p>\n<p><span style=\"font-family: tahoma, arial, helvetica, sans-serif; font-size: 110%;\">An\u00e1lisis de la dureza del agua:<\/span><\/p>\n<p><span style=\"font-family: tahoma, arial, helvetica, sans-serif; font-size: 110%;\">Si no conoce el nivel de dureza de su agua, p\u00f3ngase en contacto con nosotros por tel\u00e9fono o correo electr\u00f3nico. Si es posible, nos desplazaremos hasta usted para realizar un an\u00e1lisis de dureza y, si la distancia es excesiva, puede enviarnos 500 ml de agua para analizar su dureza. En funci\u00f3n del resultado del an\u00e1lisis y de otros par\u00e1metros que nos solicite, le indicaremos el modelo de descalcificador adecuado.<\/span><\/p>\n<p><span style=\"font-family: tahoma, arial, helvetica, sans-serif; font-size: 120%; color: #d83131;\">\u00bfNo est\u00e1 seguro de si este descalcificador es adecuado para usted? P\u00f3ngase en contacto con nosotros: <a style=\"color: #d83131;\" href=\"https:\/\/azura.ro\/es\/pongase-en-contacto-con\/\" target=\"_blank\" rel=\"noopener\">P\u00f3ngase en contacto con<\/a><\/span><\/p>","protected":false},"excerpt":{"rendered":"<p><a href=\"https:\/\/azura.ro\/es\/100-30-dias-de-garantia-de-devolucion\/\" target=\"_blank\" rel=\"noopener noreferrer\"><img decoding=\"async\" class=\"alignnone wp-image-7307\" src=\"https:\/\/azura.ro\/wp-content\/uploads\/2016\/06\/Garantie-retur.png\" alt=\"\" width=\"106\" height=\"127\" \/><\/a><a href=\"https:\/\/azura.ro\/es\/service\/\" target=\"_blank\" rel=\"noopener noreferrer\"><img decoding=\"async\" class=\"alignnone wp-image-7308\" src=\"https:\/\/azura.ro\/wp-content\/uploads\/2016\/06\/Service.png\" alt=\"\" width=\"121\" height=\"121\" srcset=\"https:\/\/azura.ro\/wp-content\/uploads\/2016\/06\/Service.png 189w, https:\/\/azura.ro\/wp-content\/uploads\/2016\/06\/Service-100x100.png 100w, https:\/\/azura.ro\/wp-content\/uploads\/2016\/06\/Service-150x150.png 150w\" sizes=\"(max-width: 121px) 100vw, 121px\" \/><\/a><a href=\"https:\/\/azura.ro\/es\/3-anos-de-garantia\/\" target=\"_blank\" rel=\"noopener noreferrer\"><img decoding=\"async\" class=\"alignnone wp-image-12368\" src=\"https:\/\/azura.ro\/wp-content\/uploads\/2018\/08\/3-ani-garantie.png\" alt=\"\" width=\"106\" height=\"154\" \/><\/a><\/p>\n<p><a href=\"https:\/\/azura.ro\/es\/100-30-dias-de-garantia-de-devolucion\/\" target=\"_blank\" rel=\"noopener noreferrer\">Ofrecemos garant\u00eda de satisfacci\u00f3n con devoluci\u00f3n del dinero en 30 d\u00edas<\/a><br \/>\n<a href=\"https:\/\/azura.ro\/es\/service\/\" target=\"_blank\" rel=\"noopener noreferrer\">Ofrecemos servicio especializado en Ruman\u00eda \u00a1Cualquier problema t\u00e9cnico se resuelve en Ruman\u00eda!<\/a><br \/>\n<a href=\"https:\/\/azura.ro\/es\/3-anos-de-garantia\/\" target=\"_blank\" rel=\"noopener noreferrer\">Ofrecemos garant\u00eda contra defectos de fabricaci\u00f3n, 3 a\u00f1os de garant\u00eda<\/a><\/p>\n<p><span style=\"font-size: 85%;\" data-nosnippet=\"true\"><i>El precio de venta del AEE incluye el valor del coste del \"sello verde<u>seg\u00fan GEO 5\/2015<\/u><\/i><\/span><\/p>","protected":false},"featured_media":104276,"comment_status":"open","ping_status":"closed","template":"","meta":{"_seopress_robots_primary_cat":"none","_seopress_titles_title":"","_seopress_titles_desc":"","_seopress_robots_index":""},"product_brand":[],"product_cat":[88],"product_tag":[1760,2019,1759,785,786,1758,2018,787],"class_list":{"0":"post-82715","1":"product","2":"type-product","3":"status-publish","4":"has-post-thumbnail","6":"product_cat-dedurizatoare-volumetrice","7":"product_tag-5600-sxt","8":"product_tag-amoniu","9":"product_tag-dedurizator-fleck","10":"product_tag-duritate","11":"product_tag-fier","12":"product_tag-fleck","13":"product_tag-fleck-plus","14":"product_tag-mangan","15":"pa_amplasare-conductaprincipala","17":"first","18":"instock","19":"sale","20":"taxable","21":"shipping-taxable","22":"purchasable","23":"product-type-simple"},"_links":{"self":[{"href":"https:\/\/azura.ro\/es\/wp-json\/wp\/v2\/product\/82715","targetHints":{"allow":["GET"]}}],"collection":[{"href":"https:\/\/azura.ro\/es\/wp-json\/wp\/v2\/product"}],"about":[{"href":"https:\/\/azura.ro\/es\/wp-json\/wp\/v2\/types\/product"}],"replies":[{"embeddable":true,"href":"https:\/\/azura.ro\/es\/wp-json\/wp\/v2\/comments?post=82715"}],"wp:featuredmedia":[{"embeddable":true,"href":"https:\/\/azura.ro\/es\/wp-json\/wp\/v2\/media\/104276"}],"wp:attachment":[{"href":"https:\/\/azura.ro\/es\/wp-json\/wp\/v2\/media?parent=82715"}],"wp:term":[{"taxonomy":"product_brand","embeddable":true,"href":"https:\/\/azura.ro\/es\/wp-json\/wp\/v2\/product_brand?post=82715"},{"taxonomy":"product_cat","embeddable":true,"href":"https:\/\/azura.ro\/es\/wp-json\/wp\/v2\/product_cat?post=82715"},{"taxonomy":"product_tag","embeddable":true,"href":"https:\/\/azura.ro\/es\/wp-json\/wp\/v2\/product_tag?post=82715"}],"curies":[{"name":"wp","href":"https:\/\/api.w.org\/{rel}","templated":true}]}}