{"id":831,"date":"2015-07-07T21:29:25","date_gmt":"2015-07-07T19:29:25","guid":{"rendered":"http:\/\/dev02.websynapse.ro\/product\/aparat-electronic-anticalcar-scalewatcher-3-star\/"},"modified":"2026-01-26T09:59:21","modified_gmt":"2026-01-26T07:59:21","slug":"scalewatcher-eliminador-de-escamas-electronico-3-estrellas","status":"publish","type":"product","link":"https:\/\/azura.ro\/es\/produs\/aparat-electronic-anticalcar-scalewatcher-3-star\/","title":{"rendered":"SCALEWATCHER 3 ESTRELLAS ANTI-CALIBRADO ELECTR\u00d3NICO SCALEWATCHER"},"content":{"rendered":"<h2><span style=\"font-size: 110%; font-family: tahoma, arial, helvetica, sans-serif;\">Desincrustador electr\u00f3nico Scalewatcher 3 STAR recomendado por la Universidad de Portsmouth<\/span><\/h2>\n<p><span style=\"font-size: 110%; font-family: tahoma, arial, helvetica, sans-serif;\">El resultado de la prueba en condiciones reales de trabajo es el siguiente:<strong> Scalewatcher tiene un excelente rendimiento frente al agua dura.<br \/>\n<\/strong><img decoding=\"async\" class=\"size-full wp-image-828 alignright\" src=\"\/wp-content\/uploads\/2015\/07\/universitatea_postmouth-universitatea-postmouth.gif\" alt=\"Universitatea Postmouth\" width=\"356\" height=\"102\" \/><\/span><\/p>\n<p><span style=\"font-size: 110%;\">Es ideal para casas y apartamentos de tama\u00f1o medio, as\u00ed como para piscinas. Es muy adecuado para el agua de la red p\u00fablica.<\/span><\/p>\n<p><span style=\"font-size: 110%; font-family: tahoma, arial, helvetica, sans-serif;\"><strong>Scalewatcher 3 ESTRELLAS <\/strong>es un equipo de acondicionamiento del agua probado y testado para <strong>control de la dureza del agua<\/strong>. Reduzca los dep\u00f3sitos existentes, reduzca los costes de mantenimiento, ahorre su dinero.<\/span><br \/>\n<span style=\"font-size: 110%; font-family: tahoma, arial, helvetica, sans-serif;\"><br \/>\n- Instalaci\u00f3n f\u00e1cil y sencilla<\/span><br \/>\n<span style=\"font-size: 110%; font-family: tahoma, arial, helvetica, sans-serif;\"> - Apto para todo tipo de tuber\u00edas<\/span><br \/>\n<span style=\"font-size: 110%; font-family: tahoma, arial, helvetica, sans-serif;\"> - No elimina ni introduce productos qu\u00edmicos en el agua<\/span><br \/>\n<span style=\"font-size: 110%; font-family: tahoma, arial, helvetica, sans-serif;\"><br \/>\nUna sola unidad montada en la tuber\u00eda principal de agua proteger\u00e1 toda la casa por un coste de funcionamiento de entre 20 y 25 lei al a\u00f1o.<\/span><\/p>\n<p><span style=\"font-size: 110%;\"><strong>Diga adi\u00f3s a los dep\u00f3sitos de cal<\/strong>El vapor de agua, los dep\u00f3sitos que se forman en la caldera y en el interior de las tuber\u00edas. Scalewatcher 3 STAR se adapta a la mayor\u00eda de las tuber\u00edas. La instalaci\u00f3n es sencilla, en menos de media hora est\u00e1 listo.<\/span><\/p>\n<h3><span style=\"font-size: 110%; font-family: tahoma, arial, helvetica, sans-serif;\"><br \/>\n\u00bfPor qu\u00e9 comprar el desincrustador electr\u00f3nico Scalewatcher 3 STAR?<\/span><\/h3>\n<p><span style=\"font-size: 110%; font-family: tahoma, arial, helvetica, sans-serif;\"> - Ahorrar\u00e1 dinero porque ahorrar\u00e1 la energ\u00eda que se pierde debido a los dep\u00f3sitos de cal y a la reducci\u00f3n de la transferencia de calor.<\/span><br \/>\n<span style=\"font-size: 110%; font-family: tahoma, arial, helvetica, sans-serif;\"> - Compruebe si hay dep\u00f3sitos de cal en la caldera, el calentador de agua y las bater\u00edas de agua. <\/span><br \/>\n<span style=\"font-size: 110%; font-family: tahoma, arial, helvetica, sans-serif;\"> - Su lavadora durar\u00e1 m\u00e1s, al igual que su cafetera, su taza de hervir y cualquier otro calentador de agua.<\/span><\/p>\n<h3><span style=\"font-size: 110%; font-family: tahoma, arial, helvetica, sans-serif;\"><br \/>\nGarant\u00eda de que el Scalewatcher 3 STAR electr\u00f3nico tiene el efecto prometido<\/span><\/h3>\n<p><span style=\"font-size: 110%; font-family: tahoma, arial, helvetica, sans-serif;\"> Scalewatcher funciona y queremos asegurarnos de que funciona para usted. El prop\u00f3sito de este tipo de garant\u00eda es uno, su satisfacci\u00f3n.<\/span><\/p>\n<p><span style=\"font-size: 110%;\"><span style=\"font-family: tahoma, arial, helvetica, sans-serif;\"><br \/>\n<\/span> <span style=\"font-family: tahoma, arial, helvetica, sans-serif;\"> <img decoding=\"async\" class=\"size-full wp-image-83570 alignleft\" src=\"https:\/\/azura.ro\/wp-content\/uploads\/2015\/07\/10-ani-garantie.png\" alt=\"\" width=\"144\" height=\"184\" \/>Garantizamos que <strong>Scalewatcher tambi\u00e9n te servir\u00e1<\/strong>. Si despu\u00e9s de seis meses no est\u00e1 satisfecho con el rendimiento del sistema (funcionamiento continuo), p\u00f3ngase en contacto con nosotros en un plazo de 30 d\u00edas tras el periodo de prueba y utilizaci\u00f3n (los 6 meses). Si no podemos resolver el problema con el que no est\u00e1 satisfecho, se le reembolsar\u00e1 la totalidad de su dinero despu\u00e9s de que nos devuelva el equipo.<\/span><\/span><\/p>\n<p><span style=\"font-size: 110%;\">Se recomienda utilizar el Scalewatcher durante un m\u00ednimo de 6 meses para conseguir un excelente efecto de tratamiento del agua. Cuanto m\u00e1s cal haya depositada en la instalaci\u00f3n, mayor deber\u00e1 ser el periodo de uso, hasta conseguir los resultados esperados.<\/span><br \/>\n<span style=\"font-size: 110%; font-family: tahoma, arial, helvetica, sans-serif;\"><br \/>\n<strong>Garant\u00eda del producto<\/strong><br \/>\n<\/span><br \/>\n<span style=\"font-size: 110%; font-family: tahoma, arial, helvetica, sans-serif;\"> El periodo de garant\u00eda es de 10 a\u00f1os a partir de la fecha de compra. En caso de que el Scalewatcher no funcione correctamente, el LED rojo dejar\u00e1 de iluminarse. En este caso, deber\u00e1 enviarnos el dispositivo para su sustituci\u00f3n o reparaci\u00f3n.<\/span><\/p>\n<h3><span style=\"font-size: 110%;\"> <strong><span style=\"font-family: tahoma, arial, helvetica, sans-serif;\"><br \/>\n<\/span><\/strong><span style=\"font-family: tahoma, arial, helvetica, sans-serif;\">\u00bfC\u00f3mo funciona el desincrustador electr\u00f3nico Scalewatcher 3 STAR?<\/span><\/span><\/h3>\n<p><span style=\"font-size: 110%;\"> <span style=\"font-family: tahoma, arial, helvetica, sans-serif;\">El principio del acondicionamiento del agua no es nuevo. La primera patente con esta tecnolog\u00eda es v\u00e1lida desde principios de siglo.<\/span><\/span><\/p>\n<p><span style=\"font-size: 110%;\"><span style=\"font-family: tahoma, arial, helvetica, sans-serif;\"><a href=\"https:\/\/azura.ro\/es\/?attachment_id=11131#main\" rel=\"attachment wp-att-11131\"><img decoding=\"async\" class=\"size-full wp-image-11131 alignright\" src=\"https:\/\/azura.ro\/wp-content\/uploads\/2015\/07\/Scalewacher_functionare_grafica.jpg\" alt=\"\" width=\"374\" height=\"270\" srcset=\"https:\/\/azura.ro\/wp-content\/uploads\/2015\/07\/Scalewacher_functionare_grafica.jpg 374w, https:\/\/azura.ro\/wp-content\/uploads\/2015\/07\/Scalewacher_functionare_grafica-300x217.jpg 300w\" sizes=\"(max-width: 374px) 100vw, 374px\" \/><\/a><\/span><\/span><br \/>\n<span style=\"font-size: 110%; font-family: tahoma, arial, helvetica, sans-serif;\"> <strong>Scalewatcher es un dispositivo electr\u00f3nico<\/strong> que env\u00eda se\u00f1ales inform\u00e1ticas que tienen la capacidad de cambiar las propiedades de la cal, deteniendo los dep\u00f3sitos duros. Al formar una bobina alrededor de su tuber\u00eda se forma un campo electr\u00f3nico que cambia las propiedades f\u00edsicas de la cal. Esto cambia los cristales de cal para que ya no puedan adherirse a las tuber\u00edas. <\/span><br \/>\n<span style=\"font-size: 110%; font-family: tahoma, arial, helvetica, sans-serif;\"><br \/>\n<strong>El agua ya no crear\u00e1 dep\u00f3sitos calc\u00e1reos<\/strong>De hecho, disolver\u00e1 incluso los dep\u00f3sitos existentes, por lo que, con el tiempo, Scalewatcher limpiar\u00e1 paso a paso toda la instalaci\u00f3n.<\/span><br \/>\n<span style=\"font-size: 110%; font-family: tahoma, arial, helvetica, sans-serif;\"><br \/>\n<strong>Scalewatcher 3 ESTRELLAS<\/strong> funciona en todo tipo de tuber\u00edas de hasta 28 mm de di\u00e1metro. Una vez instalado, \u00a1no necesita mantenimiento!<\/span><\/p>\n<h3><span style=\"font-size: 110%;\">Especificaciones t\u00e9cnicas descalcificador electr\u00f3nico Scalewatcher 3 STAR<\/span><\/h3>\n<p><span style=\"font-size: 110%;\">Alimentaci\u00f3n: 110-240 V CA, \u00b1 10 %, 50\/60<\/span><br \/>\n<span style=\"font-size: 110%;\"> Cable de se\u00f1al: 1 mm2\/18 AWG<\/span><br \/>\n<span style=\"font-size: 110%;\"> Temperatura m\u00e1xima del cable enfundado: 80 \u00baC (176 \u00baF)<\/span><br \/>\n<span style=\"font-size: 110%;\"> Posibilidad de agrupaci\u00f3n de cables: un cable con doble capa o en serie<\/span><br \/>\n<span style=\"font-size: 110%;\"> Material de la carcasa: Poliesterol<\/span><br \/>\n<span style=\"font-size: 110%;\"> Temperatura ambiente m\u00e1xima: 50 \u00baC (122 \u00baF)<\/span><br \/>\n<span style=\"font-size: 110%;\"> Temperatura ambiente m\u00ednima: 14 \u00baF (-10 \u00baC)<\/span><br \/>\n<span style=\"font-size: 110%;\"> Protecci\u00f3n: NEMA5\/IP54<\/span><br \/>\n<span style=\"font-size: 110%;\"> Peso sin embalaje: 570 Ggr.<\/span><br \/>\n<span style=\"font-size: 110%;\"> Peso con embalaje: 1 Kg.<\/span><br \/>\n<span style=\"font-size: 110%;\"> Dimensiune fara ambalaj: 5.7\u201dx3.4\u201dx2\u201d (25.5&#215;23.6&#215;6.5 cm)<\/span><br \/>\n<span style=\"font-size: 110%;\"> Dimensiune cu ambalaj: 10\u201dx9.3\u201dx2.6\u201d (236 x133 x50 mm)<\/span><\/p>","protected":false},"excerpt":{"rendered":"<p><span style=\"font-family: tahoma, arial, helvetica, sans-serif; font-size: 105%;\">Una soluci\u00f3n sencilla para el agua dura Le garantizamos que funciona y le devolvemos su dinero. Patentado en EE.UU. y Europa! 27 a\u00f1os de experiencia!\u00a0<\/span><\/p>\n<p><span style=\"font-family: tahoma, arial, helvetica, sans-serif; font-size: 100%;\"><a href=\"https:\/\/azura.ro\/es\/100-30-dias-de-garantia-de-devolucion\/\"><img decoding=\"async\" class=\"alignnone wp-image-7307\" src=\"https:\/\/azura.ro\/wp-content\/uploads\/2016\/06\/Garantie-retur.png\" alt=\"100 d\u00edas de garant\u00eda de devoluci\u00f3n\" width=\"102\" height=\"124\" \/><\/a><a href=\"https:\/\/azura.ro\/es\/10-ani-garantie\/\" target=\"_blank\" rel=\"noopener\"><img decoding=\"async\" class=\"alignnone wp-image-7308\" src=\"https:\/\/azura.ro\/wp-content\/uploads\/2016\/06\/Service.png\" alt=\"Ofrecemos servicio 7 d\u00edas a la semana\" width=\"119\" height=\"119\" srcset=\"https:\/\/azura.ro\/wp-content\/uploads\/2016\/06\/Service.png 189w, https:\/\/azura.ro\/wp-content\/uploads\/2016\/06\/Service-100x100.png 100w, https:\/\/azura.ro\/wp-content\/uploads\/2016\/06\/Service-150x150.png 150w\" sizes=\"(max-width: 119px) 100vw, 119px\" \/><img decoding=\"async\" class=\"alignnone wp-image-83570\" src=\"https:\/\/azura.ro\/wp-content\/uploads\/2015\/07\/10-ani-garantie.png\" alt=\"\" width=\"104\" height=\"133\" \/><\/a><\/span><\/p>\n<p><span style=\"font-family: tahoma, arial, helvetica, sans-serif; font-size: 100%;\"><a href=\"https:\/\/azura.ro\/es\/100-30-dias-de-garantia-de-devolucion\/\" target=\"_blank\" rel=\"noopener noreferrer\">Ofrecemos una garant\u00eda de satisfacci\u00f3n con una pol\u00edtica de devoluci\u00f3n de 7 meses;<\/a><\/span><br \/>\n<span style=\"font-family: tahoma, arial, helvetica, sans-serif; font-size: 100%;\">O<a href=\"https:\/\/azura.ro\/es\/service\/\" target=\"_blank\" rel=\"noopener noreferrer\">Prestamos servicio especializado en Ruman\u00eda \u00a1Cualquier problema t\u00e9cnico se resuelve en Ruman\u00eda!<br \/>\n<\/a><a href=\"https:\/\/azura.ro\/es\/10-ani-garantie\/\" target=\"_blank\" rel=\"noopener noreferrer\">Ofrecemos 10 a\u00f1os de garant\u00eda contra defectos de fabricaci\u00f3n<\/a><a href=\"https:\/\/azura.ro\/es\/3-anos-de-garantia\/\" target=\"_blank\" rel=\"noopener noreferrer\">;<\/a><\/span><\/p>\n<p><span style=\"font-size: 85%;\" data-nosnippet=\"true\"><i>El precio de venta del AEE incluye el valor del coste del \"sello verde<u>seg\u00fan GEO 5\/2015<\/u><\/i><\/span><\/p>","protected":false},"featured_media":68349,"comment_status":"open","ping_status":"closed","template":"","meta":{"_seopress_robots_primary_cat":"none","_seopress_titles_title":"","_seopress_titles_desc":"APARAT ANTICALCAR SCALEWATCHER 3 STAR. DEDURIZARE FARA SARE! CEL MAI BUN PRET!","_seopress_robots_index":""},"product_brand":[],"product_cat":[90],"product_tag":[634,571,572,573],"class_list":{"0":"post-831","1":"product","2":"type-product","3":"status-publish","4":"has-post-thumbnail","6":"product_cat-dispozitive-electronice-anticalcar","7":"product_tag-3-star","8":"product_tag-anticalcar","9":"product_tag-dedurizare-fara-sare","10":"product_tag-dedurizator-fara-sare","11":"pa_amplasare-conductaprincipala","12":"pa_brand-scalewatcher","14":"first","15":"instock","16":"featured","17":"taxable","18":"shipping-taxable","19":"purchasable","20":"product-type-simple"},"_links":{"self":[{"href":"https:\/\/azura.ro\/es\/wp-json\/wp\/v2\/product\/831","targetHints":{"allow":["GET"]}}],"collection":[{"href":"https:\/\/azura.ro\/es\/wp-json\/wp\/v2\/product"}],"about":[{"href":"https:\/\/azura.ro\/es\/wp-json\/wp\/v2\/types\/product"}],"replies":[{"embeddable":true,"href":"https:\/\/azura.ro\/es\/wp-json\/wp\/v2\/comments?post=831"}],"wp:featuredmedia":[{"embeddable":true,"href":"https:\/\/azura.ro\/es\/wp-json\/wp\/v2\/media\/68349"}],"wp:attachment":[{"href":"https:\/\/azura.ro\/es\/wp-json\/wp\/v2\/media?parent=831"}],"wp:term":[{"taxonomy":"product_brand","embeddable":true,"href":"https:\/\/azura.ro\/es\/wp-json\/wp\/v2\/product_brand?post=831"},{"taxonomy":"product_cat","embeddable":true,"href":"https:\/\/azura.ro\/es\/wp-json\/wp\/v2\/product_cat?post=831"},{"taxonomy":"product_tag","embeddable":true,"href":"https:\/\/azura.ro\/es\/wp-json\/wp\/v2\/product_tag?post=831"}],"curies":[{"name":"wp","href":"https:\/\/api.w.org\/{rel}","templated":true}]}}