{"id":836,"date":"2015-07-07T21:46:31","date_gmt":"2015-07-07T19:46:31","guid":{"rendered":"http:\/\/dev02.websynapse.ro\/product\/aparat-electronic-anticalcar-scalewatcher-4-star\/"},"modified":"2026-03-03T12:40:04","modified_gmt":"2026-03-03T10:40:04","slug":"aparat-electronic-anticalcar-scalewatcher-4-star","status":"publish","type":"product","link":"https:\/\/azura.ro\/es\/produs\/aparat-electronic-anticalcar-scalewatcher-4-star\/","title":{"rendered":"SCALEWATCHER 4 ESTRELLAS ANTI-CALIBRADO ELECTR\u00d3NICO SCALEWATCHER"},"content":{"rendered":"<h2><span style=\"font-family: tahoma, arial, helvetica, sans-serif; font-size: 110%;\">Aparat electronic anticalcar Scalewatcher 4 STAR ce este recomandat de catre Universitatea Portsmouth<\/span><\/h2>\n<p><span style=\"font-family: tahoma, arial, helvetica, sans-serif; font-size: 110%;\">Rezultatul testului in conditii reale de lucru, este urmatorul:<strong> Scalewatcher tiene un excelente rendimiento frente al agua dura.<br \/>\n<\/strong><img decoding=\"async\" class=\"size-full wp-image-833 alignright\" src=\"\/wp-content\/uploads\/2015\/07\/universitatea_postmouth-universitatea-postmouth.gif\" alt=\"Universitatea Postmouth\" width=\"356\" height=\"102\" \/><\/span><\/p>\n<p><span style=\"font-size: 110%;\">Este ideal pentru utilizarea cu case si apartamente mari, precum si pentru piscine. Este potrivit atat pentru apa din reteaua publica cat si pentru apa de foraj\/put.<\/span><\/p>\n<p><span style=\"font-family: tahoma, arial, helvetica, sans-serif; font-size: 110%;\"><strong>Scalewatcher 4\u00a0 STAR <\/strong>es un equipo de acondicionamiento del agua probado y testado para <strong>control de la dureza del agua<\/strong>. Reduzca los dep\u00f3sitos existentes, reduzca los costes de mantenimiento, ahorre su dinero.<\/span><br \/>\n<span style=\"font-family: tahoma, arial, helvetica, sans-serif; font-size: 110%;\"><br \/>\n- Instalaci\u00f3n f\u00e1cil y sencilla<\/span><br \/>\n<span style=\"font-family: tahoma, arial, helvetica, sans-serif; font-size: 110%;\"> - Apto para todo tipo de tuber\u00edas<\/span><br \/>\n<span style=\"font-family: tahoma, arial, helvetica, sans-serif; font-size: 110%;\"> &#8211; Nu scoate si nu introduce chimicale din si in apa<\/span><br \/>\n<span style=\"font-family: tahoma, arial, helvetica, sans-serif; font-size: 110%;\"><br \/>\nUna sola unidad montada en la tuber\u00eda principal de agua proteger\u00e1 toda la casa por un coste de funcionamiento de entre 20 y 25 lei al a\u00f1o.<\/span><\/p>\n<p><span style=\"font-size: 110%;\"><strong>Diga adi\u00f3s a los dep\u00f3sitos de cal<\/strong>, depunerilor ce se formeaza in boiler si in interiorul conductelor. Scalewatcher se potriveste pe majoritatea conductelor. Instalarea este simpla, in mai putin de jumatate de ora sunteti gata.<\/span><\/p>\n<h2><span style=\"font-family: tahoma, arial, helvetica, sans-serif; font-size: 110%;\">De ce sa cumperi aparatul electronic anticalcar Scalewatcher 4 STAR?<\/span><\/h2>\n<p><span style=\"font-family: tahoma, arial, helvetica, sans-serif; font-size: 110%;\"> - Ahorrar\u00e1 dinero porque ahorrar\u00e1 la energ\u00eda que se pierde debido a los dep\u00f3sitos de cal y a la reducci\u00f3n de la transferencia de calor.<\/span><br \/>\n<span style=\"font-family: tahoma, arial, helvetica, sans-serif; font-size: 110%;\"> - Compruebe si hay dep\u00f3sitos de cal en la caldera, el calentador de agua y las bater\u00edas de agua. <\/span><br \/>\n<span style=\"font-family: tahoma, arial, helvetica, sans-serif; font-size: 110%;\"> - Su lavadora durar\u00e1 m\u00e1s, al igual que su cafetera, su taza de hervir y cualquier otro calentador de agua.<\/span><\/p>\n<h3><span style=\"font-family: tahoma, arial, helvetica, sans-serif; font-size: 110%;\"><br \/>\nGarantia ca aparatul electronic anticalcar\u00a0 Scalewatcher\u00a0 4\u00a0 STAR are efectul promis<\/span><\/h3>\n<p><span style=\"font-family: tahoma, arial, helvetica, sans-serif; font-size: 110%;\"> Scalewatcher funciona y queremos asegurarnos de que funciona para usted. El prop\u00f3sito de este tipo de garant\u00eda es uno, su satisfacci\u00f3n.<br \/>\n<\/span><\/p>\n<p><img decoding=\"async\" class=\"alignleft wp-image-83570 size-full\" src=\"https:\/\/azura.ro\/wp-content\/uploads\/2015\/07\/10-ani-garantie.png\" alt=\"\" width=\"144\" height=\"184\" \/><\/p>\n<p><span style=\"font-family: tahoma, arial, helvetica, sans-serif; font-size: 110%;\">Garantizamos que <strong>Scalewatcher tambi\u00e9n te servir\u00e1<\/strong>. Si despu\u00e9s de seis meses no est\u00e1 satisfecho con el rendimiento del sistema (funcionamiento continuo), p\u00f3ngase en contacto con nosotros en un plazo de 30 d\u00edas tras el periodo de prueba y utilizaci\u00f3n (los 6 meses). Si no podemos resolver el problema con el que no est\u00e1 satisfecho, se le reembolsar\u00e1 la totalidad de su dinero despu\u00e9s de que nos devuelva el equipo.<\/span><\/p>\n<p><span style=\"font-size: 110%;\">Este recomandata o utilizare de minim 6 luni de zile pentru ca efectul tratarii apei cu Scalewatcher sa fie excelent. Cu cat exista mai mult calcar depus in instalatie, cu atat perioada de utilizare trebuie sa fie mai mare, pana la rezultatele asteptate.<\/span><br \/>\n<span style=\"font-family: tahoma, arial, helvetica, sans-serif; font-size: 110%;\"><br \/>\n<strong>Garant\u00eda del producto<\/strong><br \/>\n<\/span><br \/>\n<span style=\"font-family: tahoma, arial, helvetica, sans-serif; font-size: 110%;\"> El periodo de garant\u00eda es de 10 a\u00f1os a partir de la fecha de compra. En caso de que el Scalewatcher no funcione correctamente, el LED rojo dejar\u00e1 de iluminarse. En este caso, deber\u00e1 enviarnos el dispositivo para su sustituci\u00f3n o reparaci\u00f3n.<\/span><\/p>\n<h3><span style=\"font-size: 110%;\"><strong><span style=\"font-family: tahoma, arial, helvetica, sans-serif;\"><br \/>\n<\/span><\/strong><span style=\"font-family: tahoma, arial, helvetica, sans-serif;\">Cum functioneaza aparatul electronic anticalcar Scalewatcher 4 STAR?<\/span><\/span><\/h3>\n<p><span style=\"font-size: 110%;\"><strong><span style=\"font-family: tahoma, arial, helvetica, sans-serif;\"><br \/>\n<\/span><\/strong><\/span><br \/>\n<span style=\"font-family: tahoma, arial, helvetica, sans-serif; font-size: 110%;\">El principio del acondicionamiento del agua no es nuevo. La primera patente con esta tecnolog\u00eda es v\u00e1lida desde principios de siglo.<\/span><\/p>\n<p><span style=\"font-size: 110%;\"><a href=\"https:\/\/azura.ro\/es\/?attachment_id=11131#main\" rel=\"attachment wp-att-11131\"><img decoding=\"async\" class=\"size-full wp-image-11131 alignright\" src=\"https:\/\/azura.ro\/wp-content\/uploads\/2015\/07\/Scalewacher_functionare_grafica.jpg\" alt=\"\" width=\"374\" height=\"270\" srcset=\"https:\/\/azura.ro\/wp-content\/uploads\/2015\/07\/Scalewacher_functionare_grafica.jpg 374w, https:\/\/azura.ro\/wp-content\/uploads\/2015\/07\/Scalewacher_functionare_grafica-300x217.jpg 300w\" sizes=\"(max-width: 374px) 100vw, 374px\" \/><\/a><\/span><br \/>\n<span style=\"font-size: 110%;\"><span style=\"font-family: tahoma, arial, helvetica, sans-serif;\">\u00a0Scalewatcher este un dispozitiv electronic ce trimite semnale computerizate care au capacitatea sa schimbe proprietatile calcarului, stopand depunerile dure. Prin formarea unuie bobine un jurul conductei dvs. se formeaza un camp electronic care modifica proprietatile fizice ale calcarului. Se modifica in acest fel cristalele de calcar si in acest fel nu se mai pot agata de conducte.<br \/>\n<\/span><span style=\"font-family: tahoma, arial, helvetica, sans-serif;\"><br \/>\n<strong>Apa nu va mai produce depozite de calcar<\/strong>, de fapt va dizolva chiar si din depunerile existente, deci in timp, Scalewatcher va curata pas cu pas intreaga instalatie.<\/span><\/span><br \/>\n<span style=\"font-family: tahoma, arial, helvetica, sans-serif; font-size: 110%;\"><br \/>\n<strong>Scalewatcher 4 STAR<\/strong> functioneaza pe toate tipurile de conducte cu diamentrul de pana la 40 mm. Odata ce este instalat, nu mai este nevoie de mentenanta!<\/span><\/p>\n<h3><span style=\"font-size: 110%;\">Specificatii tehnice aparat electronic anticalcar Scalewatcher 4 STAR:<\/span><\/h3>\n<p><span style=\"font-size: 110%;\">Alimentare: 110-240 V AC, \u00b1 10 %, 50\/60 Hz<\/span><br \/>\n<span style=\"font-size: 110%;\">Cable de se\u00f1al: 1 mm2\/18 AWG<\/span><br \/>\n<span style=\"font-size: 110%;\">Temperatura m\u00e1xima del cable enfundado: 80 \u00baC (176 \u00baF)<\/span><br \/>\n<span style=\"font-size: 110%;\">Posibilidad de agrupaci\u00f3n de cables: un cable con doble capa o en serie<\/span><br \/>\n<span style=\"font-size: 110%;\">Material de la carcasa: Poliesterol<\/span><br \/>\n<span style=\"font-size: 110%;\">Temperatura ambiente m\u00e1xima: 50 \u00baC (122 \u00baF)<\/span><br \/>\n<span style=\"font-size: 110%;\">Temperatura ambiente m\u00ednima: 14 \u00baF (-10 \u00baC)<\/span><br \/>\n<span style=\"font-size: 110%;\">Protecci\u00f3n: NEMA5\/IP54<\/span><br \/>\n<span style=\"font-size: 110%;\">Greutate fara ambalaj: 0.5 Kg.<\/span><br \/>\n<span style=\"font-size: 110%;\">Greutate cu ambalaj: 1.2 Kg.<\/span><br \/>\n<span style=\"font-size: 110%;\">Dimensiune fara ambalaj: 8.3\u201dx4.1\u201dx2.6\u201d (210x105x65 mm)<\/span><br \/>\n<span style=\"font-size: 110%;\">Dimensiune cu ambalaj: 9.6\u201dx7\u201dx3.5\u201d (245 x120 x90 mm)<\/span><\/p>","protected":false},"excerpt":{"rendered":"<p><span style=\"font-family: tahoma, arial, helvetica, sans-serif; font-size: 105%;\">Una soluci\u00f3n sencilla para el agua dura Le garantizamos que funciona y le devolvemos su dinero. Patentado en EE.UU. y Europa! 27 a\u00f1os de experiencia!\u00a0<\/span><\/p>\n<p><span style=\"font-family: tahoma, arial, helvetica, sans-serif; font-size: 100%;\"><a href=\"https:\/\/azura.ro\/es\/100-30-dias-de-garantia-de-devolucion\/\"><img decoding=\"async\" class=\"alignnone wp-image-7307\" src=\"https:\/\/azura.ro\/wp-content\/uploads\/2016\/06\/Garantie-retur.png\" alt=\"100 d\u00edas de garant\u00eda de devoluci\u00f3n\" width=\"102\" height=\"124\" \/><\/a><a href=\"https:\/\/azura.ro\/es\/10-ani-garantie\/\" target=\"_blank\" rel=\"noopener\"><img decoding=\"async\" class=\"alignnone wp-image-7308\" src=\"https:\/\/azura.ro\/wp-content\/uploads\/2016\/06\/Service.png\" alt=\"Ofrecemos servicio 7 d\u00edas a la semana\" width=\"119\" height=\"119\" srcset=\"https:\/\/azura.ro\/wp-content\/uploads\/2016\/06\/Service.png 189w, https:\/\/azura.ro\/wp-content\/uploads\/2016\/06\/Service-100x100.png 100w, https:\/\/azura.ro\/wp-content\/uploads\/2016\/06\/Service-150x150.png 150w\" sizes=\"(max-width: 119px) 100vw, 119px\" \/><img decoding=\"async\" class=\"alignnone wp-image-83570\" src=\"https:\/\/azura.ro\/wp-content\/uploads\/2015\/07\/10-ani-garantie.png\" alt=\"\" width=\"99\" height=\"126\" \/><\/a><\/span><\/p>\n<p><span style=\"font-family: tahoma, arial, helvetica, sans-serif; font-size: 100%;\"><a href=\"https:\/\/azura.ro\/es\/100-30-dias-de-garantia-de-devolucion\/\" target=\"_blank\" rel=\"noopener noreferrer\">Ofrecemos una garant\u00eda de satisfacci\u00f3n con una pol\u00edtica de devoluci\u00f3n de 7 meses;<\/a><\/span><br \/>\n<span style=\"font-family: tahoma, arial, helvetica, sans-serif; font-size: 100%;\">O<a href=\"https:\/\/azura.ro\/es\/service\/\" target=\"_blank\" rel=\"noopener noreferrer\">Prestamos servicio especializado en Ruman\u00eda \u00a1Cualquier problema t\u00e9cnico se resuelve en Ruman\u00eda!<br \/>\n<\/a><a href=\"https:\/\/azura.ro\/es\/10-ani-garantie\/\" target=\"_blank\" rel=\"noopener noreferrer\">Ofrecemos 10 a\u00f1os de garant\u00eda contra defectos de fabricaci\u00f3n<\/a><a href=\"https:\/\/azura.ro\/es\/3-anos-de-garantia\/\" target=\"_blank\" rel=\"noopener noreferrer\">;<\/a><\/span><\/p>\n<p><span style=\"font-size: 85%;\" data-nosnippet=\"true\"><i>El precio de venta del AEE incluye el valor del coste del \"sello verde<u>seg\u00fan GEO 5\/2015<\/u><\/i><\/span><\/p>","protected":false},"featured_media":68356,"comment_status":"open","ping_status":"closed","template":"","meta":{"_seopress_robots_primary_cat":"none","_seopress_titles_title":"","_seopress_titles_desc":"APARAT ELECTRONIC ANTICALCAR SCALEWATCHER 4 STAR. DEDURIZARE FARA SARE! CEL MAI BUN PRET! Recomandat de Universitatea Portsmouth!","_seopress_robots_index":""},"product_brand":[],"product_cat":[90],"product_tag":[846,571,572,573,1019],"class_list":{"0":"post-836","1":"product","2":"type-product","3":"status-publish","4":"has-post-thumbnail","6":"product_cat-dispozitive-electronice-anticalcar","7":"product_tag-4-star","8":"product_tag-anticalcar","9":"product_tag-dedurizare-fara-sare","10":"product_tag-dedurizator-fara-sare","11":"product_tag-scalewatcher","12":"pa_amplasare-conductaprincipala","13":"pa_brand-scalewatcher","15":"first","16":"instock","17":"featured","18":"taxable","19":"shipping-taxable","20":"purchasable","21":"product-type-simple"},"_links":{"self":[{"href":"https:\/\/azura.ro\/es\/wp-json\/wp\/v2\/product\/836","targetHints":{"allow":["GET"]}}],"collection":[{"href":"https:\/\/azura.ro\/es\/wp-json\/wp\/v2\/product"}],"about":[{"href":"https:\/\/azura.ro\/es\/wp-json\/wp\/v2\/types\/product"}],"replies":[{"embeddable":true,"href":"https:\/\/azura.ro\/es\/wp-json\/wp\/v2\/comments?post=836"}],"wp:featuredmedia":[{"embeddable":true,"href":"https:\/\/azura.ro\/es\/wp-json\/wp\/v2\/media\/68356"}],"wp:attachment":[{"href":"https:\/\/azura.ro\/es\/wp-json\/wp\/v2\/media?parent=836"}],"wp:term":[{"taxonomy":"product_brand","embeddable":true,"href":"https:\/\/azura.ro\/es\/wp-json\/wp\/v2\/product_brand?post=836"},{"taxonomy":"product_cat","embeddable":true,"href":"https:\/\/azura.ro\/es\/wp-json\/wp\/v2\/product_cat?post=836"},{"taxonomy":"product_tag","embeddable":true,"href":"https:\/\/azura.ro\/es\/wp-json\/wp\/v2\/product_tag?post=836"}],"curies":[{"name":"wp","href":"https:\/\/api.w.org\/{rel}","templated":true}]}}