{"id":85678,"date":"2025-02-25T21:40:51","date_gmt":"2025-02-25T19:40:51","guid":{"rendered":"https:\/\/azura.ro\/?post_type=product&#038;p=85678"},"modified":"2025-08-04T21:12:09","modified_gmt":"2025-08-04T18:12:09","slug":"deposito-graduado-para-productos-quimicos-o-cloro-133-litros-gr","status":"publish","type":"product","link":"https:\/\/azura.ro\/es\/produs\/rezervor-gradat-chimicale-sau-clor-133-litri-gr\/","title":{"rendered":"DEP\u00d3SITO GRADUADO PARA PRODUCTOS QU\u00cdMICOS O CLORO 133 LITROS GR"},"content":{"rendered":"<h2><span style=\"font-size: 110%; font-family: tahoma, arial, helvetica, sans-serif;\">Rezervor gradat pentru chimicale sau clor, 133 litri GR<\/span><\/h2>\n<p><span style=\"font-size: 110%; font-family: tahoma, arial, helvetica, sans-serif;\">De pl\u00e1stico resistente al cloro y a una amplia gama de productos qu\u00edmicos utilizados para la dosificaci\u00f3n o el control de: cloro, pH, floculante.<\/span><\/p>\n<p>Puede utilizarse con un clorador autom\u00e1tico o una bomba dosificadora de productos qu\u00edmicos.<\/p>\n<p><span style=\"font-size: 110%; font-family: tahoma, arial, helvetica, sans-serif;\">Fabricado en Grecia<\/span><\/p>","protected":false},"excerpt":{"rendered":"<p>Rezervor gradat pentru chimicale sau clor, 133 litri GR Produs din plastic rezistent la clor si la o gama variata de chimicale utilizate pentru dozarea sau controlul: clorului, pH-ului, floculantului. Se poate utiliza impreuna cu un clorinator automat sau cu o pompa de dozare chimicale. Produs in Grecia<\/p>","protected":false},"featured_media":89500,"comment_status":"open","ping_status":"closed","template":"","meta":{"_seopress_robots_primary_cat":"none","_seopress_titles_title":"","_seopress_titles_desc":"","_seopress_robots_index":""},"product_brand":[],"product_cat":[127],"product_tag":[2023,2024],"class_list":{"0":"post-85678","1":"product","2":"type-product","3":"status-publish","4":"has-post-thumbnail","6":"product_cat-dozare-chimicale","7":"product_tag-rezervor-chimicale-133-litri","8":"product_tag-rezervor-clor-133-litri","10":"first","11":"outofstock","12":"sale","13":"taxable","14":"shipping-taxable","15":"purchasable","16":"product-type-simple"},"_links":{"self":[{"href":"https:\/\/azura.ro\/es\/wp-json\/wp\/v2\/product\/85678","targetHints":{"allow":["GET"]}}],"collection":[{"href":"https:\/\/azura.ro\/es\/wp-json\/wp\/v2\/product"}],"about":[{"href":"https:\/\/azura.ro\/es\/wp-json\/wp\/v2\/types\/product"}],"replies":[{"embeddable":true,"href":"https:\/\/azura.ro\/es\/wp-json\/wp\/v2\/comments?post=85678"}],"wp:featuredmedia":[{"embeddable":true,"href":"https:\/\/azura.ro\/es\/wp-json\/wp\/v2\/media\/89500"}],"wp:attachment":[{"href":"https:\/\/azura.ro\/es\/wp-json\/wp\/v2\/media?parent=85678"}],"wp:term":[{"taxonomy":"product_brand","embeddable":true,"href":"https:\/\/azura.ro\/es\/wp-json\/wp\/v2\/product_brand?post=85678"},{"taxonomy":"product_cat","embeddable":true,"href":"https:\/\/azura.ro\/es\/wp-json\/wp\/v2\/product_cat?post=85678"},{"taxonomy":"product_tag","embeddable":true,"href":"https:\/\/azura.ro\/es\/wp-json\/wp\/v2\/product_tag?post=85678"}],"curies":[{"name":"wp","href":"https:\/\/api.w.org\/{rel}","templated":true}]}}