{"id":870,"date":"2015-08-29T21:26:14","date_gmt":"2015-08-29T19:26:14","guid":{"rendered":"http:\/\/dev02.websynapse.ro\/product\/filtru-dus-premium-azura-filters\/"},"modified":"2026-03-14T12:31:51","modified_gmt":"2026-03-14T10:31:51","slug":"azura-filters-filtro-de-ducha-premium","status":"publish","type":"product","link":"https:\/\/azura.ro\/es\/produs\/filtru-dus-premium-azura-filters\/","title":{"rendered":"FILTRO DE DUCHA PREMIUM - AZURA FILTERS"},"content":{"rendered":"<h2><span style=\"font-size: 110%; font-family: tahoma, arial, helvetica, sans-serif; color: #333333;\">FILTRO EN POLVO PREMIUM - AZURA FILTROS incorpora las m\u00e1s avanzadas tecnolog\u00edas de filtraci\u00f3n: <em>Carb\u00f3n activo granulado plateado Biocera Ag y Biocera RC y KDF 55 - todos los medios filtrantes cuentan con la certificaci\u00f3n NSF.<\/em><\/span><\/h2>\n<p><span style=\"font-size: 110%; font-family: tahoma, arial, helvetica, sans-serif; color: #333333;\">Es un filtro totalmente met\u00e1lico y cromado, elegante y compacto.<img decoding=\"async\" class=\"alignright wp-image-16080\" src=\"https:\/\/azura.ro\/wp-content\/uploads\/2015\/08\/FILTRU-DUS-PREMIUM-AZURA-FILTERS.png\" alt=\"\" width=\"310\" height=\"463\" srcset=\"https:\/\/azura.ro\/wp-content\/uploads\/2015\/08\/FILTRU-DUS-PREMIUM-AZURA-FILTERS.png 642w, https:\/\/azura.ro\/wp-content\/uploads\/2015\/08\/FILTRU-DUS-PREMIUM-AZURA-FILTERS-510x762.png 510w, https:\/\/azura.ro\/wp-content\/uploads\/2015\/08\/FILTRU-DUS-PREMIUM-AZURA-FILTERS-201x300.png 201w\" sizes=\"(max-width: 310px) 100vw, 310px\" \/><\/span><\/p>\n<p><span style=\"font-size: 110%; font-family: tahoma, arial, helvetica, sans-serif; color: #333333;\">Ning\u00fan otro filtro de ducha puede igualar la elegancia y el poder de filtraci\u00f3n de este filtro.<\/span><\/p>\n<p><span style=\"font-size: 110%; font-family: tahoma, arial, helvetica, sans-serif;\">Dar cel mai important lucru pe care-l face pentru tine: pielea va fi mai catifelata iar parul mai moale. In plus este foarte eficient in ajutarea diferitelor tratamente dermatologice: iritatii ale pielii, eczeme, mancarimi ale pielii uscate, matreata etc.<\/span><\/p>\n<p><span style=\"font-size: 110%; font-family: tahoma, arial, helvetica, sans-serif; color: #333333;\">Cumple 6 funciones principales:<br \/>\n<\/span><br \/>\n<span style=\"font-size: 110%; font-family: tahoma, arial, helvetica, sans-serif; color: #333333;\"> 1. Filtreaza grosier, mal, nisip, prin sita de inox &#8211; dar nu filtreaza apa colorata!<\/span><br \/>\n<span style=\"font-size: 110%; font-family: tahoma, arial, helvetica, sans-serif; color: #333333;\"> 2. Reduce clorul rezidual<\/span><br \/>\n<span style=\"font-size: 110%; font-family: tahoma, arial, helvetica, sans-serif; color: #333333;\"> 3. Reduce metale grele<\/span><br \/>\n<span style=\"font-size: 110%; font-family: tahoma, arial, helvetica, sans-serif; color: #333333;\"> 4. Reduce el sulfuro de hidr\u00f3geno<\/span><br \/>\n<span style=\"font-size: 110%; font-family: tahoma, arial, helvetica, sans-serif; color: #333333;\">5. Reduce depunera de calcar cu aproximativ 10%, dar nu dedurizeaza apa!<\/span><br \/>\n<span style=\"font-size: 110%; font-family: tahoma, arial, helvetica, sans-serif; color: #333333;\">6. Inhiba dezvoltarea de bacterii in interiorul filtrului.<\/span><\/p>\n<p><span style=\"font-size: 110%; font-family: tahoma, arial, helvetica, sans-serif;\">Ce NU filtreaza:<\/span><\/p>\n<ul style=\"list-style-type: disc;\">\n<li><span style=\"font-size: 110%; font-family: tahoma, arial, helvetica, sans-serif;\">Nu poate filtra apa colorata de la mal sau de la rugina<\/span><\/li>\n<li><span style=\"font-size: 110%; font-family: tahoma, arial, helvetica, sans-serif;\">Nu dedurizeaza apa. Duritatea apei ramane la acelasi nivel. Reduce totusi efectele apei dure cu aproximativ 10%.<\/span><\/li>\n<\/ul>\n<p><span style=\"font-size: 110%; font-family: tahoma, arial, helvetica, sans-serif; color: #333333;\">Acerca de los medios filtrantes <strong>del filtro de ducha PREMIUM - AZURA FILTERS<\/strong><\/span><\/p>\n<p><span style=\"font-size: 110%; font-family: tahoma, arial, helvetica, sans-serif; color: #333333;\">Contiene los siguientes medios filtrantes:<\/span><\/p>\n<ul style=\"list-style-type: disc;\">\n<li><span style=\"font-family: tahoma, arial, helvetica, sans-serif; font-size: 110%; color: #333333;\">Una capa de acero inoxidable (tamiz) para la filtraci\u00f3n mec\u00e1nica<\/span><\/li>\n<li><span style=\"font-family: tahoma, arial, helvetica, sans-serif; font-size: 110%; color: #333333;\">70% Bolas de cer\u00e1mica Biocera AG y 25% Bolas de cer\u00e1mica Biocera RC 75% - Medios con certificaci\u00f3n NSF<\/span><\/li>\n<li><span style=\"font-family: tahoma, arial, helvetica, sans-serif; font-size: 110%; color: #333333;\">30% carb\u00f3n plateado de c\u00e1scara de coco y 95% y medios KDF 5% - medios con certificaci\u00f3n NSF<\/span><br \/>\n<span style=\"font-family: tahoma, arial, helvetica, sans-serif; font-size: 110%; color: #333333;\">Otra capa de acero inoxidable (tamiz) para la filtraci\u00f3n mec\u00e1nica<\/span><\/li>\n<\/ul>\n<p><span style=\"font-size: 110%; font-family: tahoma, arial, helvetica, sans-serif; color: #333333;\">Especificaciones t\u00e9cnicas:<\/span><\/p>\n<p><span style=\"font-size: 110%; font-family: tahoma, arial, helvetica, sans-serif; color: #333333;\">Caudal recomendado: 6 litros\/minuto<\/span><br \/>\n<span style=\"font-size: 110%; font-family: tahoma, arial, helvetica, sans-serif; color: #333333;\"> Temperatura del agua: hasta 60 C<\/span><br \/>\n<span style=\"font-size: 110%; font-family: tahoma, arial, helvetica, sans-serif; color: #333333;\"> Capacidad de filtraci\u00f3n: unos 20000 litros. Depende de la calidad del agua.\u00a0<\/span><br \/>\n<span style=\"font-size: 110%; font-family: tahoma, arial, helvetica, sans-serif; color: #333333;\"> Capacidad de filtraci\u00f3n expresada en tiempo: 6 meses para 4 personas, 1 ducha\/d\u00eda.<br \/>\nLongitud sin rosca exterior: 8,4 cm<\/span><br \/>\n<span style=\"font-size: 110%; font-family: tahoma, arial, helvetica, sans-serif; color: #333333;\"> Longitud con rosca exterior: 10 cm<\/span><br \/>\n<span style=\"font-size: 110%; font-family: tahoma, arial, helvetica, sans-serif; color: #333333;\"> Di\u00e1metro: 4,6 cm<\/span><\/p>\n<p><span style=\"font-size: 110%; font-family: tahoma, arial, helvetica, sans-serif; color: #333333;\">Gu\u00eda de retrolavado del filtro inverso<\/span><\/p>\n<p><span style=\"font-size: 110%; font-family: tahoma, arial, helvetica, sans-serif; color: #333333;\">1. Si el caudal del agua de la ducha disminuye considerablemente, es posible que el filtro est\u00e9 obstruido con suciedad, sedimentos, \u00f3xido, arena, residuos, etc..;<\/span><br \/>\n<span style=\"font-size: 110%; font-family: tahoma, arial, helvetica, sans-serif; color: #333333;\"> 2. Retire el filtro de las conexiones;<\/span><br \/>\n<span style=\"font-size: 110%; font-family: tahoma, arial, helvetica, sans-serif; color: #333333;\"> 3. Dale la vuelta e inst\u00e1lalo;<\/span><br \/>\n<span style=\"font-size: 110%; font-family: tahoma, arial, helvetica, sans-serif; color: #333333;\"> 4. Enciende la ducha;<\/span><br \/>\n<span style=\"font-size: 110%; font-family: tahoma, arial, helvetica, sans-serif; color: #333333;\"> 5. Al principio el agua estar\u00e1 sucia. Abra y cierre el grifo repetidamente hasta que el agua salga limpia;<\/span><br \/>\n<span style=\"font-size: 110%; font-family: tahoma, arial, helvetica, sans-serif; color: #333333;\"> 6. Vuelva a instalar el filtro como antes;<\/span><br \/>\n<span style=\"font-size: 110%; font-family: tahoma, arial, helvetica, sans-serif; color: #333333;\"> 7. Repita el procedimiento descrito anteriormente siempre que disminuya el caudal de agua de la ducha.<\/span><\/p>\n<p><span style=\"font-size: 110%; font-family: tahoma, arial, helvetica, sans-serif; color: #333333;\">Gu\u00eda de instalaci\u00f3n:<\/span><\/p>\n<p><span style=\"font-size: 110%; font-family: tahoma, arial, helvetica, sans-serif; color: #333333;\">1. Desenrosque y retire la manguera de la ducha. La manguera debe desenroscarse de la bater\u00eda de la ba\u00f1era;<\/span><br \/>\n<span style=\"font-size: 110%; font-family: tahoma, arial, helvetica, sans-serif; color: #333333;\"> 2. Coloque el filtro de ducha entre la bater\u00eda y la manguera. S\u00f3lo puede instalarse de una manera, as\u00ed que no puedes equivocarte.<\/span><br \/>\n<span style=\"font-size: 110%; font-family: tahoma, arial, helvetica, sans-serif; color: #333333;\"> 3. Enrosque el filtro en la rosca de la bater\u00eda;<\/span><br \/>\n<span style=\"font-size: 110%; font-family: tahoma, arial, helvetica, sans-serif; color: #333333;\"> 4. Enrosque la manguera en la rosca del filtro de ducha;<\/span><br \/>\n<span style=\"font-size: 110%; font-family: tahoma, arial, helvetica, sans-serif; color: #333333;\"> 5. 5. Abra el grifo. Cuando encienda por primera vez, saldr\u00e1 agua sucia del filtro. Esto se debe a que el flujo de agua limpia el carb\u00f3n activado de polvo. Deje correr el agua por el filtro hasta que se aclare.<\/span><\/p>\n<p><span style=\"font-size: 110%; font-family: tahoma, arial, helvetica, sans-serif; color: #333333;\">\u00a1La mejor elecci\u00f3n es el filtro de ducha PREMIUM - AZURA FILTERS!<\/span><\/p>","protected":false},"excerpt":{"rendered":"<p>FILTRU DUS PREMIUM &#8211; AZURA FILTERS incorporeaza cele mai performante tehnologii de filtrare: Biocera Ag si Biocera RC carbune activat granular argintat si KDF 55 &#8211; toate mediile de filtrare fiind certificate NSF. Este un filtru complet metalic si cromat, elegant si compact. Niciun alt filtru de dus nu atinge eleganta si puterea de filtrare [&#8230;]\n","protected":false},"featured_media":63335,"comment_status":"open","ping_status":"closed","template":"","meta":{"_seopress_robots_primary_cat":"none","_seopress_titles_title":"","_seopress_titles_desc":"Cel mai performant filtru de dus! Adio piele uscata!","_seopress_robots_index":""},"product_brand":[],"product_cat":[118],"product_tag":[637],"class_list":{"0":"post-870","1":"product","2":"type-product","3":"status-publish","4":"has-post-thumbnail","6":"product_cat-filtre-apa-dus","7":"product_tag-filtru-de-dus","8":"pa_amplasare-dus","9":"pa_brand-azura-filters","11":"first","12":"instock","13":"taxable","14":"shipping-taxable","15":"purchasable","16":"product-type-simple"},"_links":{"self":[{"href":"https:\/\/azura.ro\/es\/wp-json\/wp\/v2\/product\/870","targetHints":{"allow":["GET"]}}],"collection":[{"href":"https:\/\/azura.ro\/es\/wp-json\/wp\/v2\/product"}],"about":[{"href":"https:\/\/azura.ro\/es\/wp-json\/wp\/v2\/types\/product"}],"replies":[{"embeddable":true,"href":"https:\/\/azura.ro\/es\/wp-json\/wp\/v2\/comments?post=870"}],"wp:featuredmedia":[{"embeddable":true,"href":"https:\/\/azura.ro\/es\/wp-json\/wp\/v2\/media\/63335"}],"wp:attachment":[{"href":"https:\/\/azura.ro\/es\/wp-json\/wp\/v2\/media?parent=870"}],"wp:term":[{"taxonomy":"product_brand","embeddable":true,"href":"https:\/\/azura.ro\/es\/wp-json\/wp\/v2\/product_brand?post=870"},{"taxonomy":"product_cat","embeddable":true,"href":"https:\/\/azura.ro\/es\/wp-json\/wp\/v2\/product_cat?post=870"},{"taxonomy":"product_tag","embeddable":true,"href":"https:\/\/azura.ro\/es\/wp-json\/wp\/v2\/product_tag?post=870"}],"curies":[{"name":"wp","href":"https:\/\/api.w.org\/{rel}","templated":true}]}}