{"id":872,"date":"2015-08-30T02:17:42","date_gmt":"2015-08-30T00:17:42","guid":{"rendered":"http:\/\/dev02.websynapse.ro\/product\/cartus-filtrant-filtru-dus-premium-azura-filters\/"},"modified":"2026-04-05T09:11:37","modified_gmt":"2026-04-05T06:11:37","slug":"cartucho-filtro-ducha-premium-azura-filters","status":"publish","type":"product","link":"https:\/\/azura.ro\/es\/produs\/cartus-filtrant-filtru-dus-premium-azura-filters\/","title":{"rendered":"AZURA SILVER \/ CARTUCHO FILTRANTE PREMIUM PARA DUCHA"},"content":{"rendered":"<p><span style=\"font-size: 110%; font-family: tahoma, arial, helvetica, sans-serif; color: #333333;\">Cartucho filtrante para filtro de ducha, compatible tanto con el antiguo modelo de filtro de ducha Premium como con el nuevo modelo de filtro de ducha AZURA SILVER.<\/span><\/p>\n<p><span style=\"font-size: 110%; font-family: tahoma, arial, helvetica, sans-serif; color: #333333;\">Contiene:<\/span><\/p>\n<ul style=\"list-style-type: disc;\">\n<li><span style=\"font-family: tahoma, arial, helvetica, sans-serif; font-size: 110%; color: #333333;\">Un strat din inox (sita) pentru filtrare mecanica grosiera<\/span><\/li>\n<li><span style=\"font-family: tahoma, arial, helvetica, sans-serif; font-size: 110%; color: #333333;\">70% Bolas de cer\u00e1mica Biocera AG y bolas de cer\u00e1mica Biocera RC Ball - Medios con certificaci\u00f3n NSF<\/span><\/li>\n<li><span style=\"font-family: tahoma, arial, helvetica, sans-serif; font-size: 110%; color: #333333;\">30% carb\u00f3n plateado de c\u00e1scara de coco y medios KDF - medios certificados NSF<\/span><br \/>\n<span style=\"font-family: tahoma, arial, helvetica, sans-serif; font-size: 110%; color: #333333;\">Otra capa de acero inoxidable (tamiz) para la filtraci\u00f3n mec\u00e1nica<\/span><\/li>\n<\/ul>\n<p><span style=\"font-size: 110%; font-family: tahoma, arial, helvetica, sans-serif; color: #333333;\">Especificaciones t\u00e9cnicas:<\/span><\/p>\n<p><span style=\"font-size: 110%; font-family: tahoma, arial, helvetica, sans-serif; color: #333333;\">Caudal recomendado: 6 litros\/minuto<\/span><br \/>\n<span style=\"font-size: 110%; font-family: tahoma, arial, helvetica, sans-serif; color: #333333;\"> Temperatura del agua: hasta 60 C<\/span><br \/>\n<span style=\"font-size: 110%; font-family: tahoma, arial, helvetica, sans-serif; color: #333333;\"> Capacidad de filtraci\u00f3n: aproximadamente 20000 - 30000 litros. Depende de la calidad del agua. <\/span><br \/>\n<span style=\"font-size: 110%; font-family: tahoma, arial, helvetica, sans-serif; color: #333333;\"> Capacidad de filtraci\u00f3n expresada en tiempo: 6 meses para 4 personas, 1 ducha\/d\u00eda.<\/span><\/p>\n<p><span style=\"font-size: 110%; font-family: tahoma, arial, helvetica, sans-serif; color: #333333;\">La prima utilizare, din filtru va iesi praf negru impreuna cu apa. Dupa cativa litri de apa, aceasta se va limpezi.<\/span><\/p>","protected":false},"excerpt":{"rendered":"<p><span style=\"font-size: 10pt; font-family: tahoma, arial, helvetica, sans-serif;\">Filtro de repuesto para filtros de ducha Premium y Azura Silver<\/span><\/p>","protected":false},"featured_media":67981,"comment_status":"open","ping_status":"closed","template":"","meta":{"_seopress_robots_primary_cat":"none","_seopress_titles_title":"","_seopress_titles_desc":"","_seopress_robots_index":""},"product_brand":[],"product_cat":[1140],"product_tag":[424,1457,345],"class_list":{"0":"post-872","1":"product","2":"type-product","3":"status-publish","4":"has-post-thumbnail","6":"product_cat-cartuse-filtre-dus","7":"product_tag-cartus-filtrant-dus","8":"product_tag-filtru-de-schimb-dus-filtru-dus-azura-silver-filtru-dus-premium","9":"product_tag-filtru-dus","11":"first","12":"instock","13":"taxable","14":"shipping-taxable","15":"purchasable","16":"product-type-simple"},"_links":{"self":[{"href":"https:\/\/azura.ro\/es\/wp-json\/wp\/v2\/product\/872","targetHints":{"allow":["GET"]}}],"collection":[{"href":"https:\/\/azura.ro\/es\/wp-json\/wp\/v2\/product"}],"about":[{"href":"https:\/\/azura.ro\/es\/wp-json\/wp\/v2\/types\/product"}],"replies":[{"embeddable":true,"href":"https:\/\/azura.ro\/es\/wp-json\/wp\/v2\/comments?post=872"}],"wp:featuredmedia":[{"embeddable":true,"href":"https:\/\/azura.ro\/es\/wp-json\/wp\/v2\/media\/67981"}],"wp:attachment":[{"href":"https:\/\/azura.ro\/es\/wp-json\/wp\/v2\/media?parent=872"}],"wp:term":[{"taxonomy":"product_brand","embeddable":true,"href":"https:\/\/azura.ro\/es\/wp-json\/wp\/v2\/product_brand?post=872"},{"taxonomy":"product_cat","embeddable":true,"href":"https:\/\/azura.ro\/es\/wp-json\/wp\/v2\/product_cat?post=872"},{"taxonomy":"product_tag","embeddable":true,"href":"https:\/\/azura.ro\/es\/wp-json\/wp\/v2\/product_tag?post=872"}],"curies":[{"name":"wp","href":"https:\/\/api.w.org\/{rel}","templated":true}]}}