{"id":885,"date":"2016-02-11T17:12:24","date_gmt":"2016-02-11T15:12:24","guid":{"rendered":"http:\/\/dev02.websynapse.ro\/product\/cartus-filtrant-ceramic-10-sentry-cto-plus-imperial-uk\/"},"modified":"2026-04-05T11:57:00","modified_gmt":"2026-04-05T08:57:00","slug":"cartus-filtrant-ceramic-10-cto-plus-imperial-uk","status":"publish","type":"product","link":"https:\/\/azura.ro\/es\/produs\/cartus-filtrant-ceramic-10-cto-plus-imperial-uk\/","title":{"rendered":"CARTUCHO FILTRANTE CER\u00c1MICO 10\u2033 CTO PLUS IMPERIAL (UK)"},"content":{"rendered":"<h2><span style=\"font-size: 110%; font-family: tahoma, arial, helvetica, sans-serif;\"><strong>Cartusul filtant ceramic CTO PLUS IMPERIAL<\/strong>, produs 100% in <strong>UK<\/strong> de una dintre cele mai mari companii cu experienta in filtre ceramice. <\/span><\/h2>\n<p><span style=\"font-size: 110%; font-family: tahoma, arial, helvetica, sans-serif;\"><strong>De ce \u00a0CTO PLUS IMPERIAL:<\/strong><\/span><\/p>\n<p><span style=\"font-family: tahoma, arial, helvetica, sans-serif; font-size: 110%;\">*Desarrollado y probado en laboratorio durante 3 a\u00f1os antes de la entrega al primer cliente;<\/span><\/p>\n<p><span style=\"font-size: 110%; font-family: tahoma, arial, helvetica, sans-serif;\"> *Eficacia de filtraci\u00f3n probada en laboratorio;<\/span><\/p>\n<p><span style=\"font-size: 110%; font-family: tahoma, arial, helvetica, sans-serif;\">*Construit din materiale standard NSF:\u00a0\u00a0NSF\/ANSI 42 \/ \u00a0NSF\/ANSI 53<\/span><\/p>\n<p><span style=\"font-family: tahoma, arial, helvetica, sans-serif; font-size: 110%;\">*Testat de laboratorul Alcontrol pentru bacterii patogene: Holera, Typhoid, Salmonela, E. Coli, Coliformi Fecali, Shigella, Rezultatul: filtreaza peste 99,9999%<\/span><\/p>\n<p><span style=\"font-size: 110%; font-family: tahoma, arial, helvetica, sans-serif;\"> * Probado por el laboratorio Alcontrol para quistes como cryptosporidium y giardia. Resultado: filtros de m\u00e1s del 99,9999%<\/span><\/p>\n<p><span style=\"font-size: 110%; font-family: tahoma, arial, helvetica, sans-serif;\">*Filtreaza clor, elimina gust si miros, filtreaza VOC&#8217;S (compusi organici volatili) in acord cu standardul\u00a0NSF\/ANSI 42<\/span><\/p>\n<p><span style=\"font-size: 110%; font-family: tahoma, arial, helvetica, sans-serif;\">*Filtreaza plumb si mercur in acord cu standardul\u00a0\u00a0NSF\/ANSI 53<\/span><\/p>\n<p><span style=\"font-size: 110%; font-family: tahoma, arial, helvetica, sans-serif;\">Capacidad de filtraci\u00f3n:<\/span><\/p>\n<p><span style=\"font-size: 110%; font-family: tahoma, arial, helvetica, sans-serif;\">9500 l de apa pentru clor<\/span><br \/>\n<span style=\"font-size: 110%; font-family: tahoma, arial, helvetica, sans-serif;\"> 2100 l de apa pentru apa contaminata cu plumb si mercur<\/span><\/p>\n<p><span style=\"font-size: 110%; font-family: tahoma, arial, helvetica, sans-serif;\">In cazul retelelor de apa controlate si declarate potabile, se recomanda schimbarea cartusului filtrant la 9500 l apa sau la maxim 2 ani.<\/span><\/p>\n<p><span style=\"font-size: 110%; font-family: tahoma, arial, helvetica, sans-serif;\">Alte caracteristici tehnice:<\/span><\/p>\n<p><span style=\"font-size: 110%; font-family: tahoma, arial, helvetica, sans-serif;\">* Filtraci\u00f3n absoluta a 0,5 micras<\/span><br \/>\n<span style=\"font-size: 110%; font-family: tahoma, arial, helvetica, sans-serif;\"> * Contiene 4 tecnolog\u00edas de filtraci\u00f3n\/tratamiento: cer\u00e1mica, bloque de carb\u00f3n activado, zeolita para filtraci\u00f3n de metales pesados, plata.<\/span><br \/>\n<span style=\"font-size: 110%; font-family: tahoma, arial, helvetica, sans-serif;\"> * Dimensiuni: 70 mm diametru x 250 mm inaltime<\/span><br \/>\n<span style=\"font-size: 110%; font-family: tahoma, arial, helvetica, sans-serif;\"> * Se adapta a cualquier malet\u00edn est\u00e1ndar de 10\u2033.<\/span><br \/>\n<span style=\"font-size: 110%; font-family: tahoma, arial, helvetica, sans-serif;\"> D\u00e9bito ofrecido:<\/span><\/p>\n<p><span style=\"font-size: 110%; font-family: tahoma, arial, helvetica, sans-serif;\">Intre 1 &#8211; 4,5 l apa \/ minut, in functie de presiune. In cele mai multe cazuri va exista un debit intre 1,2 &#8211; 2 l minut.<\/span><\/p>\n<p><span style=\"font-size: 110%; font-family: tahoma, arial, helvetica, sans-serif;\">Precauciones e indicaciones de uso:<\/span><\/p>\n<p><span style=\"font-size: 110%; font-family: tahoma, arial, helvetica, sans-serif;\">* Al poner en marcha o cambiar el cartucho filtrante, deben pasarse unos 10 litros de agua por el filtro antes de su consumo;<\/span><\/p>\n<p><span style=\"font-size: 110%; font-family: tahoma, arial, helvetica, sans-serif;\">* Lavar con una esponja abrasiva, bajo el grifo de agua fr\u00eda, sin detergente, siempre que baje el caudal en el grifo de agua filtrada;<\/span><\/p>\n<p><span style=\"font-size: 110%; font-family: tahoma, arial, helvetica, sans-serif;\">* In cazul apei de reteaua publica (declarata potabila) se va schimba la maxim 2 ani sau la maxim 9500 l apa;<\/span><\/p>\n<p><span style=\"font-size: 110%; font-family: tahoma, arial, helvetica, sans-serif;\">* Se va utiliza doar cu apa rece;<\/span><\/p>\n<p><span style=\"font-size: 110%; font-family: tahoma, arial, helvetica, sans-serif;\">* Ideal, se va utiliza cu prefiltrare de sediment, mal, nisip, cu grad de 5 microni.\u00a0<\/span><\/p>\n<p><span style=\"font-size: 110%; font-family: tahoma, arial, helvetica, sans-serif;\">Produs in: UK<\/span><\/p>","protected":false},"excerpt":{"rendered":"<p><span style=\"font-size: 100%; font-family: tahoma, arial, helvetica, sans-serif;\">Cartus filtrant ceramic, cel mai performant filtru la nivel international. Fabricat in UK!!! Testat in laborator, construit din materiale testate NSF!<\/span><\/p>","protected":false},"featured_media":67975,"comment_status":"open","ping_status":"closed","template":"","meta":{"_seopress_robots_primary_cat":"none","_seopress_titles_title":"","_seopress_titles_desc":"FIltru Ceramic testat, standard NSF, produs in UK","_seopress_robots_index":""},"product_brand":[],"product_cat":[1137],"product_tag":[639,275,1600,1599],"class_list":{"0":"post-885","1":"product","2":"type-product","3":"status-publish","4":"has-post-thumbnail","6":"product_cat-cartuse-filtre-bucatarie","7":"product_tag-ceramic","8":"product_tag-filtru-ceramic","9":"product_tag-filtru-ceramic-anglia","10":"product_tag-filtru-ceramic-uk","12":"first","13":"instock","14":"taxable","15":"shipping-taxable","16":"purchasable","17":"product-type-simple"},"_links":{"self":[{"href":"https:\/\/azura.ro\/es\/wp-json\/wp\/v2\/product\/885","targetHints":{"allow":["GET"]}}],"collection":[{"href":"https:\/\/azura.ro\/es\/wp-json\/wp\/v2\/product"}],"about":[{"href":"https:\/\/azura.ro\/es\/wp-json\/wp\/v2\/types\/product"}],"replies":[{"embeddable":true,"href":"https:\/\/azura.ro\/es\/wp-json\/wp\/v2\/comments?post=885"}],"wp:featuredmedia":[{"embeddable":true,"href":"https:\/\/azura.ro\/es\/wp-json\/wp\/v2\/media\/67975"}],"wp:attachment":[{"href":"https:\/\/azura.ro\/es\/wp-json\/wp\/v2\/media?parent=885"}],"wp:term":[{"taxonomy":"product_brand","embeddable":true,"href":"https:\/\/azura.ro\/es\/wp-json\/wp\/v2\/product_brand?post=885"},{"taxonomy":"product_cat","embeddable":true,"href":"https:\/\/azura.ro\/es\/wp-json\/wp\/v2\/product_cat?post=885"},{"taxonomy":"product_tag","embeddable":true,"href":"https:\/\/azura.ro\/es\/wp-json\/wp\/v2\/product_tag?post=885"}],"curies":[{"name":"wp","href":"https:\/\/api.w.org\/{rel}","templated":true}]}}