{"id":89490,"date":"2025-04-17T18:07:07","date_gmt":"2025-04-17T15:07:07","guid":{"rendered":"https:\/\/azura.ro\/?post_type=product&#038;p=89490"},"modified":"2025-08-04T17:43:05","modified_gmt":"2025-08-04T14:43:05","slug":"membrana-de-osmosis-inversa-600-gpd-vontron","status":"publish","type":"product","link":"https:\/\/azura.ro\/es\/produs\/membrana-osmoza-inversa-600-gpd-vontron\/","title":{"rendered":"MEMBRANA DE \u00d3SMOSIS INVERSA 600 GPD VONTRON"},"content":{"rendered":"<h2><span style=\"font-size: 110%;\"><span style=\"font-family: tahoma, arial, helvetica, sans-serif;\">Membrana de \u00f3smosis inversa Vontron, capacidad de 600 GPD = 2268 litros de agua <\/span><span style=\"font-family: tahoma, arial, helvetica, sans-serif;\">depurado al d\u00eda.<\/span><\/span><\/h2>\n<p><span style=\"font-size: 110%;\"><span style=\"font-family: tahoma, arial, helvetica, sans-serif;\">La membrana de \u00f3smosis inversa es el \"coraz\u00f3n\" de un sistema de filtraci\u00f3n por \u00f3smosis <\/span><span style=\"font-family: tahoma, arial, helvetica, sans-serif;\">al rev\u00e9s.<\/span><\/span><\/p>\n<p><span style=\"font-size: 110%; font-family: tahoma, arial, helvetica, sans-serif;\">Grado de filtraci\u00f3n: 0,001 micras<\/span><\/p>\n<h2><span style=\"font-family: tahoma, arial, helvetica, sans-serif; font-size: 110%;\">Compatibilidad de la membrana de \u00f3smosis inversa Vontron de 600 GPD con el sistema de filtraci\u00f3n que se indica a continuaci\u00f3n:<\/span><\/h2>\n<p><a href=\"https:\/\/azura.ro\/es\/product-2\/filtru-apa-cu-osmoza-inversa-osmoazura-prodf600-ag-alcalin-ph-85-direct-flow\/\" target=\"_blank\" rel=\"noopener\"><span style=\"font-family: tahoma, arial, helvetica, sans-serif; font-size: 110%;\">OSMOAZURA PRODF600-AG, alcalina pH 8,5 \u2013 Flujo directo 94 l\/h<\/span><\/a><\/p>\n<h2><span style=\"font-size: 110%;\"><span style=\"font-family: tahoma, arial, helvetica, sans-serif;\">\u00bfQu\u00e9 filtra la membrana de \u00f3smosis inversa Vontron de 600 GPD?<\/span><\/span><\/h2>\n<p><span style=\"font-size: 110%;\"><span style=\"font-family: tahoma, arial, helvetica, sans-serif;\">Nota: el porcentaje de rechazo puede variar en funci\u00f3n de la calidad del agua de <\/span><span style=\"font-family: tahoma, arial, helvetica, sans-serif;\">alimentos, pH, temperatura.<\/span><\/span><\/p>\n<p><span style=\"font-size: 110%;\"><span style=\"font-family: tahoma, arial, helvetica, sans-serif;\">Bario 97%, Bicarbonatos 94%, Cadmio 97%, Calcio 97%, Cromo 92%, Cobre 97%, <\/span><span style=\"font-family: tahoma, arial, helvetica, sans-serif;\">Detergentes 97%, Fluoruros 90%, Plomo 97%, Magnesio 97%, Nitratos 80%, Potasio <\/span><span style=\"font-family: tahoma, arial, helvetica, sans-serif;\">92%, Radio 97%, Selenio 97%, Silicatos 96%, Plata 85%, Sodio 92%, Estroncio, <\/span><span style=\"font-family: tahoma, arial, helvetica, sans-serif;\">97%, Sulfato 97%, PCB 97%, Insecticida 97%, Herbicida 97%, Tricloretan 98%, <\/span><span style=\"font-family: tahoma, arial, helvetica, sans-serif;\">Dibromoetano 15%, Dicloroetano 37%.<\/span><\/span><\/p>\n<p><span style=\"font-size: 110%; font-family: tahoma, arial, helvetica, sans-serif;\">Elimina el 99,999% de virus y quistes resistentes al cloro.<\/span><\/p>\n<h3><span style=\"font-size: 110%; font-family: tahoma, arial, helvetica, sans-serif;\">Dimensiones de la membrana de \u00f3smosis inversa de 600 GPD de Vontron<\/span><\/h3>\n<p><span style=\"font-size: 110%; font-family: tahoma, arial, helvetica, sans-serif;\">Longitud total (incluidos los tapones de pl\u00e1stico de los extremos): 29,5 cm\u00a0<\/span><br \/>\n<span style=\"font-size: 110%; font-family: tahoma, arial, helvetica, sans-serif;\">Di\u00e1metro de la membrana: 7,5 cm\u00a0<\/span><\/p>\n<p><span style=\"font-size: 110%; font-family: tahoma, arial, helvetica, sans-serif;\">Condiciones de trabajo:<\/span><\/p>\n<ul style=\"list-style-type: disc;\">\n<li><span style=\"font-size: 110%; font-family: tahoma, arial, helvetica, sans-serif;\">Presi\u00f3n de alimentaci\u00f3n m\u00edn.\/m\u00e1x.: 2,5 bar - 5 bar<\/span><\/li>\n<li><span style=\"font-size: 110%; font-family: tahoma, arial, helvetica, sans-serif;\">Temperatura del agua: 5 - 25 \u00b0C<\/span><\/li>\n<li><span style=\"font-size: 110%; font-family: tahoma, arial, helvetica, sans-serif;\">Temperatura ambiente: m\u00edn. 3 - 35 \u00b0C<\/span><\/li>\n<li><span style=\"font-size: 110%; font-family: tahoma, arial, helvetica, sans-serif;\">TDS m\u00e1ximo: 1000 mg\/l<\/span><\/li>\n<li><span style=\"font-size: 110%; font-family: tahoma, arial, helvetica, sans-serif;\">Cloro residual m\u00e1ximo: 0,1 mg\/l<\/span><\/li>\n<li><span style=\"font-size: 110%; font-family: tahoma, arial, helvetica, sans-serif;\">Fe m\u00e1ximo: 0,5 mg\/l<\/span><\/li>\n<li><span style=\"font-size: 110%; font-family: tahoma, arial, helvetica, sans-serif;\">Mn m\u00e1ximo: 0,02 mg \/l<\/span><\/li>\n<li><span style=\"font-size: 110%; font-family: tahoma, arial, helvetica, sans-serif;\">Turbidez m\u00e1xima: 1 NTU<\/span><\/li>\n<li><span style=\"font-size: 110%; font-family: tahoma, arial, helvetica, sans-serif;\">Dureza m\u00e1xima: 1 grado alem\u00e1n<\/span><\/li>\n<\/ul>\n<p><span style=\"font-size: 110%;\"><strong><span style=\"font-family: tahoma, arial, helvetica, sans-serif;\">Vida \u00fatil de la membrana de \u00f3smosis inversa<\/span><\/strong><\/span><\/p>\n<p><span style=\"font-size: 110%;\"><span style=\"font-family: tahoma, arial, helvetica, sans-serif;\">La vida \u00fatil normal de una membrana de \u00f3smosis inversa es de 12 <\/span><span style=\"font-family: tahoma, arial, helvetica, sans-serif;\">meses siempre que el agua respete los par\u00e1metros anteriores y en <\/span><span style=\"font-family: tahoma, arial, helvetica, sans-serif;\">siempre que los prefiltros se cambien a tiempo.<\/span><\/span><\/p>\n<p><span style=\"font-size: 110%;\"><span style=\"font-family: tahoma, arial, helvetica, sans-serif;\">Como en la mayor\u00eda de los casos el suministro de agua no puede cumplir los par\u00e1metros <\/span><span style=\"font-family: tahoma, arial, helvetica, sans-serif;\">mencionada anteriormente, recomendamos cambiar la membrana de \u00f3smosis inversa en <\/span><span style=\"font-family: tahoma, arial, helvetica, sans-serif;\">12 meses como m\u00e1ximo.<\/span><\/span><\/p>\n<p><span style=\"font-size: 110%;\"><span style=\"font-family: tahoma, arial, helvetica, sans-serif;\">Para una mayor calidad del agua y un menor porcentaje de agua <\/span><span style=\"font-family: tahoma, arial, helvetica, sans-serif;\">a las aguas residuales, recomendamos elegir siempre sistemas de alcantarillado que <\/span><span style=\"font-family: tahoma, arial, helvetica, sans-serif;\">\u00f3smosis inversa con bomba de presi\u00f3n. <\/span><\/span><\/p>\n<p><span style=\"font-size: 110%; font-family: tahoma, arial, helvetica, sans-serif;\">Precauciones de uso:<\/span><\/p>\n<p><span style=\"font-size: 110%; font-family: tahoma, arial, helvetica, sans-serif;\">No utilice la membrana de \u00f3smosis inversa con agua bacteriol\u00f3gicamente infestada o <\/span><span style=\"font-size: 110%; font-family: tahoma, arial, helvetica, sans-serif;\">con agua cuya calidad desconozcas. En caso de duda sobre cu\u00e1ndo <\/span><span style=\"font-size: 110%; font-family: tahoma, arial, helvetica, sans-serif;\">Si utiliza la tecnolog\u00eda de \u00f3smosis inversa, no dude en consultarnos. <\/span><\/p>\n<p><span style=\"font-size: 110%; font-family: tahoma, arial, helvetica, sans-serif;\">Precauciones para la puesta en servicio:<\/span><\/p>\n<ul style=\"list-style-type: disc;\">\n<li><span style=\"font-size: 110%;\"><span style=\"font-family: tahoma, arial, helvetica, sans-serif;\">No toque la membrana con las manos sucias, utilice guantes si es necesario <\/span><span style=\"font-family: tahoma, arial, helvetica, sans-serif;\">quir\u00fargica.<\/span><\/span><\/li>\n<li><span style=\"font-size: 110%;\"><span style=\"font-family: tahoma, arial, helvetica, sans-serif;\">Antes de consumir la primera agua filtrada por membrana, filtre suficiente <\/span><span style=\"font-family: tahoma, arial, helvetica, sans-serif;\">agua para llenar dos recipientes de almacenamiento (del sistema de \u00f3smosis inversa) <\/span><span style=\"font-family: tahoma, arial, helvetica, sans-serif;\">que verter\u00e9is por el desag\u00fce (unos 20 litros de agua).<\/span><\/span><\/li>\n<li><span style=\"font-family: tahoma, arial, helvetica, sans-serif; font-size: 110%;\">Asiente con cuidado la junta t\u00f3rica de la carcasa de \u00f3smosis inversa. Engrase esta junta t\u00f3rica con <a href=\"https:\/\/azura.ro\/es\/product-2\/tubo-de-silicona-alimentaria-60-g\/\" target=\"_blank\" rel=\"noopener\">alimentos de silicona<\/a>.<\/span><\/li>\n<\/ul>","protected":false},"excerpt":{"rendered":"<ul style=\"list-style-type: disc;\">\n<li><span style=\"font-family: tahoma, arial, helvetica, sans-serif; font-size: 100%;\">Membrana de \u00f3smosis inversa de 600 GPD, Vontron<\/span><\/li>\n<li><span style=\"font-family: tahoma, arial, helvetica, sans-serif; font-size: 100%;\">2268 litros al d\u00eda; 94 litros por hora<\/span><\/li>\n<li><span style=\"font-family: tahoma, arial, helvetica, sans-serif; font-size: 100%;\">Modelo ULP3012 \u2013 7,6 cm x 30,5 cm<\/span><\/li>\n<\/ul>","protected":false},"featured_media":90061,"comment_status":"open","ping_status":"closed","template":"","meta":{"_seopress_robots_primary_cat":"none","_seopress_titles_title":"","_seopress_titles_desc":"","_seopress_robots_index":""},"product_brand":[],"product_cat":[1137,1143],"product_tag":[2012,588,587,2031],"class_list":{"0":"post-89490","1":"product","2":"type-product","3":"status-publish","4":"has-post-thumbnail","6":"product_cat-cartuse-filtre-bucatarie","7":"product_cat-cartuse-horeca-vending","8":"product_tag-600-gpd","9":"product_tag-membrana-osmoza-inversa","10":"product_tag-osmoza-inversa","11":"product_tag-vontron","13":"first","14":"instock","15":"taxable","16":"shipping-taxable","17":"purchasable","18":"product-type-simple"},"_links":{"self":[{"href":"https:\/\/azura.ro\/es\/wp-json\/wp\/v2\/product\/89490","targetHints":{"allow":["GET"]}}],"collection":[{"href":"https:\/\/azura.ro\/es\/wp-json\/wp\/v2\/product"}],"about":[{"href":"https:\/\/azura.ro\/es\/wp-json\/wp\/v2\/types\/product"}],"replies":[{"embeddable":true,"href":"https:\/\/azura.ro\/es\/wp-json\/wp\/v2\/comments?post=89490"}],"wp:featuredmedia":[{"embeddable":true,"href":"https:\/\/azura.ro\/es\/wp-json\/wp\/v2\/media\/90061"}],"wp:attachment":[{"href":"https:\/\/azura.ro\/es\/wp-json\/wp\/v2\/media?parent=89490"}],"wp:term":[{"taxonomy":"product_brand","embeddable":true,"href":"https:\/\/azura.ro\/es\/wp-json\/wp\/v2\/product_brand?post=89490"},{"taxonomy":"product_cat","embeddable":true,"href":"https:\/\/azura.ro\/es\/wp-json\/wp\/v2\/product_cat?post=89490"},{"taxonomy":"product_tag","embeddable":true,"href":"https:\/\/azura.ro\/es\/wp-json\/wp\/v2\/product_tag?post=89490"}],"curies":[{"name":"wp","href":"https:\/\/api.w.org\/{rel}","templated":true}]}}