{"id":89537,"date":"2025-04-19T10:30:32","date_gmt":"2025-04-19T07:30:32","guid":{"rendered":"https:\/\/azura.ro\/?post_type=product&#038;p=89537"},"modified":"2026-01-17T17:33:02","modified_gmt":"2026-01-17T15:33:02","slug":"postfiltro-carbon-activo-granulado-plateado-t33-qm","status":"publish","type":"product","link":"https:\/\/azura.ro\/es\/produs\/post-filtru-carbune-activat-granular-argintat-t33-qm\/","title":{"rendered":"POSTFILTRO CARB\u00d3N ACTIVO GRANULADO PLATEADO, T33 QM"},"content":{"rendered":"<h2><span style=\"font-family: tahoma, arial, helvetica, sans-serif; font-size: 110%;\">Poste filtrante de carb\u00f3n activado granular impregnado de plata modelo T33 QM<\/span><\/h2>\n<p><span style=\"font-family: tahoma, arial, helvetica, sans-serif; font-size: 110%;\">El modelo T33 es un filtro de 2-toli de di\u00e1metro que se instala despu\u00e9s de la membrana de \u00f3smosis inversa\/nanofiltraci\u00f3n\/ultrafiltraci\u00f3n, por eso tambi\u00e9n se llama Postfiltro. Su funci\u00f3n es corregir el sabor y el olor del agua, teniendo un contenido de carb\u00f3n activado. En este caso, el filtro T33 contiene carb\u00f3n activado granular obtenido a partir de c\u00e1scara de coco con la adici\u00f3n de plata impregnada en carb\u00f3n + KDF.<\/span><\/p>\n<p><span style=\"font-family: tahoma, arial, helvetica, sans-serif; font-size: 110%;\">QM significa tipo de conexi\u00f3n. QM = Tipo de conexi\u00f3n r\u00e1pida Macho. En otras palabras o el acoplamiento r\u00e1pido requerido es del tipo Mum, se empuja sobre la varilla del filtro, luego tirando de \u00e9l hacia atr\u00e1s se autobloquea. No hay filete en el filtro, sino s\u00f3lo un \u201epap\u00e1\u201d tipo tuerca.<\/span><\/p>\n<p><span style=\"font-family: tahoma, arial, helvetica, sans-serif; font-size: 110%;\"><span style=\"color: #d83131;\"><strong>Atenci\u00f3n:<\/strong><\/span> El hecho de que un filtro lleve la etiqueta T33 no significa que siempre tenga el mismo material filtrante. Puede diferir en contenido, pero no en calidad. T33 es s\u00f3lo un nombre gen\u00e9rico para un determinado tipo de filtro que tiene una determinada finalidad y un determinado tama\u00f1o\/forma.<\/span><\/p>\n<p><span style=\"font-family: tahoma, arial, helvetica, sans-serif; font-size: 110%;\">Vida \u00fatil: 1500 galones (5677 L de agua). La vida \u00fatil depende de la calidad del agua filtrada y de los contaminantes del agua. Como per\u00edodo de sustituci\u00f3n se recomienda utilizar un m\u00e1ximo de 12 meses.\u00a0<\/span><\/p>\n<p><span style=\"font-family: tahoma, arial, helvetica, sans-serif; font-size: 110%;\">Mantenimiento: no hay mantenimiento, el filtro se cambiar\u00e1 en el periodo mencionado anteriormente.<\/span><\/p>\n<h3><span style=\"font-family: tahoma, arial, helvetica, sans-serif; font-size: 110%;\">Especificaciones t\u00e9cnicas Postfiltro Carb\u00f3n activo Carb\u00f3n activo granular Plata + KDF T33 QM<\/span><\/h3>\n<ul style=\"list-style-type: disc;\">\n<li><span style=\"font-family: tahoma, arial, helvetica, sans-serif; font-size: 110%;\">Tama\u00f1o: 53 mm x 254 mm (\u2205 x L);<\/span><\/li>\n<li><span style=\"font-family: tahoma, arial, helvetica, sans-serif; font-size: 110%;\">Conexiones de entrada\/salida: 1\/4\u201e macho con estilos elevados, sin filtro (requiere acopladores r\u00e1pidos del tipo madre);<\/span><\/li>\n<li><span style=\"font-family: tahoma, arial, helvetica, sans-serif; font-size: 110%;\">Contenido: carb\u00f3n activado de c\u00e1scara de coco, impregnado de plata.<\/span><\/li>\n<\/ul>\n<h3><span style=\"font-family: tahoma, arial, helvetica, sans-serif; font-size: 110%;\">Precauciones de uso y recomendaciones Postfiltro Carb\u00f3n activo Carb\u00f3n activo granular Plata + KDF T33 QM<\/span><\/h3>\n<ul style=\"list-style-type: disc;\">\n<li><span style=\"font-family: tahoma, arial, helvetica, sans-serif; font-size: 110%;\">Antes de consumir el agua, hay que hacer pasar al menos 10 litros de agua por el filtro;<\/span><\/li>\n<li><span style=\"font-family: tahoma, arial, helvetica, sans-serif; font-size: 110%;\">Preste atenci\u00f3n a la direcci\u00f3n en la que el agua pasa a trav\u00e9s del filtro, indicada por una flecha en la etiqueta del producto;<\/span><\/li>\n<li><span style=\"font-family: tahoma, arial, helvetica, sans-serif; font-size: 110%;\">Requiere acoplamientos r\u00e1pidos \u201eHembra\u201d 1\/4\" adicionales;<\/span><\/li>\n<li><span style=\"font-family: tahoma, arial, helvetica, sans-serif; font-size: 110%;\">Tambi\u00e9n se pueden utilizar los acoplamientos antiguos del filtro existente;<\/span><\/li>\n<li><span style=\"font-family: tahoma, arial, helvetica, sans-serif; font-size: 110%;\">El filtro puede contener tapones de pl\u00e1stico en los dos stents de conexi\u00f3n. En tal caso, deben retirarse;<\/span><\/li>\n<li><span style=\"font-family: tahoma, arial, helvetica, sans-serif; font-size: 110%;\">S\u00f3lo debe utilizarse para filtrar agua fr\u00eda, nunca agua caliente;<\/span><\/li>\n<li><span style=\"font-family: tahoma, arial, helvetica, sans-serif; font-size: 110%;\">No utilizar con agua microbiol\u00f3gicamente insegura o con agua cuya calidad desconozca, sin antes <\/span><span style=\"font-family: tahoma, arial, helvetica, sans-serif; font-size: 110%;\">se ha aplicado la desinfecci\u00f3n del agua antes y despu\u00e9s del filtro.<br \/>\n<\/span><\/li>\n<\/ul>\n<p><span style=\"font-family: tahoma, arial, helvetica, sans-serif; font-size: 110%;\">Certificaci\u00f3n: NSF, s\u00f3lo para los materiales utilizados en la fabricaci\u00f3n.<\/span><\/p>\n<p><span style=\"font-family: tahoma, arial, helvetica, sans-serif; font-size: 110%;\">Pa\u00eds de origen: Taiw\u00e1n<\/span><\/p>","protected":false},"excerpt":{"rendered":"<ul style=\"list-style-type: disc;\">\n<li><span style=\"font-family: tahoma, arial, helvetica, sans-serif; font-size: 110%;\">Postfiltro con carb\u00f3n activado plateado<\/span><\/li>\n<li><span style=\"font-family: tahoma, arial, helvetica, sans-serif; font-size: 110%;\">Carb\u00f3n activado de c\u00e1scara de coco<\/span><\/li>\n<li><span style=\"font-family: tahoma, arial, helvetica, sans-serif; font-size: 110%;\">Conexiones r\u00e1pidas tipo \u201eTata\u201d - sin rosca<\/span><\/li>\n<\/ul>","protected":false},"featured_media":89538,"comment_status":"open","ping_status":"closed","template":"","meta":{"_seopress_robots_primary_cat":"none","_seopress_titles_title":"","_seopress_titles_desc":"","_seopress_robots_index":""},"product_brand":[],"product_cat":[1137],"product_tag":[580,679,417,418,420,419,2033],"class_list":{"0":"post-89537","1":"product","2":"type-product","3":"status-publish","4":"has-post-thumbnail","6":"product_cat-cartuse-filtre-bucatarie","7":"product_tag-argint","8":"product_tag-argintat","9":"product_tag-post-filtru-carbune-activ","10":"product_tag-post-filtru-carbune-activat-gran","11":"product_tag-post-filtru-carbune-activat-granular","12":"product_tag-post-filtru-gac","13":"product_tag-t33","15":"first","16":"instock","17":"taxable","18":"shipping-taxable","19":"purchasable","20":"product-type-simple"},"_links":{"self":[{"href":"https:\/\/azura.ro\/es\/wp-json\/wp\/v2\/product\/89537","targetHints":{"allow":["GET"]}}],"collection":[{"href":"https:\/\/azura.ro\/es\/wp-json\/wp\/v2\/product"}],"about":[{"href":"https:\/\/azura.ro\/es\/wp-json\/wp\/v2\/types\/product"}],"replies":[{"embeddable":true,"href":"https:\/\/azura.ro\/es\/wp-json\/wp\/v2\/comments?post=89537"}],"wp:featuredmedia":[{"embeddable":true,"href":"https:\/\/azura.ro\/es\/wp-json\/wp\/v2\/media\/89538"}],"wp:attachment":[{"href":"https:\/\/azura.ro\/es\/wp-json\/wp\/v2\/media?parent=89537"}],"wp:term":[{"taxonomy":"product_brand","embeddable":true,"href":"https:\/\/azura.ro\/es\/wp-json\/wp\/v2\/product_brand?post=89537"},{"taxonomy":"product_cat","embeddable":true,"href":"https:\/\/azura.ro\/es\/wp-json\/wp\/v2\/product_cat?post=89537"},{"taxonomy":"product_tag","embeddable":true,"href":"https:\/\/azura.ro\/es\/wp-json\/wp\/v2\/product_tag?post=89537"}],"curies":[{"name":"wp","href":"https:\/\/api.w.org\/{rel}","templated":true}]}}