{"id":89546,"date":"2025-04-19T10:30:01","date_gmt":"2025-04-19T07:30:01","guid":{"rendered":"https:\/\/azura.ro\/?post_type=product&#038;p=89546"},"modified":"2025-11-04T08:44:00","modified_gmt":"2025-11-04T06:44:00","slug":"post-filtru-apa-mineralizare-alcalinizare-antioxidant-antibacterian-t33-qm-b12","status":"publish","type":"product","link":"https:\/\/azura.ro\/es\/produs\/post-filtru-apa-mineralizare-alcalinizare-antioxidant-antibacterian-t33-qm-b12\/","title":{"rendered":"POSTFILTRO DE AGUA MINERALIZACI\u00d3N DEL AGUA, ALCALINIZACI\u00d3N, ANTIOXIDANTE, ANTIBACTERIANO, T33 QM B12"},"content":{"rendered":"<h2><span style=\"font-family: tahoma, arial, helvetica, sans-serif; font-size: 110%;\">Post filtru apa mineralizare, alcalinizare, antioxidant, antibacterian B12<\/span><\/h2>\n<p><span style=\"font-family: tahoma, arial, helvetica, sans-serif; font-size: 110%;\">Modelul T33 inseamna un filtru cu diametrul de 2 toli ce se instaleaza dupa membrana de osmoza inversa\/nanofiltrare\/ultrafiltrare, de aceea se numeste si Post Filtru. Rolul lui este a adauga minerale in apa si a alcaliniza si hidrogena apa cu hidrongen molecula. In acest caz, filtrul T33 contine mai multe tipuri de minerale cu efect alcalin, antioxidant si antibacterian.<\/span><\/p>\n<p><span style=\"font-family: tahoma, arial, helvetica, sans-serif; font-size: 110%;\">QM insemna tipul de conexiune. QM = Quick connection de tip Male (conexiuni rapide de tip tata). Cu alte cuvinte sau cupla rapida necesara este de tip mama, este impinsa peste stutul filtrului, dupa care prin tragere inapoi se auto blocheaza. Nu exista fillet in filtru ci doar un stut de tip &#8222;tata&#8221;.<\/span><\/p>\n<p><span style=\"font-family: tahoma, arial, helvetica, sans-serif; font-size: 110%;\"><span style=\"color: #d83131;\"><strong>Atenci\u00f3n:<\/strong><\/span> El hecho de que un filtro lleve la etiqueta T33 no significa que siempre tenga el mismo material filtrante. Puede diferir en contenido, pero no en calidad. T33 es s\u00f3lo un nombre gen\u00e9rico para un determinado tipo de filtro que tiene una determinada finalidad y un determinado tama\u00f1o\/forma.<\/span><\/p>\n<p><span style=\"font-family: tahoma, arial, helvetica, sans-serif; font-size: 110%;\">Vida \u00fatil: 1500 galones (5677 L de agua). La vida \u00fatil depende de la calidad del agua filtrada y de los contaminantes del agua. Como per\u00edodo de sustituci\u00f3n se recomienda utilizar un m\u00e1ximo de 12 meses.<\/span><\/p>\n<p><span style=\"font-family: tahoma, arial, helvetica, sans-serif; font-size: 110%;\">Mantenimiento: no hay mantenimiento, el filtro se cambiar\u00e1 en el periodo mencionado anteriormente.<\/span><\/p>\n<h3><span style=\"font-family: tahoma, arial, helvetica, sans-serif; font-size: 110%;\">Specificatii tehnice Post filtru apa mineralizare, alcalinizare, antioxidant, antibacterian T33 QM B12<\/span><\/h3>\n<ul>\n<li><span style=\"font-family: tahoma, arial, helvetica, sans-serif; font-size: 110%;\">Tama\u00f1o: 53 mm x 254 mm (\u2205 x L);<\/span><\/li>\n<li><span style=\"font-family: tahoma, arial, helvetica, sans-serif; font-size: 110%;\">Conexiones de entrada\/salida: 1\/4\u201e macho con estilos elevados, sin filtro (requiere acopladores r\u00e1pidos del tipo madre);<\/span><\/li>\n<li><span style=\"font-family: tahoma, arial, helvetica, sans-serif; font-size: 110%;\">Continut: mai multe tipuri de minerale naturale sub forma de bile: magneziu, calciu, siliciu, potasiu, argint, FIR (raze infrarosii)<\/span><\/li>\n<\/ul>\n<h3><span style=\"font-family: tahoma, arial, helvetica, sans-serif; font-size: 110%;\">Precautii in utilizare si recomandari <\/span><span style=\"font-family: tahoma, arial, helvetica, sans-serif; font-size: 110%;\">Post filtru apa mineralizare, alcalinizare, antioxidant, antibacterian T33 QM B12<\/span><\/h3>\n<ul>\n<li><span style=\"font-family: tahoma, arial, helvetica, sans-serif; font-size: 110%;\">Inainte de consumul de apa, se vor rula prin filtru minim 20 l de apa;<\/span><\/li>\n<li><span style=\"font-family: tahoma, arial, helvetica, sans-serif; font-size: 110%;\">Preste atenci\u00f3n a la direcci\u00f3n en la que el agua pasa a trav\u00e9s del filtro, indicada por una flecha en la etiqueta del producto;<\/span><\/li>\n<li><span style=\"font-family: tahoma, arial, helvetica, sans-serif; font-size: 110%;\">Requiere acoplamientos r\u00e1pidos \u201eHembra\u201d 1\/4\" adicionales;<\/span><\/li>\n<li><span style=\"font-family: tahoma, arial, helvetica, sans-serif; font-size: 110%;\">Tambi\u00e9n se pueden utilizar los acoplamientos antiguos del filtro existente;<\/span><\/li>\n<li><span style=\"font-family: tahoma, arial, helvetica, sans-serif; font-size: 110%;\">El filtro puede contener tapones de pl\u00e1stico en los dos stents de conexi\u00f3n. En tal caso, deben retirarse;<\/span><\/li>\n<li><span style=\"font-family: tahoma, arial, helvetica, sans-serif; font-size: 110%;\">S\u00f3lo debe utilizarse para filtrar agua fr\u00eda, nunca agua caliente;<\/span><\/li>\n<li><span style=\"font-family: tahoma, arial, helvetica, sans-serif; font-size: 110%;\">Nu utilizati cu apa care este nesigura din punct de vedere microbiologic ori cu apa careia nu-i cunoasteti calitatea, fara ca in prealabil sa se fi aplicat dezinfectia apei, inainte si dupa filtru.<\/span><\/li>\n<\/ul>\n<p><span style=\"font-family: tahoma, arial, helvetica, sans-serif; font-size: 110%;\">Certificare: NSF doar pentru materialele utilizate<\/span><\/p>\n<p><span style=\"font-family: tahoma, arial, helvetica, sans-serif; font-size: 110%;\">Pa\u00eds de origen: Taiw\u00e1n<\/span><\/p>","protected":false},"excerpt":{"rendered":"<ul>\n<li><span style=\"font-family: tahoma, arial, helvetica, sans-serif; font-size: 110%;\">Post filtru mineralizare, alcalinizare, antioxidant, antibacterian<\/span><\/li>\n<li><span style=\"font-family: tahoma, arial, helvetica, sans-serif; font-size: 110%;\">Minerale, argint certificate NSF<\/span><\/li>\n<li><span style=\"font-family: tahoma, arial, helvetica, sans-serif; font-size: 110%;\">Conexiones r\u00e1pidas tipo \u201eTata\u201d - sin rosca<\/span><\/li>\n<\/ul>","protected":false},"featured_media":89547,"comment_status":"open","ping_status":"closed","template":"","meta":{"_seopress_robots_primary_cat":"none","_seopress_titles_title":"","_seopress_titles_desc":"","_seopress_robots_index":""},"product_brand":[],"product_cat":[1137,1143],"product_tag":[321,995,2035,1132,981,2033],"class_list":{"0":"post-89546","1":"product","2":"type-product","3":"status-publish","4":"has-post-thumbnail","6":"product_cat-cartuse-filtre-bucatarie","7":"product_cat-cartuse-horeca-vending","8":"product_tag-apa-alcalina","9":"product_tag-apa-hidrogenata","10":"product_tag-b12","11":"product_tag-orp-negativ","12":"product_tag-ph-alcalin","13":"product_tag-t33","15":"first","16":"instock","17":"taxable","18":"shipping-taxable","19":"purchasable","20":"product-type-simple"},"_links":{"self":[{"href":"https:\/\/azura.ro\/es\/wp-json\/wp\/v2\/product\/89546","targetHints":{"allow":["GET"]}}],"collection":[{"href":"https:\/\/azura.ro\/es\/wp-json\/wp\/v2\/product"}],"about":[{"href":"https:\/\/azura.ro\/es\/wp-json\/wp\/v2\/types\/product"}],"replies":[{"embeddable":true,"href":"https:\/\/azura.ro\/es\/wp-json\/wp\/v2\/comments?post=89546"}],"wp:featuredmedia":[{"embeddable":true,"href":"https:\/\/azura.ro\/es\/wp-json\/wp\/v2\/media\/89547"}],"wp:attachment":[{"href":"https:\/\/azura.ro\/es\/wp-json\/wp\/v2\/media?parent=89546"}],"wp:term":[{"taxonomy":"product_brand","embeddable":true,"href":"https:\/\/azura.ro\/es\/wp-json\/wp\/v2\/product_brand?post=89546"},{"taxonomy":"product_cat","embeddable":true,"href":"https:\/\/azura.ro\/es\/wp-json\/wp\/v2\/product_cat?post=89546"},{"taxonomy":"product_tag","embeddable":true,"href":"https:\/\/azura.ro\/es\/wp-json\/wp\/v2\/product_tag?post=89546"}],"curies":[{"name":"wp","href":"https:\/\/api.w.org\/{rel}","templated":true}]}}