{"id":912,"date":"2016-05-31T02:31:07","date_gmt":"2016-05-31T00:31:07","guid":{"rendered":"http:\/\/dev02.websynapse.ro\/product\/instalare-filtre-purificatoare-ionizatoare-apa\/"},"modified":"2024-11-08T23:00:14","modified_gmt":"2024-11-08T21:00:14","slug":"instalacion-de-filtros-ionizantes-purificadores-de-agua","status":"publish","type":"product","link":"https:\/\/azura.ro\/es\/produs\/instalare-filtre-purificatoare-ionizatoare-apa\/","title":{"rendered":"INSTALACI\u00d3N DE FILTROS \/ PURIFICADORES \/ IONIZADORES DE AGUA"},"content":{"rendered":"<h2><span style=\"font-size: 110%;\"><span style=\"font-family: tahoma, arial, helvetica, sans-serif;\">Instalaci\u00f3n de purificadores de agua \/ filtros \/ ionizadores \/ \u00f3smosis inversa \/ nanofiltraci\u00f3n, etc.<\/span><\/span><\/h2>\n<p><span style=\"font-size: 110%; font-family: tahoma, arial, helvetica, sans-serif;\">Instalamos en Bucarest e Ilfov (a un m\u00e1ximo de 5 km) distintos equipos para la filtraci\u00f3n del agua.<\/span><\/p>\n<p><span style=\"font-size: 120%; font-family: tahoma, arial, helvetica, sans-serif; color: #ed1c24;\">El servicio s\u00f3lo est\u00e1 disponible para equipos adquiridos en nuestra empresa.<\/span><\/p>\n<p><span style=\"font-size: 110%; font-family: tahoma, arial, helvetica, sans-serif;\">El precio s\u00f3lo es v\u00e1lido para peque\u00f1os equipos instalados en un \u00fanico punto de consumo.<\/span><\/p>\n<p><span style=\"font-size: 110%;\">Para las localidades del condado de Ilfov, a m\u00e1s de 5 km de las afueras de Bucarest, se a\u00f1ade un impuesto adicional sobre el combustible.<\/span><\/p>\n<p><span style=\"font-size: 110%;\">Para la instalaci\u00f3n de otros equipos m\u00e1s grandes, como: ablandamiento \/ deshidrataci\u00f3n \/ desmanganizaci\u00f3n \/ filtraci\u00f3n \/ esterilizadores UV \/ bombas dosificadoras, etc., debe consultar el precio. Dependiendo de la complejidad del proyecto, calcularemos una tarifa.<\/span><\/p>","protected":false},"excerpt":{"rendered":"<p><span style=\"font-size: 10pt; font-family: tahoma, arial, helvetica, sans-serif;\">Instalaci\u00f3n de purificadores \/ filtros \/ ionizadores de agua<\/span><\/p>","protected":false},"featured_media":82745,"comment_status":"open","ping_status":"closed","template":"","meta":{"_seopress_robots_primary_cat":"none","_seopress_titles_title":"","_seopress_titles_desc":"INSTALARE FILRE DE APA SI IONIZATOARE DE APA","_seopress_robots_index":""},"product_brand":[],"product_cat":[53],"product_tag":[659],"class_list":{"0":"post-912","1":"product","2":"type-product","3":"status-publish","4":"has-post-thumbnail","6":"product_cat-servicii","7":"product_tag-instalare","9":"first","10":"outofstock","11":"taxable","12":"shipping-taxable","13":"purchasable","14":"product-type-simple"},"_links":{"self":[{"href":"https:\/\/azura.ro\/es\/wp-json\/wp\/v2\/product\/912","targetHints":{"allow":["GET"]}}],"collection":[{"href":"https:\/\/azura.ro\/es\/wp-json\/wp\/v2\/product"}],"about":[{"href":"https:\/\/azura.ro\/es\/wp-json\/wp\/v2\/types\/product"}],"replies":[{"embeddable":true,"href":"https:\/\/azura.ro\/es\/wp-json\/wp\/v2\/comments?post=912"}],"wp:featuredmedia":[{"embeddable":true,"href":"https:\/\/azura.ro\/es\/wp-json\/wp\/v2\/media\/82745"}],"wp:attachment":[{"href":"https:\/\/azura.ro\/es\/wp-json\/wp\/v2\/media?parent=912"}],"wp:term":[{"taxonomy":"product_brand","embeddable":true,"href":"https:\/\/azura.ro\/es\/wp-json\/wp\/v2\/product_brand?post=912"},{"taxonomy":"product_cat","embeddable":true,"href":"https:\/\/azura.ro\/es\/wp-json\/wp\/v2\/product_cat?post=912"},{"taxonomy":"product_tag","embeddable":true,"href":"https:\/\/azura.ro\/es\/wp-json\/wp\/v2\/product_tag?post=912"}],"curies":[{"name":"wp","href":"https:\/\/api.w.org\/{rel}","templated":true}]}}