{"id":916,"date":"2016-06-05T12:46:48","date_gmt":"2016-06-05T12:46:48","guid":{"rendered":"http:\/\/dev02.websynapse.ro\/product\/set-cartuse-filtrante-ionizator-biontech-btm-505n\/"},"modified":"2025-11-17T20:04:09","modified_gmt":"2025-11-17T18:04:09","slug":"biontech-btm-505n-cartucho-de-filtro-ionizador","status":"publish","type":"product","link":"https:\/\/azura.ro\/es\/produs\/set-cartuse-filtrante-ionizator-biontech-btm-505n\/","title":{"rendered":"BIONTECH BTM-505N JUEGO DE CARTUCHOS DE FILTRO IONIZADOR"},"content":{"rendered":"<h2><span style=\"font-size: 110%; font-family: tahoma, arial, helvetica, sans-serif;\">Juego de cartuchos de filtro para el ionizador Biontech BTM-505N.<\/span><\/h2>\n<p><span style=\"font-size: 110%; font-family: tahoma, arial, helvetica, sans-serif;\">El juego se compone de los dos cartuchos filtrantes que equipan\u00a0<strong>Ionizador Biontech BTM-505N<\/strong><\/span><\/p>\n<p><span style=\"font-size: 110%; font-family: tahoma, arial, helvetica, sans-serif;\">La primera etapa de filtraci\u00f3n, compuesta por varias capas:<\/span><\/p>\n<p><span style=\"font-size: 110%; font-family: tahoma, arial, helvetica, sans-serif;\"><strong>BIONTECH BTM-505N 1ER CARTUCHO FILTRANTE PRE CARB\u00d3N<\/strong><\/span><\/p>\n<p><span style=\"font-size: 110%; font-family: tahoma, arial, helvetica, sans-serif;\">Capacidad de filtraci\u00f3n *3000 litros<\/span><\/p>\n<p><span style=\"font-size: 110%; font-family: tahoma, arial, helvetica, sans-serif;\">Se trata de un cartucho filtrante que contiene tres tecnolog\u00edas de filtraci\u00f3n:<\/span><\/p>\n<ul>\n<li><span style=\"font-size: 110%; font-family: tahoma, arial, helvetica, sans-serif;\">Filtraci\u00f3n mec\u00e1nica de 5 micras: elimina part\u00edculas en suspensi\u00f3n, suciedad, sedimentos, lodos, arenilla, arena y \u00f3xido;<\/span><\/li>\n<li><span style=\"font-size: 110%; font-family: tahoma, arial, helvetica, sans-serif;\">carb\u00f3n activado granular - elimina cloro, trihalometano, herbicidas, pesticidas, subproductos org\u00e1nicos - elimina el sabor y el olor del agua;<\/span><\/li>\n<li><span style=\"font-size: 110%; font-family: tahoma, arial, helvetica, sans-serif;\">plata - est\u00e1 presente en cada gr\u00e1nulo de carb\u00f3n activado y tiene una finalidad bacteriost\u00e1tica\/antibacteriana.<\/span><\/li>\n<\/ul>\n<p><span style=\"font-size: 110%; font-family: tahoma, arial, helvetica, sans-serif;\">La segunda etapa de filtraci\u00f3n consta de varias capas:<\/span><\/p>\n<p><span style=\"font-size: 110%; font-family: tahoma, arial, helvetica, sans-serif;\"><strong>BIONTECH BTM-505N CARTUCHO FILTRANTE ULTRAFILTRO 2ND-UF<\/strong><\/span><\/p>\n<p><span style=\"font-size: 110%; font-family: tahoma, arial, helvetica, sans-serif;\">Capacidad de filtraci\u00f3n **4000 litros<\/span><\/p>\n<p><span style=\"font-size: 110%; font-family: tahoma, arial, helvetica, sans-serif;\">Se trata de un cartucho filtrante que contiene 6 tecnolog\u00edas de filtrado, integradas en 5 capas filtrantes:<\/span><\/p>\n<p><span style=\"font-size: 110%; font-family: tahoma, arial, helvetica, sans-serif;\">Capas de filtro:<\/span><br \/>\n<span style=\"font-size: 110%; font-family: tahoma, arial, helvetica, sans-serif;\">1. capa filtrante mec\u00e1nica - elimina part\u00edculas en suspensi\u00f3n, suciedad, tierra, arena, \u00f3xido;<\/span><br \/>\n<span style=\"font-size: 110%; font-family: tahoma, arial, helvetica, sans-serif;\">2. carb\u00f3n activado granulado - elimina el cloro, trihalometano, herbicidas, pesticidas, sustancias org\u00e1nicas - elimina el sabor y el olor del agua;<\/span><br \/>\n<span style=\"font-size: 110%; font-family: tahoma, arial, helvetica, sans-serif;\">3. sulfito c\u00e1lcico - elimina - m\u00e1s del 99,9% del cloro libre presente en los sistemas de agua controlados;<\/span><br \/>\n<span style=\"font-size: 110%; font-family: tahoma, arial, helvetica, sans-serif;\">4. carb\u00f3n activo granular plateado - con efecto bacteriost\u00e1tico\/antibacteriano - elimina cloro, trihalometano, herbicidas, pesticidas, sustancias org\u00e1nicas - elimina sabor y olor del agua;<\/span><br \/>\n<span style=\"font-size: 110%; font-family: tahoma, arial, helvetica, sans-serif;\">5. Membrana de ultrafiltraci\u00f3n de 0,1 micras: se utiliza en muchos sistemas de filtraci\u00f3n de agua y es muy eficaz para filtrar criptosporidios y giardia, E-coli, bacterias y virus.<\/span><\/p>\n<p><span style=\"font-size: 110%; font-family: tahoma, arial, helvetica, sans-serif;\">Precauciones de uso:<\/span><\/p>\n<ul>\n<li><span style=\"font-size: 110%; font-family: tahoma, arial, helvetica, sans-serif;\">En cada cambio de filtro, ponga el ionizador en el bot\u00f3n \"agua purificada\" (sin ionizaci\u00f3n) y deje pasar unos 5-10 litros de agua por los filtros antes de beber su primer vaso de agua.<\/span><\/li>\n<li><span style=\"font-size: 110%; font-family: tahoma, arial, helvetica, sans-serif;\">Los filtros que equipan el ionizador Biontech BTM-505N son de alto rendimiento y est\u00e1n fabricados con materiales aprobados para su uso con agua declarada apta para el consumo. No utilice estos filtros y el ionizador de agua para purificar agua de fuentes no seguras, especialmente si el agua ha sido analizada y declarada no potable. Para la potabilizaci\u00f3n de agua de fuentes no seguras \/ agua declarada no potable, p\u00f3ngase en contacto con el equipo de AZURA FILTERS.<\/span><\/li>\n<\/ul>\n<p><span style=\"font-size: 110%; font-family: tahoma, arial, helvetica, sans-serif;\">Notas:<\/span><\/p>\n<p><span style=\"font-size: 110%; font-family: tahoma, arial, helvetica, sans-serif;\">*3000 litros - la capacidad de filtraci\u00f3n depende directamente de la calidad del agua de alimentaci\u00f3n<\/span><br \/>\n<span style=\"font-size: 110%; font-family: tahoma, arial, helvetica, sans-serif;\">**4000 litros: la capacidad de filtraci\u00f3n depende directamente de la calidad del agua de alimentaci\u00f3n.<\/span><\/p>\n<div><\/div>","protected":false},"excerpt":{"rendered":"<p><span style=\"font-size: 10pt; font-family: tahoma, arial, helvetica, sans-serif;\">Juego de cartuchos de filtro para ionizador Biontech BTM-505N<\/span><\/p>","protected":false},"featured_media":71103,"comment_status":"open","ping_status":"closed","template":"","meta":{"_seopress_robots_primary_cat":"none","_seopress_titles_title":"","_seopress_titles_desc":"SET CARTUSE FILTRANTE IONIZATOR BIONTECH BTM-505N","_seopress_robots_index":""},"product_brand":[],"product_cat":[1141],"product_tag":[663,662,661,361],"class_list":{"0":"post-916","1":"product","2":"type-product","3":"status-publish","4":"has-post-thumbnail","6":"product_cat-cartuse-ionizatoare-apa","7":"product_tag-biontech","8":"product_tag-btm-505n","9":"product_tag-cartuse-filtrante","10":"product_tag-filtre-de-schimb","12":"first","13":"instock","14":"taxable","15":"shipping-taxable","16":"purchasable","17":"product-type-simple"},"_links":{"self":[{"href":"https:\/\/azura.ro\/es\/wp-json\/wp\/v2\/product\/916","targetHints":{"allow":["GET"]}}],"collection":[{"href":"https:\/\/azura.ro\/es\/wp-json\/wp\/v2\/product"}],"about":[{"href":"https:\/\/azura.ro\/es\/wp-json\/wp\/v2\/types\/product"}],"replies":[{"embeddable":true,"href":"https:\/\/azura.ro\/es\/wp-json\/wp\/v2\/comments?post=916"}],"wp:featuredmedia":[{"embeddable":true,"href":"https:\/\/azura.ro\/es\/wp-json\/wp\/v2\/media\/71103"}],"wp:attachment":[{"href":"https:\/\/azura.ro\/es\/wp-json\/wp\/v2\/media?parent=916"}],"wp:term":[{"taxonomy":"product_brand","embeddable":true,"href":"https:\/\/azura.ro\/es\/wp-json\/wp\/v2\/product_brand?post=916"},{"taxonomy":"product_cat","embeddable":true,"href":"https:\/\/azura.ro\/es\/wp-json\/wp\/v2\/product_cat?post=916"},{"taxonomy":"product_tag","embeddable":true,"href":"https:\/\/azura.ro\/es\/wp-json\/wp\/v2\/product_tag?post=916"}],"curies":[{"name":"wp","href":"https:\/\/api.w.org\/{rel}","templated":true}]}}