{"id":92133,"date":"2025-06-16T19:41:25","date_gmt":"2025-06-16T16:41:25","guid":{"rendered":"https:\/\/azura.ro\/?post_type=product&#038;p=92133"},"modified":"2026-05-14T10:58:50","modified_gmt":"2026-05-14T07:58:50","slug":"filtro-de-sedimentos-lavable-transparente-50-micras-10-conexion-1","status":"publish","type":"product","link":"https:\/\/azura.ro\/es\/produs\/filtru-sedimente-lavabil-clear-50-microni-10-racord-1\/","title":{"rendered":"FILTRO DE SEDIMENTOS LAVABLE TRANSPARENTE 50 MICRAS 10\u201d, CONEXI\u00d3N DE 1\u201d"},"content":{"rendered":"<h2><span style=\"font-size: 110%; font-family: tahoma, arial, helvetica, sans-serif;\">Filtro de sedimentos lavable con un \u00edndice de filtraci\u00f3n de 50 micras para eliminar part\u00edculas en suspensi\u00f3n. Para uso en la red principal de agua, por ejemplo, en la entrada de la casa.<\/span><\/h2>\n<p><span style=\"font-size: 110%; font-family: tahoma, arial, helvetica, sans-serif;\">Incluye kit de instalaci\u00f3n: carcasa del filtro, cartucho filtrante de pl\u00e1stico lavable recubierto de nailon de 50 micras, llave de filtro, soporte de pared.<\/span><\/p>\n<h3><span style=\"font-size: 110%; font-family: tahoma, arial, helvetica, sans-serif;\">El cartucho filtrante es lavable y puede lavarse\/limpiarse una y otra vez.<\/span><\/h3>\n<p><span style=\"font-size: 110%; font-family: tahoma, arial, helvetica, sans-serif;\">Caracter\u00edsticas t\u00e9cnicas:<\/span><\/p>\n<p><span style=\"font-size: 110%; font-family: tahoma, arial, helvetica, sans-serif;\">Presi\u00f3n m\u00edn.\/m\u00e1x. 1 - 5 bar.<\/span><br \/>\n<span style=\"font-size: 110%; font-family: tahoma, arial, helvetica, sans-serif;\">Temperatura m\u00edn.\/m\u00e1x. 5 - 40\u00b0C<\/span><br \/>\n<span style=\"font-size: 110%; font-family: tahoma, arial, helvetica, sans-serif;\">Dimensiones mm: 315 x 120<\/span><br \/>\n<span style=\"font-size: 110%; font-family: tahoma, arial, helvetica, sans-serif;\">Racor: rosca interior met\u00e1lica de 1<\/span><\/p>\n<p><span style=\"font-size: 110%; font-family: tahoma, arial, helvetica, sans-serif;\">Caudal m\u00e1ximo: 3500 l\/h.<\/span><\/p>\n<p><span style=\"font-size: 110%; font-family: tahoma, arial, helvetica, sans-serif;\">Instalaci\u00f3n del filtro: \u00a1s\u00f3lo debe instalarse en la tuber\u00eda de agua fr\u00eda!<\/span><\/p>\n<p><span style=\"font-size: 110%; font-family: tahoma, arial, helvetica, sans-serif;\">La garant\u00eda del filtro es de dos a\u00f1os. El cartucho del filtro es consumible y no est\u00e1 cubierto por la garant\u00eda.<\/span><\/p>\n<p><span style=\"font-size: 110%; font-family: tahoma, arial, helvetica, sans-serif;\">Pa\u00eds de origen: Italia<\/span><\/p>","protected":false},"excerpt":{"rendered":"<ul style=\"list-style-type: disc;\">\n<li>Filtro de 50 micras, lavable (sin consumibles)<\/li>\n<li>Para instalar en la tuber\u00eda de agua fr\u00eda<\/li>\n<li>Conexi\u00f3n: rosca interior de 1 tol<\/li>\n<\/ul>","protected":false},"featured_media":69857,"comment_status":"open","ping_status":"closed","template":"","meta":{"_seopress_robots_primary_cat":"none","_seopress_titles_title":"","_seopress_titles_desc":"","_seopress_robots_index":""},"product_brand":[],"product_cat":[77],"product_tag":[2048,1671,1670],"class_list":{"0":"post-92133","1":"product","2":"type-product","3":"status-publish","4":"has-post-thumbnail","6":"product_cat-filtre-apa-cu-sita","7":"product_tag-filtru-50-microni-lavabil","8":"product_tag-filtru-retea-lavabil","9":"product_tag-filtru-sedimente-lavabil","10":"pa_amplasare-conductaprincipala","11":"pa_brand-azura-filters","13":"first","14":"outofstock","15":"taxable","16":"shipping-taxable","17":"purchasable","18":"product-type-simple"},"_links":{"self":[{"href":"https:\/\/azura.ro\/es\/wp-json\/wp\/v2\/product\/92133","targetHints":{"allow":["GET"]}}],"collection":[{"href":"https:\/\/azura.ro\/es\/wp-json\/wp\/v2\/product"}],"about":[{"href":"https:\/\/azura.ro\/es\/wp-json\/wp\/v2\/types\/product"}],"replies":[{"embeddable":true,"href":"https:\/\/azura.ro\/es\/wp-json\/wp\/v2\/comments?post=92133"}],"wp:featuredmedia":[{"embeddable":true,"href":"https:\/\/azura.ro\/es\/wp-json\/wp\/v2\/media\/69857"}],"wp:attachment":[{"href":"https:\/\/azura.ro\/es\/wp-json\/wp\/v2\/media?parent=92133"}],"wp:term":[{"taxonomy":"product_brand","embeddable":true,"href":"https:\/\/azura.ro\/es\/wp-json\/wp\/v2\/product_brand?post=92133"},{"taxonomy":"product_cat","embeddable":true,"href":"https:\/\/azura.ro\/es\/wp-json\/wp\/v2\/product_cat?post=92133"},{"taxonomy":"product_tag","embeddable":true,"href":"https:\/\/azura.ro\/es\/wp-json\/wp\/v2\/product_tag?post=92133"}],"curies":[{"name":"wp","href":"https:\/\/api.w.org\/{rel}","templated":true}]}}