{"id":926,"date":"2016-06-07T03:08:43","date_gmt":"2016-06-07T01:08:43","guid":{"rendered":"http:\/\/dev02.websynapse.ro\/product\/ionizator-apa-btm-505n-biontech\/"},"modified":"2024-03-13T13:09:17","modified_gmt":"2024-03-13T11:09:17","slug":"ionizator-apa-btm-505n-biontech","status":"publish","type":"product","link":"https:\/\/azura.ro\/es\/produs\/ionizator-apa-btm-505n-biontech\/","title":{"rendered":"IONIZADOR DE AGUA BTM-505N BIONTECH"},"content":{"rendered":"<p><span style=\"font-size: 105%; font-family: tahoma, arial, helvetica, sans-serif;\"><strong>Ionizator BIONTECH BTM-505N,<\/strong> calitate premium, <strong>9 placi<\/strong> din titan acoperite cu platina.<span style=\"color: #000000;\"><strong> Titan pur (AnalloyednTi\u2019\u2019Pure\u2019\u201950A), acoperit cu platina 99.99%<\/strong>. Metoda moderna de acoperire &#8211; prin imersare de 0,6 microni;<\/span><\/span><\/p>\n<p><span style=\"font-size: 105%; font-family: tahoma, arial, helvetica, sans-serif;\">Ionizatorul BTM-505N, este produs de catre compania BIONTECH. cu siguranta cel mai inovator producator din Coreea de Sud. Aceasta companie a primit nenumarate premii si certificari pentru echipamentele sale:<\/span><\/p>\n<p><span style=\"font-size: 105%; font-family: tahoma, arial, helvetica, sans-serif;\"><img decoding=\"async\" class=\"size-full wp-image-925 aligncenter\" src=\"https:\/\/azura.ro\/wp-content\/uploads\/2016\/06\/certificari_biontech_btm-505n.jpg\" alt=\"\" width=\"470\" height=\"227\" srcset=\"https:\/\/azura.ro\/wp-content\/uploads\/2016\/06\/certificari_biontech_btm-505n.jpg 568w, https:\/\/azura.ro\/wp-content\/uploads\/2016\/06\/certificari_biontech_btm-505n-510x247.jpg 510w, https:\/\/azura.ro\/wp-content\/uploads\/2016\/06\/certificari_biontech_btm-505n-300x145.jpg 300w, https:\/\/azura.ro\/wp-content\/uploads\/2016\/06\/certificari_biontech_btm-505n-500x242.jpg 500w\" sizes=\"(max-width: 470px) 100vw, 470px\" \/><\/span><\/p>\n<p><span style=\"font-family: tahoma, arial, helvetica, sans-serif; font-size: 105%;\"><strong>Avantaje ionizator BIONTECH BTM-505N<\/strong><\/span><\/p>\n<p><span style=\"font-size: 105%; font-family: tahoma, arial, helvetica, sans-serif;\">&#8211; ofera cel mai performant ORP, mai mic de -500 mv (Potentional de Oxido-reducere);<\/span><br \/>\n<span style=\"font-size: 105%; font-family: tahoma, arial, helvetica, sans-serif;\"> &#8211; anunta auditiv si vizual necesitatea de inlocuire a filtrelor;<\/span><br \/>\n<span style=\"font-size: 105%; font-family: tahoma, arial, helvetica, sans-serif;\"> &#8211; ajusteaza automat pH-ul in functie de sursa de apa (inovatie absoluta si unica);<\/span><br \/>\n<span style=\"font-size: 105%; font-family: tahoma, arial, helvetica, sans-serif;\"> &#8211; contine filtre performnate cu tehnologie de ultrafiltrare si carbune activat argintat, antibacterian si antimicrobian;<\/span><br \/>\n<span style=\"font-size: 105%; font-family: tahoma, arial, helvetica, sans-serif;\"> &#8211; se curata automat printr-o medoda absoult unica si moderna cu dubla curatare a placitor din titan &#8211;\u00a0\u00a0<strong>DARC &#8211;\u00a0Dual Automatic Reverse Cleaning<\/strong>;<br \/>\n&#8211; ultima generatie pentru controlul exact al pH-ului si ORP-ului,<strong> tehnologie numita SMPS &#8211; Switching Mode Power System<\/strong><br \/>\n&#8211; recunoastere automata a cartuselor filtrante originale;<br \/>\n&#8211; contine un senzor inteligent ce face un diagnostic automat a functionarii corecte si avertizeaza in cazul in care sunt probleme de functioare;<br \/>\n&#8211; contine butoane de tip touch screen.<\/span><\/p>\n<p><span style=\"font-family: tahoma, arial, helvetica, sans-serif; font-size: 105%;\"><strong>Subliniem urmatoarele puncte forte ale ionizatorului Biontech BTM-505N:<\/strong><\/span><\/p>\n<ul>\n<li><span style=\"font-family: tahoma, arial, helvetica, sans-serif; font-size: 105%;\">cele noua placi din titan sunt de timp COMPACT, ci nu de tip plasa;<\/span><\/li>\n<li><span style=\"font-family: tahoma, arial, helvetica, sans-serif; font-size: 105%;\">placile titan sunt acoperite cu platina, prin scufundare, nu prin stropire;<\/span><\/li>\n<li><span style=\"font-family: tahoma, arial, helvetica, sans-serif; font-size: 105%;\">contine sistem de alimentare SMPS &#8211;\u00a0\u00a0(un ansamblu de piese electronice) mult superior transformatorului. Acest lucru inseamna ca curentul aplicat pe placi este stabil, cea ce rezulta intr-un pH stabil. La transformatoare nu este posibil acest lucru.<\/span><\/li>\n<\/ul>\n<p><span style=\"font-size: 105%; font-family: tahoma, arial, helvetica, sans-serif;\">Pozitionarea ionizatorului Biontech BTM-505N<\/span><\/p>\n<p><span style=\"font-size: 105%; font-family: tahoma, arial, helvetica, sans-serif;\">Ionizatorul BTM-505N este gandit si proiectat pentru a fi instalat deasupra blatului de bucatarie, ideal cu pozitionare langa chiuveta.<\/span><\/p>\n<p><span style=\"font-size: 105%; font-family: tahoma, arial, helvetica, sans-serif;\">Sistemul de filtrare inclus este compus din doua filtre cu mai multe tehnologii incorporate.<\/span><\/p>\n<p><span style=\"font-size: 105%; font-family: tahoma, arial, helvetica, sans-serif;\">Primul filtru prin care trece apa:<\/span><\/p>\n<p><span style=\"font-size: 105%; font-family: tahoma, arial, helvetica, sans-serif;\"><strong>FILTRU DE SCHIMB 1ST PRE CARBON BIONTECH BTM-505N<\/strong><\/span><\/p>\n<p><span style=\"font-size: 105%; font-family: tahoma, arial, helvetica, sans-serif;\">Capacitate de filtrare *3000 l (depinde de calitatea apei de alimentare)<\/span><\/p>\n<p><span style=\"font-size: 105%; font-family: tahoma, arial, helvetica, sans-serif;\">Este un filtru ce contine trei tehnologii de filtrare:<\/span><\/p>\n<ul>\n<li><span style=\"font-size: 105%; font-family: tahoma, arial, helvetica, sans-serif;\">filtrare mecanica la un grad de 5 microni \u2013 eliminina particule in suspensie, miserie, sediment, mal, nisip, rugina;<\/span><\/li>\n<li><span style=\"font-size: 105%; font-family: tahoma, arial, helvetica, sans-serif;\">carbune activat granular \u00a0\u2013 elimina clor, trihalometan, erbicide, pesticide, subtante organice \u2013 elimina gustul si mirosul apei;<\/span><\/li>\n<li><span style=\"font-size: 105%; font-family: tahoma, arial, helvetica, sans-serif;\">argint \u2013 este prezent pe fiecare granula de carbune activat si are scop bacteriostatic \/ antibacterian.<\/span><\/li>\n<\/ul>\n<p><span style=\"font-size: 105%; font-family: tahoma, arial, helvetica, sans-serif;\">Al doilea filtru prin care trece apa:<\/span><\/p>\n<p><span style=\"font-size: 105%; font-family: tahoma, arial, helvetica, sans-serif;\"><strong>FILTRU DE SCHIMB 2ND-UF ULTRAFILTRU BIONTECH BTM-505N<\/strong><\/span><\/p>\n<p><span style=\"font-size: 105%; font-family: tahoma, arial, helvetica, sans-serif;\">Capacitate de filtrare **4000 l\u00a0(depinde de calitatea apei de alimentare)<\/span><\/p>\n<p><span style=\"font-size: 105%; font-family: tahoma, arial, helvetica, sans-serif;\">Este un filtru ce contine 6 tehnologii de filtrare, construit in 5 straturi de filtrare:<\/span><\/p>\n<p><span style=\"font-size: 105%; font-family: tahoma, arial, helvetica, sans-serif;\">Capas de filtro:<\/span><br \/>\n<span style=\"font-size: 105%; font-family: tahoma, arial, helvetica, sans-serif;\"> 1. strat de filtrare mecanic \u2013 elimina particule in suspensie, mizerie, mal, nisip, rugina;<\/span><br \/>\n<span style=\"font-size: 105%; font-family: tahoma, arial, helvetica, sans-serif;\"> 2. carbune activat granular \u2013\u00a0elimina clor, trihalometan, erbicide, pesticide, sustante organice \u2013 elimina gustul si mirosul apei;<\/span><br \/>\n<span style=\"font-size: 105%; font-family: tahoma, arial, helvetica, sans-serif;\"> 3. sulfit de calciu \u2013 elimina \u2013 peste 99.9% clorul liber prezent in retelele de apa controlate;<\/span><br \/>\n<span style=\"font-size: 105%; font-family: tahoma, arial, helvetica, sans-serif;\"> 4. carbune activat granular argintat \u2013 cu efect bacteriostatic\/antibacterian \u2013\u00a0elimina clor, trihalometan, erbicide, pesticide, sustante organice \u2013 elimina gustul si mirosul apei;<\/span><br \/>\n<span style=\"font-size: 105%; font-family: tahoma, arial, helvetica, sans-serif;\"> 5. membrana de ultrafiltrare 0,1 microni \u2013 este utilizata in multe sisteme de filtare a apei si este foarte eficienta in filtrarea chisurilor de criptosporidium si giardia, E-coli, bacterii si virusuri.<\/span><\/p>\n<p><span style=\"font-size: 105%; font-family: tahoma, arial, helvetica, sans-serif;\"><strong>Date tehnice ionizator BIONTECH BTM-505N\u00a0<\/strong><\/span><\/p>\n<ul>\n<li><span style=\"font-size: 105%; font-family: tahoma, arial, helvetica, sans-serif;\">Voltaj: 220V-240V \/ 50Hz &#8211; 60 Hz<\/span><\/li>\n<li><span style=\"font-size: 105%; font-family: tahoma, arial, helvetica, sans-serif;\">Alimentare electrica: <strong>SMPS &#8211; Switching Mode Power System<\/strong><\/span><\/li>\n<li><span style=\"font-size: 105%; font-family: tahoma, arial, helvetica, sans-serif;\">Putere consumata: 150W-250W<\/span><\/li>\n<li><span style=\"font-size: 105%; font-family: tahoma, arial, helvetica, sans-serif;\">Dimensiuni: 320 x 340 x 140 mm<\/span><\/li>\n<li><span style=\"font-size: 105%; font-family: tahoma, arial, helvetica, sans-serif;\">Temperatura apa: 5 &#8211; 30\u00a0\u00b0C (apa de alimentare, nu apa rezultata);<\/span><\/li>\n<li><span style=\"font-size: 105%; font-family: tahoma, arial, helvetica, sans-serif;\">Protectie &#8211;\u00a02 senzori de temperatura incorporati<\/span><\/li>\n<li><span style=\"font-size: 105%; font-family: tahoma, arial, helvetica, sans-serif;\">Electroliza: continua<\/span><\/li>\n<li><span style=\"font-size: 105%; font-family: tahoma, arial, helvetica, sans-serif;\">Numar placi: 9 plati din titan acoperite cu platina, metoda de acoperire &#8211; imersare<\/span><\/li>\n<li><span style=\"font-size: 105%; font-family: tahoma, arial, helvetica, sans-serif;\">Debit maxim 3,3 l \/ min. (depinde de presiunea apei)<\/span><\/li>\n<li><span style=\"font-size: 105%; font-family: tahoma, arial, helvetica, sans-serif;\">Debit mediu 1,5 l \/ min. acest debit este cel recomandat<\/span><\/li>\n<li><span style=\"font-size: 105%; font-family: tahoma, arial, helvetica, sans-serif;\">Trepte ionizare: 5 trepte pentru apa alcalina; 2 trepte pentru apa acida<\/span><\/li>\n<li><span style=\"font-size: 105%; font-family: tahoma, arial, helvetica, sans-serif;\">Curatare:\u00a0<strong>DARC &#8211;\u00a0Dual Automatic Reverse Cleaning<\/strong><\/span><\/li>\n<li><span style=\"font-size: 105%; font-family: tahoma, arial, helvetica, sans-serif;\">Filtre: doua filtre<\/span><\/li>\n<li><span style=\"font-size: 105%; font-family: tahoma, arial, helvetica, sans-serif;\">Durata filtre<strong>:\u00a0<\/strong>1ST PRE CARBON &#8211; 3000 L (depinde de calitatea apei);\u00a02ND-UF ULTRAFILTRU &#8211; 4000 L\u00a0depinde de calitatea apei)<\/span><\/li>\n<li><span style=\"font-size: 105%; font-family: tahoma, arial, helvetica, sans-serif;\">Valori pH: 3,5 &#8211; 10 (depinde de calitatea apei de alimentare)<\/span><\/li>\n<li><span style=\"font-size: 105%; font-family: tahoma, arial, helvetica, sans-serif;\">Recunoastere voce: Da<\/span><\/li>\n<li><span style=\"font-size: 105%; font-family: tahoma, arial, helvetica, sans-serif;\">Mod display: Negativ LCD<\/span><\/li>\n<li><span style=\"font-size: 105%; font-family: tahoma, arial, helvetica, sans-serif;\">Control display: Touch Panel<\/span><\/li>\n<li><span style=\"font-size: 105%; font-family: tahoma, arial, helvetica, sans-serif;\">Licenta de productie nr.: 07-171<\/span><\/li>\n<li><span style=\"font-size: 105%; font-family: tahoma, arial, helvetica, sans-serif;\">Producator: Biontech Co. Ltd. Korea<\/span><\/li>\n<li><span style=\"font-size: 105%; font-family: tahoma, arial, helvetica, sans-serif;\">Garant\u00eda: 3 a\u00f1os<\/span><\/li>\n<\/ul>","protected":false},"excerpt":{"rendered":"<p><span style=\"font-size: 10pt; font-family: tahoma, arial, helvetica, sans-serif;\">Ionizator Biontech cu 9 placi din titan imersate in platina<\/span>.<\/p>\n<p><span style=\"color: #d0121a; font-size: 12pt;\">Oferta especial:<\/span><\/p>\n<ul>\n<li>primiti gratuit un filtru cu grad de 5 microni, ce se instaleaza pe linia de alimentare a ionizatorului.<\/li>\n<\/ul>\n<p><a href=\"https:\/\/azura.ro\/es\/100-30-dias-de-garantia-de-devolucion\/\"><img decoding=\"async\" class=\"alignnone wp-image-7307\" src=\"https:\/\/azura.ro\/wp-content\/uploads\/2016\/06\/Garantie-retur.png\" alt=\"100 d\u00edas de garant\u00eda de devoluci\u00f3n\" width=\"102\" height=\"124\" \/><\/a><a href=\"https:\/\/azura.ro\/es\/service\/\"><img decoding=\"async\" class=\"alignnone wp-image-7308\" src=\"https:\/\/azura.ro\/wp-content\/uploads\/2016\/06\/Service.png\" alt=\"Ofrecemos servicio 7 d\u00edas a la semana\" width=\"107\" height=\"107\" srcset=\"https:\/\/azura.ro\/wp-content\/uploads\/2016\/06\/Service.png 189w, https:\/\/azura.ro\/wp-content\/uploads\/2016\/06\/Service-100x100.png 100w, https:\/\/azura.ro\/wp-content\/uploads\/2016\/06\/Service-150x150.png 150w\" sizes=\"(max-width: 107px) 100vw, 107px\" \/><\/a><a href=\"https:\/\/azura.ro\/es\/3-anos-de-garantia\/attachment\/3-anos-de-garantia\/#main\" rel=\"attachment wp-att-12368\"><img decoding=\"async\" class=\"alignnone wp-image-12368\" src=\"https:\/\/azura.ro\/wp-content\/uploads\/2018\/08\/3-ani-garantie.png\" alt=\"\" width=\"97\" height=\"124\" \/><\/a><\/p>\n<p><a href=\"https:\/\/azura.ro\/es\/100-30-dias-de-garantia-de-devolucion\/\" target=\"_blank\" rel=\"noopener noreferrer\">Ofrecemos garant\u00eda de satisfacci\u00f3n con pol\u00edtica de devoluci\u00f3n de 30 d\u00edas;<\/a><br \/>\nO<a href=\"https:\/\/azura.ro\/es\/service\/\" target=\"_blank\" rel=\"noopener noreferrer\">Prestamos servicio especializado en Ruman\u00eda \u00a1Cualquier problema t\u00e9cnico se resuelve en Ruman\u00eda!<br \/>\n<\/a><a href=\"https:\/\/azura.ro\/es\/3-anos-de-garantia\/\" target=\"_blank\" rel=\"noopener noreferrer\">Oferim garantie impotriva defectelor de fabricatie, de 3 ani;<\/a><\/p>\n<p>&nbsp;<\/p>","protected":false},"featured_media":923,"comment_status":"open","ping_status":"closed","template":"","meta":{"_seopress_robots_primary_cat":"none","_seopress_titles_title":"","_seopress_titles_desc":"IONIZATOR CU 9 PLACI, BIONTECH","_seopress_robots_index":""},"product_brand":[],"product_cat":[116],"product_tag":[663,662],"class_list":{"0":"post-926","1":"product","2":"type-product","3":"status-publish","4":"has-post-thumbnail","6":"product_cat-ionizatoare-de-apa","7":"product_tag-biontech","8":"product_tag-btm-505n","9":"pa_amplasare-deasuprachiuvetei","10":"pa_brand-biontech","12":"first","13":"outofstock","14":"taxable","15":"shipping-taxable","16":"purchasable","17":"product-type-simple"},"_links":{"self":[{"href":"https:\/\/azura.ro\/es\/wp-json\/wp\/v2\/product\/926","targetHints":{"allow":["GET"]}}],"collection":[{"href":"https:\/\/azura.ro\/es\/wp-json\/wp\/v2\/product"}],"about":[{"href":"https:\/\/azura.ro\/es\/wp-json\/wp\/v2\/types\/product"}],"replies":[{"embeddable":true,"href":"https:\/\/azura.ro\/es\/wp-json\/wp\/v2\/comments?post=926"}],"wp:featuredmedia":[{"embeddable":true,"href":"https:\/\/azura.ro\/es\/wp-json\/wp\/v2\/media\/923"}],"wp:attachment":[{"href":"https:\/\/azura.ro\/es\/wp-json\/wp\/v2\/media?parent=926"}],"wp:term":[{"taxonomy":"product_brand","embeddable":true,"href":"https:\/\/azura.ro\/es\/wp-json\/wp\/v2\/product_brand?post=926"},{"taxonomy":"product_cat","embeddable":true,"href":"https:\/\/azura.ro\/es\/wp-json\/wp\/v2\/product_cat?post=926"},{"taxonomy":"product_tag","embeddable":true,"href":"https:\/\/azura.ro\/es\/wp-json\/wp\/v2\/product_tag?post=926"}],"curies":[{"name":"wp","href":"https:\/\/api.w.org\/{rel}","templated":true}]}}