{"id":9441,"date":"2018-01-07T18:47:08","date_gmt":"2018-01-07T16:47:08","guid":{"rendered":"https:\/\/azura.ro\/?post_type=product&#038;p=9441"},"modified":"2025-08-04T19:49:58","modified_gmt":"2025-08-04T16:49:58","slug":"ionizator-de-apa-crewelter-9-2-filtre-9-placi-din-titan-cu-platina-cu-montare-sub-chiuveta","status":"publish","type":"product","link":"https:\/\/azura.ro\/es\/produs\/ionizator-de-apa-crewelter-9-2-filtre-9-placi-din-titan-cu-platina-cu-montare-sub-chiuveta\/","title":{"rendered":"IONIZADOR DE AGUA CREWELTER | 2 FILTROS | 9 PLACAS DE TITANIO CON PLATINO | MONTAJE BAJO FREGADERO"},"content":{"rendered":"<h2><span style=\"font-family: tahoma, arial, helvetica, sans-serif; font-size: 110%;\"><strong>Descriere Ionizator de apa Crewelter 9, cu montare sub chiuveta<\/strong>\u00a0 &#8211; <span style=\"color: #008000;\"><strong>este certificat ca dispozitiv medical in Coreea de Sud<\/strong><\/span>.<\/span><\/h2>\n<p><span style=\"font-family: tahoma, arial, helvetica, sans-serif; font-size: 110%;\"><img decoding=\"async\" class=\"alignleft size-medium wp-image-9442\" src=\"https:\/\/azura.ro\/wp-content\/uploads\/2018\/01\/Baterie-Electronica-ionizator-Crewelter-9-200x300.jpg\" alt=\"\" width=\"200\" height=\"300\" srcset=\"https:\/\/azura.ro\/wp-content\/uploads\/2018\/01\/Baterie-Electronica-ionizator-Crewelter-9-200x300.jpg 200w, https:\/\/azura.ro\/wp-content\/uploads\/2018\/01\/Baterie-Electronica-ionizator-Crewelter-9-510x763.jpg 510w, https:\/\/azura.ro\/wp-content\/uploads\/2018\/01\/Baterie-Electronica-ionizator-Crewelter-9.jpg 620w\" sizes=\"(max-width: 200px) 100vw, 200px\" \/>Mentiune: Fata de modelul Crewelter 9 cu montare pe chiuveta, acest ionizator contine un chit de instalare care este compus din mai multe piese, printre care si o baterie electronica moderna, care perminte efectuarea de comenzi catre ionizator. In acest caz, <strong>ionizatorul se poate monta sub chiuveta\/blat, iar toate comenzile pentru consumul apei si alegerea pH-ului se face prin bateria ce se instaleaza pe chiuveta sau pe blat<\/strong> (prin gaurirea acestora). Instalarea nu este complicata dar totusi necesita ustensile speciale pentru gaurirea chiuvetei sau blatului.<\/span><\/p>\n<p><span style=\"font-family: tahoma, arial, helvetica, sans-serif; font-size: 110%;\">Ionizatorul Crewelter 9 = Creation + Well + Water -&gt; produs de catre compania Jinnys in Coreea de Sud &#8211; este un dispozitiv medical pentru obtinerea apei alcaline (uz intern) si pentru obtinerea apei acide (uz extern).<\/span><\/p>\n<p><span style=\"font-family: tahoma, arial, helvetica, sans-serif; font-size: 110%;\">Dintre toate ionizatoarele expuse pe site-ul nostru, Crewelter 9 este cel mai modern si inovativ echipament. In plus, detine o multime de certificari foarte apreciate in aceasta industrie:<\/span><\/p>\n<p><span style=\"font-family: tahoma, arial, helvetica, sans-serif; font-size: 110%;\">CE, HALAL, FC, dar probabil ca cea mai importanta certificare este cea numita\u00a0<span style=\"color: #008000;\">GMP<\/span> care demonstreaza ca a fost inregistrat si recunoscut (in Coreea de Sud) ca <strong><span style=\"color: #008000;\">dispozitiv medical<\/span>. Vezi aici <a href=\"https:\/\/azura.ro\/wp-content\/uploads\/2018\/01\/Certificari-Ionizator-Crewelter-9.pdf\" target=\"_blank\" rel=\"noopener noreferrer\">Certificari Ionizator Crewelter 9<\/a>.<\/strong><\/span><\/p>\n<h3><span style=\"font-family: tahoma, arial, helvetica, sans-serif; font-size: 110%;\"><strong>De ce este diferit ionizatorul Crewelter 9?\u00a0<\/strong><\/span><\/h3>\n<ul>\n<li><span style=\"font-family: tahoma, arial, helvetica, sans-serif; font-size: 110%;\">Dezinfectie apa cu ultraviolete (lampa UV) \u2013 sistem unic! Se aprinde lampa doar cand exista consum de apa;<\/span><\/li>\n<li><span style=\"font-family: tahoma, arial, helvetica, sans-serif; font-size: 110%;\">Blocarea automata a apei reziduale atunci cand este selectat butonul \u201cApa Purificata\u201d. Acest lucru duce la economii de apa, niciun alt ionizator nu are aceasta functie;<\/span><\/li>\n<li><span style=\"font-family: tahoma, arial, helvetica, sans-serif; font-size: 110%;\">Sistem de filtrare inclus, de tip dual, cu multiple straturi;<\/span><\/li>\n<li><span style=\"font-family: tahoma, arial, helvetica, sans-serif; font-size: 110%;\">Singurul ionizator de pe piata cu posibilitatea de instalare pe chiuveta sau sub chiuveta. Acest model contine toate piesele necesare pentru a putea fi montat sub chiuveta sau pe chiuveta, dupa dorinta utilizatorului.<\/span><\/li>\n<\/ul>\n<p><span style=\"font-family: tahoma, arial, helvetica, sans-serif; font-size: 110%;\">Test video, nivel obtinut pentru ORP:<\/span><\/p>\n<p><iframe loading=\"lazy\" title=\"ORP test pentru ionizatorul Crewelter 9\" width=\"1020\" height=\"574\" src=\"https:\/\/www.youtube.com\/embed\/RAvaq8s35aY?feature=oembed\" frameborder=\"0\" allow=\"accelerometer; autoplay; clipboard-write; encrypted-media; gyroscope; picture-in-picture; web-share\" referrerpolicy=\"strict-origin-when-cross-origin\" allowfullscreen><\/iframe><\/p>\n<p><span style=\"font-family: tahoma, arial, helvetica, sans-serif; font-size: 110%;\">Test video, nivel obtinut hidrogen molecular:<\/span><\/p>\n<p><iframe loading=\"lazy\" title=\"Hidrogen molecular - test pentru ionizatorul CREWELTER 9\" width=\"1020\" height=\"574\" src=\"https:\/\/www.youtube.com\/embed\/QwYIWM-LJS4?feature=oembed\" frameborder=\"0\" allow=\"accelerometer; autoplay; clipboard-write; encrypted-media; gyroscope; picture-in-picture; web-share\" referrerpolicy=\"strict-origin-when-cross-origin\" allowfullscreen><\/iframe><\/p>\n<h4><span style=\"font-family: tahoma, arial, helvetica, sans-serif; font-size: 110%;\"><strong>Caracteristici tehnice Crewelter 9<\/strong> &#8211; aspect ionizator: negru &#8211; foarte elegant si foarte frumos &#8211;<strong> Vezi si <a href=\"https:\/\/azura.ro\/wp-content\/uploads\/2018\/01\/Ionizator-CREWELTER-9-descriere.pdf\" target=\"_blank\" rel=\"noopener noreferrer\">descriere in Engleza<\/a><\/strong><\/span><\/h4>\n<ul>\n<li><span style=\"font-family: tahoma, arial, helvetica, sans-serif; font-size: 110%;\">9 placi din titan acoperite cu platina &#8211; placi intregi si solide (nu de tip plasa\/mesh ca cele prezente in ionizatoarele ieftine). Dimensiunea unei placi este de 53 x 146 x 5 mm;<\/span><\/li>\n<li><span style=\"font-family: tahoma, arial, helvetica, sans-serif; font-size: 110%;\">Tehnologie UV (raze cu ultraviolete) pentru distrugerea bacteriilor, virusurilor si chisturilor de criptosporidium si giardia. Acest ionizator are un sistem unic de UV, care functioneaza doar in momentul in care apa trece prin ionizator;<\/span><\/li>\n<li><span style=\"font-family: tahoma, arial, helvetica, sans-serif; font-size: 110%;\">Indicator automat pentru durata de viata a filtrelor &#8211; pe display este aratata durata de viata a acestora;<\/span><\/li>\n<li><span style=\"font-family: tahoma, arial, helvetica, sans-serif; font-size: 110%;\">Voce care anunta tipul de nivel selectat;<\/span><\/li>\n<li><span style=\"font-family: tahoma, arial, helvetica, sans-serif; font-size: 110%;\">Display LCD color care arata majoritatea functiilor importante &#8211; la fiecare nivel de alcalinizare, culoarea ecranului se schimba;<\/span><\/li>\n<li><span style=\"font-family: tahoma, arial, helvetica, sans-serif; font-size: 110%;\">Sistem dual de filtrare cu multiple straturi, pentru fiecare filtru in parte;<\/span><\/li>\n<li><span style=\"font-family: tahoma, arial, helvetica, sans-serif; font-size: 110%;\">Obtinerea unui pH incredibil, intre 3 &#8211; 10;<\/span><\/li>\n<li><span style=\"font-family: tahoma, arial, helvetica, sans-serif; font-size: 110%;\">Valori de pH posibile: 4 nivele pentru apa alcalina, 4 nivele pentru apa acida, 1 nivel de apa cu pH neutru (apa purificata);<\/span><\/li>\n<li><span style=\"font-family: tahoma, arial, helvetica, sans-serif; font-size: 110%;\">Nivelul de pH si ORP este programabil &#8211; poate fi ajustat manual;<\/span><\/li>\n<li><span style=\"font-family: tahoma, arial, helvetica, sans-serif; font-size: 110%;\">Butoane de tip Touch;<\/span><\/li>\n<li><span style=\"font-family: tahoma, arial, helvetica, sans-serif; font-size: 110%;\">Sistem de alimentare SMPS &#8211; 368W pentru obtinerea unui pH stabil;<\/span><\/li>\n<li><span style=\"font-family: tahoma, arial, helvetica, sans-serif; font-size: 110%;\">ORP pentru apa alcalina: &#8211; 650 &#8211; 850 (depinde de calitatea apei);<\/span><\/li>\n<li><span style=\"font-family: tahoma, arial, helvetica, sans-serif; font-size: 110%;\">Furtun flexibil din inox &#8211; otel 100%, pentru consumul apei;<\/span><\/li>\n<li><span style=\"font-family: tahoma, arial, helvetica, sans-serif; font-size: 110%;\">Sistem unic de autocuratare;<\/span><\/li>\n<li><span style=\"font-family: tahoma, arial, helvetica, sans-serif; font-size: 110%;\">Diagnosticare automata cu eroare pe ecran, daca este cazul.<\/span><\/li>\n<\/ul>\n<p><span style=\"font-family: tahoma, arial, helvetica, sans-serif; font-size: 110%;\">&#8211;\u00a0 indeparteaza apa din cele doua filtre dupa fiecare utilizare;<\/span><br \/>\n<span style=\"font-family: tahoma, arial, helvetica, sans-serif; font-size: 110%;\">&#8211;\u00a0 efectueaza o curatare in camera de electroliza, dupa fiecare utilizare;<\/span><br \/>\n<span style=\"font-family: tahoma, arial, helvetica, sans-serif; font-size: 110%;\">&#8211;\u00a0 efectueaza o curatare dupa fiecare schimbare a filtrelor;<\/span><br \/>\n<span style=\"font-family: tahoma, arial, helvetica, sans-serif; font-size: 110%;\">&#8211;\u00a0 efectueaza o curatare suplimentara la fiecare 20 l utilizati fara intrerupere (se poate seta ca aceasta curatare sa intervina la 10, 20 sau 30 l) &#8211; acest lucru depinde de duritatea apei si incarcatura acesteia (TDS-ul apei);<\/span><br \/>\n<span style=\"font-family: tahoma, arial, helvetica, sans-serif; font-size: 110%;\">&#8211;\u00a0 efectueaza o curatare daca de exemplu, curentul este taiat brusc;<\/span><br \/>\n<span style=\"font-family: tahoma, arial, helvetica, sans-serif; font-size: 110%;\">&#8211;\u00a0 efectueaza o curatare daca aparatul nu a fost utilizat mai mult de 24 H<\/span><\/p>\n<h4><span style=\"font-size: 110%;\"><strong><span style=\"font-family: tahoma, arial, helvetica, sans-serif;\">Alte specificatii tehnice ionizator Crewelter 9:<\/span><\/strong><\/span><\/h4>\n<p><span style=\"font-family: tahoma, arial, helvetica, sans-serif; font-size: 110%;\">Dimensiuni: 35 cm x 35 cm x 15 cm<\/span><br \/>\n<span style=\"font-family: tahoma, arial, helvetica, sans-serif; font-size: 110%;\">Greutate: 5,5 kg, cu ambalaj 7,5 kg.<\/span><\/p>\n<p><span style=\"font-family: tahoma, arial, helvetica, sans-serif; font-size: 110%;\">Dimensiune gaura necesara pentru baterie: 3 cm diametru<\/span><br \/>\n<span style=\"font-family: tahoma, arial, helvetica, sans-serif; font-size: 110%;\">Amprenta necesara pentru baterie: 6,2 cm diametru<\/span><\/p>\n<p><span style=\"font-family: tahoma, arial, helvetica, sans-serif; font-size: 110%;\"><strong>Sistemul de filtrare din interior, creat pentru o apa pura si gustoasa:<\/strong><\/span><\/p>\n<p><span style=\"font-family: tahoma, arial, helvetica, sans-serif; font-size: 110%;\">Acest ionizator este conceput pentru a obtine nu numai o apa alcalina ionizata de calitate superioara, dar si o apa foarte bine filtrata si dezinfectata. Sistemul de filtrare\/purificare este construit din doua filtre cu multiple straturi ce sunt consumabile si un sterilizator UV ce nu se schimba (durata de viata aproximativa 20 ani). Sistemul UV (ultraviolete) este conceput pentru a distruge: bacterii, virusuri, chisturi, fungi.<\/span><\/p>\n<p><span style=\"font-family: tahoma, arial, helvetica, sans-serif; font-size: 110%;\">Sistemul de filtrare, asa cum a fost descris mai sus, este conceput din doua filtre si anume:<\/span><\/p>\n<p><span style=\"font-family: tahoma, arial, helvetica, sans-serif; font-size: 110%;\">Filtrul nr. 1<\/span><\/p>\n<p><span style=\"font-family: tahoma, arial, helvetica, sans-serif; font-size: 110%;\">Filtrul de schimb 1ST Crewelter 9 &#8211; este compus din:<\/span><\/p>\n<ul>\n<li><span style=\"font-family: tahoma, arial, helvetica, sans-serif; font-size: 110%;\">4 straturi de filtrare si anume: polipropilena pura de inalta densitate 10 microni; polipropilena pura de inalta densitate 5 microni; carbune activat obtinut din coaja de nuca de cocos;\u00a0 polipropilena pura de inalta densitate 5 microni.<\/span><\/li>\n<li><span style=\"font-family: tahoma, arial, helvetica, sans-serif; font-size: 110%;\">Durata de viata 4000 litri<\/span><\/li>\n<\/ul>\n<p><span style=\"font-family: tahoma, arial, helvetica, sans-serif; font-size: 110%;\">Filtrul nr. 2:<\/span><\/p>\n<p><span style=\"font-family: tahoma, arial, helvetica, sans-serif; font-size: 110%;\">Filtrul de schimb 2ND Crewelter 9 &#8211; este compus din:<\/span><\/p>\n<ul>\n<li><span style=\"font-family: tahoma, arial, helvetica, sans-serif; font-size: 110%;\">6 straturi si anume:\u00a0polipropilena pura de inalta densitate 5 microni; carbune activat obtinut din coaja de nuca de cocos; polipropilena pura de inalta densitate 5 microni;\u00a0carbune activat obtinut din coaja de nuca de cocos; bile ceramice din calciu, pentru filtrarea clorului si a cloraminei; polipropilena pura de inalta densitate 5 microni.<\/span><\/li>\n<li><span style=\"font-family: tahoma, arial, helvetica, sans-serif; font-size: 110%;\">Durata de viata 8000 litri<\/span><\/li>\n<\/ul>\n<p><span style=\"font-family: tahoma, arial, helvetica, sans-serif; font-size: 110%;\">Unde se utilizeaza si pentru ce?<\/span><\/p>\n<ul>\n<li><span style=\"font-family: tahoma, arial, helvetica, sans-serif; font-size: 110%;\">Se utilizeaza pentru consumul de apa alcalina (apa detoxifianta imbogatita cu hidrogen molecular (ioni de hidroxil);<\/span><\/li>\n<li><span style=\"font-family: tahoma, arial, helvetica, sans-serif; font-size: 110%;\">Se utilizeaza apa acida pentru uz extern, cu multiple aplicatii: dezinfectie, arsuri, iritatii, matreata si multe altele;<\/span><\/li>\n<li><span style=\"font-family: tahoma, arial, helvetica, sans-serif; font-size: 110%;\">Se utilizeaza doar cu apa declarata potabila, din retelele de apa controlate, dezinfectate cu agenti de dezinfectie. Rolul filtrelor din interior este sa corecteze apa din retelele publice, sa elimine clorul, trihalometanul, metalul greu, rugina si nisipul, sa distruga chisturile de criptosporidium si giardia (ce sunt rezistente la clor) sa distruga bacterii si virusuri, ce pot contamina accidental apa. In cazul in care apa dvs. nu este dintr-o retea publica si verificata precum apa de foraj\/put, captare din izvoare) este necesar sa efectuati un buletin de analiza si sa ni-l trimiteti prin email. Echipa noastra va poate consilia in obtinerea unei ape potabile, care sa poate fi utilizata impreuna cu ionizatorul Crewelter 9. Puteti verifica in acest sens o multime de proiecte pentru potabilizare, prin sectiunea din site-ul nostru: <a href=\"https:\/\/azura.ro\/category\/echipamente-instalate\/\" target=\"_blank\" rel=\"noopener noreferrer\">Echipamente instalate<\/a><\/span><\/li>\n<li><span style=\"font-family: tahoma, arial, helvetica, sans-serif; font-size: 110%;\">Se utilizeaza la un singur punct de consum, precum cel de la bucatarie. Este indicat ca ionizatorul sa fie contectat la bucatarie, langa chiuveta. Acest echipament nu se poate instala pentru a obtine apa alcalina sau apa acida pentru toata casa ci doar pentru un punct de consum.<\/span><\/li>\n<li><span style=\"font-family: tahoma, arial, helvetica, sans-serif; font-size: 110%;\">Se utilizeaza doar cu apa rece, in niciun caz cu apa calda (obtinuta de la conducta de apa calda)<\/span><\/li>\n<\/ul>\n<p><span style=\"font-family: tahoma, arial, helvetica, sans-serif; font-size: 110%;\">Amplasarea aparatului<\/span><\/p>\n<p><span style=\"font-family: tahoma, arial, helvetica, sans-serif; font-size: 110%;\">Se va instala la bucatarie, cu pozitionarea aparatului sub blat sau sub chiuveta. Consumul de apa se va face prin bateria electronica instalata pe blat sau pe chiuveta.<\/span><\/p>\n<p><span style=\"font-family: tahoma, arial, helvetica, sans-serif; font-size: 110%;\"><strong>Garantie: 3 ani<\/strong><\/span><\/p>\n<p><span style=\"font-family: tahoma, arial, helvetica, sans-serif; font-size: 110%;\">Produs de catre compania Jinnys CO, LDT (Coreea de Sud).<\/span><\/p>\n<h4><span style=\"font-size: 110%;\"><strong><span style=\"font-family: tahoma, arial, helvetica, sans-serif;\">Despre Ionizatorul Crewelter 9 in imagini video:<\/span><\/strong><\/span><\/h4>\n<p><span style=\"font-family: tahoma, arial, helvetica, sans-serif; font-size: 110%;\">Prezentare fabrica, ionizator, teste de pH pentru aparat, in limba engleza:<\/span><\/p>\n<p><iframe loading=\"lazy\" title=\"[CREWELTER]_Jinnys Co., Ltd_Alkaline Water Ionizer_MEDIQUA_CREWELTER(New)\" width=\"1020\" height=\"574\" src=\"https:\/\/www.youtube.com\/embed\/Ao_4dyOwEv4?feature=oembed\" frameborder=\"0\" allow=\"accelerometer; autoplay; clipboard-write; encrypted-media; gyroscope; picture-in-picture; web-share\" referrerpolicy=\"strict-origin-when-cross-origin\" allowfullscreen><\/iframe><\/p>\n<p><span style=\"font-family: tahoma, arial, helvetica, sans-serif; font-size: 110%;\">Explica functionarea printr-o schema grafica, in limba engleza:<\/span><\/p>\n<p><iframe loading=\"lazy\" title=\"Explicatii apa alcalina ionizata si prezentare grafica Ionizator Crewelter 9\" width=\"1020\" height=\"574\" src=\"https:\/\/www.youtube.com\/embed\/8jkR0ymHTSI?feature=oembed\" frameborder=\"0\" allow=\"accelerometer; autoplay; clipboard-write; encrypted-media; gyroscope; picture-in-picture; web-share\" referrerpolicy=\"strict-origin-when-cross-origin\" allowfullscreen><\/iframe><\/p>\n<p><span style=\"font-family: tahoma, arial, helvetica, sans-serif; font-size: 110%;\">Explica instalarea si utilizarea aparatului in engleza:<\/span><\/p>\n<p><iframe loading=\"lazy\" title=\"Ionizator de apa Crewelter 9 placi   explicatii instalare si functionare\" width=\"1020\" height=\"574\" src=\"https:\/\/www.youtube.com\/embed\/0dIX9LpBCOM?feature=oembed\" frameborder=\"0\" allow=\"accelerometer; autoplay; clipboard-write; encrypted-media; gyroscope; picture-in-picture; web-share\" referrerpolicy=\"strict-origin-when-cross-origin\" allowfullscreen><\/iframe><\/p>\n","protected":false},"excerpt":{"rendered":"<p><span style=\"color: #d0121a; font-size: 100%; font-family: tahoma, arial, helvetica, sans-serif;\">Oferta especial:<\/span><\/p>\n<ul>\n<li><span style=\"font-family: tahoma, arial, helvetica, sans-serif; font-size: 105%;\">Primiti gratuit o pompita de curatare a aparatului, mai exact de decalcifiere pentru eliminarea calcarului in interiorul acestuia, restabilind astfel performanta si calitatea apei. Pompita nu se vinde separat. Se ofera cadou la achizitia ionizarului, impreuna cu un video ce explica pas cu pas procedura de curatare.<\/span><\/li>\n<\/ul>\n<p><a href=\"https:\/\/azura.ro\/es\/100-30-dias-de-garantia-de-devolucion\/\"><img decoding=\"async\" class=\"alignnone wp-image-7307\" src=\"https:\/\/azura.ro\/wp-content\/uploads\/2016\/06\/Garantie-retur.png\" alt=\"100 d\u00edas de garant\u00eda de devoluci\u00f3n\" width=\"102\" height=\"124\" \/><\/a><a href=\"https:\/\/azura.ro\/es\/service\/\"><img decoding=\"async\" class=\"alignnone wp-image-7308\" src=\"https:\/\/azura.ro\/wp-content\/uploads\/2016\/06\/Service.png\" alt=\"Ofrecemos servicio 7 d\u00edas a la semana\" width=\"109\" height=\"109\" srcset=\"https:\/\/azura.ro\/wp-content\/uploads\/2016\/06\/Service.png 189w, https:\/\/azura.ro\/wp-content\/uploads\/2016\/06\/Service-100x100.png 100w, https:\/\/azura.ro\/wp-content\/uploads\/2016\/06\/Service-150x150.png 150w\" sizes=\"(max-width: 109px) 100vw, 109px\" \/><\/a><a href=\"https:\/\/azura.ro\/es\/3%20ani%20garantie\/\" target=\"_blank\" rel=\"attachment noopener wp-att-12368 noreferrer\"><img decoding=\"async\" class=\"alignnone wp-image-12368\" src=\"https:\/\/azura.ro\/wp-content\/uploads\/2018\/08\/3-ani-garantie.png\" alt=\"\" width=\"91\" height=\"117\" \/><\/a><\/p>\n<p><a href=\"https:\/\/azura.ro\/es\/100-30-dias-de-garantia-de-devolucion\/\" target=\"_blank\" rel=\"noopener noreferrer\">Ofrecemos garant\u00eda de satisfacci\u00f3n con pol\u00edtica de devoluci\u00f3n de 30 d\u00edas;<\/a><br \/>\nO<a href=\"https:\/\/azura.ro\/es\/service\/\" target=\"_blank\" rel=\"noopener noreferrer\">Prestamos servicio especializado en Ruman\u00eda \u00a1Cualquier problema t\u00e9cnico se resuelve en Ruman\u00eda!<br \/>\n<\/a><a href=\"https:\/\/azura.ro\/es\/3-anos-de-garantia\/\" target=\"_blank\" rel=\"noopener noreferrer\">Ofrecemos garant\u00eda contra defectos de fabricaci\u00f3n, 3 a\u00f1os de garant\u00eda<\/a><a href=\"https:\/\/azura.ro\/es\/5-anos-de-garantia\/\" target=\"_blank\" rel=\"noopener noreferrer\">;<\/a><\/p>\n<p><span style=\"font-size: 85%;\" data-nosnippet=\"true\"><i>El precio de venta del AEE incluye el valor del coste del \"sello verde<u>seg\u00fan GEO 5\/2015<\/u><\/i><\/span><\/p>","protected":false},"featured_media":69222,"comment_status":"open","ping_status":"closed","template":"","meta":{"_seopress_robots_primary_cat":"none","_seopress_titles_title":"","_seopress_titles_desc":"","_seopress_robots_index":""},"product_brand":[],"product_cat":[116],"product_tag":[948,947,322,1505,950],"class_list":{"0":"post-9441","1":"product","2":"type-product","3":"status-publish","4":"has-post-thumbnail","6":"product_cat-ionizatoare-de-apa","7":"product_tag-9-placi-titan-cu-platina","8":"product_tag-crewelter-9","9":"product_tag-ionizator-apa","10":"product_tag-ionizator-crewelter-9","11":"product_tag-sub-chiuteva","12":"pa_amplasare-subchiuveta","13":"pa_brand-crewelter-jinnys","15":"first","16":"instock","17":"sale","18":"taxable","19":"shipping-taxable","20":"purchasable","21":"product-type-simple"},"_links":{"self":[{"href":"https:\/\/azura.ro\/es\/wp-json\/wp\/v2\/product\/9441","targetHints":{"allow":["GET"]}}],"collection":[{"href":"https:\/\/azura.ro\/es\/wp-json\/wp\/v2\/product"}],"about":[{"href":"https:\/\/azura.ro\/es\/wp-json\/wp\/v2\/types\/product"}],"replies":[{"embeddable":true,"href":"https:\/\/azura.ro\/es\/wp-json\/wp\/v2\/comments?post=9441"}],"wp:featuredmedia":[{"embeddable":true,"href":"https:\/\/azura.ro\/es\/wp-json\/wp\/v2\/media\/69222"}],"wp:attachment":[{"href":"https:\/\/azura.ro\/es\/wp-json\/wp\/v2\/media?parent=9441"}],"wp:term":[{"taxonomy":"product_brand","embeddable":true,"href":"https:\/\/azura.ro\/es\/wp-json\/wp\/v2\/product_brand?post=9441"},{"taxonomy":"product_cat","embeddable":true,"href":"https:\/\/azura.ro\/es\/wp-json\/wp\/v2\/product_cat?post=9441"},{"taxonomy":"product_tag","embeddable":true,"href":"https:\/\/azura.ro\/es\/wp-json\/wp\/v2\/product_tag?post=9441"}],"curies":[{"name":"wp","href":"https:\/\/api.w.org\/{rel}","templated":true}]}}