{"id":9463,"date":"2018-01-07T22:46:40","date_gmt":"2018-01-07T20:46:40","guid":{"rendered":"https:\/\/azura.ro\/?post_type=product&#038;p=9463"},"modified":"2026-03-21T15:20:37","modified_gmt":"2026-03-21T13:20:37","slug":"filtru-de-schimb-2nd-crewelter-9","status":"publish","type":"product","link":"https:\/\/azura.ro\/es\/produs\/filtru-de-schimb-2nd-crewelter-9\/","title":{"rendered":"Filtro de recambio 2ND Crewelter 9\/MEDIQUA"},"content":{"rendered":"<p><span style=\"font-family: tahoma, arial, helvetica, sans-serif; font-size: 110%;\">Filtru de schimb, treapta 2, pentru ionizatorul CREWELTER 9\/MEDIQUA<\/span><\/p>\n<p><span style=\"font-family: tahoma, arial, helvetica, sans-serif; font-size: 110%;\">El filtro consta de:<\/span><\/p>\n<ul>\n<li><span style=\"font-family: tahoma, arial, helvetica, sans-serif; font-size: 110%;\">6 capas, a saber: polipropileno puro de alta densidad de 5 micras; carb\u00f3n activado obtenido a partir de c\u00e1scara de coco; polipropileno puro de alta densidad de 5 micras; carb\u00f3n activado obtenido a partir de c\u00e1scara de coco; bolas de cer\u00e1mica c\u00e1lcica para la filtraci\u00f3n de cloro y cloramina; polipropileno puro de alta densidad de 5 micras.<\/span><\/li>\n<li><span style=\"font-family: tahoma, arial, helvetica, sans-serif; font-size: 110%;\">Vida \u00fatil 8000 litros<\/span><\/li>\n<\/ul>\n<p><span style=\"font-family: tahoma, arial, helvetica, sans-serif; font-size: 110%;\">Fabricante: JINNYS CO, LTD<\/span><\/p>","protected":false},"excerpt":{"rendered":"<p>Filtru de schimb, treapta 2, pentru ionizatorul CREWELTER 9\/MEDIQUA Filtrul este compus din: 6 straturi si anume:\u00a0polipropilena pura de inalta densitate 5 microni; carbune activat obtinut din coaja de nuca de cocos; polipropilena pura de inalta densitate 5 microni;\u00a0carbune activat obtinut din coaja de nuca de cocos; bile ceramice din calciu, pentru filtrarea clorului si [&#8230;]\n","protected":false},"featured_media":69171,"comment_status":"open","ping_status":"closed","template":"","meta":{"_seopress_robots_primary_cat":"none","_seopress_titles_title":"","_seopress_titles_desc":"","_seopress_robots_index":""},"product_brand":[],"product_cat":[1141,1136],"product_tag":[951,953],"class_list":{"0":"post-9463","1":"product","2":"type-product","3":"status-publish","4":"has-post-thumbnail","6":"product_cat-cartuse-ionizatoare-apa","7":"product_cat-consumabile","8":"product_tag-filtru-de-schimb","9":"product_tag-filtru-de-schimb-2nd-crewelter-9","10":"pa_brand-crewelter-jinnys","12":"first","13":"instock","14":"sale","15":"taxable","16":"shipping-taxable","17":"purchasable","18":"product-type-simple"},"_links":{"self":[{"href":"https:\/\/azura.ro\/es\/wp-json\/wp\/v2\/product\/9463","targetHints":{"allow":["GET"]}}],"collection":[{"href":"https:\/\/azura.ro\/es\/wp-json\/wp\/v2\/product"}],"about":[{"href":"https:\/\/azura.ro\/es\/wp-json\/wp\/v2\/types\/product"}],"replies":[{"embeddable":true,"href":"https:\/\/azura.ro\/es\/wp-json\/wp\/v2\/comments?post=9463"}],"wp:featuredmedia":[{"embeddable":true,"href":"https:\/\/azura.ro\/es\/wp-json\/wp\/v2\/media\/69171"}],"wp:attachment":[{"href":"https:\/\/azura.ro\/es\/wp-json\/wp\/v2\/media?parent=9463"}],"wp:term":[{"taxonomy":"product_brand","embeddable":true,"href":"https:\/\/azura.ro\/es\/wp-json\/wp\/v2\/product_brand?post=9463"},{"taxonomy":"product_cat","embeddable":true,"href":"https:\/\/azura.ro\/es\/wp-json\/wp\/v2\/product_cat?post=9463"},{"taxonomy":"product_tag","embeddable":true,"href":"https:\/\/azura.ro\/es\/wp-json\/wp\/v2\/product_tag?post=9463"}],"curies":[{"name":"wp","href":"https:\/\/api.w.org\/{rel}","templated":true}]}}