{"id":95734,"date":"2025-08-07T10:30:15","date_gmt":"2025-08-07T07:30:15","guid":{"rendered":"https:\/\/azura.ro\/?post_type=product&#038;p=95734"},"modified":"2026-04-22T14:12:48","modified_gmt":"2026-04-22T11:12:48","slug":"descalcificador-sin-sal-trio-tac-tac-next-scale-stop-1-2-toli-nss-110-t","status":"publish","type":"product","link":"https:\/\/azura.ro\/es\/produs\/dedurizator-apa-fara-sare-trio-tac-next-scale-stop-1-2-toli-nss-110-t\/","title":{"rendered":"DESCALCIFICADOR SIN SAL TRIO TAC TAC NEXT SCALE STOP 1-2 TOLI NSS-110-T"},"content":{"rendered":"<h2><span style=\"font-family: tahoma, arial, helvetica, sans-serif; font-size: 110%;\"><strong>Dedurizator fara sare Trio TAC Next Scale Stop NSS-110-T<\/strong>, cu conectare la 1\/2 toli &#8211; utilizeaza tehnologia fara sare numita Template Assisted Crystallization.<\/span><\/h2>\n<p><span style=\"font-family: tahoma, arial, helvetica, sans-serif; font-size: 110%;\">Probado y verificado<\/span><\/p>\n<p><span style=\"font-family: tahoma, arial, helvetica, sans-serif; font-size: 110%;\">Probado por laboratorio independiente para evitar dep\u00f3sitos,\u00a0\u00a0<strong>El TAC Next Scale Stop tiene una calificaci\u00f3n de 99,6% para la prevenci\u00f3n de dep\u00f3sitos, la \u00fanica tecnolog\u00eda que alcanza este rendimiento, siendo m\u00e1s eficaz que cualquier otra alternativa.<\/strong><\/span><\/p>\n<p><span style=\"font-family: tahoma, arial, helvetica, sans-serif; font-size: 110%;\">Certificaciones TAC, Pr\u00f3xima Parada de Escala: <\/span><span style=\"font-family: tahoma, arial, helvetica, sans-serif; font-size: 110%;\">Norma 61 de la NSF<br \/>\n<\/span><span style=\"font-family: tahoma, arial, helvetica, sans-serif; font-size: 110%;\">\u00a0 \u00a0 \u00a0<\/span><br \/>\n<span style=\"font-family: tahoma, arial, helvetica, sans-serif; font-size: 110%;\">Recomandat pentru un debit continuu de: 4 l \/ minut si pentru varfuri de debit pana la 6 \/ minut.<\/span><\/p>\n<p><span style=\"font-family: tahoma, arial, helvetica, sans-serif; font-size: 110%;\">Dureza m\u00e1xima recomendada: 72,8 grados alemanes<\/span><\/p>\n<p><span style=\"font-family: tahoma, arial, helvetica, sans-serif; font-size: 110%;\"><strong>Nota:<\/strong> La tecnolog\u00eda TAC no funciona como un descalcificador cl\u00e1sico, mediante el intercambio de iones y la sustituci\u00f3n de las sales de calcio y magnesio por sodio en el agua. Desde este punto de vista, deber\u00eda llamarse descalcificador o, m\u00e1s correctamente, acondicionador. As\u00ed pues, hay que tener en cuenta que no se trata de un ablandador tradicional y que los iones de calcio y magnesio permanecen en el agua, pero en una forma que impide que se depositen. As\u00ed pues, la dureza del agua seguir\u00e1 siendo la misma antes y despu\u00e9s del tratamiento con TAC.<br \/>\n<\/span><\/p>\n<p><span style=\"font-family: tahoma, arial, helvetica, sans-serif; font-size: 110%;\"><strong>Dedurizatorul Trio TAC Next Scale Stop NSS-110-T<\/strong> - evita los dep\u00f3sitos en las instalaciones y protege los equipos. Adem\u00e1s, filtra el agua hasta un grado de 5 micras y declora el agua.\u00a0<\/span><\/p>\n<p><span style=\"font-family: tahoma, arial, helvetica, sans-serif; font-size: 110%;\">Los dep\u00f3sitos de cal en la fontaner\u00eda, obstruyen las tuber\u00edas, bloquean los grifos, destruyen el sistema de calefacci\u00f3n central y la caldera. Con TAC next NSS-110B, ahorrar\u00e1 dinero y tendr\u00e1 tiempo para usted, \u00a1no tiempo para reparaciones!<\/span><\/p>\n<p><span style=\"font-family: tahoma, arial, helvetica, sans-serif; font-size: 110%;\"><strong>Dedurizatorul Trio TAC Next Scale Stop NSS-110-T<\/strong>\u00a0- Utilizando la tecnolog\u00eda TAC, eliminar\u00e1 los dep\u00f3sitos existentes en las instalaciones y prolongar\u00e1 considerablemente la vida \u00fatil de los equipos que utilizan agua. Si ha utilizado agua dura sin tratar, se habr\u00e1n formado dep\u00f3sitos en sus instalaciones. El uso de la tecnolog\u00eda TAC limpiar\u00e1 gradualmente la instalaci\u00f3n. El descalcificador cl\u00e1sico no puede hacer esto.<\/span><\/p>\n<p><span style=\"font-family: tahoma, arial, helvetica, sans-serif; font-size: 110%;\"><strong>No necesita productos qu\u00edmicos: \u00a1respeta el medio ambiente!<\/strong><\/span><br \/>\n<span style=\"font-family: tahoma, arial, helvetica, sans-serif; font-size: 110%;\"> El descalcificador cl\u00e1sico utiliza sal para la regeneraci\u00f3n, lo que no es nada econ\u00f3mico ni respetuoso con el medio ambiente, ya que esta salmuera debe verterse al alcantarillado tras el proceso de regeneraci\u00f3n.<\/span><\/p>\n<p><span style=\"font-family: tahoma, arial, helvetica, sans-serif; font-size: 110%;\"> Es 100% ecol\u00f3gico y econ\u00f3mico sin necesidad de comprar sal. Porque\u00a0<strong>Dedurizatorul Trio TAC Next Scale Stop NSS-110-T <\/strong>Al no utilizar sal, conseguir\u00e1 un importante ahorro, dinero que podr\u00e1 utilizar para cualquier otra cosa.<\/span><\/p>\n<p><span style=\"font-family: tahoma, arial, helvetica, sans-serif; font-size: 110%;\"><strong>M\u00ednimo mantenimiento y bajos costes<\/strong><\/span><br \/>\n<span style=\"font-family: tahoma, arial, helvetica, sans-serif; font-size: 110%;\"> Las plantas descalcificadoras cl\u00e1sicas contienen v\u00e1lvulas de control electr\u00f3nicas o mec\u00e1nicas que necesitan mantenimiento y limpieza peri\u00f3dica. Esto requiere especialistas, lo que supone costes para usted. <strong>Dedurizatorul Trio TAC Next Scale Stop NSS-110-T <\/strong>no contiene piezas m\u00f3viles, por lo que absolutamente nada puede desgastarse.<\/span><br \/>\n<span style=\"font-family: tahoma, arial, helvetica, sans-serif; font-size: 110%;\"> <img decoding=\"async\" class=\"wp-image-963 aligncenter\" src=\"https:\/\/azura.ro\/wp-content\/uploads\/2016\/10\/statie_dedurizare_fara_sare.jpg\" alt=\"\" width=\"151\" height=\"150\" srcset=\"https:\/\/azura.ro\/wp-content\/uploads\/2016\/10\/statie_dedurizare_fara_sare.jpg 257w, https:\/\/azura.ro\/wp-content\/uploads\/2016\/10\/statie_dedurizare_fara_sare-247x247.jpg 247w, https:\/\/azura.ro\/wp-content\/uploads\/2016\/10\/statie_dedurizare_fara_sare-100x100.jpg 100w, https:\/\/azura.ro\/wp-content\/uploads\/2016\/10\/statie_dedurizare_fara_sare-150x150.jpg 150w, https:\/\/azura.ro\/wp-content\/uploads\/2016\/10\/statie_dedurizare_fara_sare-50x50.jpg 50w\" sizes=\"(max-width: 151px) 100vw, 151px\" \/><\/span><\/p>\n<p><span style=\"font-family: tahoma, arial, helvetica, sans-serif; font-size: 110%;\"><strong>Sin electricidad - instalado en cualquier lugar<\/strong><\/span><br \/>\n<span style=\"font-family: tahoma, arial, helvetica, sans-serif; font-size: 110%;\"> <strong>Dedurizatorul Trio TAC Next Scale Stop NSS-110-T,<\/strong> no utiliza electricidad y no vierte agua al alcantarillado. As\u00ed que puede instalarse en cualquier sitio.<\/span><\/p>\n<p><span style=\"font-family: tahoma, arial, helvetica, sans-serif; font-size: 110%;\"><strong>Ahorro de costes<\/strong><\/span><br \/>\n<span style=\"font-family: tahoma, arial, helvetica, sans-serif; font-size: 110%;\"> <strong>Dedurizatorul TAC Trio TAC Next Scale Stop NSS-110-T &#8211; <\/strong>\u00a1se amortiza con el tiempo, porque ya no se compra sal, ya no se consume electricidad, ya no se vierte agua al alcantarillado, bombeada por la electricidad o pagada a la autoridad del agua!<\/span><\/p>\n<p><span style=\"font-family: tahoma, arial, helvetica, sans-serif; font-size: 110%;\">\u00bfSab\u00eda que 1 mm de cal en una caldera o sistema de calefacci\u00f3n central reduce la potencia calor\u00edfica en 10%? Y esta acumulaci\u00f3n se produce en menos de un a\u00f1o. Y en tres a\u00f1os reducir\u00e1 la potencia calor\u00edfica hasta 241TP33T.<\/span><\/p>\n<p><span style=\"font-family: tahoma, arial, helvetica, sans-serif; font-size: 110%;\"><strong>Piezas de recambio<\/strong><\/span><br \/>\n<span style=\"font-family: tahoma, arial, helvetica, sans-serif; font-size: 110%;\"> Como nada en este mundo dura para siempre, hay que cambiar los cartuchos filtrantes.\u00a0<\/span><\/p>\n<p><span style=\"font-family: tahoma, arial, helvetica, sans-serif; font-size: 110%;\"><strong>Filtre incluse in modelul Trio TAC Next Scale Stop NSS-110-T:<\/strong><\/span><\/p>\n<ul>\n<li><span style=\"font-size: 110%;\">20 microni &#8211; fibre din polipropilena presate &#8211; cartus bacteriostatic &#8211; pentru filtrare sediment, mal, nisip, rugina;<\/span><\/li>\n<li><span style=\"font-size: 110%;\">carbune activat bloc pentru declorinare &#8211; bateriostatic;<\/span><\/li>\n<li><span style=\"font-size: 110%;\">TAC antiincrustante TAC<\/span><\/li>\n<\/ul>\n<p><span style=\"font-family: tahoma, arial, helvetica, sans-serif; font-size: 110%;\"><strong>Condiciones de instalaci\u00f3n:<\/strong><\/span><\/p>\n<p><span style=\"font-family: tahoma, arial, helvetica, sans-serif; font-size: 110%;\">&#8211; se va instala fie inaintea unui boiler, fie inaintea unui echIpament ce nu necesita debit mai mare de 5 litri\/minut. Nu este potrivit pentru toata casa!!!<\/span><br \/>\n<span style=\"font-family: tahoma, arial, helvetica, sans-serif; font-size: 110%;\"> - instalarse antes de cualquier equipo dom\u00e9stico o de calefacci\u00f3n que deba protegerse de la cal;<\/span><br \/>\n<span style=\"font-family: tahoma, arial, helvetica, sans-serif; font-size: 110%;\"> - si la instalaci\u00f3n es de cobre, el agua se utilizar\u00e1 durante cuatro semanas antes de ser tratada y pasada por el<strong> Dedurizatorul Trio TAC Next Scale Stop NSS-110-T. <\/strong>La tecnolog\u00eda TAC no puede entrar en contacto con el cobre. Tras su uso durante cuatro semanas, las tuber\u00edas de cobre se pasivar\u00e1n, y esto impedir\u00e1 que los iones de cobre entren en el medio filtrante TAC;<\/span><br \/>\n<span style=\"font-family: tahoma, arial, helvetica, sans-serif; font-size: 110%;\"> - recomendamos la instalaci\u00f3n de un bypass, compuesto por tuber\u00edas y tres v\u00e1lvulas, en caso de servicio o cambio del medio filtrante.<\/span><\/p>\n<p><span style=\"font-family: tahoma, arial, helvetica, sans-serif; font-size: 110%;\">Calidad del agua porque <strong>dedurizatorul Trio TAC Next Scale Stop NSS-110-T\u00a0<\/strong>a utilizar:<\/span><\/p>\n<p><span style=\"font-family: tahoma, arial, helvetica, sans-serif; font-size: 110%;\">Apa de alimentare\/apa de tratat trebuie sa indeplineasca urmatoarele conditii pe toata durata de utilizare a produsului. Va recomandam sa nu utilizati produsul fara sa aveti garantia ca apa indeplineste cerintele de mai jos:<\/span><\/p>\n<p><span style=\"font-family: tahoma, arial, helvetica, sans-serif; font-size: 110%;\">pH 6,5 - 8,5<\/span><br \/>\n<span style=\"font-family: tahoma, arial, helvetica, sans-serif; font-size: 110%;\"> Dureza m\u00e1xima - 72,8 grados alemanes<\/span><br \/>\n<span style=\"font-family: tahoma, arial, helvetica, sans-serif; font-size: 110%;\"> Presi\u00f3n m\u00edn.\/m\u00e1x. -1-5 bar (recomendamos utilizar una presi\u00f3n m\u00e1x. de 4,5 bar)<\/span><br \/>\n<span style=\"font-family: tahoma, arial, helvetica, sans-serif; font-size: 110%;\"> Temperatura - de 5\u00b0C a 43\u00b0C<\/span><br \/>\n<span style=\"font-family: tahoma, arial, helvetica, sans-serif; font-size: 110%;\"> Cloruro - &lt; 3ppm<\/span><br \/>\n<span style=\"font-family: tahoma, arial, helvetica, sans-serif; font-size: 110%;\"> Hierro (m\u00e1ximo) - 0,3 mg\/l<\/span><br \/>\n<span style=\"font-family: tahoma, arial, helvetica, sans-serif; font-size: 110%;\"> Manganeso (m\u00e1ximo) - 0,05 mg\/l<\/span><br \/>\n<span style=\"font-family: tahoma, arial, helvetica, sans-serif; font-size: 110%;\"> Cobre - 1,3 mg\/l<\/span><br \/>\n<span style=\"font-family: tahoma, arial, helvetica, sans-serif; font-size: 110%;\"> Aceite \/ gasolina y sulfuro de hidr\u00f3geno - no permitidos<\/span><br \/>\n<span style=\"font-family: tahoma, arial, helvetica, sans-serif; font-size: 110%;\"> Polifosfato - no permitido<\/span><br \/>\n<span style=\"font-family: tahoma, arial, helvetica, sans-serif; font-size: 110%;\"> Silicio (m\u00e1ximo) - 10 ppm<\/span><\/p>\n<p><span style=\"font-family: tahoma, arial, helvetica, sans-serif; font-size: 110%;\">Especificaciones t\u00e9cnicas:<\/span><br \/>\n<span style=\"font-size: 110%; font-family: tahoma, arial, helvetica, sans-serif;\"> Conexiuni: 1\/2&#8243; IN\/OUT;<br \/>\nLungime: 35\u00a0 cm<br \/>\nLatime: 13,5 cm;<\/span><br \/>\n<span style=\"font-family: tahoma, arial, helvetica, sans-serif; font-size: 110%;\">Inaltime: 37,5\u00a0 cm.<br \/>\nCantitate material filtrant: 500 ml<\/span><\/p>\n<p><span style=\"font-family: tahoma, arial, helvetica, sans-serif; font-size: 110%;\">Mantenimiento:<\/span><\/p>\n<p><span style=\"font-family: tahoma, arial, helvetica, sans-serif; font-size: 110%;\">Se cambiar\u00e1n dos cartuchos cada 3 - 6 meses<\/span><\/p>\n<p><span style=\"font-family: tahoma, arial, helvetica, sans-serif; font-size: 110%;\">El cartucho filtrante para el tratamiento antical se cambiar\u00e1 cada 2 a\u00f1os.<\/span><\/p>\n<p><span style=\"font-family: tahoma, arial, helvetica, sans-serif; font-size: 110%;\">2 a\u00f1os de garant\u00eda<\/span><\/p>\n<p><span style=\"font-size: 110%; font-family: tahoma, arial, helvetica, sans-serif;\">Asamblat in Romania. Utilizam mediu de tratare TAC Next Filtration Inc \/ UK \/ Next Scale Stop (UK).<\/span><\/p>","protected":false},"excerpt":{"rendered":"<p>Diluyente TAC, sin sal <strong>Tr\u00edo<\/strong>\u00a0<b>Next Scale Stop NSS-110-T<\/b>, para toda la casa. \u00a1Sin consumo de sal! \u00a1\u00a1\u00a1\u00a1Eficaz incluso hasta 72,8 grados German!!!! <span style=\"font-family: tahoma, arial, helvetica, sans-serif; font-size: 100%;\">Recomandat pentru un debit continuu de 4 l \/ minut si pentru varfuri de debit pana la 6 \/ minut.<\/span><\/p>\n<p><a href=\"https:\/\/azura.ro\/es\/100-30-dias-de-garantia-de-devolucion\/\" target=\"_blank\" rel=\"noopener noreferrer\"><img decoding=\"async\" class=\"alignnone wp-image-7307\" src=\"https:\/\/azura.ro\/wp-content\/uploads\/2016\/06\/Garantie-retur.png\" alt=\"\" width=\"106\" height=\"124\" \/><\/a><a href=\"https:\/\/azura.ro\/es\/service\/\"><img decoding=\"async\" class=\"alignnone wp-image-7308\" src=\"https:\/\/azura.ro\/wp-content\/uploads\/2016\/06\/Service.png\" alt=\"\" width=\"115\" height=\"122\" \/><\/a> \u00a0<a href=\"https:\/\/azura.ro\/es\/2-ani-garantie\/\"><img decoding=\"async\" class=\"alignnone wp-image-14008\" src=\"https:\/\/azura.ro\/wp-content\/uploads\/2018\/12\/2-ani-garantie.png\" alt=\"\" width=\"103\" height=\"120\" \/><\/a><\/p>\n<p><a href=\"https:\/\/azura.ro\/es\/100-30-dias-de-garantia-de-devolucion\/\" target=\"_blank\" rel=\"noopener noreferrer\">Ofrecemos garant\u00eda de satisfacci\u00f3n con devoluci\u00f3n del dinero en 30 d\u00edas<\/a><br \/>\n<a href=\"https:\/\/azura.ro\/es\/service\/\" target=\"_blank\" rel=\"noopener noreferrer\">Ofrecemos servicio especializado en Ruman\u00eda \u00a1Cualquier problema t\u00e9cnico se resuelve en Ruman\u00eda!<\/a><br \/>\n<a href=\"https:\/\/azura.ro\/es\/2-ani-garantie\/\" target=\"_blank\" rel=\"noopener noreferrer\">Ofrecemos garant\u00eda contra defectos de fabricaci\u00f3n, 2 a\u00f1os de garant\u00eda<\/a><\/p>","protected":false},"featured_media":95735,"comment_status":"open","ping_status":"closed","template":"","meta":{"_seopress_robots_primary_cat":"none","_seopress_titles_title":"","_seopress_titles_desc":"","_seopress_robots_index":""},"product_brand":[],"product_cat":[134,135],"product_tag":[375,675,676,791,674],"class_list":{"0":"post-95734","1":"product","2":"type-product","3":"status-publish","4":"has-post-thumbnail","6":"product_cat-dedurizatoare-fara-sare-tac","7":"product_cat-sisteme-anticalcar-tac","8":"product_tag-dedurizator","9":"product_tag-fara-sare","10":"product_tag-next","11":"product_tag-next-scale-stop","12":"product_tag-tac","13":"pa_amplasare-conductaprincipala","14":"pa_brand-next-scale-stop","16":"first","17":"outofstock","18":"taxable","19":"shipping-taxable","20":"purchasable","21":"product-type-simple"},"_links":{"self":[{"href":"https:\/\/azura.ro\/es\/wp-json\/wp\/v2\/product\/95734","targetHints":{"allow":["GET"]}}],"collection":[{"href":"https:\/\/azura.ro\/es\/wp-json\/wp\/v2\/product"}],"about":[{"href":"https:\/\/azura.ro\/es\/wp-json\/wp\/v2\/types\/product"}],"replies":[{"embeddable":true,"href":"https:\/\/azura.ro\/es\/wp-json\/wp\/v2\/comments?post=95734"}],"wp:featuredmedia":[{"embeddable":true,"href":"https:\/\/azura.ro\/es\/wp-json\/wp\/v2\/media\/95735"}],"wp:attachment":[{"href":"https:\/\/azura.ro\/es\/wp-json\/wp\/v2\/media?parent=95734"}],"wp:term":[{"taxonomy":"product_brand","embeddable":true,"href":"https:\/\/azura.ro\/es\/wp-json\/wp\/v2\/product_brand?post=95734"},{"taxonomy":"product_cat","embeddable":true,"href":"https:\/\/azura.ro\/es\/wp-json\/wp\/v2\/product_cat?post=95734"},{"taxonomy":"product_tag","embeddable":true,"href":"https:\/\/azura.ro\/es\/wp-json\/wp\/v2\/product_tag?post=95734"}],"curies":[{"name":"wp","href":"https:\/\/api.w.org\/{rel}","templated":true}]}}