{"id":978,"date":"2016-12-14T08:48:44","date_gmt":"2016-12-14T06:48:44","guid":{"rendered":"http:\/\/dev02.websynapse.ro\/product\/cartus-filtrant-10-udf-carbon-kdf-argint\/"},"modified":"2026-04-05T09:42:57","modified_gmt":"2026-04-05T06:42:57","slug":"cartucho-filtrante-10-udf-carbon-udf-kdf-silver","status":"publish","type":"product","link":"https:\/\/azura.ro\/es\/produs\/cartus-filtrant-10-udf-carbon-kdf-argint\/","title":{"rendered":"CARTUCHO FILTRANTE 10\u2033 UDF CARB\u00d3N + KDF + PLATA"},"content":{"rendered":"<h2><span style=\"font-size: 110%; font-family: tahoma, arial, helvetica, sans-serif; color: #808080;\">Cartucho filtrante UDF, impregnado de plata y con KDF.<\/span><\/h2>\n<p><span style=\"font-size: 110%; font-family: tahoma, arial, helvetica, sans-serif; color: #808080;\">Es un filtro de carb\u00f3n activado granular de tipo UDF con contenido de plata y KDF.<\/span><\/p>\n<h3><span style=\"font-size: 110%; font-family: tahoma, arial, helvetica, sans-serif; color: #808080;\">\u00bfQu\u00e9 filtra el cartucho filtrante UDF?<\/span><\/h3>\n<p><span style=\"font-size: 110%; font-family: tahoma, arial, helvetica, sans-serif; color: #808080;\">Cloro libre, trihalometanos, hidrocarburos poliarom\u00e1ticos, insecticidas, herbicidas, fenoles, metales pesados, org\u00e1nicos.<\/span><\/p>\n<p><span style=\"font-size: 110%; font-family: tahoma, arial, helvetica, sans-serif; color: #808080;\"><strong>Periodo de intercambio:<\/strong><\/span><\/p>\n<p><span style=\"font-size: 110%; font-family: tahoma, arial, helvetica, sans-serif; color: #808080;\">Recomendamos cambiar el filtro cada 6000 litros de agua o cada 6 - 12 meses.  La vida \u00fatil depende de la calidad del agua filtrada y de los contaminantes presentes en el agua. Con el fin de utilizar el cartucho de filtro para toda la vida \u00fatil mencionada anteriormente, se recomienda que el filtro antes de que se cambia en el momento recomendado y contiene pre-filtraci\u00f3n.<\/span><\/p>\n<p><span style=\"font-size: 110%; font-family: tahoma, arial, helvetica, sans-serif; color: #808080;\">El periodo de intercambio tambi\u00e9n depende de la prefiltraci\u00f3n. Si no existe una prefiltraci\u00f3n a un grado de 5 micras, el periodo de intercambio ser\u00e1 de 6 meses como m\u00e1ximo.<\/span><\/p>\n<p><span style=\"font-size: 110%; font-family: tahoma, arial, helvetica, sans-serif; color: #808080;\">\u00bfD\u00f3nde se utiliza y con qu\u00e9?<\/span><\/p>\n<p><span style=\"font-size: 110%; font-family: tahoma, arial, helvetica, sans-serif; color: #808080;\">Para usar s\u00f3lo con c\u00e1scaras est\u00e1ndar de 10\u2033 y agua fr\u00eda. Para uso exclusivo con agua microbiol\u00f3gicamente segura.<\/span><\/p>\n<p><span style=\"font-size: 110%; font-family: tahoma, arial, helvetica, sans-serif; color: #808080;\">No utilizar con agua caliente<\/span><\/p>\n<p><span style=\"font-size: 110%; font-family: tahoma, arial, helvetica, sans-serif; color: #808080;\">Caudal m\u00e1ximo: 3,8 litros\/min. Es un filtro destinado a sistemas que se montan debajo del fregadero o sobre el fregadero. No utilice este cartucho filtrante como filtraci\u00f3n para toda la casa o para sistemas de agua con caudales superiores a 3,8 litros\/min. En este caso, la eficacia de filtraci\u00f3n disminuir\u00e1 significativamente.<\/span><\/p>\n<p><span style=\"font-size: 110%; font-family: tahoma, arial, helvetica, sans-serif; color: #808080;\">Precauciones de uso:<\/span><\/p>\n<p><span style=\"font-size: 110%; font-family: tahoma, arial, helvetica, sans-serif; color: #808080;\">- Desprecinte el cartucho filtrante e introd\u00fazcalo en la carcasa con las manos limpias o con guantes quir\u00fargicos;<\/span><br \/>\n<span style=\"font-size: 110%; font-family: tahoma, arial, helvetica, sans-serif; color: #808080;\">- El cartucho filtrante se introduce en la carcasa con el lado de la junta hacia arriba;<\/span><br \/>\n<span style=\"font-size: 110%; font-family: tahoma, arial, helvetica, sans-serif; color: #808080;\">- Antes de consumir agua, pase unos 10 - 15 litros de agua por el filtro para limpiarlo del polvo negro producido por el carb\u00f3n activado.<\/span><\/p>\n<p><span style=\"font-size: 110%; font-family: tahoma, arial, helvetica, sans-serif; color: #808080;\">El cartucho filtrante contiene un medio filtrante certificado por la NSF<\/span><\/p>","protected":false},"excerpt":{"rendered":"<p><span style=\"font-size: 100%; font-family: tahoma, arial, helvetica, sans-serif;\">Filtro para cloro, metales pesados, sustancias org\u00e1nicas con filtro granular de carb\u00f3n activo tipo UDF, impregnado de plata y con KDF<\/span><\/p>","protected":false},"featured_media":68034,"comment_status":"open","ping_status":"closed","template":"","meta":{"_seopress_robots_primary_cat":"none","_seopress_titles_title":"","_seopress_titles_desc":"Cartsu filtrant UDF + KDF + Argint","_seopress_robots_index":""},"product_brand":[],"product_cat":[1137],"product_tag":[580,678,351,677],"class_list":{"0":"post-978","1":"product","2":"type-product","3":"status-publish","4":"has-post-thumbnail","6":"product_cat-cartuse-filtre-bucatarie","7":"product_tag-argint","8":"product_tag-carbne-activat-granular","9":"product_tag-kdf","10":"product_tag-udf","12":"first","13":"instock","14":"taxable","15":"shipping-taxable","16":"purchasable","17":"product-type-simple"},"_links":{"self":[{"href":"https:\/\/azura.ro\/es\/wp-json\/wp\/v2\/product\/978","targetHints":{"allow":["GET"]}}],"collection":[{"href":"https:\/\/azura.ro\/es\/wp-json\/wp\/v2\/product"}],"about":[{"href":"https:\/\/azura.ro\/es\/wp-json\/wp\/v2\/types\/product"}],"replies":[{"embeddable":true,"href":"https:\/\/azura.ro\/es\/wp-json\/wp\/v2\/comments?post=978"}],"wp:featuredmedia":[{"embeddable":true,"href":"https:\/\/azura.ro\/es\/wp-json\/wp\/v2\/media\/68034"}],"wp:attachment":[{"href":"https:\/\/azura.ro\/es\/wp-json\/wp\/v2\/media?parent=978"}],"wp:term":[{"taxonomy":"product_brand","embeddable":true,"href":"https:\/\/azura.ro\/es\/wp-json\/wp\/v2\/product_brand?post=978"},{"taxonomy":"product_cat","embeddable":true,"href":"https:\/\/azura.ro\/es\/wp-json\/wp\/v2\/product_cat?post=978"},{"taxonomy":"product_tag","embeddable":true,"href":"https:\/\/azura.ro\/es\/wp-json\/wp\/v2\/product_tag?post=978"}],"curies":[{"name":"wp","href":"https:\/\/api.w.org\/{rel}","templated":true}]}}