{"id":9799,"date":"2018-02-03T16:38:18","date_gmt":"2018-02-03T14:38:18","guid":{"rendered":"https:\/\/azura.ro\/?post_type=product&#038;p=9799"},"modified":"2026-03-18T10:16:37","modified_gmt":"2026-03-18T08:16:37","slug":"cartus-filtrant-spartan-20-1-micron","status":"publish","type":"product","link":"https:\/\/azura.ro\/es\/produs\/cartus-filtrant-spartan-20-1-micron\/","title":{"rendered":"CARTUCHO FILTRANTE SPARTAN 20\u2033 1 MICRA"},"content":{"rendered":"<p><span style=\"font-family: tahoma, arial, helvetica, sans-serif; font-size: 110%;\">Cartucho filtrante de sedimentos SPARTAN 20\", fabricado en polipropileno de alta densidad, para la filtraci\u00f3n de sedimentos, bancos, arena, \u00f3xido, part\u00edculas en suspensi\u00f3n.<\/span><\/p>\n<p><span style=\"font-family: tahoma, arial, helvetica, sans-serif; font-size: 110%;\">Est\u00e1 construido en varias capas de fibra para que la filtraci\u00f3n sea m\u00e1s eficaz y para retener los sedimentos en todo el grosor del filtro y no s\u00f3lo en la superficie. Esto aumenta la capacidad de filtraci\u00f3n, el rendimiento y la vida \u00fatil del cartucho.<\/span><\/p>\n<p><span style=\"font-family: tahoma, arial, helvetica, sans-serif; font-size: 110%;\">Caracteristici tehnice cartus filtrant Spartan 20&#8243;:<\/span><\/p>\n<p><span style=\"font-family: tahoma, arial, helvetica, sans-serif; font-size: 110%;\">Grado de filtraci\u00f3n: 1 micra<\/span><br \/>\n<span style=\"font-family: tahoma, arial, helvetica, sans-serif; font-size: 110%;\"> Altura: 510 mm<\/span><br \/>\n<span style=\"font-family: tahoma, arial, helvetica, sans-serif; font-size: 110%;\"> Di\u00e1metro: 114 mm<\/span><br \/>\n<span style=\"font-family: tahoma, arial, helvetica, sans-serif; font-size: 110%;\"> Di\u00e1metro interior: 28 mm<\/span><br \/>\n<span style=\"font-family: tahoma, arial, helvetica, sans-serif; font-size: 110%;\"> Caudal permitido: 60 l\/min<\/span><br \/>\n<span style=\"font-family: tahoma, arial, helvetica, sans-serif; font-size: 110%;\"> Temperatura m\u00ednima\/m\u00e1xima: 4\u00b0C - 80\u00b0C<\/span><br \/>\n<span style=\"font-family: tahoma, arial, helvetica, sans-serif; font-size: 110%;\"> Tiempo de filtraci\u00f3n: unos 6 meses o 24000 litros (dependiendo de la calidad del agua).<\/span><br \/>\n<span style=\"font-family: tahoma, arial, helvetica, sans-serif; font-size: 110%;\"> Tiempo de filtraci\u00f3n: 5 - 8 meses*.<\/span><\/p>\n<p><span style=\"font-family: tahoma, arial, helvetica, sans-serif; font-size: 110%;\">Compatibilidad: se adapta a las carcasas Spartan 20\u2033 Spartan 20\u2033.<\/span><\/p>\n<p><span style=\"font-family: tahoma, arial, helvetica, sans-serif; font-size: 110%;\">*El periodo de sustituci\u00f3n depende de la calidad del agua filtrada.<\/span><\/p>\n<p><span style=\"font-family: tahoma, arial, helvetica, sans-serif; font-size: 110%;\">Pa\u00eds de origen: Italia<\/span><\/p>","protected":false},"excerpt":{"rendered":"<p>Cartus filtrant sedimente SPARTAN 20&#8243;, construit din polipropilena de inalta densitate, pentru filtrarea sedimentelor, malului, nisipului, ruginei, particulelor in suspensie. Este construit in mai multe straturi de fibre pentru ca filtrarea sa fie mai eficienta, iar sedimentele sa fie retinute in toata grosimea filtrului ci nu doar la suprafata. Acest lucru creste capacitatea de filtrare, [&#8230;]\n","protected":false},"featured_media":68049,"comment_status":"open","ping_status":"closed","template":"","meta":{"_seopress_robots_primary_cat":"none","_seopress_titles_title":"","_seopress_titles_desc":"","_seopress_robots_index":""},"product_brand":[],"product_cat":[1142],"product_tag":[971,969],"class_list":{"0":"post-9799","1":"product","2":"type-product","3":"status-publish","4":"has-post-thumbnail","6":"product_cat-cartuse-filtre-toata-casa","7":"product_tag-1-micron","8":"product_tag-spartan-20","10":"first","11":"instock","12":"taxable","13":"shipping-taxable","14":"purchasable","15":"product-type-simple"},"_links":{"self":[{"href":"https:\/\/azura.ro\/es\/wp-json\/wp\/v2\/product\/9799","targetHints":{"allow":["GET"]}}],"collection":[{"href":"https:\/\/azura.ro\/es\/wp-json\/wp\/v2\/product"}],"about":[{"href":"https:\/\/azura.ro\/es\/wp-json\/wp\/v2\/types\/product"}],"replies":[{"embeddable":true,"href":"https:\/\/azura.ro\/es\/wp-json\/wp\/v2\/comments?post=9799"}],"wp:featuredmedia":[{"embeddable":true,"href":"https:\/\/azura.ro\/es\/wp-json\/wp\/v2\/media\/68049"}],"wp:attachment":[{"href":"https:\/\/azura.ro\/es\/wp-json\/wp\/v2\/media?parent=9799"}],"wp:term":[{"taxonomy":"product_brand","embeddable":true,"href":"https:\/\/azura.ro\/es\/wp-json\/wp\/v2\/product_brand?post=9799"},{"taxonomy":"product_cat","embeddable":true,"href":"https:\/\/azura.ro\/es\/wp-json\/wp\/v2\/product_cat?post=9799"},{"taxonomy":"product_tag","embeddable":true,"href":"https:\/\/azura.ro\/es\/wp-json\/wp\/v2\/product_tag?post=9799"}],"curies":[{"name":"wp","href":"https:\/\/api.w.org\/{rel}","templated":true}]}}