{"id":980,"date":"2016-12-14T09:01:16","date_gmt":"2016-12-14T07:01:16","guid":{"rendered":"http:\/\/dev02.websynapse.ro\/product\/post-filtru-2-carbune-activat-granular-argintat-kdf\/"},"modified":"2026-03-09T20:27:02","modified_gmt":"2026-03-09T18:27:02","slug":"postfiltro-2-carbon-activo-granulado-plateado-kdf","status":"publish","type":"product","link":"https:\/\/azura.ro\/es\/produs\/post-filtru-2-carbune-activat-granular-argintat-kdf\/","title":{"rendered":"POSTFILTRO CARB\u00d3N ACTIVO GRANULAR PLATEADO, KDF, T33 QF"},"content":{"rendered":"<h2><span style=\"font-family: tahoma, arial, helvetica, sans-serif; font-size: 110%;\">Post filtru cu carbune activat granular impregnat cu argint si cu continut de KDF, model T33 QF<\/span><\/h2>\n<p><span style=\"font-family: tahoma, arial, helvetica, sans-serif; font-size: 110%;\">El modelo T33 es un filtro de 2-toli de di\u00e1metro que se instala despu\u00e9s de la membrana de \u00f3smosis inversa\/nanofiltraci\u00f3n\/ultrafiltraci\u00f3n, por eso tambi\u00e9n se llama Postfiltro. Su funci\u00f3n es corregir el sabor y el olor del agua, teniendo un contenido de carb\u00f3n activado. En este caso, el filtro T33 contiene carb\u00f3n activado granular obtenido a partir de c\u00e1scara de coco con la adici\u00f3n de plata impregnada en carb\u00f3n + KDF.<\/span><\/p>\n<p><span style=\"font-family: tahoma, arial, helvetica, sans-serif; font-size: 110%;\">QF inseamna tipul de conexiune. QF = Quick connection de tip Female (conexiuni rapide de tip mama). Cu alte cuvinte furtunul sau cupla rapida intra in filtru prin apasare, dupa care prin tragere inapoi se auto blocheaza. nu exista fillet in filtru ci doar o conexiune rapida.<\/span><\/p>\n<p><span style=\"font-family: tahoma, arial, helvetica, sans-serif; font-size: 110%;\"><span style=\"color: #d83131;\"><strong>Atenci\u00f3n:<\/strong><\/span> El hecho de que un filtro lleve la etiqueta T33 no significa que siempre tenga el mismo material filtrante. Puede diferir en contenido, pero no en calidad. T33 es s\u00f3lo un nombre gen\u00e9rico para un determinado tipo de filtro que tiene una determinada finalidad y un determinado tama\u00f1o\/forma.<\/span><\/p>\n<p><span style=\"font-family: tahoma, arial, helvetica, sans-serif; font-size: 110%;\">Vida \u00fatil: 1500 galones (5677 L de agua). La vida \u00fatil depende de la calidad del agua filtrada y de los contaminantes del agua. Como per\u00edodo de sustituci\u00f3n se recomienda utilizar un m\u00e1ximo de 12 meses.\u00a0<\/span><\/p>\n<p><span style=\"font-family: tahoma, arial, helvetica, sans-serif; font-size: 110%;\">Mantenimiento: no hay mantenimiento, el filtro se cambiar\u00e1 en el periodo mencionado anteriormente.<\/span><\/p>\n<h3><span style=\"font-family: tahoma, arial, helvetica, sans-serif; font-size: 110%;\">Specificatii tehnice Post Filtru Carbune Activat Granualar Argintat + KDF T33 QF<\/span><\/h3>\n<ul style=\"list-style-type: disc;\">\n<li><span style=\"font-family: tahoma, arial, helvetica, sans-serif; font-size: 110%;\">Tama\u00f1o: 53 mm x 254 mm (\u2205 x L)<\/span><\/li>\n<li><span style=\"font-family: tahoma, arial, helvetica, sans-serif; font-size: 110%;\">Conexiuni intrare\/iesire: 1\/4&#8243; de tip &#8222;Female&#8221; cu cuple interioare auto blocabile<\/span><\/li>\n<li><span style=\"font-family: tahoma, arial, helvetica, sans-serif; font-size: 110%;\">Continut: carbune activat din coaja de nuca de cocos, impregnat cu argint + KDF<br \/>\n<\/span><\/li>\n<\/ul>\n<h3><span style=\"font-family: tahoma, arial, helvetica, sans-serif; font-size: 110%;\">Precautii in utilizare si recomandari Post Filtru Carbune Activat Granualar Argintat + KDF T33 QF<\/span><\/h3>\n<ul style=\"list-style-type: disc;\">\n<li><span style=\"font-family: tahoma, arial, helvetica, sans-serif; font-size: 110%;\">Antes de consumir el agua, hay que hacer pasar al menos 10 litros de agua por el filtro;<\/span><\/li>\n<li><span style=\"font-family: tahoma, arial, helvetica, sans-serif; font-size: 110%;\">Preste atenci\u00f3n a la direcci\u00f3n en la que el agua pasa a trav\u00e9s del filtro, indicada por una flecha en la etiqueta del producto;<\/span><\/li>\n<li><span style=\"font-family: tahoma, arial, helvetica, sans-serif; font-size: 110%;\">Necesita suplimentar cuple de tip &#8222;Male&#8221; 1\/4&#8243; cu cuplare rapida;<\/span><\/li>\n<li><span style=\"font-family: tahoma, arial, helvetica, sans-serif; font-size: 110%;\">Tambi\u00e9n se pueden utilizar los acoplamientos antiguos del filtro existente;<\/span><\/li>\n<li><span style=\"font-family: tahoma, arial, helvetica, sans-serif; font-size: 110%;\">Filtrul ar putea contine dopuri de plastic in cele doua gauri pentru conectare. In acest caz, acestea se vor scoate;<\/span><\/li>\n<li><span style=\"font-family: tahoma, arial, helvetica, sans-serif; font-size: 110%;\">S\u00f3lo debe utilizarse para filtrar agua fr\u00eda, nunca agua caliente;<\/span><\/li>\n<li><span style=\"font-family: tahoma, arial, helvetica, sans-serif; font-size: 110%;\">No utilizar con agua microbiol\u00f3gicamente insegura o con agua cuya calidad desconozca, sin antes <\/span><span style=\"font-family: tahoma, arial, helvetica, sans-serif; font-size: 110%;\">se ha aplicado la desinfecci\u00f3n del agua antes y despu\u00e9s del filtro.<br \/>\n<\/span><\/li>\n<\/ul>\n<p><span style=\"font-family: tahoma, arial, helvetica, sans-serif; font-size: 110%;\">Certificaci\u00f3n: NSF, s\u00f3lo para los materiales utilizados en la fabricaci\u00f3n.<\/span><\/p>\n<p><span style=\"font-family: tahoma, arial, helvetica, sans-serif; font-size: 110%;\">Pa\u00eds de origen: Taiw\u00e1n<\/span><\/p>","protected":false},"excerpt":{"rendered":"<ul style=\"list-style-type: disc;\">\n<li><span style=\"font-family: tahoma, arial, helvetica, sans-serif; font-size: 110%;\">Post filtru cu carbune activat argintat + KDF<\/span><\/li>\n<li><span style=\"font-family: tahoma, arial, helvetica, sans-serif; font-size: 110%;\">Carb\u00f3n activado de c\u00e1scara de coco<\/span><\/li>\n<li><span style=\"font-family: tahoma, arial, helvetica, sans-serif; font-size: 110%;\">Conexiuni rapide de tip mama, auto blocabile (fara filet)<\/span><\/li>\n<\/ul>","protected":false},"featured_media":67993,"comment_status":"open","ping_status":"closed","template":"","meta":{"_seopress_robots_primary_cat":"none","_seopress_titles_title":"","_seopress_titles_desc":"Post filtru carbune activat granular arginat + KDF","_seopress_robots_index":""},"product_brand":[],"product_cat":[1137],"product_tag":[580,679,351,417,418,420,419],"class_list":{"0":"post-980","1":"product","2":"type-product","3":"status-publish","4":"has-post-thumbnail","6":"product_cat-cartuse-filtre-bucatarie","7":"product_tag-argint","8":"product_tag-argintat","9":"product_tag-kdf","10":"product_tag-post-filtru-carbune-activ","11":"product_tag-post-filtru-carbune-activat-gran","12":"product_tag-post-filtru-carbune-activat-granular","13":"product_tag-post-filtru-gac","15":"first","16":"instock","17":"taxable","18":"shipping-taxable","19":"purchasable","20":"product-type-simple"},"_links":{"self":[{"href":"https:\/\/azura.ro\/es\/wp-json\/wp\/v2\/product\/980","targetHints":{"allow":["GET"]}}],"collection":[{"href":"https:\/\/azura.ro\/es\/wp-json\/wp\/v2\/product"}],"about":[{"href":"https:\/\/azura.ro\/es\/wp-json\/wp\/v2\/types\/product"}],"replies":[{"embeddable":true,"href":"https:\/\/azura.ro\/es\/wp-json\/wp\/v2\/comments?post=980"}],"wp:featuredmedia":[{"embeddable":true,"href":"https:\/\/azura.ro\/es\/wp-json\/wp\/v2\/media\/67993"}],"wp:attachment":[{"href":"https:\/\/azura.ro\/es\/wp-json\/wp\/v2\/media?parent=980"}],"wp:term":[{"taxonomy":"product_brand","embeddable":true,"href":"https:\/\/azura.ro\/es\/wp-json\/wp\/v2\/product_brand?post=980"},{"taxonomy":"product_cat","embeddable":true,"href":"https:\/\/azura.ro\/es\/wp-json\/wp\/v2\/product_cat?post=980"},{"taxonomy":"product_tag","embeddable":true,"href":"https:\/\/azura.ro\/es\/wp-json\/wp\/v2\/product_tag?post=980"}],"curies":[{"name":"wp","href":"https:\/\/api.w.org\/{rel}","templated":true}]}}