{"id":9802,"date":"2018-02-03T17:34:58","date_gmt":"2018-02-03T15:34:58","guid":{"rendered":"https:\/\/azura.ro\/?post_type=product&#038;p=9802"},"modified":"2026-03-30T11:56:06","modified_gmt":"2026-03-30T08:56:06","slug":"cartucho-filtrante-spartan-10-5-micras","status":"publish","type":"product","link":"https:\/\/azura.ro\/es\/produs\/cartus-filtrant-spartan-10-5-microni\/","title":{"rendered":"CARTUCHO FILTRANTE SPARTAN 10\u2033 5 MICRAS"},"content":{"rendered":"<h2><span style=\"font-family: tahoma, arial, helvetica, sans-serif; font-size: 110%; color: #282828;\">Cartucho filtrante de sedimentos SPARTAN 10\", fabricado en polipropileno de alta densidad, para la filtraci\u00f3n de sedimentos, bancos, arena, \u00f3xido, part\u00edculas en suspensi\u00f3n.<\/span><\/h2>\n<p><span style=\"font-family: tahoma, arial, helvetica, sans-serif; font-size: 110%; color: #282828;\">Est\u00e1 fabricado con varias capas de fibra para que la filtraci\u00f3n sea m\u00e1s eficaz y para retener los sedimentos en todo el grosor del filtro y no s\u00f3lo en la superficie. Esto aumenta la capacidad de filtraci\u00f3n, el rendimiento y la vida \u00fatil del cartucho.<\/span><\/p>\n<p><span style=\"font-family: tahoma, arial, helvetica, sans-serif; font-size: 110%; color: #282828;\">Caracter\u00edsticas t\u00e9cnicas Cartucho filtrante Spartan 10\u2033:<\/span><\/p>\n<p><span style=\"font-family: tahoma, arial, helvetica, sans-serif; font-size: 110%; color: #282828;\">Grado de filtraci\u00f3n: 5 micras<\/span><br \/>\n<span style=\"font-family: tahoma, arial, helvetica, sans-serif; font-size: 110%; color: #282828;\">Altura: 254 mm<\/span><br \/>\n<span style=\"font-family: tahoma, arial, helvetica, sans-serif; font-size: 110%; color: #282828;\">Di\u00e1metro: 114 mm<\/span><br \/>\n<span style=\"font-family: tahoma, arial, helvetica, sans-serif; font-size: 110%; color: #282828;\">Di\u00e1metro interior: 28 mm<\/span><br \/>\n<span style=\"font-family: tahoma, arial, helvetica, sans-serif; font-size: 110%; color: #282828;\">Caudal admisible: 35 l\/min<\/span><br \/>\n<span style=\"font-family: tahoma, arial, helvetica, sans-serif; font-size: 110%; color: #282828;\">Temperatura m\u00ednima\/m\u00e1xima: 4\u00b0C - 80\u00b0C<\/span><br \/>\n<span style=\"font-family: tahoma, arial, helvetica, sans-serif; font-size: 110%; color: #282828;\">Tiempo de filtraci\u00f3n: unos 6 meses o 18000 litros (dependiendo de la calidad del agua).<\/span><br \/>\n<span style=\"font-family: tahoma, arial, helvetica, sans-serif; font-size: 110%; color: #282828;\">Tiempo de filtraci\u00f3n: 5 - 8 meses*.<\/span><\/p>\n<p><span style=\"font-family: tahoma, arial, helvetica, sans-serif; font-size: 110%; color: #282828;\">Compatibilidad: se adapta a los armarios Spartan 10\u2033.<\/span><\/p>\n<p><span style=\"font-family: tahoma, arial, helvetica, sans-serif; font-size: 110%; color: #282828;\">*El periodo de sustituci\u00f3n depende de la calidad del agua filtrada.<\/span><\/p>\n<p><span style=\"font-family: tahoma, arial, helvetica, sans-serif; font-size: 110%; color: #282828;\">Pa\u00eds de origen: Italia<\/span><\/p>","protected":false},"excerpt":{"rendered":"<p>Cartus filtrant sedimente SPARTAN 10&#8243;, construit din polipropilena de inalta densitate, pentru filtrarea sedimentelor, malului, nisipului, ruginei, particulelor in suspensie. Este construit din mai multe straturi de fibre pentru ca filtrarea sa fie mai eficienta, iar sedimentele sa fie retinute in toata grosimea filtrului ci nu doar la suprafata. Acest lucru creste capacitatea de filtrare, [&#8230;]\n","protected":false},"featured_media":68046,"comment_status":"open","ping_status":"closed","template":"","meta":{"_seopress_robots_primary_cat":"none","_seopress_titles_title":"","_seopress_titles_desc":"","_seopress_robots_index":""},"product_brand":[],"product_cat":[1142],"product_tag":[970,973],"class_list":{"0":"post-9802","1":"product","2":"type-product","3":"status-publish","4":"has-post-thumbnail","6":"product_cat-cartuse-filtre-toata-casa","7":"product_tag-5-microni","8":"product_tag-spartan-10","10":"first","11":"instock","12":"taxable","13":"shipping-taxable","14":"purchasable","15":"product-type-simple"},"_links":{"self":[{"href":"https:\/\/azura.ro\/es\/wp-json\/wp\/v2\/product\/9802","targetHints":{"allow":["GET"]}}],"collection":[{"href":"https:\/\/azura.ro\/es\/wp-json\/wp\/v2\/product"}],"about":[{"href":"https:\/\/azura.ro\/es\/wp-json\/wp\/v2\/types\/product"}],"replies":[{"embeddable":true,"href":"https:\/\/azura.ro\/es\/wp-json\/wp\/v2\/comments?post=9802"}],"wp:featuredmedia":[{"embeddable":true,"href":"https:\/\/azura.ro\/es\/wp-json\/wp\/v2\/media\/68046"}],"wp:attachment":[{"href":"https:\/\/azura.ro\/es\/wp-json\/wp\/v2\/media?parent=9802"}],"wp:term":[{"taxonomy":"product_brand","embeddable":true,"href":"https:\/\/azura.ro\/es\/wp-json\/wp\/v2\/product_brand?post=9802"},{"taxonomy":"product_cat","embeddable":true,"href":"https:\/\/azura.ro\/es\/wp-json\/wp\/v2\/product_cat?post=9802"},{"taxonomy":"product_tag","embeddable":true,"href":"https:\/\/azura.ro\/es\/wp-json\/wp\/v2\/product_tag?post=9802"}],"curies":[{"name":"wp","href":"https:\/\/api.w.org\/{rel}","templated":true}]}}