{"id":9813,"date":"2018-02-04T11:07:31","date_gmt":"2018-02-04T09:07:31","guid":{"rendered":"https:\/\/azura.ro\/?post_type=product&#038;p=9813"},"modified":"2025-10-16T10:45:52","modified_gmt":"2025-10-16T07:45:52","slug":"restrictor-de-presion-de-34-bar-para-depuradoras-1-4-1-4","status":"publish","type":"product","link":"https:\/\/azura.ro\/es\/produs\/restrictor-presiune-34-bari-pentru-purificatoare-1-4-1-4\/","title":{"rendered":"LIMITADOR DE PRESI\u00d3N 3,4 BAR PARA PURIFICADORES 1\/4\" - 1\/4"},"content":{"rendered":"<p><span style=\"font-family: tahoma, arial, helvetica, sans-serif; font-size: 110%;\">Restrictor de presi\u00f3n de 3,4 bares para purificadores de agua. El prop\u00f3sito de este limitador de presi\u00f3n es proteger el purificador, en particular sus carcasas, de una presi\u00f3n de red demasiado alta.<\/span><\/p>\n<p><span style=\"font-family: tahoma, arial, helvetica, sans-serif; font-size: 110%;\">Compatibilidad<\/span><\/p>\n<p><span style=\"font-family: tahoma, arial, helvetica, sans-serif; font-size: 110%;\">Es compatible con cualquier sistema de filtraci\u00f3n: \u00f3smosis inversa, nanofiltraci\u00f3n, ultrafiltraci\u00f3n, microfiltraci\u00f3n, ionizadores de agua, desodorizadores de agua con filtraci\u00f3n, siempre que se alimenten a trav\u00e9s de una manguera flexible de 6 mm (1\/4\").<\/span><\/p>\n<p><span style=\"font-family: tahoma, arial, helvetica, sans-serif; font-size: 110%;\">D\u00f3nde instalar:<\/span><\/p>\n<p><span style=\"font-family: tahoma, arial, helvetica, sans-serif; font-size: 110%;\">El limitador de presi\u00f3n se instala en la manguera de suministro del filtro o purificador de agua. El limitador de presi\u00f3n es del tipo POU (punto de uso), es decir, se utiliza en un \u00fanico punto de consumo.<\/span><\/p>\n<p><span style=\"font-family: tahoma, arial, helvetica, sans-serif; font-size: 110%;\">C\u00f3mo se instala:<\/span><\/p>\n<ul>\n<li><span style=\"font-family: tahoma, arial, helvetica, sans-serif; font-size: 110%;\">el suministro de agua al purificador de agua est\u00e1 cerrado<\/span><\/li>\n<li><span style=\"font-family: tahoma, arial, helvetica, sans-serif; font-size: 110%;\">el sistema de depuraci\u00f3n se despresuriza abriendo la bater\u00eda de agua filtrada<\/span><\/li>\n<li><span style=\"font-family: tahoma, arial, helvetica, sans-serif; font-size: 110%;\">cortar la manguera de alimentaci\u00f3n del sistema de depuraci\u00f3n<\/span><\/li>\n<li><span style=\"font-family: tahoma, arial, helvetica, sans-serif; font-size: 110%;\">introduzca los dos extremos del extremo cortado de la manguera en el restrictor de presi\u00f3n, prestando atenci\u00f3n a la direcci\u00f3n indicada del flujo de agua a trav\u00e9s del restrictor<\/span><\/li>\n<li><span style=\"font-family: tahoma, arial, helvetica, sans-serif; font-size: 110%;\">el limitador de presi\u00f3n est\u00e1 equipado con acoplamientos r\u00e1pidos, por lo que basta con presionar el orificio de acoplamiento para instalarlo<\/span><\/li>\n<li><span style=\"font-family: tahoma, arial, helvetica, sans-serif; font-size: 110%;\">el doble acoplamiento de los dos extremos del robo abre el agua del sistema de depuraci\u00f3n<\/span><\/li>\n<li><span style=\"font-family: tahoma, arial, helvetica, sans-serif; font-size: 110%;\">cerrar la bater\u00eda de agua purificada para crear presi\u00f3n en el sistema de filtraci\u00f3n<\/span><\/li>\n<li><span style=\"font-family: tahoma, arial, helvetica, sans-serif; font-size: 110%;\">compruebe que el acoplamiento del limitador de presi\u00f3n se ha realizado correctamente, mediante observaci\u00f3n - no debe haber ninguna fuga de agua, ni siquiera goteo en la zona del acoplamiento del extremo de la manguera.<\/span><\/li>\n<li><span style=\"font-family: tahoma, arial, helvetica, sans-serif; font-size: 110%;\">El limitador de presi\u00f3n puede quedar libre, instalado s\u00f3lo en la l\u00ednea de manguera o puede fijarse con un destornillador en la m\u00e1scara del fregadero. El destornillador no est\u00e1 incluido en el paquete.<\/span><\/li>\n<\/ul>\n<p><span style=\"font-family: tahoma, arial, helvetica, sans-serif; font-size: 110%;\">Especificaciones t\u00e9cnicas:<\/span><\/p>\n<p><span style=\"font-family: tahoma, arial, helvetica, sans-serif; font-size: 110%;\">Presi\u00f3n m\u00e1xima de alimentaci\u00f3n: 15,8 bar<\/span><br \/>\n<span style=\"font-family: tahoma, arial, helvetica, sans-serif; font-size: 110%;\"> Presi\u00f3n limitada a: 3,4 bar<\/span><br \/>\n<span style=\"font-family: tahoma, arial, helvetica, sans-serif; font-size: 110%;\"> Certificaci\u00f3n: NSF<\/span><br \/>\n<span style=\"font-family: tahoma, arial, helvetica, sans-serif; font-size: 110%;\"> Garant\u00eda: 1 a\u00f1o<\/span><br \/>\n<span style=\"font-family: tahoma, arial, helvetica, sans-serif; font-size: 110%;\"> Pa\u00eds de origen: Taiw\u00e1n<\/span><\/p>","protected":false},"excerpt":{"rendered":"<p>Restrictor de presiune 3,4 bari pentru purificatoare de apa. Scopul acestui restrictor de presiune este sa protejeze purificatorul, in special carcasele acestuia, de presiunea prea mare din retea. Compatibilitate Este compatibil cu orice sistem de filtrare: osmoza inversa, nanofiltrare, ultrafiltrare, microfiltrare, ionizatoare de apa, deozatoare de apa cu filtrare, cu conditia ca acestea sa fie [&#8230;]\n","protected":false},"featured_media":69387,"comment_status":"open","ping_status":"closed","template":"","meta":{"_seopress_robots_primary_cat":"none","_seopress_titles_title":"","_seopress_titles_desc":"","_seopress_robots_index":""},"product_brand":[],"product_cat":[1049],"product_tag":[980],"class_list":{"0":"post-9813","1":"product","2":"type-product","3":"status-publish","4":"has-post-thumbnail","6":"product_cat-produse-conexe","7":"product_tag-restrictor-presiune","9":"first","10":"outofstock","11":"taxable","12":"shipping-taxable","13":"purchasable","14":"product-type-simple"},"_links":{"self":[{"href":"https:\/\/azura.ro\/es\/wp-json\/wp\/v2\/product\/9813","targetHints":{"allow":["GET"]}}],"collection":[{"href":"https:\/\/azura.ro\/es\/wp-json\/wp\/v2\/product"}],"about":[{"href":"https:\/\/azura.ro\/es\/wp-json\/wp\/v2\/types\/product"}],"replies":[{"embeddable":true,"href":"https:\/\/azura.ro\/es\/wp-json\/wp\/v2\/comments?post=9813"}],"wp:featuredmedia":[{"embeddable":true,"href":"https:\/\/azura.ro\/es\/wp-json\/wp\/v2\/media\/69387"}],"wp:attachment":[{"href":"https:\/\/azura.ro\/es\/wp-json\/wp\/v2\/media?parent=9813"}],"wp:term":[{"taxonomy":"product_brand","embeddable":true,"href":"https:\/\/azura.ro\/es\/wp-json\/wp\/v2\/product_brand?post=9813"},{"taxonomy":"product_cat","embeddable":true,"href":"https:\/\/azura.ro\/es\/wp-json\/wp\/v2\/product_cat?post=9813"},{"taxonomy":"product_tag","embeddable":true,"href":"https:\/\/azura.ro\/es\/wp-json\/wp\/v2\/product_tag?post=9813"}],"curies":[{"name":"wp","href":"https:\/\/api.w.org\/{rel}","templated":true}]}}