{"id":9817,"date":"2018-02-04T12:53:55","date_gmt":"2018-02-04T10:53:55","guid":{"rendered":"https:\/\/azura.ro\/?post_type=product&#038;p=9817"},"modified":"2026-03-19T15:33:25","modified_gmt":"2026-03-19T13:33:25","slug":"filtro-de-agua-mineralizacion-mineralizacion-del-agua-alcalinizacion-2-purepro","status":"publish","type":"product","link":"https:\/\/azura.ro\/es\/produs\/filtru-apa-mineralizare-alcalinizare-2-purepro\/","title":{"rendered":"FILTRO DE AGUA POST MINERALIZACI\u00d3N, ALCALINIZACI\u00d3N T33 TF PUREPRO"},"content":{"rendered":"<h2><span style=\"font-family: tahoma, arial, helvetica, sans-serif; font-size: 110%;\">Post filtru apa mineralizare si alcalinizare T33 TF PurePro<\/span><\/h2>\n<p><span style=\"font-size: 110%; font-family: tahoma, arial, helvetica, sans-serif;\">Modelul T33 inseamna un filtru cu diametrul de 2 toli ce se instaleaza dupa membrana de osmoza inversa\/nanofiltrare\/ultrafiltrare, de aceea se numeste si Post Filtru. Rolul lui este de a adauga minerale in apa si de a creste pH-ul apei, apa devenind alcalina. Acest post filtru T33 contine minerale precum: calciu, magneziu, sodiu, potasiu, necesare organismului uman.<\/span><\/p>\n<p><span style=\"font-size: 110%; font-family: tahoma, arial, helvetica, sans-serif;\">TF inseamna tipul de conexiune. THREAD FEMALE = conectare pe baza de filet de tip mama. In acest caz filetul este de 1\/4 toli. Cu alte cuvinte este necesara cupla de tip Tata. Pe filetul cuplei, se va adauga intotdeauna banda de teflon iar cupla se va strange doar cu mana, fara scule de forta (cleste, patent).<\/span><\/p>\n<p><span style=\"font-size: 110%; font-family: tahoma, arial, helvetica, sans-serif;\"><span style=\"color: #ed1c24;\"><strong>Atenci\u00f3n:<\/strong><\/span> El hecho de que un filtro lleve la etiqueta T33 no significa que siempre tenga el mismo material filtrante. Puede diferir en contenido, pero no en calidad. T33 es s\u00f3lo un nombre gen\u00e9rico para un determinado tipo de filtro que tiene una determinada finalidad y un determinado tama\u00f1o\/forma.<\/span><\/p>\n<p><span style=\"font-size: 110%; font-family: tahoma, arial, helvetica, sans-serif;\">Durata de viata: 1500 galoane (5670 L apa). Durata de viata este in dependenta de calitatea apei filtrate si de contaminantii prezenti in apa. Ca si perioada de inlocuire este recomandat sa se utilizeze maxim 12 luni.\u00a0<\/span><\/p>\n<p><span style=\"font-size: 110%; font-family: tahoma, arial, helvetica, sans-serif;\">Mantenimiento: no hay mantenimiento, el filtro se cambiar\u00e1 en el periodo mencionado anteriormente.<\/span><\/p>\n<h3><span style=\"font-size: 110%; font-family: tahoma, arial, helvetica, sans-serif;\">Specificatii tehnice Post filtru apa mineralizare si alcalinizare T33 TF PurePro<\/span><\/h3>\n<ul>\n<li><span style=\"font-size: 110%; font-family: tahoma, arial, helvetica, sans-serif;\">Tama\u00f1o: 53 mm x 254 mm (\u2205 x L);<\/span><\/li>\n<li><span style=\"font-size: 110%; font-family: tahoma, arial, helvetica, sans-serif;\">Conexiuni intrare\/iesire: filet de tip mama, dimensiune 1\/4 toli;<\/span><\/li>\n<li><span style=\"font-size: 110%; font-family: tahoma, arial, helvetica, sans-serif;\">Continut: minerale precum: calciu, magneziu, sodiu, potasiu<\/span><\/li>\n<\/ul>\n<h3><span style=\"font-size: 110%; font-family: tahoma, arial, helvetica, sans-serif;\">Precautii in utilizare si recomandari Post filtru apa mineralizare si alcalinizare T33 TF PurePro<\/span><\/h3>\n<ul>\n<li><span style=\"font-size: 110%; font-family: tahoma, arial, helvetica, sans-serif;\">Inainte de consumul de apa, se vor rula prin filtru minim 20 l de apa;<\/span><\/li>\n<li><span style=\"font-size: 110%; font-family: tahoma, arial, helvetica, sans-serif;\">Preste atenci\u00f3n a la direcci\u00f3n en la que el agua pasa a trav\u00e9s del filtro, indicada por una flecha en la etiqueta del producto;<\/span><\/li>\n<li><span style=\"font-size: 110%; font-family: tahoma, arial, helvetica, sans-serif;\">Necesita suplimentar cuple de tip Male cu filet pe o parte si cu conectare rapida pe cealalta parte.;<\/span><\/li>\n<li><span style=\"font-size: 110%; font-family: tahoma, arial, helvetica, sans-serif;\">Tambi\u00e9n se pueden utilizar los acoplamientos antiguos del filtro existente;<\/span><\/li>\n<li><span style=\"font-size: 110%; font-family: tahoma, arial, helvetica, sans-serif;\">El filtro puede contener tapones de pl\u00e1stico en los dos stents de conexi\u00f3n. En tal caso, deben retirarse;<\/span><\/li>\n<li><span style=\"font-size: 110%; font-family: tahoma, arial, helvetica, sans-serif;\">S\u00f3lo debe utilizarse para filtrar agua fr\u00eda, nunca agua caliente;<\/span><\/li>\n<li><span style=\"font-size: 110%; font-family: tahoma, arial, helvetica, sans-serif;\">Nu utilizati cu apa care este nesigura din punct de vedere microbiologic ori cu apa careia nu-i cunoasteti calitatea, fara ca in prealabil sa se fi aplicat dezinfectia apei, inainte si dupa filtru.<\/span><\/li>\n<\/ul>\n<p><span style=\"font-size: 110%; font-family: tahoma, arial, helvetica, sans-serif;\">Certificaci\u00f3n: NSF, s\u00f3lo para los materiales utilizados en la fabricaci\u00f3n.<\/span><\/p>\n<p><span style=\"font-size: 110%; font-family: tahoma, arial, helvetica, sans-serif;\">Pa\u00eds de origen: Taiw\u00e1n<\/span><\/p>","protected":false},"excerpt":{"rendered":"<ul>\n<li><span style=\"font-family: tahoma, arial, helvetica, sans-serif; font-size: 110%;\">Post filtru mineralizare si alcalinizare<\/span><\/li>\n<li><span style=\"font-family: tahoma, arial, helvetica, sans-serif; font-size: 110%;\">Minerale precum: calciu, magneziu, sodiu, potasiu<\/span><\/li>\n<li><span style=\"font-family: tahoma, arial, helvetica, sans-serif; font-size: 110%;\">Conexiuni pe filet de tip &#8222;Mama&#8221;<\/span><\/li>\n<\/ul>","protected":false},"featured_media":69438,"comment_status":"open","ping_status":"closed","template":"","meta":{"_seopress_robots_primary_cat":"none","_seopress_titles_title":"","_seopress_titles_desc":"","_seopress_robots_index":""},"product_brand":[],"product_cat":[1137],"product_tag":[1263,1256,1257,1258,1261,525,1259,1260,522,981,1262,476,2033],"class_list":{"0":"post-9817","1":"product","2":"type-product","3":"status-publish","4":"has-post-thumbnail","6":"product_cat-cartuse-filtre-bucatarie","7":"product_tag-filtru-alcalin","8":"product_tag-filtru-apa-mineralizare","9":"product_tag-filtru-apa-remineralizare","10":"product_tag-filtru-minerale","11":"product_tag-filtru-mineralizare","12":"product_tag-filtru-remineralizare","13":"product_tag-filtru-remineralizare-osmoza-inversa","14":"product_tag-filtru-remineralizare-purerpro","15":"product_tag-mineralizare","16":"product_tag-ph-alcalin","17":"product_tag-post-filtru-remineralizare","18":"product_tag-purepro","19":"product_tag-t33","21":"first","22":"instock","23":"taxable","24":"shipping-taxable","25":"purchasable","26":"product-type-simple"},"_links":{"self":[{"href":"https:\/\/azura.ro\/es\/wp-json\/wp\/v2\/product\/9817","targetHints":{"allow":["GET"]}}],"collection":[{"href":"https:\/\/azura.ro\/es\/wp-json\/wp\/v2\/product"}],"about":[{"href":"https:\/\/azura.ro\/es\/wp-json\/wp\/v2\/types\/product"}],"replies":[{"embeddable":true,"href":"https:\/\/azura.ro\/es\/wp-json\/wp\/v2\/comments?post=9817"}],"wp:featuredmedia":[{"embeddable":true,"href":"https:\/\/azura.ro\/es\/wp-json\/wp\/v2\/media\/69438"}],"wp:attachment":[{"href":"https:\/\/azura.ro\/es\/wp-json\/wp\/v2\/media?parent=9817"}],"wp:term":[{"taxonomy":"product_brand","embeddable":true,"href":"https:\/\/azura.ro\/es\/wp-json\/wp\/v2\/product_brand?post=9817"},{"taxonomy":"product_cat","embeddable":true,"href":"https:\/\/azura.ro\/es\/wp-json\/wp\/v2\/product_cat?post=9817"},{"taxonomy":"product_tag","embeddable":true,"href":"https:\/\/azura.ro\/es\/wp-json\/wp\/v2\/product_tag?post=9817"}],"curies":[{"name":"wp","href":"https:\/\/api.w.org\/{rel}","templated":true}]}}