{"id":9839,"date":"2018-02-04T15:17:45","date_gmt":"2018-02-04T13:17:45","guid":{"rendered":"https:\/\/azura.ro\/?post_type=product&#038;p=9839"},"modified":"2026-03-30T17:00:17","modified_gmt":"2026-03-30T14:00:17","slug":"cartus-filtrant-sedimente-sdf-10-5-microni-purepro","status":"publish","type":"product","link":"https:\/\/azura.ro\/es\/produs\/cartus-filtrant-sedimente-sdf-10-5-microni-purepro\/","title":{"rendered":"SDF 10\u2033 5 MICRAS PUREPRO CARTUCHO DE FILTRO DE SEDIMENTOS"},"content":{"rendered":"<p><span style=\"font-family: tahoma, arial, helvetica, sans-serif; font-size: 110%;\">Cartus filtrant sedimente SDF 10&#8243; 5 microni PurePro<\/span><\/p>\n<p><span style=\"font-family: tahoma, arial, helvetica, sans-serif; font-size: 110%;\">Compatibilidades:<\/span><\/p>\n<p><span style=\"font-family: tahoma, arial, helvetica, sans-serif; font-size: 110%;\">Se potriveste cu purificatoarele de osmoza inversa PurePro, dar si cu alte tipuri de purificatoare ce au in Dotare carcase standard de 10&#8243;.<\/span><\/p>\n<p><span style=\"font-family: tahoma, arial, helvetica, sans-serif; font-size: 110%;\">Scop: filtrare mecanica pentru sediment, mal, nisip, rugina, alte particule in suspensie. Se utilizeaza ca prima treapta de filtrare si sisteme de osmoza inversa si\/sau nanofiltrare, ultrafiltrare, microfiltrare.<\/span><\/p>\n<p><span style=\"font-family: tahoma, arial, helvetica, sans-serif; font-size: 110%;\">Est\u00e1 hecho de polipropileno puro.<\/span><\/p>\n<p><span style=\"font-family: tahoma, arial, helvetica, sans-serif; font-size: 110%;\">Perioada de utilizare: 6 luni &#8211; depinde de calitatea apei de alimentare si de volumul de apa filtrat.<\/span><\/p>\n<p><span style=\"font-family: tahoma, arial, helvetica, sans-serif; font-size: 110%;\">Mentenanta: nu exista, se va schimba la 6 luni sau atunci cand utilizatorul constata colmatarea cartusului filtrant.<\/span><\/p>\n<p><span style=\"font-family: tahoma, arial, helvetica, sans-serif; font-size: 110%;\">Especificaciones t\u00e9cnicas:<\/span><\/p>\n<p><span style=\"font-family: tahoma, arial, helvetica, sans-serif; font-size: 110%;\">Dimensiones: 10\u2033 x 2,5\u2033.<\/span><br \/>\n<span style=\"font-family: tahoma, arial, helvetica, sans-serif; font-size: 110%;\">Grad de filtrare: 5 microni &#8211; nominal<\/span><\/p>\n<p><span style=\"font-family: tahoma, arial, helvetica, sans-serif; font-size: 110%;\">Precauciones de uso y recomendaciones:<\/span><br \/>\n<span style=\"font-family: tahoma, arial, helvetica, sans-serif; font-size: 110%;\"> - antes de consumir el agua, hay que hacer pasar al menos 10 litros de agua por el filtro<br \/>\n- s\u00f3lo debe utilizarse para filtrar agua fr\u00eda, nunca agua caliente<\/span><br \/>\n<span style=\"font-family: tahoma, arial, helvetica, sans-serif; font-size: 110%;\">- no lo utilice con agua microbiol\u00f3gicamente insegura o con agua cuya calidad desconozca, sin haber desinfectado previamente el agua antes y despu\u00e9s del filtro.<\/span><\/p>\n<p><span style=\"font-family: tahoma, arial, helvetica, sans-serif; font-size: 110%;\">Certificaci\u00f3n: NSF, s\u00f3lo para los materiales utilizados en la fabricaci\u00f3n.<\/span><\/p>\n<p><span style=\"font-family: tahoma, arial, helvetica, sans-serif; font-size: 110%;\">Productor: <a href=\"https:\/\/www.pure-pro.com\/\" target=\"_blank\" rel=\"noopener noreferrer\">PurePro<\/a><\/span><br \/>\n<span style=\"font-family: tahoma, arial, helvetica, sans-serif; font-size: 110%;\"> Pa\u00eds de origen: Taiw\u00e1n<\/span><\/p>\n<p>&nbsp;<\/p>\n<p>&nbsp;<\/p>","protected":false},"excerpt":{"rendered":"<p>Cartus filtrant sedimente SDF 10&#8243; 5 microni PurePro Compatibilitati: Se potriveste cu purificatoarele de osmoza inversa PurePro, dar si cu alte tipuri de purificatoare ce au in Dotare carcase standard de 10&#8243;. Scop: filtrare mecanica pentru sediment, mal, nisip, rugina, alte particule in suspensie. Se utilizeaza ca prima treapta de filtrare si sisteme de osmoza [&#8230;]\n","protected":false},"featured_media":69445,"comment_status":"open","ping_status":"closed","template":"","meta":{"_seopress_robots_primary_cat":"none","_seopress_titles_title":"","_seopress_titles_desc":"","_seopress_robots_index":""},"product_brand":[],"product_cat":[1136,1137],"product_tag":[970,476],"class_list":{"0":"post-9839","1":"product","2":"type-product","3":"status-publish","4":"has-post-thumbnail","6":"product_cat-consumabile","7":"product_cat-cartuse-filtre-bucatarie","8":"product_tag-5-microni","9":"product_tag-purepro","11":"first","12":"instock","13":"taxable","14":"shipping-taxable","15":"purchasable","16":"product-type-simple"},"_links":{"self":[{"href":"https:\/\/azura.ro\/es\/wp-json\/wp\/v2\/product\/9839","targetHints":{"allow":["GET"]}}],"collection":[{"href":"https:\/\/azura.ro\/es\/wp-json\/wp\/v2\/product"}],"about":[{"href":"https:\/\/azura.ro\/es\/wp-json\/wp\/v2\/types\/product"}],"replies":[{"embeddable":true,"href":"https:\/\/azura.ro\/es\/wp-json\/wp\/v2\/comments?post=9839"}],"wp:featuredmedia":[{"embeddable":true,"href":"https:\/\/azura.ro\/es\/wp-json\/wp\/v2\/media\/69445"}],"wp:attachment":[{"href":"https:\/\/azura.ro\/es\/wp-json\/wp\/v2\/media?parent=9839"}],"wp:term":[{"taxonomy":"product_brand","embeddable":true,"href":"https:\/\/azura.ro\/es\/wp-json\/wp\/v2\/product_brand?post=9839"},{"taxonomy":"product_cat","embeddable":true,"href":"https:\/\/azura.ro\/es\/wp-json\/wp\/v2\/product_cat?post=9839"},{"taxonomy":"product_tag","embeddable":true,"href":"https:\/\/azura.ro\/es\/wp-json\/wp\/v2\/product_tag?post=9839"}],"curies":[{"name":"wp","href":"https:\/\/api.w.org\/{rel}","templated":true}]}}