{"id":9843,"date":"2018-02-04T15:26:31","date_gmt":"2018-02-04T13:26:31","guid":{"rendered":"https:\/\/azura.ro\/?post_type=product&#038;p=9843"},"modified":"2026-03-18T18:46:38","modified_gmt":"2026-03-18T16:46:38","slug":"purepro-sdf-10-cartucho-de-filtro-de-sedimentos-purepro-de-1-micra","status":"publish","type":"product","link":"https:\/\/azura.ro\/es\/produs\/cartus-filtrant-sedimente-sdf-10-1-micron-purepro\/","title":{"rendered":"SDF 10\u2033 CARTUCHO DE FILTRO DE SEDIMENTOS PUREPRO DE 1 MICRA"},"content":{"rendered":"<p><span style=\"font-family: tahoma, arial, helvetica, sans-serif; font-size: 110%;\">SDF 10\u2033 1 micra PurePro Cartucho de filtro de sedimentos<\/span><\/p>\n<p><span style=\"font-family: tahoma, arial, helvetica, sans-serif; font-size: 110%;\">Compatibilidades:<\/span><\/p>\n<p><span style=\"font-family: tahoma, arial, helvetica, sans-serif; font-size: 110%;\">Se adapta a los purificadores de \u00f3smosis inversa PurePro, pero tambi\u00e9n a otros tipos de purificadores que vienen con carcasas est\u00e1ndar de 10\u2033.<\/span><\/p>\n<p><span style=\"font-family: tahoma, arial, helvetica, sans-serif; font-size: 110%;\">Finalidad: filtraci\u00f3n mec\u00e1nica de sedimentos, limo, limo, arena, \u00f3xido y otras part\u00edculas en suspensi\u00f3n. Los sistemas de \u00f3smosis inversa y\/o nanofiltraci\u00f3n, ultrafiltraci\u00f3n, microfiltraci\u00f3n se utilizan como tercera etapa de filtraci\u00f3n.<\/span><\/p>\n<p><span style=\"font-family: tahoma, arial, helvetica, sans-serif; font-size: 110%;\">Est\u00e1 hecho de polipropileno puro.<\/span><\/p>\n<p><span style=\"font-family: tahoma, arial, helvetica, sans-serif; font-size: 110%;\">Periodo de uso: 6 - 12 meses - dependiendo de la calidad del agua de alimentaci\u00f3n y del volumen de agua filtrada.<\/span><\/p>\n<p><span style=\"font-family: tahoma, arial, helvetica, sans-serif; font-size: 110%;\">Mantenimiento: no necesita mantenimiento, se cambiar\u00e1 cada 6-12 meses o cuando el usuario observe obstrucci\u00f3n del cartucho filtrante.<\/span><\/p>\n<p><span style=\"font-family: tahoma, arial, helvetica, sans-serif; font-size: 110%;\">Especificaciones t\u00e9cnicas:<\/span><\/p>\n<p><span style=\"font-family: tahoma, arial, helvetica, sans-serif; font-size: 110%;\">Dimensiones: 10\u2033 x 2,5\u2033.<\/span><br \/>\n<span style=\"font-family: tahoma, arial, helvetica, sans-serif; font-size: 110%;\">Grado de filtraci\u00f3n: 1 micra - nominal<\/span><\/p>\n<p><span style=\"font-family: tahoma, arial, helvetica, sans-serif; font-size: 110%;\">Precauciones de uso y recomendaciones:<\/span><br \/>\n<span style=\"font-family: tahoma, arial, helvetica, sans-serif; font-size: 110%;\"> - antes de consumir el agua, hay que hacer pasar al menos 10 litros de agua por el filtro<br \/>\n- s\u00f3lo debe utilizarse para filtrar agua fr\u00eda, nunca agua caliente<\/span><br \/>\n<span style=\"font-family: tahoma, arial, helvetica, sans-serif; font-size: 110%;\">- no lo utilice con agua microbiol\u00f3gicamente insegura o con agua cuya calidad desconozca, sin haber desinfectado previamente el agua antes y despu\u00e9s del filtro.<\/span><\/p>\n<p><span style=\"font-family: tahoma, arial, helvetica, sans-serif; font-size: 110%;\">Certificaci\u00f3n: NSF, s\u00f3lo para los materiales utilizados en la fabricaci\u00f3n.<\/span><\/p>\n<p><span style=\"font-family: tahoma, arial, helvetica, sans-serif; font-size: 110%;\">Productor: <a href=\"https:\/\/www.pure-pro.com\/\" target=\"_blank\" rel=\"noopener noreferrer\">PurePro<\/a><\/span><br \/>\n<span style=\"font-family: tahoma, arial, helvetica, sans-serif; font-size: 110%;\"> Pa\u00eds de origen: Taiw\u00e1n<\/span><\/p>","protected":false},"excerpt":{"rendered":"<p>Cartus filtrant sedimente SDF 10&#8243; 1 micron PurePro Compatibilitati: Se potriveste cu purificatoarele de osmoza inversa PurePro, dar si cu alte tipuri de purificatoare ce au in dotare carcase standard de 10&#8243;. Scop: filtrare mecanica pentru sediment, mal, nisip, rugina, alte particule in suspensie. Se utilizeaza ca a treia treapta de filtrare si sisteme de [&#8230;]\n","protected":false},"featured_media":69447,"comment_status":"open","ping_status":"closed","template":"","meta":{"_seopress_robots_primary_cat":"none","_seopress_titles_title":"","_seopress_titles_desc":"","_seopress_robots_index":""},"product_brand":[],"product_cat":[1137,1136],"product_tag":[970,476],"class_list":{"0":"post-9843","1":"product","2":"type-product","3":"status-publish","4":"has-post-thumbnail","6":"product_cat-cartuse-filtre-bucatarie","7":"product_cat-consumabile","8":"product_tag-5-microni","9":"product_tag-purepro","11":"first","12":"instock","13":"taxable","14":"shipping-taxable","15":"purchasable","16":"product-type-simple"},"_links":{"self":[{"href":"https:\/\/azura.ro\/es\/wp-json\/wp\/v2\/product\/9843","targetHints":{"allow":["GET"]}}],"collection":[{"href":"https:\/\/azura.ro\/es\/wp-json\/wp\/v2\/product"}],"about":[{"href":"https:\/\/azura.ro\/es\/wp-json\/wp\/v2\/types\/product"}],"replies":[{"embeddable":true,"href":"https:\/\/azura.ro\/es\/wp-json\/wp\/v2\/comments?post=9843"}],"wp:featuredmedia":[{"embeddable":true,"href":"https:\/\/azura.ro\/es\/wp-json\/wp\/v2\/media\/69447"}],"wp:attachment":[{"href":"https:\/\/azura.ro\/es\/wp-json\/wp\/v2\/media?parent=9843"}],"wp:term":[{"taxonomy":"product_brand","embeddable":true,"href":"https:\/\/azura.ro\/es\/wp-json\/wp\/v2\/product_brand?post=9843"},{"taxonomy":"product_cat","embeddable":true,"href":"https:\/\/azura.ro\/es\/wp-json\/wp\/v2\/product_cat?post=9843"},{"taxonomy":"product_tag","embeddable":true,"href":"https:\/\/azura.ro\/es\/wp-json\/wp\/v2\/product_tag?post=9843"}],"curies":[{"name":"wp","href":"https:\/\/api.w.org\/{rel}","templated":true}]}}