{"id":9846,"date":"2018-02-04T15:38:52","date_gmt":"2018-02-04T13:38:52","guid":{"rendered":"https:\/\/azura.ro\/?post_type=product&#038;p=9846"},"modified":"2026-03-18T18:46:38","modified_gmt":"2026-03-18T16:46:38","slug":"cartus-filtrant-cto-carbon-carbon-purepro","status":"publish","type":"product","link":"https:\/\/azura.ro\/es\/produs\/cartus-filtrant-cto-carbon-carbon-purepro\/","title":{"rendered":"CARTUCHO FILTRANTE CTO CARBONO 10\u2033 PUREPRO"},"content":{"rendered":"<p><span style=\"font-family: tahoma, arial, helvetica, sans-serif; font-size: 110%;\">Cartus filtrant CTO CARBON 10&#8243; PurePro<\/span><\/p>\n<p><span style=\"font-family: tahoma, arial, helvetica, sans-serif; font-size: 110%;\">Compatibilidades:<\/span><\/p>\n<p><span style=\"font-family: tahoma, arial, helvetica, sans-serif; font-size: 110%;\">Se adapta a los purificadores de \u00f3smosis inversa PurePro, pero tambi\u00e9n a otros tipos de purificadores que vienen con carcasas est\u00e1ndar de 10\u2033.<\/span><\/p>\n<p><span style=\"font-family: tahoma, arial, helvetica, sans-serif; font-size: 110%;\">Scop: se utilizeaza pentru a filtra clorul si compusi ai clorului, substante organice, pesticide, erbicide, gust si miros. Se utilizeaza ca a doua treapta de filtrare si sisteme de osmoza inversa si\/sau nanofiltrare, ultrafiltrare, microfiltrare.<\/span><\/p>\n<p><span style=\"font-family: tahoma, arial, helvetica, sans-serif; font-size: 110%;\">Este construit din carbune activat obtinut din nuca de coaja de cocos.<\/span><\/p>\n<p><span style=\"font-family: tahoma, arial, helvetica, sans-serif; font-size: 110%;\">Perioada de utilizare: 6000 litri pentru clor sau maxim 6 &#8211; 12 luni &#8211; depinde de calitatea apei de alimentare si de volumul de apa filtrat. Recomandam schimbarea cartusului la 6 luni.<\/span><\/p>\n<p><span style=\"font-family: tahoma, arial, helvetica, sans-serif; font-size: 110%;\">Mentenanta: nu exista, se va schimba la 6-12 luni.<\/span><\/p>\n<p><span style=\"font-family: tahoma, arial, helvetica, sans-serif; font-size: 110%;\">Especificaciones t\u00e9cnicas:<\/span><\/p>\n<p><span style=\"font-family: tahoma, arial, helvetica, sans-serif; font-size: 110%;\">Dimensiones: 10\u2033 x 2,5\u2033.<\/span><br \/>\n<span style=\"font-family: tahoma, arial, helvetica, sans-serif; font-size: 110%;\">Debit maxim de filtrare: 2,8 litri\/minut<\/span><\/p>\n<p><span style=\"font-family: tahoma, arial, helvetica, sans-serif; font-size: 110%;\">Precauciones de uso y recomendaciones:<\/span><br \/>\n<span style=\"font-family: tahoma, arial, helvetica, sans-serif; font-size: 110%;\"> - antes de consumir el agua, hay que hacer pasar al menos 10 litros de agua por el filtro<br \/>\n- s\u00f3lo debe utilizarse para filtrar agua fr\u00eda, nunca agua caliente<\/span><br \/>\n<span style=\"font-family: tahoma, arial, helvetica, sans-serif; font-size: 110%;\">- no lo utilice con agua microbiol\u00f3gicamente insegura o con agua cuya calidad desconozca, sin haber desinfectado previamente el agua antes y despu\u00e9s del filtro.<\/span><\/p>\n<p><span style=\"font-family: tahoma, arial, helvetica, sans-serif; font-size: 110%;\">Certificaci\u00f3n: NSF, s\u00f3lo para los materiales utilizados en la fabricaci\u00f3n.<\/span><\/p>\n<p><span style=\"font-family: tahoma, arial, helvetica, sans-serif; font-size: 110%;\">Productor: <a href=\"https:\/\/www.pure-pro.com\/\" target=\"_blank\" rel=\"noopener noreferrer\">PurePro<\/a><\/span><br \/>\n<span style=\"font-family: tahoma, arial, helvetica, sans-serif; font-size: 110%;\"> Pa\u00eds de origen: Taiw\u00e1n<\/span><\/p>","protected":false},"excerpt":{"rendered":"<p>Cartus filtrant CTO CARBON 10&#8243; PurePro Compatibilitati: Se potriveste cu purificatoarele de osmoza inversa PurePro, dar si cu alte tipuri de purificatoare ce au in dotare carcase standard de 10&#8243;. Scop: se utilizeaza pentru a filtra clorul si compusi ai clorului, substante organice, pesticide, erbicide, gust si miros. Se utilizeaza ca a doua treapta de [&#8230;]\n","protected":false},"featured_media":70272,"comment_status":"open","ping_status":"closed","template":"","meta":{"_seopress_robots_primary_cat":"none","_seopress_titles_title":"","_seopress_titles_desc":"","_seopress_robots_index":""},"product_brand":[],"product_cat":[1137,1136],"product_tag":[983,544,476],"class_list":{"0":"post-9846","1":"product","2":"type-product","3":"status-publish","4":"has-post-thumbnail","6":"product_cat-cartuse-filtre-bucatarie","7":"product_cat-consumabile","8":"product_tag-carbon","9":"product_tag-cto","10":"product_tag-purepro","12":"first","13":"instock","14":"taxable","15":"shipping-taxable","16":"purchasable","17":"product-type-simple"},"_links":{"self":[{"href":"https:\/\/azura.ro\/es\/wp-json\/wp\/v2\/product\/9846","targetHints":{"allow":["GET"]}}],"collection":[{"href":"https:\/\/azura.ro\/es\/wp-json\/wp\/v2\/product"}],"about":[{"href":"https:\/\/azura.ro\/es\/wp-json\/wp\/v2\/types\/product"}],"replies":[{"embeddable":true,"href":"https:\/\/azura.ro\/es\/wp-json\/wp\/v2\/comments?post=9846"}],"wp:featuredmedia":[{"embeddable":true,"href":"https:\/\/azura.ro\/es\/wp-json\/wp\/v2\/media\/70272"}],"wp:attachment":[{"href":"https:\/\/azura.ro\/es\/wp-json\/wp\/v2\/media?parent=9846"}],"wp:term":[{"taxonomy":"product_brand","embeddable":true,"href":"https:\/\/azura.ro\/es\/wp-json\/wp\/v2\/product_brand?post=9846"},{"taxonomy":"product_cat","embeddable":true,"href":"https:\/\/azura.ro\/es\/wp-json\/wp\/v2\/product_cat?post=9846"},{"taxonomy":"product_tag","embeddable":true,"href":"https:\/\/azura.ro\/es\/wp-json\/wp\/v2\/product_tag?post=9846"}],"curies":[{"name":"wp","href":"https:\/\/api.w.org\/{rel}","templated":true}]}}